{"id":2627,"date":"2021-06-22T12:00:10","date_gmt":"2021-06-22T12:00:10","guid":{"rendered":"https:\/\/tierschutz-bremerhaven.eu\/?page_id=2627"},"modified":"2021-11-01T12:35:51","modified_gmt":"2021-11-01T12:35:51","slug":"parrainage","status":"publish","type":"page","link":"https:\/\/www.tierschutz-bremerhaven.eu\/fr\/patenschaft","title":{"rendered":"Parrainage"},"content":{"rendered":"<div data-elementor-type=\"wp-page\" data-elementor-id=\"2627\" class=\"elementor elementor-2627\" data-elementor-post-type=\"page\">\n\t\t\t\t\t\t<section class=\"elementor-section elementor-top-section elementor-element elementor-element-3f2c348 elementor-section-boxed elementor-section-height-default elementor-section-height-default\" data-id=\"3f2c348\" data-element_type=\"section\" data-e-type=\"section\" data-settings=\"{&quot;background_background&quot;:&quot;classic&quot;}\">\n\t\t\t\t\t\t<div class=\"elementor-container elementor-column-gap-default\">\n\t\t\t\t\t<div class=\"elementor-column elementor-col-100 elementor-top-column elementor-element elementor-element-2cef154\" data-id=\"2cef154\" data-element_type=\"column\" data-e-type=\"column\">\n\t\t\t<div class=\"elementor-widget-wrap elementor-element-populated\">\n\t\t\t\t\t\t<div class=\"elementor-element elementor-element-02a7822 elementor-widget elementor-widget-heading\" data-id=\"02a7822\" data-element_type=\"widget\" data-e-type=\"widget\" data-widget_type=\"heading.default\">\n\t\t\t\t<div class=\"elementor-widget-container\">\n\t\t\t\t\t<h2 class=\"elementor-heading-title elementor-size-default\">Parrainage<\/h2>\t\t\t\t<\/div>\n\t\t\t\t<\/div>\n\t\t\t\t<div class=\"elementor-element elementor-element-7cc7aaa elementor-widget elementor-widget-text-editor\" data-id=\"7cc7aaa\" data-element_type=\"widget\" data-e-type=\"widget\" data-widget_type=\"text-editor.default\">\n\t\t\t\t<div class=\"elementor-widget-container\">\n\t\t\t\t\t\t\t\t\t<p>Soutenez le refuge de Bremerhaven et ses animaux en parrainant un animal. \u00c0 partir de 10 euros par mois, vous pouvez d\u00e9j\u00e0 faire beaucoup pour nos animaux et nous aider \u00e0 prendre soin de nos pensionnaires - avec de la nourriture, des m\u00e9dicaments et de l'amour.<\/p>\n<p>Vous souhaitez offrir un parrainage d'animal \u00e0 quelqu'un ? Cette personne \u00e0 qui vous souhaitez faire un cadeau a un animal pr\u00e9f\u00e9r\u00e9 ? Offrez un parrainage animalier et aidez-nous \u00e0 prendre soin de l'animal.<\/p>\n<p><strong>Les cotisations mensuelles pour un parrainage d'un groupe d'animaux d\u00e9termin\u00e9 s'\u00e9l\u00e8vent \u00e0<\/strong><\/p>\n<ul>\n<li>10 euros pour les petits animaux<\/li>\n<li>20 euros pour les chats<\/li>\n<li>25 euros pour les chiens, les porcs, les ch\u00e8vres, les moutons<\/li>\n<li>30 euros pour les chevaux<\/li>\n<\/ul>\n<p><br><\/p><p>Si vous le souhaitez, vous pouvez bien s\u00fbr donner plus. Merci beaucoup !<\/p>\n<p>Si vous \u00eates int\u00e9ress\u00e9(e), veuillez nous contacter au refuge au t\u00e9l. <a href=\"tel:047183257\">0471 \u2013 8 32 57<\/a>. En dehors de nos heures d'ouverture, vous pouvez laisser un message sur notre r\u00e9pondeur. Vous serez imm\u00e9diatement rappel\u00e9.<\/p>\t\t\t\t\t\t\t\t<\/div>\n\t\t\t\t<\/div>\n\t\t\t\t\t<\/div>\n\t\t<\/div>\n\t\t\t\t\t<\/div>\n\t\t<\/section>\n\t\t\t\t<\/div>","protected":false},"excerpt":{"rendered":"<p>Patenschaft Unterst\u00fctzen Sie das Tierheim Bremerhaven und seine Tiere mit einer Patenschaft. Bereits ab 10 Euro im Monat k\u00f6nnen Sie sehr viel f\u00fcr unsere Tiere tun und helfen uns, unsere Tierheimbewohner zu versorgen \u2013 mit Futter, Medizin und Liebe. M\u00f6chten Sie jemanden mit einer Tierpatenschaft beschenken? Diese Person, die Sie beschenken m\u00f6chten, hat ein Lieblingstier? [&hellip;]<\/p>\n","protected":false},"author":3,"featured_media":0,"parent":0,"menu_order":0,"comment_status":"closed","ping_status":"closed","template":"","meta":{"footnotes":""},"class_list":["post-2627","page","type-page","status-publish","hentry"],"_links":{"self":[{"href":"https:\/\/www.tierschutz-bremerhaven.eu\/fr\/wp-json\/wp\/v2\/pages\/2627","targetHints":{"allow":["GET"]}}],"collection":[{"href":"https:\/\/www.tierschutz-bremerhaven.eu\/fr\/wp-json\/wp\/v2\/pages"}],"about":[{"href":"https:\/\/www.tierschutz-bremerhaven.eu\/fr\/wp-json\/wp\/v2\/types\/page"}],"author":[{"embeddable":true,"href":"https:\/\/www.tierschutz-bremerhaven.eu\/fr\/wp-json\/wp\/v2\/users\/3"}],"replies":[{"embeddable":true,"href":"https:\/\/www.tierschutz-bremerhaven.eu\/fr\/wp-json\/wp\/v2\/comments?post=2627"}],"version-history":[{"count":28,"href":"https:\/\/www.tierschutz-bremerhaven.eu\/fr\/wp-json\/wp\/v2\/pages\/2627\/revisions"}],"predecessor-version":[{"id":5545,"href":"https:\/\/www.tierschutz-bremerhaven.eu\/fr\/wp-json\/wp\/v2\/pages\/2627\/revisions\/5545"}],"wp:attachment":[{"href":"https:\/\/www.tierschutz-bremerhaven.eu\/fr\/wp-json\/wp\/v2\/media?parent=2627"}],"curies":[{"name":"wp","href":"https:\/\/api.w.org\/{rel}","templated":true}]}}