{"id":2640,"date":"2021-06-22T12:05:59","date_gmt":"2021-06-22T12:05:59","guid":{"rendered":"https:\/\/tierschutz-bremerhaven.eu\/?page_id=2640"},"modified":"2023-07-19T06:25:55","modified_gmt":"2023-07-19T06:25:55","slug":"don-en-nature","status":"publish","type":"page","link":"https:\/\/www.tierschutz-bremerhaven.eu\/fr\/sachspende","title":{"rendered":"Don en nature"},"content":{"rendered":"<div data-elementor-type=\"wp-page\" data-elementor-id=\"2640\" class=\"elementor elementor-2640\" data-elementor-post-type=\"page\">\n\t\t\t\t\t\t<section class=\"elementor-section elementor-top-section elementor-element elementor-element-3f2c348 elementor-section-boxed elementor-section-height-default elementor-section-height-default\" data-id=\"3f2c348\" data-element_type=\"section\" data-e-type=\"section\" data-settings=\"{&quot;background_background&quot;:&quot;classic&quot;}\">\n\t\t\t\t\t\t<div class=\"elementor-container elementor-column-gap-default\">\n\t\t\t\t\t<div class=\"elementor-column elementor-col-100 elementor-top-column elementor-element elementor-element-2cef154\" data-id=\"2cef154\" data-element_type=\"column\" data-e-type=\"column\">\n\t\t\t<div class=\"elementor-widget-wrap elementor-element-populated\">\n\t\t\t\t\t\t<div class=\"elementor-element elementor-element-02a7822 elementor-widget elementor-widget-heading\" data-id=\"02a7822\" data-element_type=\"widget\" data-e-type=\"widget\" data-widget_type=\"heading.default\">\n\t\t\t\t<div class=\"elementor-widget-container\">\n\t\t\t\t\t<h2 class=\"elementor-heading-title elementor-size-default\">Don en nature<\/h2>\t\t\t\t<\/div>\n\t\t\t\t<\/div>\n\t\t\t\t<div class=\"elementor-element elementor-element-7cc7aaa elementor-widget elementor-widget-text-editor\" data-id=\"7cc7aaa\" data-element_type=\"widget\" data-e-type=\"widget\" data-widget_type=\"text-editor.default\">\n\t\t\t\t<div class=\"elementor-widget-container\">\n\t\t\t\t\t\t\t\t\t<p>Le refuge pour animaux de Bremerhaven est heureux de recevoir <b>chaque<\/b> Nous avons besoin de votre aide ! Nous sommes financ\u00e9s presque exclusivement par des dons et nous sommes tr\u00e8s heureux de votre soutien.<\/p>\n<p>Qu'il s'agisse d'un os \u00e0 m\u00e2cher, d'un lit pour chat ou d'une grotte pour lapin, aidez-nous \u00e0 bien soigner les prot\u00e9g\u00e9s de notre refuge et peut-\u00eatre \u00e0 r\u00e9aliser un jour un souhait particulier.<br>Nous sommes heureux de recevoir de la nourriture pour animaux, des accessoires pour animaux, des serviettes et des couvertures. Pour des raisons de place, nous n'acceptons pas les articles traditionnels des march\u00e9s aux puces. Nous avons r\u00e9sum\u00e9 pour vous dans notre \"liste de souhaits\" les objets dont le refuge pour animaux de Bremerhaven a particuli\u00e8rement besoin actuellement.<\/p>\n<p>Une petite bo\u00eete rouge pour les dons se trouve \u00e0 l'entr\u00e9e principale du refuge. Vous pouvez y d\u00e9poser vos dons \u00e0 tout moment. Bien entendu, notre bo\u00eete \u00e0 dons est vid\u00e9e tous les jours. Nous vous prions de ne nous remettre que des dons en nature que nous pouvons r\u00e9ellement utiliser. Pour des raisons d'hygi\u00e8ne, nous ne pouvons pas utiliser des objets d\u00e9fectueux ou tr\u00e8s sales, ni des aliments d\u00e9j\u00e0 ouverts. Merci de votre compr\u00e9hension.<\/p>\n<p>Pour les dons en nature, une attestation de don ne peut \u00eatre d\u00e9livr\u00e9e que si les articles sont neufs et si la preuve d'achat originale avec le prix d'achat est disponible. Si vous souhaitez obtenir une attestation de don en nature, veuillez vous adresser \u00e0 nos collaborateurs\/trices \u00e0 l'inscription ou laisser un avis dans notre bo\u00eete aux lettres.<\/p>\n<p><strong>Merci beaucoup pour votre aide !<br><\/strong><br>Si vous avez des questions, veuillez nous contacter au refuge au T\u00e9l. <a href=\"tel:047183257\">0471 \u2013 8 32 57<\/a>. En dehors de nos heures d'ouverture, vous pouvez laisser un message sur notre r\u00e9pondeur. Vous serez imm\u00e9diatement rappel\u00e9.<\/p>\t\t\t\t\t\t\t\t<\/div>\n\t\t\t\t<\/div>\n\t\t\t\t<div class=\"elementor-element elementor-element-6e99d73 elementor-widget elementor-widget-heading\" data-id=\"6e99d73\" data-element_type=\"widget\" data-e-type=\"widget\" data-widget_type=\"heading.default\">\n\t\t\t\t<div class=\"elementor-widget-container\">\n\t\t\t\t\t<h2 class=\"elementor-heading-title elementor-size-default\">Don en nature via amazon<\/h2>\t\t\t\t<\/div>\n\t\t\t\t<\/div>\n\t\t\t\t<section class=\"elementor-section elementor-inner-section elementor-element elementor-element-152abfe elementor-section-content-middle elementor-section-boxed elementor-section-height-default elementor-section-height-default\" data-id=\"152abfe\" data-element_type=\"section\" data-e-type=\"section\">\n\t\t\t\t\t\t<div class=\"elementor-container elementor-column-gap-no\">\n\t\t\t\t\t<div class=\"elementor-column elementor-col-50 elementor-inner-column elementor-element elementor-element-1f0028b\" data-id=\"1f0028b\" data-element_type=\"column\" data-e-type=\"column\">\n\t\t\t<div class=\"elementor-widget-wrap elementor-element-populated\">\n\t\t\t\t\t\t<div class=\"elementor-element elementor-element-dc062c4 elementor-widget elementor-widget-image\" data-id=\"dc062c4\" data-element_type=\"widget\" data-e-type=\"widget\" data-widget_type=\"image.default\">\n\t\t\t\t<div class=\"elementor-widget-container\">\n\t\t\t\t\t\t\t\t\t\t\t\t\t\t\t\t<a href=\"https:\/\/www.amazon.de\/hz\/wishlist\/ls\/38YS7AHGU91G8?fbclid=IwAR3JGQdBqoeOUbr9tfflwvKsH-ubZR5uq1GhugoVebp6QwmJX8yYQtu2sdM\" target=\"_blank\">\n\t\t\t\t\t\t\t<img decoding=\"async\" width=\"150\" height=\"78\" src=\"https:\/\/www.tierschutz-bremerhaven.eu\/wp-content\/uploads\/2021\/09\/amazon_button.jpg\" class=\"attachment-large size-large wp-image-3954\" alt=\"\" \/>\t\t\t\t\t\t\t\t<\/a>\n\t\t\t\t\t\t\t\t\t\t\t\t\t\t\t<\/div>\n\t\t\t\t<\/div>\n\t\t\t\t\t<\/div>\n\t\t<\/div>\n\t\t\t\t<div class=\"elementor-column elementor-col-50 elementor-inner-column elementor-element elementor-element-167e860\" data-id=\"167e860\" data-element_type=\"column\" data-e-type=\"column\">\n\t\t\t<div class=\"elementor-widget-wrap elementor-element-populated\">\n\t\t\t\t\t\t<div class=\"elementor-element elementor-element-556736e elementor-widget elementor-widget-text-editor\" data-id=\"556736e\" data-element_type=\"widget\" data-e-type=\"widget\" data-widget_type=\"text-editor.default\">\n\t\t\t\t<div class=\"elementor-widget-container\">\n\t\t\t\t\t\t\t\t\t<p>Cliquez sur le bouton !<\/p>\t\t\t\t\t\t\t\t<\/div>\n\t\t\t\t<\/div>\n\t\t\t\t\t<\/div>\n\t\t<\/div>\n\t\t\t\t\t<\/div>\n\t\t<\/section>\n\t\t\t\t<div class=\"elementor-element elementor-element-417f8fd elementor-widget elementor-widget-heading\" data-id=\"417f8fd\" data-element_type=\"widget\" data-e-type=\"widget\" data-widget_type=\"heading.default\">\n\t\t\t\t<div class=\"elementor-widget-container\">\n\t\t\t\t\t<h2 class=\"elementor-heading-title elementor-size-default\">Don en nature via zookauf Bremen-Aumund<\/h2>\t\t\t\t<\/div>\n\t\t\t\t<\/div>\n\t\t\t\t<section class=\"elementor-section elementor-inner-section elementor-element elementor-element-f91e462 elementor-section-content-middle elementor-section-boxed elementor-section-height-default elementor-section-height-default\" data-id=\"f91e462\" data-element_type=\"section\" data-e-type=\"section\">\n\t\t\t\t\t\t<div class=\"elementor-container elementor-column-gap-no\">\n\t\t\t\t\t<div class=\"elementor-column elementor-col-50 elementor-inner-column elementor-element elementor-element-0627216\" data-id=\"0627216\" data-element_type=\"column\" data-e-type=\"column\">\n\t\t\t<div class=\"elementor-widget-wrap elementor-element-populated\">\n\t\t\t\t\t\t<div class=\"elementor-element elementor-element-fd8e0cc elementor-widget elementor-widget-image\" data-id=\"fd8e0cc\" data-element_type=\"widget\" data-e-type=\"widget\" data-widget_type=\"image.default\">\n\t\t\t\t<div class=\"elementor-widget-container\">\n\t\t\t\t\t\t\t\t\t\t\t\t\t\t\t\t<a href=\"https:\/\/www.zookauf-aumund.de\/publicwish\/JcwblERvHYw5O42d?utm_source=wishlist&#038;utm_medium=referral&#038;utm_campaign=JcwblERvHYw5O42d\" target=\"_blank\">\n\t\t\t\t\t\t\t<img decoding=\"async\" width=\"150\" height=\"78\" src=\"https:\/\/www.tierschutz-bremerhaven.eu\/wp-content\/uploads\/2023\/07\/zookauf_logo-web.png\" class=\"attachment-large size-large wp-image-8707\" alt=\"\" \/>\t\t\t\t\t\t\t\t<\/a>\n\t\t\t\t\t\t\t\t\t\t\t\t\t\t\t<\/div>\n\t\t\t\t<\/div>\n\t\t\t\t\t<\/div>\n\t\t<\/div>\n\t\t\t\t<div class=\"elementor-column elementor-col-50 elementor-inner-column elementor-element elementor-element-45ef8b9\" data-id=\"45ef8b9\" data-element_type=\"column\" data-e-type=\"column\">\n\t\t\t<div class=\"elementor-widget-wrap elementor-element-populated\">\n\t\t\t\t\t\t<div class=\"elementor-element elementor-element-e32fbd4 elementor-widget elementor-widget-text-editor\" data-id=\"e32fbd4\" data-element_type=\"widget\" data-e-type=\"widget\" data-widget_type=\"text-editor.default\">\n\t\t\t\t<div class=\"elementor-widget-container\">\n\t\t\t\t\t\t\t\t\t<p>Cliquez sur le bouton !<\/p>\t\t\t\t\t\t\t\t<\/div>\n\t\t\t\t<\/div>\n\t\t\t\t\t<\/div>\n\t\t<\/div>\n\t\t\t\t\t<\/div>\n\t\t<\/section>\n\t\t\t\t\t<\/div>\n\t\t<\/div>\n\t\t\t\t\t<\/div>\n\t\t<\/section>\n\t\t\t\t<\/div>","protected":false},"excerpt":{"rendered":"<p>Sachspende Das Tierheim Bremerhaven freut sich \u00fcber jede Zuwendung! Wir finanzieren uns fast ausschlie\u00dflich durch Spenden und freuen uns sehr \u00fcber Ihre Unterst\u00fctzung. Ob Kauknochen, Katzenbettchen, oder Kaninchenh\u00f6hle \u2013 helfen Sie mit, unsere Tierheimsch\u00fctzlinge gut zu versorgen und ihnen vielleicht auch einmal einen besonderen Wunsch zu erf\u00fcllen.Wir freuen uns \u00fcber Tierfutter, Tierzubeh\u00f6r, Handt\u00fccher und Decken. [&hellip;]<\/p>\n","protected":false},"author":3,"featured_media":0,"parent":0,"menu_order":0,"comment_status":"closed","ping_status":"closed","template":"","meta":{"footnotes":""},"class_list":["post-2640","page","type-page","status-publish","hentry"],"_links":{"self":[{"href":"https:\/\/www.tierschutz-bremerhaven.eu\/fr\/wp-json\/wp\/v2\/pages\/2640","targetHints":{"allow":["GET"]}}],"collection":[{"href":"https:\/\/www.tierschutz-bremerhaven.eu\/fr\/wp-json\/wp\/v2\/pages"}],"about":[{"href":"https:\/\/www.tierschutz-bremerhaven.eu\/fr\/wp-json\/wp\/v2\/types\/page"}],"author":[{"embeddable":true,"href":"https:\/\/www.tierschutz-bremerhaven.eu\/fr\/wp-json\/wp\/v2\/users\/3"}],"replies":[{"embeddable":true,"href":"https:\/\/www.tierschutz-bremerhaven.eu\/fr\/wp-json\/wp\/v2\/comments?post=2640"}],"version-history":[{"count":154,"href":"https:\/\/www.tierschutz-bremerhaven.eu\/fr\/wp-json\/wp\/v2\/pages\/2640\/revisions"}],"predecessor-version":[{"id":8716,"href":"https:\/\/www.tierschutz-bremerhaven.eu\/fr\/wp-json\/wp\/v2\/pages\/2640\/revisions\/8716"}],"wp:attachment":[{"href":"https:\/\/www.tierschutz-bremerhaven.eu\/fr\/wp-json\/wp\/v2\/media?parent=2640"}],"curies":[{"name":"wp","href":"https:\/\/api.w.org\/{rel}","templated":true}]}}