{"id":1799,"date":"2021-04-29T14:18:03","date_gmt":"2021-04-29T14:18:03","guid":{"rendered":"https:\/\/tierschutz-bremerhaven.eu\/?page_id=1799"},"modified":"2021-04-29T14:18:36","modified_gmt":"2021-04-29T14:18:36","slug":"gondozasi-koezpont","status":"publish","type":"page","link":"https:\/\/www.tierschutz-bremerhaven.eu\/hu\/pflegestelle","title":{"rendered":"Nevel\u0151otthon"},"content":{"rendered":"<div data-elementor-type=\"wp-page\" data-elementor-id=\"1799\" class=\"elementor elementor-1799\" data-elementor-post-type=\"page\">\n\t\t\t\t\t\t<section class=\"elementor-section elementor-top-section elementor-element elementor-element-3f2c348 elementor-section-full_width elementor-section-height-default elementor-section-height-default\" data-id=\"3f2c348\" data-element_type=\"section\" data-e-type=\"section\" data-settings=\"{&quot;background_background&quot;:&quot;classic&quot;}\">\n\t\t\t\t\t\t<div class=\"elementor-container elementor-column-gap-default\">\n\t\t\t\t\t<div class=\"elementor-column elementor-col-100 elementor-top-column elementor-element elementor-element-2cef154\" data-id=\"2cef154\" data-element_type=\"column\" data-e-type=\"column\">\n\t\t\t<div class=\"elementor-widget-wrap elementor-element-populated\">\n\t\t\t\t\t\t<div class=\"elementor-element elementor-element-02a7822 elementor-widget elementor-widget-heading\" data-id=\"02a7822\" data-element_type=\"widget\" data-e-type=\"widget\" data-widget_type=\"heading.default\">\n\t\t\t\t<div class=\"elementor-widget-container\">\n\t\t\t\t\t<h2 class=\"elementor-heading-title elementor-size-default\">V\u00e9szhelyzetben<\/h2>\t\t\t\t<\/div>\n\t\t\t\t<\/div>\n\t\t\t\t<div class=\"elementor-element elementor-element-7cc7aaa elementor-widget elementor-widget-text-editor\" data-id=\"7cc7aaa\" data-element_type=\"widget\" data-e-type=\"widget\" data-widget_type=\"text-editor.default\">\n\t\t\t\t<div class=\"elementor-widget-container\">\n\t\t\t\t\t\t\t\t\t<p>Olyan embereket keres\u00fcnk, akiknek sz\u00edv\u00fck, esz\u00fck \u00e9s szeretet\u00fck van az \u00e1llatok ir\u00e1nt, de valamilyen okb\u00f3l kifoly\u00f3lag nem szeretn\u00e9nek tart\u00f3san \u00e1llatot tartani.<\/p><p>Azonban m\u00e9g mindig tehet j\u00f3t azzal, ha elvisz egy \u00e1llatot a menhely\u00fcnkr\u0151l, amelynek k\u00fcl\u00f6nb\u00f6z\u0151 okokb\u00f3l ideiglenes otthont szeretn\u00e9nk adni.<\/p><p>\u00dajra \u00e9s \u00fajra el\u0151fordul, hogy egyes \u00e1llatok egy\u00e1ltal\u00e1n nem \u00e9rzik j\u00f3l magukat az \u00e1llatmenhely mindennapjaiban. Az id\u0151s \u00e9s beteg \u00e1llatoknak k\u00fcl\u00f6n\u00f6sen neh\u00e9z dolguk van a menhelyen. Ha szerencs\u00e9nk van, mindig tal\u00e1lunk kedves embereket, akik \u00e1tmenetileg befogadj\u00e1k az ilyen h\u00e1zi\u00e1llatokat, \u00e9s megadj\u00e1k nekik a sz\u00fcks\u00e9ges gondoskod\u00e1st \u00e9s biztons\u00e1got. \u0150k gondoskodnak az \u00e1llatokr\u00f3l, am\u00edg v\u00e9glegesen vissza nem ker\u00fclhetnek \u00faj gazd\u00e1ikhoz. Term\u00e9szetesen k\u00fcl\u00f6n\u00f6sen \u00f6r\u00fcln\u00e9nk, ha el tudn\u00e1 k\u00e9pzelni, hogy id\u0151s vagy beteg \u00e1llatoknak otthont adjon \u00e9let\u00fck utols\u00f3 szakasz\u00e1ban.<\/p><p>Ha sz\u00edvesen t\u00e1mogatn\u00e1 egy ideig valamelyik nevelt gyermek\u00fcnket, k\u00e9rj\u00fck, vegye fel vel\u00fcnk a kapcsolatot a menhelyen a 0471 - 8 32 57-es telefonsz\u00e1mon vagy e-mailben:\u00a0<a href=\"mailto:info@tierschutz-bremerhaven.de\">info@tierschutz-bremerhaven.de<\/a><br \/>Nyitvatart\u00e1si id\u0151n k\u00edv\u00fcl \u00fczenetet hagyhat \u00fczenetr\u00f6gz\u00edt\u0151nk\u00f6n. Azonnal visszah\u00edvjuk.<\/p>\t\t\t\t\t\t\t\t<\/div>\n\t\t\t\t<\/div>\n\t\t\t\t\t<\/div>\n\t\t<\/div>\n\t\t\t\t\t<\/div>\n\t\t<\/section>\n\t\t\t\t<\/div>","protected":false},"excerpt":{"rendered":"<p>Im Notfall Wir suchen Menschen mit Herz, Verstand und Tierliebe, die aber, aus welchen Gr\u00fcnden auch immer, kein Tier auf Dauer halten m\u00f6chten. Sie k\u00f6nnen aber trotzdem ein gutes Werk tun: Sie nehmen ein Tier aus unserem Tierheim, das wir aus den verschiedensten Gr\u00fcnden in ein Zuhause auf Zeit geben m\u00f6chten. Es kommt immer wieder [&hellip;]<\/p>\n","protected":false},"author":3,"featured_media":0,"parent":0,"menu_order":0,"comment_status":"closed","ping_status":"closed","template":"","meta":{"footnotes":""},"class_list":["post-1799","page","type-page","status-publish","hentry"],"_links":{"self":[{"href":"https:\/\/www.tierschutz-bremerhaven.eu\/hu\/wp-json\/wp\/v2\/pages\/1799","targetHints":{"allow":["GET"]}}],"collection":[{"href":"https:\/\/www.tierschutz-bremerhaven.eu\/hu\/wp-json\/wp\/v2\/pages"}],"about":[{"href":"https:\/\/www.tierschutz-bremerhaven.eu\/hu\/wp-json\/wp\/v2\/types\/page"}],"author":[{"embeddable":true,"href":"https:\/\/www.tierschutz-bremerhaven.eu\/hu\/wp-json\/wp\/v2\/users\/3"}],"replies":[{"embeddable":true,"href":"https:\/\/www.tierschutz-bremerhaven.eu\/hu\/wp-json\/wp\/v2\/comments?post=1799"}],"version-history":[{"count":3,"href":"https:\/\/www.tierschutz-bremerhaven.eu\/hu\/wp-json\/wp\/v2\/pages\/1799\/revisions"}],"predecessor-version":[{"id":1802,"href":"https:\/\/www.tierschutz-bremerhaven.eu\/hu\/wp-json\/wp\/v2\/pages\/1799\/revisions\/1802"}],"wp:attachment":[{"href":"https:\/\/www.tierschutz-bremerhaven.eu\/hu\/wp-json\/wp\/v2\/media?parent=1799"}],"curies":[{"name":"wp","href":"https:\/\/api.w.org\/{rel}","templated":true}]}}