{"id":1817,"date":"2021-04-29T14:21:22","date_gmt":"2021-04-29T14:21:22","guid":{"rendered":"https:\/\/tierschutz-bremerhaven.eu\/?page_id=1817"},"modified":"2021-06-22T12:07:28","modified_gmt":"2021-06-22T12:07:28","slug":"walker","status":"publish","type":"page","link":"https:\/\/www.tierschutz-bremerhaven.eu\/hu\/gassi-geher","title":{"rendered":"Kutyas\u00e9t\u00e1ltat\u00f3"},"content":{"rendered":"<div data-elementor-type=\"wp-page\" data-elementor-id=\"1817\" class=\"elementor elementor-1817\" data-elementor-post-type=\"page\">\n\t\t\t\t\t\t<section class=\"elementor-section elementor-top-section elementor-element elementor-element-3f2c348 elementor-section-full_width elementor-section-height-default elementor-section-height-default\" data-id=\"3f2c348\" data-element_type=\"section\" data-e-type=\"section\" data-settings=\"{&quot;background_background&quot;:&quot;classic&quot;}\">\n\t\t\t\t\t\t<div class=\"elementor-container elementor-column-gap-default\">\n\t\t\t\t\t<div class=\"elementor-column elementor-col-100 elementor-top-column elementor-element elementor-element-2cef154\" data-id=\"2cef154\" data-element_type=\"column\" data-e-type=\"column\">\n\t\t\t<div class=\"elementor-widget-wrap elementor-element-populated\">\n\t\t\t\t\t\t<div class=\"elementor-element elementor-element-02a7822 elementor-widget elementor-widget-heading\" data-id=\"02a7822\" data-element_type=\"widget\" data-e-type=\"widget\" data-widget_type=\"heading.default\">\n\t\t\t\t<div class=\"elementor-widget-container\">\n\t\t\t\t\t<h2 class=\"elementor-heading-title elementor-size-default\">Kutyas\u00e9t\u00e1ltat\u00f3<\/h2>\t\t\t\t<\/div>\n\t\t\t\t<\/div>\n\t\t\t\t<div class=\"elementor-element elementor-element-7cc7aaa elementor-widget elementor-widget-text-editor\" data-id=\"7cc7aaa\" data-element_type=\"widget\" data-e-type=\"widget\" data-widget_type=\"text-editor.default\">\n\t\t\t\t<div class=\"elementor-widget-container\">\n\t\t\t\t\t\t\t\t\t<p>\u00daj telephely\u00fcnk\u00f6n k\u00e9t nagy kifut\u00f3 van, amelyeket kuty\u00e1ink term\u00e9szetesen rendszeresen haszn\u00e1lhatnak.<\/p><p>Ha szeretn\u00e9 kuty\u00e1inkat egy extra s\u00e9t\u00e1val k\u00e9nyeztetni, k\u00e9rj\u00fck, vegye fel vel\u00fcnk a kapcsolatot.<\/p><p>Ez valami k\u00fcl\u00f6nleges dolog a kuty\u00e1ink sz\u00e1m\u00e1ra, hiszen egyetlen embert\u0151l kapnak minden figyelmet, \u00e9s a s\u00e9t\u00e1k sor\u00e1n sok v\u00e1ltozatoss\u00e1got tapasztalnak.<\/p><p>Ehhez k\u00f6telez\u0151 az egyes\u00fcleti tags\u00e1g, mivel sz\u00fcks\u00e9g\u00fcnk van az \u00d6n el\u00e9rhet\u0151s\u00e9g\u00e9re, \u00e9s ezut\u00e1n az egyes\u00fcleten kereszt\u00fcl biztos\u00edt\u00e1si fedezetet \u00e9lvezhet.<\/p><p>\u00d6r\u00f6mmel vessz\u00fck, ha a kuty\u00e1inkat gyerekek is elk\u00eds\u00e9rik ezekre a s\u00e9t\u00e1kra. Biztons\u00e1gi okokb\u00f3l azonban ez csak feln\u0151tt k\u00eds\u00e9ret\u00e9ben lehets\u00e9ges.<\/p><p>Most m\u00e1r csak annyit kell tennie, hogy id\u0151pontot egyeztet vel\u00fcnk, \u00e9s megismerkedik a s\u00e9t\u00e1ltat\u00e1si szab\u00e1lyainkkal, amelyeket \u00e1llatgondoz\u00f3ink elmagyar\u00e1znak \u00d6nnek. Ez az eligaz\u00edt\u00e1s az \u00d6n \u00e9s kuty\u00e1ja biztons\u00e1g\u00e1t szolg\u00e1lja.<\/p><p>Ha a h\u0151m\u00e9rs\u00e9klet t\u00fal meleg vagy t\u00fal hideg, el\u0151fordulhat, hogy az \u00e1llatok \u00e9rdek\u00e9ben le kell mondanunk a s\u00e9t\u00e1t. De akkor ann\u00e1l jobban v\u00e1rj\u00e1k a k\u00f6vetkez\u0151 alkalmat. \u00a0<\/p><p>S\u00e9taid\u0151ink kedden, szerd\u00e1n, p\u00e9nteken \u00e9s szombaton 10:00 \u00e9s 14:00 \u00f3ra k\u00f6z\u00f6tt, vas\u00e1rnap pedig 13:00 \u00e9s 16:00 \u00f3ra k\u00f6z\u00f6tt vannak.<\/p><p>K\u00e9rj\u00fck, vegye fel vel\u00fcnk a kapcsolatot az \u00e1llatmenhelyen a 0471 - 8 32 57-es telefonsz\u00e1mon.<br \/>Nyitvatart\u00e1si id\u0151n k\u00edv\u00fcl \u00fczenetet hagyhat \u00fczenetr\u00f6gz\u00edt\u0151nk\u00f6n. Azonnal visszah\u00edvjuk.<\/p>\t\t\t\t\t\t\t\t<\/div>\n\t\t\t\t<\/div>\n\t\t\t\t\t<\/div>\n\t\t<\/div>\n\t\t\t\t\t<\/div>\n\t\t<\/section>\n\t\t\t\t<\/div>","protected":false},"excerpt":{"rendered":"<p>Gassi-Geher Auf unserem neuen Gel\u00e4nde befinden sich zwei gro\u00dfe Ausl\u00e4ufe, die unsere Hunde nat\u00fcrlich regelm\u00e4\u00dfig nutzen k\u00f6nnen. Wenn Sie unseren aber Hunden mit einem zus\u00e4tzlichen Spaziergang verw\u00f6hnen m\u00f6chten, sprechen Sie uns gerne an. F\u00fcr unsere Hunde ist dies etwas Besonderes, da sie von einer einzelnen Person die ganze Aufmerksamkeit erhalten und auf den Spazierg\u00e4ngen viel [&hellip;]<\/p>\n","protected":false},"author":3,"featured_media":0,"parent":0,"menu_order":0,"comment_status":"closed","ping_status":"closed","template":"","meta":{"footnotes":""},"class_list":["post-1817","page","type-page","status-publish","hentry"],"_links":{"self":[{"href":"https:\/\/www.tierschutz-bremerhaven.eu\/hu\/wp-json\/wp\/v2\/pages\/1817","targetHints":{"allow":["GET"]}}],"collection":[{"href":"https:\/\/www.tierschutz-bremerhaven.eu\/hu\/wp-json\/wp\/v2\/pages"}],"about":[{"href":"https:\/\/www.tierschutz-bremerhaven.eu\/hu\/wp-json\/wp\/v2\/types\/page"}],"author":[{"embeddable":true,"href":"https:\/\/www.tierschutz-bremerhaven.eu\/hu\/wp-json\/wp\/v2\/users\/3"}],"replies":[{"embeddable":true,"href":"https:\/\/www.tierschutz-bremerhaven.eu\/hu\/wp-json\/wp\/v2\/comments?post=1817"}],"version-history":[{"count":3,"href":"https:\/\/www.tierschutz-bremerhaven.eu\/hu\/wp-json\/wp\/v2\/pages\/1817\/revisions"}],"predecessor-version":[{"id":1823,"href":"https:\/\/www.tierschutz-bremerhaven.eu\/hu\/wp-json\/wp\/v2\/pages\/1817\/revisions\/1823"}],"wp:attachment":[{"href":"https:\/\/www.tierschutz-bremerhaven.eu\/hu\/wp-json\/wp\/v2\/media?parent=1817"}],"curies":[{"name":"wp","href":"https:\/\/api.w.org\/{rel}","templated":true}]}}