{"id":2233,"date":"2021-05-22T07:43:51","date_gmt":"2021-05-22T07:43:51","guid":{"rendered":"https:\/\/tierschutz-bremerhaven.eu\/?page_id=2233"},"modified":"2021-10-08T11:33:25","modified_gmt":"2021-10-08T11:33:25","slug":"nemet-allatvedelmi-szervezet-e-v","status":"publish","type":"page","link":"https:\/\/www.tierschutz-bremerhaven.eu\/hu\/deutscher-tierschutzbund-e-v","title":{"rendered":"N\u00e9met \u00c1llatv\u00e9d\u0151 Egyes\u00fclet"},"content":{"rendered":"<div data-elementor-type=\"wp-page\" data-elementor-id=\"2233\" class=\"elementor elementor-2233\" data-elementor-post-type=\"page\">\n\t\t\t\t\t\t<section class=\"elementor-section elementor-top-section elementor-element elementor-element-d4d01e4 elementor-section-full_width elementor-section-height-default elementor-section-height-default\" data-id=\"d4d01e4\" data-element_type=\"section\" data-e-type=\"section\" data-settings=\"{&quot;background_background&quot;:&quot;classic&quot;}\">\n\t\t\t\t\t\t<div class=\"elementor-container elementor-column-gap-default\">\n\t\t\t\t\t<div class=\"elementor-column elementor-col-100 elementor-top-column elementor-element elementor-element-bd2a910\" data-id=\"bd2a910\" data-element_type=\"column\" data-e-type=\"column\">\n\t\t\t<div class=\"elementor-widget-wrap elementor-element-populated\">\n\t\t\t\t\t\t<div class=\"elementor-element elementor-element-ab1aa74 elementor-widget elementor-widget-jet-listing-dynamic-image\" data-id=\"ab1aa74\" data-element_type=\"widget\" data-e-type=\"widget\" data-widget_type=\"jet-listing-dynamic-image.default\">\n\t\t\t\t<div class=\"elementor-widget-container\">\n\t\t\t\t\t<div class=\"jet-listing jet-listing-dynamic-image\" ><img fetchpriority=\"high\" decoding=\"async\" width=\"2560\" height=\"1150\" src=\"https:\/\/www.tierschutz-bremerhaven.eu\/wp-content\/uploads\/2021\/03\/group-of-dogs-and-cats-sitting-PW8VPEP-scaled.jpg\" class=\"jet-listing-dynamic-image__img attachment-full size-full wp-post-image\" alt=\"Kuty\u00e1k \u00e9s macsk\u00e1k csoportja feh\u00e9r h\u00e1tt\u00e9r el\u0151tt \u00fclve\" srcset=\"https:\/\/www.tierschutz-bremerhaven.eu\/wp-content\/uploads\/2021\/03\/group-of-dogs-and-cats-sitting-PW8VPEP-scaled.jpg 2560w, https:\/\/www.tierschutz-bremerhaven.eu\/wp-content\/uploads\/2021\/03\/group-of-dogs-and-cats-sitting-PW8VPEP-300x135.jpg 300w, https:\/\/www.tierschutz-bremerhaven.eu\/wp-content\/uploads\/2021\/03\/group-of-dogs-and-cats-sitting-PW8VPEP-1024x460.jpg 1024w, https:\/\/www.tierschutz-bremerhaven.eu\/wp-content\/uploads\/2021\/03\/group-of-dogs-and-cats-sitting-PW8VPEP-768x345.jpg 768w, https:\/\/www.tierschutz-bremerhaven.eu\/wp-content\/uploads\/2021\/03\/group-of-dogs-and-cats-sitting-PW8VPEP-1536x690.jpg 1536w, https:\/\/www.tierschutz-bremerhaven.eu\/wp-content\/uploads\/2021\/03\/group-of-dogs-and-cats-sitting-PW8VPEP-2048x920.jpg 2048w\" sizes=\"(max-width: 2560px) 100vw, 2560px\" loading=\"eager\" \/><\/div>\t\t\t\t<\/div>\n\t\t\t\t<\/div>\n\t\t\t\t<div class=\"elementor-element elementor-element-b59dc3b elementor-widget elementor-widget-heading\" data-id=\"b59dc3b\" data-element_type=\"widget\" data-e-type=\"widget\" data-widget_type=\"heading.default\">\n\t\t\t\t<div class=\"elementor-widget-container\">\n\t\t\t\t\t<h2 class=\"elementor-heading-title elementor-size-default\">N\u00e9met \u00c1llatv\u00e9d\u0151 Egyes\u00fclet<\/h2>\t\t\t\t<\/div>\n\t\t\t\t<\/div>\n\t\t\t\t<div class=\"elementor-element elementor-element-f73883f elementor-widget elementor-widget-text-editor\" data-id=\"f73883f\" data-element_type=\"widget\" data-e-type=\"widget\" data-widget_type=\"text-editor.default\">\n\t\t\t\t<div class=\"elementor-widget-container\">\n\t\t\t\t\t\t\t\t\t<p>A N\u00e9met \u00c1llatv\u00e9d\u0151 Egyes\u00fclet \"\u00c1llatv\u00e9delem sz\u00edvvel \u00e9s l\u00e9lekkel\" mott\u00f3val 1881 \u00f3ta k\u00fczd az \u00e1llatok v\u00e9delm\u00e9\u00e9rt a mez\u0151gazdas\u00e1gban, kamp\u00e1nyol az \u00e1llatk\u00eds\u00e9rletek ellen \u00e9s t\u00e1mogatja a gyakorlati \u00e1llatv\u00e9delmi munk\u00e1t. Orsz\u00e1gos, nemzetk\u00f6zi \u00e9s politikai szinten, sz\u00f6vets\u00e9gi \u00e9s uni\u00f3s szinten.<\/p>\n<p>A j\u00f6v\u0151k\u00e9p egy olyan t\u00e1rsadalom, amely minden \u00e1llatot embert\u00e1rsk\u00e9nt tisztel, egy\u00fctt\u00e9rz\u00e9st \u00e9s tiszteletet tan\u00fas\u00edt ir\u00e1ntuk, \u00e9s megv\u00e9di \u0151ket a sz\u00fcks\u00e9gtelen szenved\u00e9st\u0151l, f\u00e1jdalomt\u00f3l \u00e9s f\u00e9lelemt\u0151l.<\/p>\n<p>A N\u00e9met \u00c1llatv\u00e9d\u0151k Sz\u00f6vets\u00e9g\u00e9nek mint erny\u0151szervezetnek jelenleg 16 region\u00e1lis egyes\u00fclet \u00e9s mintegy 740 \u00e1llatv\u00e9d\u0151 egyes\u00fclet tartozik, amelyek t\u00f6bb mint 550 \u00e1llatmenhelyet \u00e9s \u00e1llatment\u0151 k\u00f6zpontot tartanak fenn. Ezzel Eur\u00f3pa legnagyobb \u00e1llat- \u00e9s term\u00e9szetv\u00e9delmi erny\u0151szervezete. T\u00f6bb mint 800 000 \u00e1llatv\u00e9d\u0151 \u00e9rdekeit k\u00e9pviseli N\u00e9metorsz\u00e1g minden r\u00e9sz\u00e9b\u0151l.<\/p>\n<p>Az \u00e1llatmenhelyek seg\u00edtenek, de maguk is seg\u00edts\u00e9gre szorulnak. A N\u00e9met \u00c1llatv\u00e9d\u0151 Egyes\u00fclet t\u00e1mogatja a tagszervezeteket, amikor p\u00e9ld\u00e1ul sok \u00e1llatot kell egyszerre ell\u00e1tni az \u00e1llattart\u00e1si \u00fcgyekb\u0151l vagy az illeg\u00e1lis kereskedelemb\u0151l sz\u00e1rmaz\u00f3 beteg kiskuty\u00e1kr\u00f3l, de akkor is, amikor nincs p\u00e9nz a s\u00fcrg\u0151s fel\u00faj\u00edt\u00e1sokra.<\/p>\n<p>Csak egy\u00fctt tudunk egy jobb vil\u00e1got teremteni az \u00e1llatok sz\u00e1m\u00e1ra.<\/p>\t\t\t\t\t\t\t\t<\/div>\n\t\t\t\t<\/div>\n\t\t\t\t\t<\/div>\n\t\t<\/div>\n\t\t\t\t\t<\/div>\n\t\t<\/section>\n\t\t\t\t<\/div>","protected":false},"excerpt":{"rendered":"<p>Deutscher Tierschutzbund e.V. Unter dem Motto \u201eTierschutz mit Herz und Verstand\u201c k\u00e4mpft der Deutsche Tierschutzbund, seit 1881 unter anderem f\u00fcr den Schutz der Tiere in der Landwirtschaft, macht sich gegen Tierversuche stark und unterst\u00fctzt die praktische Tierschutzarbeit. National, international sowie politisch auf Bundes- und EU-Ebene. Die Vision ist eine Gesellschaft, die alle Tiere als Mitgesch\u00f6pfe [&hellip;]<\/p>\n","protected":false},"author":3,"featured_media":792,"parent":0,"menu_order":0,"comment_status":"closed","ping_status":"closed","template":"","meta":{"footnotes":""},"class_list":["post-2233","page","type-page","status-publish","has-post-thumbnail","hentry"],"_links":{"self":[{"href":"https:\/\/www.tierschutz-bremerhaven.eu\/hu\/wp-json\/wp\/v2\/pages\/2233","targetHints":{"allow":["GET"]}}],"collection":[{"href":"https:\/\/www.tierschutz-bremerhaven.eu\/hu\/wp-json\/wp\/v2\/pages"}],"about":[{"href":"https:\/\/www.tierschutz-bremerhaven.eu\/hu\/wp-json\/wp\/v2\/types\/page"}],"author":[{"embeddable":true,"href":"https:\/\/www.tierschutz-bremerhaven.eu\/hu\/wp-json\/wp\/v2\/users\/3"}],"replies":[{"embeddable":true,"href":"https:\/\/www.tierschutz-bremerhaven.eu\/hu\/wp-json\/wp\/v2\/comments?post=2233"}],"version-history":[{"count":27,"href":"https:\/\/www.tierschutz-bremerhaven.eu\/hu\/wp-json\/wp\/v2\/pages\/2233\/revisions"}],"predecessor-version":[{"id":5320,"href":"https:\/\/www.tierschutz-bremerhaven.eu\/hu\/wp-json\/wp\/v2\/pages\/2233\/revisions\/5320"}],"wp:featuredmedia":[{"embeddable":true,"href":"https:\/\/www.tierschutz-bremerhaven.eu\/hu\/wp-json\/wp\/v2\/media\/792"}],"wp:attachment":[{"href":"https:\/\/www.tierschutz-bremerhaven.eu\/hu\/wp-json\/wp\/v2\/media?parent=2233"}],"curies":[{"name":"wp","href":"https:\/\/api.w.org\/{rel}","templated":true}]}}