{"id":2334,"date":"2021-05-25T08:21:35","date_gmt":"2021-05-25T08:21:35","guid":{"rendered":"https:\/\/tierschutz-bremerhaven.eu\/?page_id=2334"},"modified":"2023-09-27T07:54:38","modified_gmt":"2023-09-27T07:54:38","slug":"ifjusagi-iskola","status":"publish","type":"page","link":"https:\/\/www.tierschutz-bremerhaven.eu\/hu\/jugend-schule","title":{"rendered":"Ifj\u00fas\u00e1g \u00e9s iskola"},"content":{"rendered":"<div data-elementor-type=\"wp-page\" data-elementor-id=\"2334\" class=\"elementor elementor-2334\" data-elementor-post-type=\"page\">\n\t\t\t\t\t\t<section class=\"elementor-section elementor-top-section elementor-element elementor-element-001ccb4 elementor-section-boxed elementor-section-height-default elementor-section-height-default\" data-id=\"001ccb4\" data-element_type=\"section\" data-e-type=\"section\" data-settings=\"{&quot;background_background&quot;:&quot;classic&quot;}\">\n\t\t\t\t\t\t<div class=\"elementor-container elementor-column-gap-default\">\n\t\t\t\t\t<div class=\"elementor-column elementor-col-100 elementor-top-column elementor-element elementor-element-6b70233\" data-id=\"6b70233\" data-element_type=\"column\" data-e-type=\"column\">\n\t\t\t<div class=\"elementor-widget-wrap elementor-element-populated\">\n\t\t\t\t\t\t<div class=\"elementor-element elementor-element-4862873 elementor-widget elementor-widget-heading\" data-id=\"4862873\" data-element_type=\"widget\" data-e-type=\"widget\" data-widget_type=\"heading.default\">\n\t\t\t\t<div class=\"elementor-widget-container\">\n\t\t\t\t\t<h3 class=\"elementor-heading-title elementor-size-default\">J\u00f6v\u0151 Napja \/ Gyakornoks\u00e1g \/ AG<\/h3>\t\t\t\t<\/div>\n\t\t\t\t<\/div>\n\t\t\t\t<div class=\"elementor-element elementor-element-6c06c67 elementor-widget elementor-widget-text-editor\" data-id=\"6c06c67\" data-element_type=\"widget\" data-e-type=\"widget\" data-widget_type=\"text-editor.default\">\n\t\t\t\t<div class=\"elementor-widget-container\">\n\t\t\t\t\t\t\t\t\t<p>K\u00f6sz\u00f6nj\u00fck az \u00e1llatmenhely\u00fcnk ir\u00e1nti lelkesed\u00e9s\u00e9t \u00e9s \u00e9rdekl\u0151d\u00e9s\u00e9t, <b>\u00dcdv\u00f6zlettel<\/b> <strong>A j\u00f6v\u0151 napja \/ Az \u00d6n gyakornoki helye \/ Az \u00d6n AG-ja\u00a0<\/strong>Nagy \u00f6r\u00f6mmel v\u00e1rjuk a gyerekeket, hogy vel\u00fcnk t\u00f6ltsenek id\u0151t. A gyerekek m\u00e1r t\u00f6bb \u00e9ve \u00e9lnek ezzel a lehet\u0151s\u00e9ggel, hogy belek\u00f3stoljanak abba, milyen is \u00e1llatgondoz\u00f3nak lenni. \u00c9rdekes projektek v\u00e1rnak r\u00e1juk. P\u00e9ld\u00e1ul k\u00e9nyeztethetitek n\u00e9gyl\u00e1b\u00fa bar\u00e1tainkat egy s\u00e9t\u00e1val, termeszthettek \u00e1llati eledelt \u00e9s etethetitek vele r\u00e1gcs\u00e1l\u00f3inkat, szervezhettek adom\u00e1nygy\u0171jt\u0151 kamp\u00e1nyt, k\u00e9sz\u00edthettek \u00e1llati j\u00e1t\u00e9kokat, megismerkedhettek az \u00e1llatmenhely mindennapjaival \u00e9s m\u00e9g sok m\u00e1ssal.<\/p><p>Az al\u00e1bbi iskol\u00e1k jelenleg eg\u00e9sz napos programot k\u00edn\u00e1lnak tanul\u00f3iknak: Carl von Ossietzky CVO iskolak\u00f6zpont, Kreisgymnasium Weserm\u00fcnde, Paula-Modersohn-Schule, Schule am Leher Markt.<\/p><p><b>A<\/b><strong>\u00a0<\/strong><strong>A j\u00f6v\u0151 napja \/ a gyakornoks\u00e1g \/ az AG\u00a0<\/strong>a<strong>\u00a0<\/strong><strong>\u00c1llatmenhely<\/strong> sok tanul\u00f3 k\u00edv\u00e1ns\u00e1ga. Ez\u00e9rt nagyon fontos, hogy id\u0151ben jelentkezzenek n\u00e1lunk, mivel a helyek sz\u00e1ma korl\u00e1tozott.<\/p><p><strong>A k\u00f6vetkez\u0151ket kell mag\u00e1val hoznia:<\/strong><\/p><ul><li>Az iskol\u00e1t\u00f3l sz\u00e1rmaz\u00f3 dokumentumok<\/li><li>Az \u00d6n olt\u00e1si bizony\u00edtv\u00e1nya\/olt\u00e1si v\u00e9delem<\/li><li>\u00c9rz\u00e9ketlen ruh\u00e1zat<\/li><li>Az \u00e1llatok szeretete<\/li><li>J\u00f3 humor<\/li><\/ul><p>K\u00e9rj\u00fck, vegye fel vel\u00fcnk a kapcsolatot az \u00e1llatmenhelyen a Tel: <a href=\"tel:047183257\">0471 - 8 32 57<\/a>. Nyitvatart\u00e1si id\u0151n k\u00edv\u00fcl \u00fczenetet hagyhat \u00fczenetr\u00f6gz\u00edt\u0151nk\u00f6n. Azonnal visszah\u00edvjuk.<\/p><p>A menhely l\u00e1togat\u00e1sa csak el\u0151zetes bejelentkez\u00e9s alapj\u00e1n lehets\u00e9ges.<\/p><p>K\u00f6sz\u00f6nj\u00fck meg\u00e9rt\u00e9s\u00e9t \u00e9s v\u00e1rjuk l\u00e1togat\u00e1s\u00e1t!<\/p>\t\t\t\t\t\t\t\t<\/div>\n\t\t\t\t<\/div>\n\t\t\t\t<div class=\"elementor-element elementor-element-82516fd elementor-widget elementor-widget-heading\" data-id=\"82516fd\" data-element_type=\"widget\" data-e-type=\"widget\" data-widget_type=\"heading.default\">\n\t\t\t\t<div class=\"elementor-widget-container\">\n\t\t\t\t\t<h2 class=\"elementor-heading-title elementor-size-default\">T\u00faravezet\u00e9s iskolai oszt\u00e1lyok \u00e9s ifj\u00fas\u00e1gi csoportok sz\u00e1m\u00e1ra<\/h2>\t\t\t\t<\/div>\n\t\t\t\t<\/div>\n\t\t\t\t<div class=\"elementor-element elementor-element-5633557 elementor-widget elementor-widget-text-editor\" data-id=\"5633557\" data-element_type=\"widget\" data-e-type=\"widget\" data-widget_type=\"text-editor.default\">\n\t\t\t\t<div class=\"elementor-widget-container\">\n\t\t\t\t\t\t\t\t\t<p>Szeretn\u00e9 megismerni az \u00faj \u00e1llatmenhelyet \u00e9s annak jelenlegi lak\u00f3it? Nem probl\u00e9ma. J\u00f6jj\u00f6n el az egyik vezetett t\u00far\u00e1nkra. Ezek ingyenesek - de mindig \u00f6r\u00f6mmel fogadunk adom\u00e1nyt az \u00e1llatmenhely sz\u00e1m\u00e1ra.<\/p>\n<p>Az \u00e1llatmenhely\u00fcnk\u00f6n tett t\u00fara k\u00f6r\u00fclbel\u00fcl 45 percig tart, \u00e9s a szervezet akt\u00edv tagjai \u00e9s \u00e1llatgondoz\u00f3ink k\u00eds\u00e9ret\u00e9ben zajlik. A l\u00e1togat\u00e1s sor\u00e1n a r\u00e9sztvev\u0151k egy k\u00f6sz\u00f6nt\u0151 besz\u00e9lget\u00e9s keret\u00e9ben megtudhatj\u00e1k, hogy milyen feladatokat l\u00e1t el az \u00e1llatmenhely, \u00e9s hogyan oldj\u00e1k meg az \u00e9vente mintegy 600 r\u00e1szorul\u00f3 \u00e1llat gondoz\u00e1s\u00e1t \u00e9s ell\u00e1t\u00e1s\u00e1t. A k\u00f6z\u00f6s t\u00fara sor\u00e1n az \u00e1llatmenhely ter\u00fclet\u00e9t is felfedezik.<\/p>\n<p>Szeretn\u00e9 megl\u00e1togatni az \u00e1llatmenhelyet az iskolai oszt\u00e1ly\u00e1val\/gyermek- vagy ifj\u00fas\u00e1gi csoportj\u00e1val? Csoportokat is sz\u00edvesen l\u00e1tunk itt.<\/p>\n<p><strong>Inform\u00e1ci\u00f3k a csoportos t\u00far\u00e1kr\u00f3l:<\/strong><\/p>\n<ul>\n<li>Max. 10 f\u0151s csoport<\/li>\n<li>L\u00e1togat\u00e1sok a h\u00e9t folyam\u00e1n a ny\u00edlt napokon lehets\u00e9gesek<\/li>\n<li>Legal\u00e1bb egy tan\u00e1r\/gondoz\u00f3 jelenl\u00e9te<\/li>\n<li>Gyermekek minim\u00e1lis \u00e9letkora: 6 \u00e9v<\/li>\n<li>Adott esetben a r\u00e9sztvev\u0151k beleegyez\u0151 nyilatkozata a fot\u00f3- \u00e9s videofelv\u00e9teleknek az egyes\u00fclet honlapj\u00e1n \u00e9s a k\u00f6z\u00f6ss\u00e9gi m\u00e9di\u00e1ban val\u00f3 k\u00f6zz\u00e9t\u00e9tel\u00e9hez.<\/li>\n<li>Regisztr\u00e1ci\u00f3, ha lehets\u00e9ges, 3 h\u00e9ttel a k\u00edv\u00e1nt id\u0151pont el\u0151tt.\n<p><\/p><\/li>\n<\/ul>\n<p>K\u00e9rj\u00fck, hogy az \u00e1llatmenhelyi t\u00far\u00e1kkal kapcsolatos \u00e9rdekl\u0151d\u00e9s\u00e9t e-mailben k\u00fcldje el az al\u00e1bbi c\u00edmre <a href=\"mailto:info@tierschutz-bremerhaven.de\"><u>info@tierschutz-bremerhaven.de<\/u><\/a><\/p>\n<p>Vagy l\u00e9pjen kapcsolatba vel\u00fcnk az \u00e1llatmenhelyen a Tel: <a href=\"tel:047183257\">0471 - 8 32 57<\/a>. Nyitvatart\u00e1si id\u0151n k\u00edv\u00fcl \u00fczenetet hagyhat \u00fczenetr\u00f6gz\u00edt\u0151nk\u00f6n. Azonnal visszah\u00edvjuk.<\/p>\n<p><br><\/p>\t\t\t\t\t\t\t\t<\/div>\n\t\t\t\t<\/div>\n\t\t\t\t\t<\/div>\n\t\t<\/div>\n\t\t\t\t\t<\/div>\n\t\t<\/section>\n\t\t\t\t<\/div>","protected":false},"excerpt":{"rendered":"<p>Zukunftstag \/ Praktikum \/ AG \u00dcber Eure Begeisterung f\u00fcr unser Tierheim und Euer Interesse, Euren Zukunftstag \/ Euer Praktikum \/ Euere AG\u00a0bei uns zu verbringen, freuen wir uns sehr. Bereits seit mehreren Jahren nutzen Kinder diese M\u00f6glichkeit, um in den Beruf des Tierpflegers reinzuschnuppern. Es warten interessante Projekt auf Dich. Du k\u00f6nntest z. B. unsere [&hellip;]<\/p>\n","protected":false},"author":3,"featured_media":0,"parent":0,"menu_order":0,"comment_status":"closed","ping_status":"closed","template":"","meta":{"footnotes":""},"class_list":["post-2334","page","type-page","status-publish","hentry"],"_links":{"self":[{"href":"https:\/\/www.tierschutz-bremerhaven.eu\/hu\/wp-json\/wp\/v2\/pages\/2334","targetHints":{"allow":["GET"]}}],"collection":[{"href":"https:\/\/www.tierschutz-bremerhaven.eu\/hu\/wp-json\/wp\/v2\/pages"}],"about":[{"href":"https:\/\/www.tierschutz-bremerhaven.eu\/hu\/wp-json\/wp\/v2\/types\/page"}],"author":[{"embeddable":true,"href":"https:\/\/www.tierschutz-bremerhaven.eu\/hu\/wp-json\/wp\/v2\/users\/3"}],"replies":[{"embeddable":true,"href":"https:\/\/www.tierschutz-bremerhaven.eu\/hu\/wp-json\/wp\/v2\/comments?post=2334"}],"version-history":[{"count":94,"href":"https:\/\/www.tierschutz-bremerhaven.eu\/hu\/wp-json\/wp\/v2\/pages\/2334\/revisions"}],"predecessor-version":[{"id":9019,"href":"https:\/\/www.tierschutz-bremerhaven.eu\/hu\/wp-json\/wp\/v2\/pages\/2334\/revisions\/9019"}],"wp:attachment":[{"href":"https:\/\/www.tierschutz-bremerhaven.eu\/hu\/wp-json\/wp\/v2\/media?parent=2334"}],"curies":[{"name":"wp","href":"https:\/\/api.w.org\/{rel}","templated":true}]}}