{"id":2602,"date":"2021-06-22T10:23:07","date_gmt":"2021-06-22T10:23:07","guid":{"rendered":"https:\/\/tierschutz-bremerhaven.eu\/?page_id=2602"},"modified":"2021-06-22T11:27:07","modified_gmt":"2021-06-22T11:27:07","slug":"online-vasarlaskor","status":"publish","type":"page","link":"https:\/\/www.tierschutz-bremerhaven.eu\/hu\/beim-online-einkauf","title":{"rendered":"Online v\u00e1s\u00e1rl\u00e1skor"},"content":{"rendered":"<div data-elementor-type=\"wp-page\" data-elementor-id=\"2602\" class=\"elementor elementor-2602\" data-elementor-post-type=\"page\">\n\t\t\t\t\t\t<section class=\"elementor-section elementor-top-section elementor-element elementor-element-3f2c348 elementor-section-full_width elementor-section-height-default elementor-section-height-default\" data-id=\"3f2c348\" data-element_type=\"section\" data-e-type=\"section\" data-settings=\"{&quot;background_background&quot;:&quot;classic&quot;}\">\n\t\t\t\t\t\t<div class=\"elementor-container elementor-column-gap-default\">\n\t\t\t\t\t<div class=\"elementor-column elementor-col-100 elementor-top-column elementor-element elementor-element-2cef154\" data-id=\"2cef154\" data-element_type=\"column\" data-e-type=\"column\">\n\t\t\t<div class=\"elementor-widget-wrap elementor-element-populated\">\n\t\t\t\t\t\t<div class=\"elementor-element elementor-element-02a7822 elementor-widget elementor-widget-heading\" data-id=\"02a7822\" data-element_type=\"widget\" data-e-type=\"widget\" data-widget_type=\"heading.default\">\n\t\t\t\t<div class=\"elementor-widget-container\">\n\t\t\t\t\t<h2 class=\"elementor-heading-title elementor-size-default\">J\u00f3t teszel a v\u00e1s\u00e1rl\u00e1soddal<\/h2>\t\t\t\t<\/div>\n\t\t\t\t<\/div>\n\t\t\t\t<div class=\"elementor-element elementor-element-7cc7aaa elementor-widget elementor-widget-text-editor\" data-id=\"7cc7aaa\" data-element_type=\"widget\" data-e-type=\"widget\" data-widget_type=\"text-editor.default\">\n\t\t\t\t<div class=\"elementor-widget-container\">\n\t\t\t\t\t\t\t\t\t<p>Szeret v\u00e1s\u00e1rolni? Lehet\u0151leg online? Mi\u00e9rt ne v\u00e1s\u00e1rolhatna, \u00e9s mi\u00e9rt ne tehetne egy\u00fattal valamit egy j\u00f3 \u00fcgy\u00e9rt? Ha az al\u00e1bb felsorolt online boltok valamelyik\u00e9ben v\u00e1s\u00e1rol, akkor a Bremerhaveni \u00c1llatv\u00e9d\u0151 Egyes\u00fcletet is seg\u00edti sz\u00e1mos v\u00e9denc\u00e9nek gondoz\u00e1s\u00e1ban, \u00e9s hozz\u00e1j\u00e1rul az \u00e1llatv\u00e9delemhez. Ez a v\u00e1s\u00e1rl\u00e1s j\u00f3 \u00e9rz\u00e9ssel.<\/p>\t\t\t\t\t\t\t\t<\/div>\n\t\t\t\t<\/div>\n\t\t\t\t<div class=\"elementor-element elementor-element-4893fd1 elementor-widget elementor-widget-image\" data-id=\"4893fd1\" data-element_type=\"widget\" data-e-type=\"widget\" data-widget_type=\"image.default\">\n\t\t\t\t<div class=\"elementor-widget-container\">\n\t\t\t\t\t\t\t\t\t\t\t\t\t\t\t<img decoding=\"async\" width=\"300\" height=\"86\" src=\"https:\/\/www.tierschutz-bremerhaven.eu\/wp-content\/uploads\/2021\/06\/Amazon-smile.jpg\" class=\"attachment-medium size-medium wp-image-2611\" alt=\"\" \/>\t\t\t\t\t\t\t\t\t\t\t\t\t\t\t<\/div>\n\t\t\t\t<\/div>\n\t\t\t\t<div class=\"elementor-element elementor-element-b195fe8 elementor-widget elementor-widget-text-editor\" data-id=\"b195fe8\" data-element_type=\"widget\" data-e-type=\"widget\" data-widget_type=\"text-editor.default\">\n\t\t\t\t<div class=\"elementor-widget-container\">\n\t\t\t\t\t\t\t\t\t<p>Az AmazonSmile az Amazon j\u00f3t\u00e9konys\u00e1gi programja, \u00e9s egy egyszer\u0171 m\u00f3dja annak, hogy minden v\u00e1s\u00e1rl\u00e1ssal t\u00e1mogassa a Bremerhaveni \u00c1llatmenhelyet. Egyszer\u0171en csak v\u00e9gezze el k\u00f6vetkez\u0151 online v\u00e1s\u00e1rl\u00e1s\u00e1t az AmazonSmile-on kereszt\u00fcl, \u00e9s v\u00e1lassza a \"Tierschutzverein Bremerhaven\" szervezetet. Az Amazon a v\u00e1s\u00e1rl\u00e1s \u00f6sszeg\u00e9nek 0,5%-j\u00e9t tov\u00e1bb\u00edtja nek\u00fcnk \u00e9s \u00edgy v\u00e9denceinknek. \u00d6nnek nem keletkeznek tov\u00e1bbi k\u00f6lts\u00e9gei.<\/p><p><strong>Kattintson ide az AmazonSmile oldalra<\/strong><\/p><p>Az AmazonSmile-t az Android \u00e9s iPhone felhaszn\u00e1l\u00f3k is haszn\u00e1lhatj\u00e1k az alkalmaz\u00e1sban. Ehhez nyissa meg a be\u00e1ll\u00edt\u00e1sokat az Amazon Shopping alkalmaz\u00e1sban. Ott aktiv\u00e1lhatja az AmazonSmile-t, \u00e9s kiv\u00e1laszthatja a \"Tierschutzverein Bremerhaven\" opci\u00f3t.<\/p>\t\t\t\t\t\t\t\t<\/div>\n\t\t\t\t<\/div>\n\t\t\t\t<div class=\"elementor-element elementor-element-e47f4ca elementor-widget elementor-widget-image\" data-id=\"e47f4ca\" data-element_type=\"widget\" data-e-type=\"widget\" data-widget_type=\"image.default\">\n\t\t\t\t<div class=\"elementor-widget-container\">\n\t\t\t\t\t\t\t\t\t\t\t\t\t\t\t<img fetchpriority=\"high\" decoding=\"async\" width=\"300\" height=\"300\" src=\"https:\/\/www.tierschutz-bremerhaven.eu\/wp-content\/uploads\/2021\/06\/gooding.jpg\" class=\"attachment-medium size-medium wp-image-2612\" alt=\"\" srcset=\"https:\/\/www.tierschutz-bremerhaven.eu\/wp-content\/uploads\/2021\/06\/gooding.jpg 300w, https:\/\/www.tierschutz-bremerhaven.eu\/wp-content\/uploads\/2021\/06\/gooding-150x150.jpg 150w\" sizes=\"(max-width: 300px) 100vw, 300px\" \/>\t\t\t\t\t\t\t\t\t\t\t\t\t\t\t<\/div>\n\t\t\t\t<\/div>\n\t\t\t\t<div class=\"elementor-element elementor-element-0d17d5f elementor-widget elementor-widget-text-editor\" data-id=\"0d17d5f\" data-element_type=\"widget\" data-e-type=\"widget\" data-widget_type=\"text-editor.default\">\n\t\t\t\t<div class=\"elementor-widget-container\">\n\t\t\t\t\t\t\t\t\t<p>Gooding lehet\u0151v\u00e9 teszi, hogy t\u00e1mogassa a Bremerhaveni \u00e1llatmenhelyet. A dolog k\u00fcl\u00f6nlegess\u00e9ge, hogy egy fill\u00e9rrel sem ker\u00fcl t\u00f6bbe, \u00e9s nem kell regisztr\u00e1lnia a Goodingn\u00e1l, hogy seg\u00edtsen nek\u00fcnk. Egyszer\u0171en csak v\u00e1s\u00e1roljon a Goodingon kereszt\u00fcl a jelenleg 1767 csatlakoztatott online \u00fczlet valamelyik\u00e9ben, \u00e9s a Bremerhaveni \u00e1llatmenhely p\u00e9nz\u00fcgyi t\u00e1mogat\u00e1sban r\u00e9szes\u00fcl.<\/p><p><strong>Kattintson ide a Gooding oldalra<\/strong><\/p>\t\t\t\t\t\t\t\t<\/div>\n\t\t\t\t<\/div>\n\t\t\t\t<div class=\"elementor-element elementor-element-fee7e34 elementor-widget elementor-widget-image\" data-id=\"fee7e34\" data-element_type=\"widget\" data-e-type=\"widget\" data-widget_type=\"image.default\">\n\t\t\t\t<div class=\"elementor-widget-container\">\n\t\t\t\t\t\t\t\t\t\t\t\t\t\t\t<img decoding=\"async\" width=\"150\" height=\"200\" src=\"https:\/\/www.tierschutz-bremerhaven.eu\/wp-content\/uploads\/2021\/06\/WeCanHelp.jpg\" class=\"attachment-medium size-medium wp-image-2613\" alt=\"\" \/>\t\t\t\t\t\t\t\t\t\t\t\t\t\t\t<\/div>\n\t\t\t\t<\/div>\n\t\t\t\t<div class=\"elementor-element elementor-element-9f5ae11 elementor-widget elementor-widget-text-editor\" data-id=\"9f5ae11\" data-element_type=\"widget\" data-e-type=\"widget\" data-widget_type=\"text-editor.default\">\n\t\t\t\t<div class=\"elementor-widget-container\">\n\t\t\t\t\t\t\t\t\t<p>A WeCanHelp lehet\u0151v\u00e9 teszi, hogy t\u00e1mogassa a Bremerhaveni \u00e1llatmenhelyet. A dolog k\u00fcl\u00f6nlegess\u00e9ge, hogy egy fill\u00e9rrel sem ker\u00fcl t\u00f6bbe, \u00e9s nem kell regisztr\u00e1lnod a WeCanHelp szolg\u00e1ltat\u00e1sba, hogy seg\u00edthess nek\u00fcnk. Egyszer\u0171en csak v\u00e1s\u00e1roljon a j\u00f6v\u0151ben a WeCanHelp-en kereszt\u00fcl a jelenleg 1720 csatlakoztatott online \u00fczlet valamelyik\u00e9ben, \u00e9s a Bremerhaveni \u00e1llatmenhely p\u00e9nz\u00fcgyi t\u00e1mogat\u00e1sban r\u00e9szes\u00fcl.<\/p><p><strong>Kattintson ide a WeCanHelp oldalunkra<\/strong><\/p>\t\t\t\t\t\t\t\t<\/div>\n\t\t\t\t<\/div>\n\t\t\t\t\t<\/div>\n\t\t<\/div>\n\t\t\t\t\t<\/div>\n\t\t<\/section>\n\t\t\t\t<\/div>","protected":false},"excerpt":{"rendered":"<p>Beim Einkauf Gutes tun Sie shoppen gerne? Am liebsten online? Warum nicht einkaufen und dabei etwas f\u00fcr den guten Zweck tun? Wenn Sie bei einem der unten genannten Onlineshops einkaufen, helfen Sie gleichzeitig dem Tierschutzverein Bremerhaven seine vielen Sch\u00fctzlinge zu versorgen und leisten Ihren Beitrag zum Tierschutz. Das ist Shopping mit gutem Gef\u00fchl. AmazonSmile ist [&hellip;]<\/p>\n","protected":false},"author":3,"featured_media":0,"parent":0,"menu_order":0,"comment_status":"closed","ping_status":"closed","template":"","meta":{"footnotes":""},"class_list":["post-2602","page","type-page","status-publish","hentry"],"_links":{"self":[{"href":"https:\/\/www.tierschutz-bremerhaven.eu\/hu\/wp-json\/wp\/v2\/pages\/2602","targetHints":{"allow":["GET"]}}],"collection":[{"href":"https:\/\/www.tierschutz-bremerhaven.eu\/hu\/wp-json\/wp\/v2\/pages"}],"about":[{"href":"https:\/\/www.tierschutz-bremerhaven.eu\/hu\/wp-json\/wp\/v2\/types\/page"}],"author":[{"embeddable":true,"href":"https:\/\/www.tierschutz-bremerhaven.eu\/hu\/wp-json\/wp\/v2\/users\/3"}],"replies":[{"embeddable":true,"href":"https:\/\/www.tierschutz-bremerhaven.eu\/hu\/wp-json\/wp\/v2\/comments?post=2602"}],"version-history":[{"count":10,"href":"https:\/\/www.tierschutz-bremerhaven.eu\/hu\/wp-json\/wp\/v2\/pages\/2602\/revisions"}],"predecessor-version":[{"id":2616,"href":"https:\/\/www.tierschutz-bremerhaven.eu\/hu\/wp-json\/wp\/v2\/pages\/2602\/revisions\/2616"}],"wp:attachment":[{"href":"https:\/\/www.tierschutz-bremerhaven.eu\/hu\/wp-json\/wp\/v2\/media?parent=2602"}],"curies":[{"name":"wp","href":"https:\/\/api.w.org\/{rel}","templated":true}]}}