{"id":2632,"date":"2021-06-22T12:03:23","date_gmt":"2021-06-22T12:03:23","guid":{"rendered":"https:\/\/tierschutz-bremerhaven.eu\/?page_id=2632"},"modified":"2021-09-23T18:45:56","modified_gmt":"2021-09-23T18:45:56","slug":"rendezveny-adomany","status":"publish","type":"page","link":"https:\/\/www.tierschutz-bremerhaven.eu\/hu\/eventspende","title":{"rendered":"Esem\u00e9ny adom\u00e1ny"},"content":{"rendered":"<div data-elementor-type=\"wp-page\" data-elementor-id=\"2632\" class=\"elementor elementor-2632\" data-elementor-post-type=\"page\">\n\t\t\t\t\t\t<section class=\"elementor-section elementor-top-section elementor-element elementor-element-3f2c348 elementor-section-boxed elementor-section-height-default elementor-section-height-default\" data-id=\"3f2c348\" data-element_type=\"section\" data-e-type=\"section\" data-settings=\"{&quot;background_background&quot;:&quot;classic&quot;}\">\n\t\t\t\t\t\t<div class=\"elementor-container elementor-column-gap-default\">\n\t\t\t\t\t<div class=\"elementor-column elementor-col-100 elementor-top-column elementor-element elementor-element-2cef154\" data-id=\"2cef154\" data-element_type=\"column\" data-e-type=\"column\">\n\t\t\t<div class=\"elementor-widget-wrap elementor-element-populated\">\n\t\t\t\t\t\t<div class=\"elementor-element elementor-element-02a7822 elementor-widget elementor-widget-heading\" data-id=\"02a7822\" data-element_type=\"widget\" data-e-type=\"widget\" data-widget_type=\"heading.default\">\n\t\t\t\t<div class=\"elementor-widget-container\">\n\t\t\t\t\t<h2 class=\"elementor-heading-title elementor-size-default\">Esem\u00e9ny adom\u00e1ny<\/h2>\t\t\t\t<\/div>\n\t\t\t\t<\/div>\n\t\t\t\t<div class=\"elementor-element elementor-element-7cc7aaa elementor-widget elementor-widget-text-editor\" data-id=\"7cc7aaa\" data-element_type=\"widget\" data-e-type=\"widget\" data-widget_type=\"text-editor.default\">\n\t\t\t\t<div class=\"elementor-widget-container\">\n\t\t\t\t\t\t\t\t\t<p>Szeretne t\u00e1mogatni minket azzal, hogy egy k\u00fcl\u00f6nleges esem\u00e9nyen p\u00e9nzt gy\u0171jt a bremerhaveni \u00e1llatmenhelyen \u00e9l\u0151 \u00e1llatok sz\u00e1m\u00e1ra?<br \/>P\u00e9ld\u00e1ul megk\u00e9rheti bar\u00e1tait \u00e9s csal\u00e1dtagjait, hogy sz\u00fclet\u00e9snapi aj\u00e1nd\u00e9k helyett adakozzanak. Vagy szervezzen tombol\u00e1t sz\u00e1munkra p\u00e9ld\u00e1ul egy utcab\u00e1lon. Esetleg szeretne koll\u00e9g\u00e1ival egy\u00fctt gy\u0171jt\u00e9si kamp\u00e1nyt ind\u00edtani sz\u00e1munkra.<\/p><p>Ha t\u00e1mogatni szeretn\u00e9nek minket, k\u00e9rj\u00fck, keressenek minket az \u00e1llatmenhelyen a Tel. <a href=\"tel:047183257\">0471 - 8 32 57<\/a>. Nyitvatart\u00e1si id\u0151n k\u00edv\u00fcl \u00fczenetet hagyhat \u00fczenetr\u00f6gz\u00edt\u0151nk\u00f6n. Azonnal visszah\u00edvjuk.<\/p>\t\t\t\t\t\t\t\t<\/div>\n\t\t\t\t<\/div>\n\t\t\t\t\t<\/div>\n\t\t<\/div>\n\t\t\t\t\t<\/div>\n\t\t<\/section>\n\t\t\t\t<\/div>","protected":false},"excerpt":{"rendered":"<p>Eventspende M\u00f6chten Sie uns unterst\u00fctzen, indem Sie anl\u00e4sslich eines besonderen Events f\u00fcr die Tiere im Bremerhavener Tierheim sammeln?Zum Beispiel k\u00f6nnen Sie Ihre Freunde und Familie bitten, anstelle eines Geburtstagsgeschenks zu spenden. Oder z. B. bei einem Stra\u00dfenfest eine Tombola f\u00fcr uns organisieren. Vielleicht m\u00f6chten Sie mit Kollegen eine Sammelaktion f\u00fcr uns starten. Wenn Sie uns [&hellip;]<\/p>\n","protected":false},"author":3,"featured_media":0,"parent":0,"menu_order":0,"comment_status":"closed","ping_status":"closed","template":"","meta":{"footnotes":""},"class_list":["post-2632","page","type-page","status-publish","hentry"],"_links":{"self":[{"href":"https:\/\/www.tierschutz-bremerhaven.eu\/hu\/wp-json\/wp\/v2\/pages\/2632","targetHints":{"allow":["GET"]}}],"collection":[{"href":"https:\/\/www.tierschutz-bremerhaven.eu\/hu\/wp-json\/wp\/v2\/pages"}],"about":[{"href":"https:\/\/www.tierschutz-bremerhaven.eu\/hu\/wp-json\/wp\/v2\/types\/page"}],"author":[{"embeddable":true,"href":"https:\/\/www.tierschutz-bremerhaven.eu\/hu\/wp-json\/wp\/v2\/users\/3"}],"replies":[{"embeddable":true,"href":"https:\/\/www.tierschutz-bremerhaven.eu\/hu\/wp-json\/wp\/v2\/comments?post=2632"}],"version-history":[{"count":27,"href":"https:\/\/www.tierschutz-bremerhaven.eu\/hu\/wp-json\/wp\/v2\/pages\/2632\/revisions"}],"predecessor-version":[{"id":4354,"href":"https:\/\/www.tierschutz-bremerhaven.eu\/hu\/wp-json\/wp\/v2\/pages\/2632\/revisions\/4354"}],"wp:attachment":[{"href":"https:\/\/www.tierschutz-bremerhaven.eu\/hu\/wp-json\/wp\/v2\/media?parent=2632"}],"curies":[{"name":"wp","href":"https:\/\/api.w.org\/{rel}","templated":true}]}}