{"id":2720,"date":"2021-07-09T10:24:16","date_gmt":"2021-07-09T10:24:16","guid":{"rendered":"https:\/\/tierschutz-bremerhaven.eu\/?page_id=2720"},"modified":"2023-09-27T08:01:46","modified_gmt":"2023-09-27T08:01:46","slug":"utmutatok","status":"publish","type":"page","link":"https:\/\/www.tierschutz-bremerhaven.eu\/hu\/fuehrungen","title":{"rendered":"Vezetett t\u00far\u00e1k"},"content":{"rendered":"<div data-elementor-type=\"wp-page\" data-elementor-id=\"2720\" class=\"elementor elementor-2720\" data-elementor-post-type=\"page\">\n\t\t\t\t\t\t<section class=\"elementor-section elementor-top-section elementor-element elementor-element-324f483d elementor-section-boxed elementor-section-height-default elementor-section-height-default\" data-id=\"324f483d\" data-element_type=\"section\" data-e-type=\"section\" data-settings=\"{&quot;background_background&quot;:&quot;classic&quot;}\">\n\t\t\t\t\t\t<div class=\"elementor-container elementor-column-gap-default\">\n\t\t\t\t\t<div class=\"elementor-column elementor-col-100 elementor-top-column elementor-element elementor-element-698cb7d5\" data-id=\"698cb7d5\" data-element_type=\"column\" data-e-type=\"column\">\n\t\t\t<div class=\"elementor-widget-wrap elementor-element-populated\">\n\t\t\t\t\t\t<div class=\"elementor-element elementor-element-50f88142 elementor-widget elementor-widget-heading\" data-id=\"50f88142\" data-element_type=\"widget\" data-e-type=\"widget\" data-widget_type=\"heading.default\">\n\t\t\t\t<div class=\"elementor-widget-container\">\n\t\t\t\t\t<h2 class=\"elementor-heading-title elementor-size-default\">Vezetett t\u00far\u00e1k<\/h2>\t\t\t\t<\/div>\n\t\t\t\t<\/div>\n\t\t\t\t<div class=\"elementor-element elementor-element-6d2c1d39 elementor-widget elementor-widget-text-editor\" data-id=\"6d2c1d39\" data-element_type=\"widget\" data-e-type=\"widget\" data-widget_type=\"text-editor.default\">\n\t\t\t\t<div class=\"elementor-widget-container\">\n\t\t\t\t\t\t\t\t\t<p>Szeretn\u00e9 megismerni az \u00faj \u00e1llatmenhelyet \u00e9s annak jelenlegi lak\u00f3it? Nem probl\u00e9ma. J\u00f6jj\u00f6n el az egyik vezetett t\u00far\u00e1nkra. Ezek ingyenesek - de mindig \u00f6r\u00f6mmel fogadunk adom\u00e1nyt az \u00e1llatmenhely sz\u00e1m\u00e1ra.<\/p>\n<p>Az \u00e1llatmenhely\u00fcnk\u00f6n tett t\u00fara k\u00f6r\u00fclbel\u00fcl 45 percig tart, \u00e9s a szervezet akt\u00edv tagjai \u00e9s \u00e1llatgondoz\u00f3ink k\u00eds\u00e9ret\u00e9ben zajlik. A l\u00e1togat\u00e1s sor\u00e1n a r\u00e9sztvev\u0151k egy k\u00f6sz\u00f6nt\u0151 besz\u00e9lget\u00e9s keret\u00e9ben megtudhatj\u00e1k, hogy milyen feladatokat l\u00e1t el az \u00e1llatmenhely, \u00e9s hogyan oldj\u00e1k meg az \u00e9vente mintegy 600 r\u00e1szorul\u00f3 \u00e1llat gondoz\u00e1s\u00e1t \u00e9s ell\u00e1t\u00e1s\u00e1t. A k\u00f6z\u00f6s t\u00fara sor\u00e1n az \u00e1llatmenhely ter\u00fclet\u00e9t is felfedezik.<\/p>\n<p>Szeretn\u00e9 megl\u00e1togatni az \u00e1llatmenhelyet egy csoporttal, iskolai oszt\u00e1llyal, gyermek- vagy ifj\u00fas\u00e1gi csoporttal? A csoportokat sz\u00edvesen l\u00e1tjuk.<\/p>\n<p><strong>Inform\u00e1ci\u00f3k a csoportos t\u00far\u00e1kr\u00f3l:<\/strong><\/p>\n<ul>\n<li>Max. 10 f\u0151s csoport<\/li>\n<li>L\u00e1togat\u00e1sok a h\u00e9t folyam\u00e1n a ny\u00edlt napokon d\u00e9lel\u0151tt lehets\u00e9gesek.<\/li>\n<li>Legal\u00e1bb egy tan\u00e1r\/gondoz\u00f3 jelenl\u00e9te<\/li>\n<li>Gyermekek minim\u00e1lis \u00e9letkora: 6 \u00e9v<\/li>\n<li>Adott esetben a r\u00e9sztvev\u0151k beleegyez\u0151 nyilatkozata a fot\u00f3knak az egyes\u00fclet honlapj\u00e1n \u00e9s a k\u00f6z\u00f6ss\u00e9gi m\u00e9di\u00e1ban val\u00f3 k\u00f6zz\u00e9t\u00e9tel\u00e9hez.<\/li>\n<li>Regisztr\u00e1ci\u00f3, ha lehets\u00e9ges, 2 h\u00f3nappal a k\u00edv\u00e1nt id\u0151pont el\u0151tt.<br><br><\/li>\n<\/ul>\n<p>K\u00e9rj\u00fck, hogy az \u00e1llatmenhelyi t\u00far\u00e1kkal kapcsolatos \u00e9rdekl\u0151d\u00e9s\u00e9t e-mailben k\u00fcldje el az al\u00e1bbi c\u00edmre <a href=\"mailto:info@tierschutz-bremerhaven.de\"><u>info@tierschutz-bremerhaven.de<\/u><\/a><\/p>\n<p>Vagy l\u00e9pjen kapcsolatba vel\u00fcnk az \u00e1llatmenhelyen a Tel: <a href=\"tel:047183257\">0471 - 8 32 57<\/a>. Nyitvatart\u00e1si id\u0151n k\u00edv\u00fcl \u00fczenetet hagyhat \u00fczenetr\u00f6gz\u00edt\u0151nk\u00f6n. Azonnal visszah\u00edvjuk.<\/p>\n<p><br><\/p>\t\t\t\t\t\t\t\t<\/div>\n\t\t\t\t<\/div>\n\t\t\t\t\t<\/div>\n\t\t<\/div>\n\t\t\t\t\t<\/div>\n\t\t<\/section>\n\t\t\t\t<\/div>","protected":false},"excerpt":{"rendered":"<p>F\u00fchrungen Sie m\u00f6chten das neue Tierheim und seine aktuellen Bewohner gerne mal n\u00e4her kennenlernen? Kein Problem. Kommen Sie zu einer unserer Besucherf\u00fchrungen. Diese sind kostenfrei \u2013 \u00fcber eine Spende f\u00fcrs Tierheim freuen wir uns aber immer. Die F\u00fchrung in unserem Tierheim dauert ca. 45 Minuten und wird sowohl von aktiven Vereinsmitgliedern als auch von unseren [&hellip;]<\/p>\n","protected":false},"author":3,"featured_media":0,"parent":0,"menu_order":0,"comment_status":"closed","ping_status":"closed","template":"","meta":{"footnotes":""},"class_list":["post-2720","page","type-page","status-publish","hentry"],"_links":{"self":[{"href":"https:\/\/www.tierschutz-bremerhaven.eu\/hu\/wp-json\/wp\/v2\/pages\/2720","targetHints":{"allow":["GET"]}}],"collection":[{"href":"https:\/\/www.tierschutz-bremerhaven.eu\/hu\/wp-json\/wp\/v2\/pages"}],"about":[{"href":"https:\/\/www.tierschutz-bremerhaven.eu\/hu\/wp-json\/wp\/v2\/types\/page"}],"author":[{"embeddable":true,"href":"https:\/\/www.tierschutz-bremerhaven.eu\/hu\/wp-json\/wp\/v2\/users\/3"}],"replies":[{"embeddable":true,"href":"https:\/\/www.tierschutz-bremerhaven.eu\/hu\/wp-json\/wp\/v2\/comments?post=2720"}],"version-history":[{"count":21,"href":"https:\/\/www.tierschutz-bremerhaven.eu\/hu\/wp-json\/wp\/v2\/pages\/2720\/revisions"}],"predecessor-version":[{"id":9022,"href":"https:\/\/www.tierschutz-bremerhaven.eu\/hu\/wp-json\/wp\/v2\/pages\/2720\/revisions\/9022"}],"wp:attachment":[{"href":"https:\/\/www.tierschutz-bremerhaven.eu\/hu\/wp-json\/wp\/v2\/media?parent=2720"}],"curies":[{"name":"wp","href":"https:\/\/api.w.org\/{rel}","templated":true}]}}