{"id":3531,"date":"2021-08-31T11:58:06","date_gmt":"2021-08-31T11:58:06","guid":{"rendered":"https:\/\/tierschutz-bremerhaven.eu\/?page_id=3531"},"modified":"2025-03-19T08:49:39","modified_gmt":"2025-03-19T07:49:39","slug":"veszhelyzet","status":"publish","type":"page","link":"https:\/\/www.tierschutz-bremerhaven.eu\/hu\/notfall","title":{"rendered":"V\u00e9szhelyzet"},"content":{"rendered":"<div data-elementor-type=\"wp-page\" data-elementor-id=\"3531\" class=\"elementor elementor-3531\" data-elementor-post-type=\"page\">\n\t\t\t\t\t\t<section class=\"elementor-section elementor-top-section elementor-element elementor-element-ac38b57 elementor-section-boxed elementor-section-height-default elementor-section-height-default\" data-id=\"ac38b57\" data-element_type=\"section\" data-e-type=\"section\" data-settings=\"{&quot;background_background&quot;:&quot;classic&quot;}\">\n\t\t\t\t\t\t<div class=\"elementor-container elementor-column-gap-default\">\n\t\t\t\t\t<div class=\"elementor-column elementor-col-100 elementor-top-column elementor-element elementor-element-1e6934d\" data-id=\"1e6934d\" data-element_type=\"column\" data-e-type=\"column\">\n\t\t\t<div class=\"elementor-widget-wrap elementor-element-populated\">\n\t\t\t\t\t\t<div class=\"elementor-element elementor-element-f5d1208 elementor-widget elementor-widget-heading\" data-id=\"f5d1208\" data-element_type=\"widget\" data-e-type=\"widget\" data-widget_type=\"heading.default\">\n\t\t\t\t<div class=\"elementor-widget-container\">\n\t\t\t\t\t<h2 class=\"elementor-heading-title elementor-size-default\">V\u00e9szhelyzetben<\/h2>\t\t\t\t<\/div>\n\t\t\t\t<\/div>\n\t\t\t\t<div class=\"elementor-element elementor-element-f72cc43 elementor-widget elementor-widget-text-editor\" data-id=\"f72cc43\" data-element_type=\"widget\" data-e-type=\"widget\" data-widget_type=\"text-editor.default\">\n\t\t\t\t<div class=\"elementor-widget-container\">\n\t\t\t\t\t\t\t\t\t<p>Orvosi v\u00e9szhelyzet van a h\u00e1zi\u00e1llat\u00e1val?<\/p><p>Maradjon nyugodt, hogy meg tudja hozni a megfelel\u0151 int\u00e9zked\u00e9seket.<\/p><p>Az al\u00e1bbiakban felsorolunk n\u00e9h\u00e1ny c\u00edmet \u00e9s telefonsz\u00e1mot, ahol v\u00e9szhelyzetben gyorsan seg\u00edts\u00e9get vagy \u00e1llatorvosi tan\u00e1csot kaphat.<br \/>Kev\u00e9sb\u00e9 s\u00fcrg\u0151s esetekben az \u00e1llatorvos vagy a k\u00f6zeli \u00e1llatorvosi rendel\u0151k a szok\u00e1sos nyitvatart\u00e1si id\u0151ben tudnak seg\u00edteni.<\/p><p><strong>\u00c1llatorvosi s\u00fcrg\u0151ss\u00e9gi szolg\u00e1lat: <a href=\"tel:01726511248\">0172 - 6 51 12 48<\/a><\/strong><\/p><p><strong>\u00c1llatorvosi klinika Br\u00e9ma: <a href=\"tel:042112211\">0421 - 1 22 11<\/a><br \/><\/strong><\/p><p><strong>Posthausen \u00e1llatorvosi rendel\u0151: <a href=\"tel:042112211\">04297 - 16 89 90\u00a0 <\/a><\/strong><\/p><p><a href=\"https:\/\/kleintiernotdienst-cuxland-bremerhaven.de\/\"><strong>https:\/\/kleintiernotdienst-cuxland-bremerhaven.de\/<\/strong><\/a><\/p><p>Ha tal\u00e1lt \u00e1llatot szeretne elhozni hozz\u00e1nk, k\u00e9rj\u00fck, h\u00edvjon minket nyitvatart\u00e1si id\u0151ben a Tel. <a href=\"tel:047183257\">0471 - 8 32 57<\/a>. Hagyhat \u00fczenetet az \u00fczenetr\u00f6gz\u00edt\u0151nk\u00f6n, \u00e9s legk\u00e9s\u0151bb m\u00e1snap visszah\u00edvjuk.<\/p><p>A  oldalon. <strong>s\u00fcrg\u0151s esetek<\/strong> nyitvatart\u00e1si id\u0151n k\u00edv\u00fcl, k\u00e9rj\u00fck, vegye fel a kapcsolatot a <strong>Bremerhaveni rend\u0151rs\u00e9g <\/strong>a  c\u00edmen<strong> Tel. <a href=\"tel:04719531140\">0471 \u2013 9 53 11 40<\/a><\/strong>. Ezut\u00e1n sz\u00fcks\u00e9g eset\u00e9n kapcsolatba l\u00e9pnek a s\u00fcrg\u0151ss\u00e9gi szolg\u00e1latunkkal.<\/p>\t\t\t\t\t\t\t\t<\/div>\n\t\t\t\t<\/div>\n\t\t\t\t\t<\/div>\n\t\t<\/div>\n\t\t\t\t\t<\/div>\n\t\t<\/section>\n\t\t\t\t<\/div>","protected":false},"excerpt":{"rendered":"<p>Im Notfall Sie haben einen medizinischen Notfall mit Ihrem Tier? Bewahren Sie Ruhe, damit Sie die richtigen Ma\u00dfnahmen ergreifen k\u00f6nnen. Nachfolgend haben wir einige Adressen und Telefonnummern aufgelistet, unter denen Sie im Notfall schnell Hilfe oder einen tier\u00e4rztlichen Rat erhalten k\u00f6nnen.In nicht so dringenden F\u00e4llen, kann Ihnen zu den \u00fcblichen Gesch\u00e4ftszeiten auch sicher Ihr Tierarzt [&hellip;]<\/p>\n","protected":false},"author":3,"featured_media":0,"parent":0,"menu_order":0,"comment_status":"closed","ping_status":"closed","template":"","meta":{"footnotes":""},"class_list":["post-3531","page","type-page","status-publish","hentry"],"_links":{"self":[{"href":"https:\/\/www.tierschutz-bremerhaven.eu\/hu\/wp-json\/wp\/v2\/pages\/3531","targetHints":{"allow":["GET"]}}],"collection":[{"href":"https:\/\/www.tierschutz-bremerhaven.eu\/hu\/wp-json\/wp\/v2\/pages"}],"about":[{"href":"https:\/\/www.tierschutz-bremerhaven.eu\/hu\/wp-json\/wp\/v2\/types\/page"}],"author":[{"embeddable":true,"href":"https:\/\/www.tierschutz-bremerhaven.eu\/hu\/wp-json\/wp\/v2\/users\/3"}],"replies":[{"embeddable":true,"href":"https:\/\/www.tierschutz-bremerhaven.eu\/hu\/wp-json\/wp\/v2\/comments?post=3531"}],"version-history":[{"count":37,"href":"https:\/\/www.tierschutz-bremerhaven.eu\/hu\/wp-json\/wp\/v2\/pages\/3531\/revisions"}],"predecessor-version":[{"id":11449,"href":"https:\/\/www.tierschutz-bremerhaven.eu\/hu\/wp-json\/wp\/v2\/pages\/3531\/revisions\/11449"}],"wp:attachment":[{"href":"https:\/\/www.tierschutz-bremerhaven.eu\/hu\/wp-json\/wp\/v2\/media?parent=3531"}],"curies":[{"name":"wp","href":"https:\/\/api.w.org\/{rel}","templated":true}]}}