{"id":4937,"date":"2021-09-28T11:24:19","date_gmt":"2021-09-28T11:24:19","guid":{"rendered":"https:\/\/tierschutz-bremerhaven.eu\/?page_id=4937"},"modified":"2026-02-11T11:17:31","modified_gmt":"2026-02-11T10:17:31","slug":"spendenhaeuschen","status":"publish","type":"page","link":"https:\/\/www.tierschutz-bremerhaven.eu\/hu\/spendenhaeuschen","title":{"rendered":"Adom\u00e1nyoz\u00e1si k\u00f6zpont"},"content":{"rendered":"<div data-elementor-type=\"wp-page\" data-elementor-id=\"4937\" class=\"elementor elementor-4937\" data-elementor-post-type=\"page\">\n\t\t\t\t\t\t<section class=\"elementor-section elementor-top-section elementor-element elementor-element-573adc2 elementor-section-boxed elementor-section-height-default elementor-section-height-default\" data-id=\"573adc2\" data-element_type=\"section\" data-e-type=\"section\" data-settings=\"{&quot;background_background&quot;:&quot;classic&quot;}\">\n\t\t\t\t\t\t<div class=\"elementor-container elementor-column-gap-default\">\n\t\t\t\t\t<div class=\"elementor-column elementor-col-50 elementor-top-column elementor-element elementor-element-7841c69d\" data-id=\"7841c69d\" data-element_type=\"column\" data-e-type=\"column\">\n\t\t\t<div class=\"elementor-widget-wrap elementor-element-populated\">\n\t\t\t\t\t\t<div class=\"elementor-element elementor-element-5aae5d63 elementor-widget elementor-widget-heading\" data-id=\"5aae5d63\" data-element_type=\"widget\" data-e-type=\"widget\" data-widget_type=\"heading.default\">\n\t\t\t\t<div class=\"elementor-widget-container\">\n\t\t\t\t\t<h2 class=\"elementor-heading-title elementor-size-default\">Adom\u00e1nyoz\u00e1si k\u00f6zpont<\/h2>\t\t\t\t<\/div>\n\t\t\t\t<\/div>\n\t\t\t\t<div class=\"elementor-element elementor-element-434baaa9 elementor-widget elementor-widget-text-editor\" data-id=\"434baaa9\" data-element_type=\"widget\" data-e-type=\"widget\" data-widget_type=\"text-editor.default\">\n\t\t\t\t<div class=\"elementor-widget-container\">\n\t\t\t\t\t\t\t\t\t<p class=\"s3\"><span class=\"s2\">Minden t\u00e9tel<\/span><span class=\"s2\">- \u00e9s etetni<\/span><span class=\"s2\">Az adom\u00e1nyok nagyon fontosak sz\u00e1munkra. Nagyon h\u00e1l\u00e1sak vagyunk minden adom\u00e1ny\u00e9rt, mert az \u00d6n\u00f6k t\u00e1mogat\u00e1sa hozz\u00e1j\u00e1rul ehhez,&nbsp;<\/span><span class=\"s2\">hogy egy\u00fcttesen k\u00e9pesek legy\u00fcnk ell\u00e1tni sokr\u00e9t\u0171 feladatainkat, \u00e9s hogy a r\u00e1nk b\u00edzott gyermekekr\u0151l szeretettel gondoskodjanak \u00e9s gondoskodjanak.&nbsp;<\/span><\/p>\n<p class=\"s3\"><span class=\"s2\">Adom\u00e1nyk\u00f6zpontunk lehet\u0151v\u00e9 teszi sz\u00e1munkra, hogy ezekben a neh\u00e9z id\u0151kben \u00e9rint\u00e9s n\u00e9lk\u00fcl adom\u00e1nyozhassunk, \u00e9s a nyitvatart\u00e1si id\u0151n k\u00edv\u00fcl is adom\u00e1nyozhat.&nbsp;<\/span><span class=\"s2\">A kis h\u00e1z<\/span><span class=\"s2\">&nbsp;a f\u0151bej\u00e1ratunk el\u0151tt tal\u00e1lhat\u00f3.<\/span><span class=\"s2\">&nbsp;<\/span><span class=\"s2\">Ez&nbsp;<\/span><span class=\"s2\">v\u00e9dett az id\u0151j\u00e1r\u00e1st\u00f3l, \u00e9s rengeteg helyet k\u00edn\u00e1l.<\/span><\/p>\n<p class=\"s3\"><span class=\"s2\">\u00d6r\u00fcl\u00fcnk az \u00e9telnek<\/span><span class=\"s2\">- \u00e9s term\u00e9szetbeni adom\u00e1nyok<\/span><span class=\"s2\">&nbsp;mint a&nbsp;<\/span><span class=\"s2\">z. B.: <\/span><span class=\"s2\">Kuty\u00e1k, macsk\u00e1k, kis\u00e1llatok, sert\u00e9sek, baromfi \u00e9s&nbsp;<\/span><span class=\"s2\">F\u00e9szekalj t\u00e1pl\u00e1l\u00e9k<\/span><span class=\"s2\">&nbsp;\u00e9s a tej felnevel\u00e9se (Royal&nbsp;<\/span><span class=\"s2\">Canin<\/span><span class=\"s2\">)<\/span><span class=\"s2\">, <\/span><span class=\"s2\">T\u00f6r\u00f6lk\u00f6z\u0151k,<\/span><span class=\"s2\">&nbsp;<\/span><span class=\"s2\">Gyapj\u00fa<\/span><span class=\"s2\">sarkok, j\u00e1t\u00e9kok, <\/span><span class=\"s2\">\u00d6sszecsom\u00f3sodott alom<\/span><span class=\"s2\">,&nbsp;<\/span><span class=\"s2\">Alomt\u00e1lc\u00e1k, kapar\u00f3f\u00e1k,&nbsp;<\/span><span class=\"s2\">Ketrecek \u00e9s<\/span><span class=\"s2\">&nbsp;Kis\u00e1llat kieg\u00e9sz\u00edt\u0151k<\/span><span class=\"s2\">&nbsp;mindenf\u00e9le. <\/span>Higi\u00e9niai okokb\u00f3l nem tudjuk felhaszn\u00e1lni a hib\u00e1s vagy er\u0151sen szennyezett term\u00e9keket, illetve a m\u00e1r felbontott \u00e9lelmiszereket. K\u00f6sz\u00f6nj\u00fck meg\u00e9rt\u00e9s\u00e9t.<span class=\"s2\"><\/span><\/p>\n<p>K\u00f6sz\u00f6nj\u00fck akt\u00edv t\u00e1mogat\u00e1s\u00e1t!<\/p>\t\t\t\t\t\t\t\t<\/div>\n\t\t\t\t<\/div>\n\t\t\t\t\t<\/div>\n\t\t<\/div>\n\t\t\t\t<div class=\"elementor-column elementor-col-50 elementor-top-column elementor-element elementor-element-2ed9c063\" data-id=\"2ed9c063\" data-element_type=\"column\" data-e-type=\"column\">\n\t\t\t<div class=\"elementor-widget-wrap elementor-element-populated\">\n\t\t\t\t\t\t<div class=\"elementor-element elementor-element-38215db7 elementor-widget elementor-widget-image\" data-id=\"38215db7\" data-element_type=\"widget\" data-e-type=\"widget\" data-widget_type=\"image.default\">\n\t\t\t\t<div class=\"elementor-widget-container\">\n\t\t\t\t\t\t\t\t\t\t\t\t\t\t\t<img fetchpriority=\"high\" decoding=\"async\" width=\"800\" height=\"721\" src=\"https:\/\/www.tierschutz-bremerhaven.eu\/wp-content\/uploads\/2026\/02\/Spendenhaeuschen-1024x923.jpeg\" class=\"attachment-large size-large wp-image-13078\" alt=\"\" srcset=\"https:\/\/www.tierschutz-bremerhaven.eu\/wp-content\/uploads\/2026\/02\/Spendenhaeuschen-1024x923.jpeg 1024w, https:\/\/www.tierschutz-bremerhaven.eu\/wp-content\/uploads\/2026\/02\/Spendenhaeuschen-300x270.jpeg 300w, https:\/\/www.tierschutz-bremerhaven.eu\/wp-content\/uploads\/2026\/02\/Spendenhaeuschen-768x692.jpeg 768w, https:\/\/www.tierschutz-bremerhaven.eu\/wp-content\/uploads\/2026\/02\/Spendenhaeuschen-1536x1384.jpeg 1536w, https:\/\/www.tierschutz-bremerhaven.eu\/wp-content\/uploads\/2026\/02\/Spendenhaeuschen-2048x1846.jpeg 2048w, https:\/\/www.tierschutz-bremerhaven.eu\/wp-content\/uploads\/2026\/02\/Spendenhaeuschen-13x12.jpeg 13w\" sizes=\"(max-width: 800px) 100vw, 800px\" \/>\t\t\t\t\t\t\t\t\t\t\t\t\t\t\t<\/div>\n\t\t\t\t<\/div>\n\t\t\t\t\t<\/div>\n\t\t<\/div>\n\t\t\t\t\t<\/div>\n\t\t<\/section>\n\t\t\t\t<\/div>","protected":false},"excerpt":{"rendered":"<p>Spendenh\u00e4uschen Jede Sach- und Futterspende hat f\u00fcr uns eine gro\u00dfe Bedeutung. Wir sind f\u00fcr jede Spende sehr dankbar, denn Ihre Unterst\u00fctzung tr\u00e4gt dazu bei,&nbsp;dass wir gemeinsam imstande sind, unsere vielf\u00e4ltigen Aufgaben wahrzunehmen und dass die uns anvertrauten Sch\u00fctzlinge liebevoll gepflegt und betreut werden.&nbsp; Unser Spendenh\u00e4uschen erm\u00f6glicht uns in dieser schweren Zeit eine kontaktlose \u00dcbergabe und [&hellip;]<\/p>\n","protected":false},"author":3,"featured_media":0,"parent":0,"menu_order":0,"comment_status":"closed","ping_status":"closed","template":"","meta":{"footnotes":""},"class_list":["post-4937","page","type-page","status-publish","hentry"],"_links":{"self":[{"href":"https:\/\/www.tierschutz-bremerhaven.eu\/hu\/wp-json\/wp\/v2\/pages\/4937","targetHints":{"allow":["GET"]}}],"collection":[{"href":"https:\/\/www.tierschutz-bremerhaven.eu\/hu\/wp-json\/wp\/v2\/pages"}],"about":[{"href":"https:\/\/www.tierschutz-bremerhaven.eu\/hu\/wp-json\/wp\/v2\/types\/page"}],"author":[{"embeddable":true,"href":"https:\/\/www.tierschutz-bremerhaven.eu\/hu\/wp-json\/wp\/v2\/users\/3"}],"replies":[{"embeddable":true,"href":"https:\/\/www.tierschutz-bremerhaven.eu\/hu\/wp-json\/wp\/v2\/comments?post=4937"}],"version-history":[{"count":16,"href":"https:\/\/www.tierschutz-bremerhaven.eu\/hu\/wp-json\/wp\/v2\/pages\/4937\/revisions"}],"predecessor-version":[{"id":13081,"href":"https:\/\/www.tierschutz-bremerhaven.eu\/hu\/wp-json\/wp\/v2\/pages\/4937\/revisions\/13081"}],"wp:attachment":[{"href":"https:\/\/www.tierschutz-bremerhaven.eu\/hu\/wp-json\/wp\/v2\/media?parent=4937"}],"curies":[{"name":"wp","href":"https:\/\/api.w.org\/{rel}","templated":true}]}}