{"id":1795,"date":"2021-04-29T14:17:09","date_gmt":"2021-04-29T14:17:09","guid":{"rendered":"https:\/\/tierschutz-bremerhaven.eu\/?page_id=1795"},"modified":"2021-04-29T14:17:50","modified_gmt":"2021-04-29T14:17:50","slug":"kontrola-przed-i-po","status":"publish","type":"page","link":"https:\/\/www.tierschutz-bremerhaven.eu\/pl\/vor-und-nachkontrolle","title":{"rendered":"Przed i po inspekcji"},"content":{"rendered":"<div data-elementor-type=\"wp-page\" data-elementor-id=\"1795\" class=\"elementor elementor-1795\" data-elementor-post-type=\"page\">\n\t\t\t\t\t\t<section class=\"elementor-section elementor-top-section elementor-element elementor-element-3f2c348 elementor-section-full_width elementor-section-height-default elementor-section-height-default\" data-id=\"3f2c348\" data-element_type=\"section\" data-e-type=\"section\" data-settings=\"{&quot;background_background&quot;:&quot;classic&quot;}\">\n\t\t\t\t\t\t<div class=\"elementor-container elementor-column-gap-default\">\n\t\t\t\t\t<div class=\"elementor-column elementor-col-100 elementor-top-column elementor-element elementor-element-2cef154\" data-id=\"2cef154\" data-element_type=\"column\" data-e-type=\"column\">\n\t\t\t<div class=\"elementor-widget-wrap elementor-element-populated\">\n\t\t\t\t\t\t<div class=\"elementor-element elementor-element-02a7822 elementor-widget elementor-widget-heading\" data-id=\"02a7822\" data-element_type=\"widget\" data-e-type=\"widget\" data-widget_type=\"heading.default\">\n\t\t\t\t<div class=\"elementor-widget-container\">\n\t\t\t\t\t<h2 class=\"elementor-heading-title elementor-size-default\">Przed i po inspekcji<\/h2>\t\t\t\t<\/div>\n\t\t\t\t<\/div>\n\t\t\t\t<div class=\"elementor-element elementor-element-7cc7aaa elementor-widget elementor-widget-text-editor\" data-id=\"7cc7aaa\" data-element_type=\"widget\" data-e-type=\"widget\" data-widget_type=\"text-editor.default\">\n\t\t\t\t<div class=\"elementor-widget-container\">\n\t\t\t\t\t\t\t\t\t<p>Kontrole wst\u0119pne i ko\u0144cowe s\u0105 standardow\u0105 praktyk\u0105 w<strong>\u00a0Mediacja na rzecz zwierz\u0105t.<\/strong>\u00a0<br \/>Tierschutz Bremerhaven e.V. chcia\u0142by osobi\u015bcie pozna\u0107 przysz\u0142ych w\u0142a\u015bcicieli przed umieszczeniem zwierz\u0119cia i zobaczy\u0107, gdzie zwierz\u0119 b\u0119dzie mieszka\u0107 w przysz\u0142o\u015bci. Kontrole kontrolne s\u0105 r\u00f3wnie\u017c zwyczajem w naszej organizacji i s\u0105 przeprowadzane wy\u0142\u0105cznie dla dobra zwierz\u0105t.<br \/>Ch\u0119tnie doradzimy i odpowiemy na wszelkie pytania powsta\u0142e w wyniku wsp\u00f3lnego \u017cycia. Je\u015bli zdecydujesz si\u0119 na zwierz\u0119 z naszego schroniska, zawrzesz z nami r\u00f3wnie\u017c umow\u0119, kt\u00f3ra pozwoli nam odwiedzi\u0107 zwierz\u0119 w jego nowym domu po jego umieszczeniu.<\/p><p>Dzi\u0119kujemy za wsp\u00f3\u0142prac\u0119!<\/p>\t\t\t\t\t\t\t\t<\/div>\n\t\t\t\t<\/div>\n\t\t\t\t\t<\/div>\n\t\t<\/div>\n\t\t\t\t\t<\/div>\n\t\t<\/section>\n\t\t\t\t<\/div>","protected":false},"excerpt":{"rendered":"<p>Vor- und Nachkontrolle Vor- und Nachkontrollen sind g\u00e4ngige Praxis bei der\u00a0Tiervermittlung.\u00a0Der Tierschutz Bremerhaven e.V. m\u00f6chte die zuk\u00fcnftigen Besitzer vor der Vermittlung gerne pers\u00f6nlich kennenlernen und sehen, wo das Tier in Zukunft leben soll. Auch Nachkontrollen sind in unserem Verein \u00fcblich und werden nur zum Wohle der Tiere durchgef\u00fchrt.Gerne beraten wir Sie und beantworten Fragen, die [&hellip;]<\/p>\n","protected":false},"author":3,"featured_media":0,"parent":0,"menu_order":0,"comment_status":"closed","ping_status":"closed","template":"","meta":{"footnotes":""},"class_list":["post-1795","page","type-page","status-publish","hentry"],"_links":{"self":[{"href":"https:\/\/www.tierschutz-bremerhaven.eu\/pl\/wp-json\/wp\/v2\/pages\/1795","targetHints":{"allow":["GET"]}}],"collection":[{"href":"https:\/\/www.tierschutz-bremerhaven.eu\/pl\/wp-json\/wp\/v2\/pages"}],"about":[{"href":"https:\/\/www.tierschutz-bremerhaven.eu\/pl\/wp-json\/wp\/v2\/types\/page"}],"author":[{"embeddable":true,"href":"https:\/\/www.tierschutz-bremerhaven.eu\/pl\/wp-json\/wp\/v2\/users\/3"}],"replies":[{"embeddable":true,"href":"https:\/\/www.tierschutz-bremerhaven.eu\/pl\/wp-json\/wp\/v2\/comments?post=1795"}],"version-history":[{"count":3,"href":"https:\/\/www.tierschutz-bremerhaven.eu\/pl\/wp-json\/wp\/v2\/pages\/1795\/revisions"}],"predecessor-version":[{"id":1798,"href":"https:\/\/www.tierschutz-bremerhaven.eu\/pl\/wp-json\/wp\/v2\/pages\/1795\/revisions\/1798"}],"wp:attachment":[{"href":"https:\/\/www.tierschutz-bremerhaven.eu\/pl\/wp-json\/wp\/v2\/media?parent=1795"}],"curies":[{"name":"wp","href":"https:\/\/api.w.org\/{rel}","templated":true}]}}