{"id":1799,"date":"2021-04-29T14:18:03","date_gmt":"2021-04-29T14:18:03","guid":{"rendered":"https:\/\/tierschutz-bremerhaven.eu\/?page_id=1799"},"modified":"2021-04-29T14:18:36","modified_gmt":"2021-04-29T14:18:36","slug":"centrum-opieki","status":"publish","type":"page","link":"https:\/\/www.tierschutz-bremerhaven.eu\/pl\/pflegestelle","title":{"rendered":"Dom zast\u0119pczy"},"content":{"rendered":"<div data-elementor-type=\"wp-page\" data-elementor-id=\"1799\" class=\"elementor elementor-1799\" data-elementor-post-type=\"page\">\n\t\t\t\t\t\t<section class=\"elementor-section elementor-top-section elementor-element elementor-element-3f2c348 elementor-section-full_width elementor-section-height-default elementor-section-height-default\" data-id=\"3f2c348\" data-element_type=\"section\" data-e-type=\"section\" data-settings=\"{&quot;background_background&quot;:&quot;classic&quot;}\">\n\t\t\t\t\t\t<div class=\"elementor-container elementor-column-gap-default\">\n\t\t\t\t\t<div class=\"elementor-column elementor-col-100 elementor-top-column elementor-element elementor-element-2cef154\" data-id=\"2cef154\" data-element_type=\"column\" data-e-type=\"column\">\n\t\t\t<div class=\"elementor-widget-wrap elementor-element-populated\">\n\t\t\t\t\t\t<div class=\"elementor-element elementor-element-02a7822 elementor-widget elementor-widget-heading\" data-id=\"02a7822\" data-element_type=\"widget\" data-e-type=\"widget\" data-widget_type=\"heading.default\">\n\t\t\t\t<div class=\"elementor-widget-container\">\n\t\t\t\t\t<h2 class=\"elementor-heading-title elementor-size-default\">W nag\u0142ych wypadkach<\/h2>\t\t\t\t<\/div>\n\t\t\t\t<\/div>\n\t\t\t\t<div class=\"elementor-element elementor-element-7cc7aaa elementor-widget elementor-widget-text-editor\" data-id=\"7cc7aaa\" data-element_type=\"widget\" data-e-type=\"widget\" data-widget_type=\"text-editor.default\">\n\t\t\t\t<div class=\"elementor-widget-container\">\n\t\t\t\t\t\t\t\t\t<p>Szukamy ludzi z sercem, umys\u0142em i mi\u0142o\u015bci\u0105 do zwierz\u0105t, ale kt\u00f3rzy z jakiegokolwiek powodu nie chc\u0105 trzyma\u0107 zwierz\u0119cia na sta\u0142e.<\/p><p>Wci\u0105\u017c jednak mo\u017cna zrobi\u0107 dobry uczynek, zabieraj\u0105c z naszego schroniska zwierz\u0119, kt\u00f3remu z r\u00f3\u017cnych powod\u00f3w chcieliby\u015bmy da\u0107 dom tymczasowy.<\/p><p>Wielokrotnie zdarza si\u0119, \u017ce niekt\u00f3re zwierz\u0119ta nie czuj\u0105 si\u0119 komfortowo w codziennym \u017cyciu w schronisku dla zwierz\u0105t. Szczeg\u00f3lnie trudne chwile w schronisku prze\u017cywaj\u0105 zwierz\u0119ta stare i chore. Je\u015bli mamy szcz\u0119\u015bcie, zawsze znajdujemy \u017cyczliwych ludzi, kt\u00f3rzy tymczasowo przygarniaj\u0105 takie zwierz\u0119ta i zapewniaj\u0105 im opiek\u0119 i bezpiecze\u0144stwo, kt\u00f3rych potrzebuj\u0105. Opiekuj\u0105 si\u0119 oni zwierz\u0119tami do czasu, a\u017c b\u0119d\u0105 one mog\u0142y trafi\u0107 na sta\u0142e do swoich nowych w\u0142a\u015bcicieli. Oczywi\u015bcie byliby\u015bmy szczeg\u00f3lnie zadowoleni, gdyby\u015b m\u00f3g\u0142 sobie wyobrazi\u0107 danie domu starym lub chorym zwierz\u0119tom na ostatni etap ich \u017cycia.<\/p><p>Je\u015bli chcia\u0142by\u015b przez jaki\u015b czas wesprze\u0107 jedno z naszych przybranych dzieci, skontaktuj si\u0119 z nami w schronisku pod numerem 0471 - 8 32 57 lub e-mailem:\u00a0<a href=\"mailto:info@tierschutz-bremerhaven.de\">info@tierschutz-bremerhaven.de<\/a><br \/>Poza godzinami otwarcia mo\u017cna zostawi\u0107 wiadomo\u015b\u0107 na automatycznej sekretarce. Oddzwonimy natychmiast.<\/p>\t\t\t\t\t\t\t\t<\/div>\n\t\t\t\t<\/div>\n\t\t\t\t\t<\/div>\n\t\t<\/div>\n\t\t\t\t\t<\/div>\n\t\t<\/section>\n\t\t\t\t<\/div>","protected":false},"excerpt":{"rendered":"<p>Im Notfall Wir suchen Menschen mit Herz, Verstand und Tierliebe, die aber, aus welchen Gr\u00fcnden auch immer, kein Tier auf Dauer halten m\u00f6chten. Sie k\u00f6nnen aber trotzdem ein gutes Werk tun: Sie nehmen ein Tier aus unserem Tierheim, das wir aus den verschiedensten Gr\u00fcnden in ein Zuhause auf Zeit geben m\u00f6chten. Es kommt immer wieder [&hellip;]<\/p>\n","protected":false},"author":3,"featured_media":0,"parent":0,"menu_order":0,"comment_status":"closed","ping_status":"closed","template":"","meta":{"footnotes":""},"class_list":["post-1799","page","type-page","status-publish","hentry"],"_links":{"self":[{"href":"https:\/\/www.tierschutz-bremerhaven.eu\/pl\/wp-json\/wp\/v2\/pages\/1799","targetHints":{"allow":["GET"]}}],"collection":[{"href":"https:\/\/www.tierschutz-bremerhaven.eu\/pl\/wp-json\/wp\/v2\/pages"}],"about":[{"href":"https:\/\/www.tierschutz-bremerhaven.eu\/pl\/wp-json\/wp\/v2\/types\/page"}],"author":[{"embeddable":true,"href":"https:\/\/www.tierschutz-bremerhaven.eu\/pl\/wp-json\/wp\/v2\/users\/3"}],"replies":[{"embeddable":true,"href":"https:\/\/www.tierschutz-bremerhaven.eu\/pl\/wp-json\/wp\/v2\/comments?post=1799"}],"version-history":[{"count":3,"href":"https:\/\/www.tierschutz-bremerhaven.eu\/pl\/wp-json\/wp\/v2\/pages\/1799\/revisions"}],"predecessor-version":[{"id":1802,"href":"https:\/\/www.tierschutz-bremerhaven.eu\/pl\/wp-json\/wp\/v2\/pages\/1799\/revisions\/1802"}],"wp:attachment":[{"href":"https:\/\/www.tierschutz-bremerhaven.eu\/pl\/wp-json\/wp\/v2\/media?parent=1799"}],"curies":[{"name":"wp","href":"https:\/\/api.w.org\/{rel}","templated":true}]}}