{"id":1817,"date":"2021-04-29T14:21:22","date_gmt":"2021-04-29T14:21:22","guid":{"rendered":"https:\/\/tierschutz-bremerhaven.eu\/?page_id=1817"},"modified":"2021-06-22T12:07:28","modified_gmt":"2021-06-22T12:07:28","slug":"piechur","status":"publish","type":"page","link":"https:\/\/www.tierschutz-bremerhaven.eu\/pl\/gassi-geher","title":{"rendered":"Wyprowadzacz ps\u00f3w"},"content":{"rendered":"<div data-elementor-type=\"wp-page\" data-elementor-id=\"1817\" class=\"elementor elementor-1817\" data-elementor-post-type=\"page\">\n\t\t\t\t\t\t<section class=\"elementor-section elementor-top-section elementor-element elementor-element-3f2c348 elementor-section-full_width elementor-section-height-default elementor-section-height-default\" data-id=\"3f2c348\" data-element_type=\"section\" data-e-type=\"section\" data-settings=\"{&quot;background_background&quot;:&quot;classic&quot;}\">\n\t\t\t\t\t\t<div class=\"elementor-container elementor-column-gap-default\">\n\t\t\t\t\t<div class=\"elementor-column elementor-col-100 elementor-top-column elementor-element elementor-element-2cef154\" data-id=\"2cef154\" data-element_type=\"column\" data-e-type=\"column\">\n\t\t\t<div class=\"elementor-widget-wrap elementor-element-populated\">\n\t\t\t\t\t\t<div class=\"elementor-element elementor-element-02a7822 elementor-widget elementor-widget-heading\" data-id=\"02a7822\" data-element_type=\"widget\" data-e-type=\"widget\" data-widget_type=\"heading.default\">\n\t\t\t\t<div class=\"elementor-widget-container\">\n\t\t\t\t\t<h2 class=\"elementor-heading-title elementor-size-default\">Wyprowadzacz ps\u00f3w<\/h2>\t\t\t\t<\/div>\n\t\t\t\t<\/div>\n\t\t\t\t<div class=\"elementor-element elementor-element-7cc7aaa elementor-widget elementor-widget-text-editor\" data-id=\"7cc7aaa\" data-element_type=\"widget\" data-e-type=\"widget\" data-widget_type=\"text-editor.default\">\n\t\t\t\t<div class=\"elementor-widget-container\">\n\t\t\t\t\t\t\t\t\t<p>W naszej nowej siedzibie znajduj\u0105 si\u0119 dwa du\u017ce wybiegi, z kt\u00f3rych nasze psy mog\u0105 oczywi\u015bcie regularnie korzysta\u0107.<\/p><p>Je\u015bli chcesz rozpie\u015bci\u0107 nasze psy dodatkowym spacerem, skontaktuj si\u0119 z nami.<\/p><p>Jest to co\u015b wyj\u0105tkowego dla naszych ps\u00f3w, poniewa\u017c otrzymuj\u0105 ca\u0142\u0105 uwag\u0119 od jednej osoby i do\u015bwiadczaj\u0105 du\u017cej r\u00f3\u017cnorodno\u015bci podczas spacer\u00f3w.<\/p><p>W tym celu cz\u0142onkostwo w stowarzyszeniu jest obowi\u0105zkowe, poniewa\u017c potrzebujemy Twoich danych kontaktowych, a nast\u0119pnie b\u0119dziesz korzysta\u0107 z ochrony ubezpieczeniowej za po\u015brednictwem stowarzyszenia.<\/p><p>Cieszymy si\u0119, \u017ce dzieci mog\u0105 towarzyszy\u0107 naszym psom podczas tych spacer\u00f3w. Ze wzgl\u0119d\u00f3w bezpiecze\u0144stwa jest to jednak mo\u017cliwe tylko w towarzystwie osoby doros\u0142ej.<\/p><p>Teraz wszystko, co musisz zrobi\u0107, to um\u00f3wi\u0107 si\u0119 z nami na spotkanie i zapozna\u0107 si\u0119 z naszymi zasadami spacer\u00f3w, kt\u00f3re wyja\u015bni\u0105 Ci nasi opiekunowie zwierz\u0105t. Ta odprawa ma na celu zapewnienie bezpiecze\u0144stwa Tobie i Twojemu psu.<\/p><p>Je\u015bli temperatura jest zbyt wysoka lub zbyt niska, by\u0107 mo\u017ce b\u0119dziemy musieli odwo\u0142a\u0107 spacer dla dobra zwierz\u0105t. Ale wtedy tym bardziej nie mog\u0105 si\u0119 doczeka\u0107 nast\u0119pnego razu. \u00a0<\/p><p>Spacery odbywaj\u0105 si\u0119 we wtorki, \u015brody, pi\u0105tki i soboty od 10:00 do 14:00 oraz w niedziele od 13:00 do 16:00.<\/p><p>Prosimy o kontakt w schronisku dla zwierz\u0105t pod nr tel.: 0471 - 8 32 57<br \/>Poza godzinami otwarcia mo\u017cna zostawi\u0107 wiadomo\u015b\u0107 na automatycznej sekretarce. Oddzwonimy natychmiast.<\/p>\t\t\t\t\t\t\t\t<\/div>\n\t\t\t\t<\/div>\n\t\t\t\t\t<\/div>\n\t\t<\/div>\n\t\t\t\t\t<\/div>\n\t\t<\/section>\n\t\t\t\t<\/div>","protected":false},"excerpt":{"rendered":"<p>Gassi-Geher Auf unserem neuen Gel\u00e4nde befinden sich zwei gro\u00dfe Ausl\u00e4ufe, die unsere Hunde nat\u00fcrlich regelm\u00e4\u00dfig nutzen k\u00f6nnen. Wenn Sie unseren aber Hunden mit einem zus\u00e4tzlichen Spaziergang verw\u00f6hnen m\u00f6chten, sprechen Sie uns gerne an. F\u00fcr unsere Hunde ist dies etwas Besonderes, da sie von einer einzelnen Person die ganze Aufmerksamkeit erhalten und auf den Spazierg\u00e4ngen viel [&hellip;]<\/p>\n","protected":false},"author":3,"featured_media":0,"parent":0,"menu_order":0,"comment_status":"closed","ping_status":"closed","template":"","meta":{"footnotes":""},"class_list":["post-1817","page","type-page","status-publish","hentry"],"_links":{"self":[{"href":"https:\/\/www.tierschutz-bremerhaven.eu\/pl\/wp-json\/wp\/v2\/pages\/1817","targetHints":{"allow":["GET"]}}],"collection":[{"href":"https:\/\/www.tierschutz-bremerhaven.eu\/pl\/wp-json\/wp\/v2\/pages"}],"about":[{"href":"https:\/\/www.tierschutz-bremerhaven.eu\/pl\/wp-json\/wp\/v2\/types\/page"}],"author":[{"embeddable":true,"href":"https:\/\/www.tierschutz-bremerhaven.eu\/pl\/wp-json\/wp\/v2\/users\/3"}],"replies":[{"embeddable":true,"href":"https:\/\/www.tierschutz-bremerhaven.eu\/pl\/wp-json\/wp\/v2\/comments?post=1817"}],"version-history":[{"count":3,"href":"https:\/\/www.tierschutz-bremerhaven.eu\/pl\/wp-json\/wp\/v2\/pages\/1817\/revisions"}],"predecessor-version":[{"id":1823,"href":"https:\/\/www.tierschutz-bremerhaven.eu\/pl\/wp-json\/wp\/v2\/pages\/1817\/revisions\/1823"}],"wp:attachment":[{"href":"https:\/\/www.tierschutz-bremerhaven.eu\/pl\/wp-json\/wp\/v2\/media?parent=1817"}],"curies":[{"name":"wp","href":"https:\/\/api.w.org\/{rel}","templated":true}]}}