{"id":1824,"date":"2021-04-29T14:22:50","date_gmt":"2021-04-29T14:22:50","guid":{"rendered":"https:\/\/tierschutz-bremerhaven.eu\/?page_id=1824"},"modified":"2021-10-08T12:26:14","modified_gmt":"2021-10-08T12:26:14","slug":"znaleziono-dzikie-zwierze","status":"publish","type":"page","link":"https:\/\/www.tierschutz-bremerhaven.eu\/pl\/wildtier-gefunden","title":{"rendered":"Znaleziono dzikie zwierz\u0119"},"content":{"rendered":"<div data-elementor-type=\"wp-page\" data-elementor-id=\"1824\" class=\"elementor elementor-1824\" data-elementor-post-type=\"page\">\n\t\t\t\t\t\t<section class=\"elementor-section elementor-top-section elementor-element elementor-element-3f2c348 elementor-section-boxed elementor-section-height-default elementor-section-height-default\" data-id=\"3f2c348\" data-element_type=\"section\" data-e-type=\"section\" data-settings=\"{&quot;background_background&quot;:&quot;classic&quot;}\">\n\t\t\t\t\t\t<div class=\"elementor-container elementor-column-gap-default\">\n\t\t\t\t\t<div class=\"elementor-column elementor-col-100 elementor-top-column elementor-element elementor-element-2cef154\" data-id=\"2cef154\" data-element_type=\"column\" data-e-type=\"column\">\n\t\t\t<div class=\"elementor-widget-wrap elementor-element-populated\">\n\t\t\t\t\t\t<div class=\"elementor-element elementor-element-02a7822 elementor-widget elementor-widget-heading\" data-id=\"02a7822\" data-element_type=\"widget\" data-e-type=\"widget\" data-widget_type=\"heading.default\">\n\t\t\t\t<div class=\"elementor-widget-container\">\n\t\t\t\t\t<h2 class=\"elementor-heading-title elementor-size-default\">Znaleziono dzikie zwierz\u0119<\/h2>\t\t\t\t<\/div>\n\t\t\t\t<\/div>\n\t\t\t\t<div class=\"elementor-element elementor-element-7cc7aaa elementor-widget elementor-widget-text-editor\" data-id=\"7cc7aaa\" data-element_type=\"widget\" data-e-type=\"widget\" data-widget_type=\"text-editor.default\">\n\t\t\t\t<div class=\"elementor-widget-container\">\n\t\t\t\t\t\t\t\t\t<p>Je\u015bli chcesz skontaktowa\u0107 si\u0119 z nami w sprawie znalezionego dzikiego zwierz\u0119cia, chcieliby\u015bmy zaznaczy\u0107, \u017ce jako \u015brodek ostro\u017cno\u015bci&nbsp;<strong><em>Nie ponosimy odpowiedzialno\u015bci za dzikie zwierz\u0119ta<\/em><\/strong>. Prosimy o zrozumienie, \u017ce nie mamy ani dog\u0142\u0119bnej wiedzy, ani mo\u017cliwo\u015bci, aby przyjmowa\u0107 i opiekowa\u0107 si\u0119 wiewi\u00f3rkami, nietoperzami itp. Je\u015bli jest to ranne zwierz\u0119, pomo\u017cemy w takich wyj\u0105tkowych przypadkach, o ile pozwol\u0105 nam na to nasze mo\u017cliwo\u015bci. Oczywi\u015bcie pomo\u017cemy r\u00f3wnie\u017c w znalezieniu profesjonalnego o\u015brodka adopcyjnego. <br><br>Niestety, jest to dodatkowe zadanie, kt\u00f3re nie mo\u017ce by\u0107 realizowane r\u00f3wnolegle z nasz\u0105 prac\u0105 na rzecz dobrostanu zwierz\u0105t i dzia\u0142alno\u015bci\u0105 schronisk dla zwierz\u0105t.<br><\/p>\n<p>U\u017cytkownicy dr\u00f3g, kt\u00f3rzy spowoduj\u0105 wypadek z udzia\u0142em zwierzyny kopytnej (np. sarny, jelenia szlachetnego, daniela, dzika) s\u0105 zobowi\u0105zani do zg\u0142oszenia tego faktu na odpowiedni posterunek policji.<\/p>\n<p>Mo\u017cna si\u0119 z nami skontaktowa\u0107 w schronisku dla zwierz\u0105t pod nr tel: <a href=\"tel:047183257\">0471 - 8 32 57<\/a>. Poza godzinami otwarcia prosimy o kontakt z policj\u0105.<\/p><br><p><\/p>\t\t\t\t\t\t\t\t<\/div>\n\t\t\t\t<\/div>\n\t\t\t\t\t<\/div>\n\t\t<\/div>\n\t\t\t\t\t<\/div>\n\t\t<\/section>\n\t\t\t\t<\/div>","protected":false},"excerpt":{"rendered":"<p>Wildtier gefunden Wenn Sie sich wegen eines gefundenen Wildtieres an uns wenden m\u00f6chten, weisen wir vorsorglich darauf hin, dass&nbsp;wir f\u00fcr Wildtiere nicht zust\u00e4ndig sind. Bitte haben Sie Verst\u00e4ndnis daf\u00fcr, dass wir weder \u00fcber das fundierte Wissen noch \u00fcber die Kapazit\u00e4ten f\u00fcr Aufnahme und Pflege von Eichh\u00f6rnchen, Fledermaus etc. verf\u00fcgen. Sollte es sich um ein verletztes [&hellip;]<\/p>\n","protected":false},"author":3,"featured_media":0,"parent":0,"menu_order":0,"comment_status":"closed","ping_status":"closed","template":"","meta":{"footnotes":""},"class_list":["post-1824","page","type-page","status-publish","hentry"],"_links":{"self":[{"href":"https:\/\/www.tierschutz-bremerhaven.eu\/pl\/wp-json\/wp\/v2\/pages\/1824","targetHints":{"allow":["GET"]}}],"collection":[{"href":"https:\/\/www.tierschutz-bremerhaven.eu\/pl\/wp-json\/wp\/v2\/pages"}],"about":[{"href":"https:\/\/www.tierschutz-bremerhaven.eu\/pl\/wp-json\/wp\/v2\/types\/page"}],"author":[{"embeddable":true,"href":"https:\/\/www.tierschutz-bremerhaven.eu\/pl\/wp-json\/wp\/v2\/users\/3"}],"replies":[{"embeddable":true,"href":"https:\/\/www.tierschutz-bremerhaven.eu\/pl\/wp-json\/wp\/v2\/comments?post=1824"}],"version-history":[{"count":15,"href":"https:\/\/www.tierschutz-bremerhaven.eu\/pl\/wp-json\/wp\/v2\/pages\/1824\/revisions"}],"predecessor-version":[{"id":5339,"href":"https:\/\/www.tierschutz-bremerhaven.eu\/pl\/wp-json\/wp\/v2\/pages\/1824\/revisions\/5339"}],"wp:attachment":[{"href":"https:\/\/www.tierschutz-bremerhaven.eu\/pl\/wp-json\/wp\/v2\/media?parent=1824"}],"curies":[{"name":"wp","href":"https:\/\/api.w.org\/{rel}","templated":true}]}}