{"id":2050,"date":"2021-04-30T07:52:23","date_gmt":"2021-04-30T07:52:23","guid":{"rendered":"https:\/\/tierschutz-bremerhaven.eu\/?page_id=2050"},"modified":"2024-09-06T15:06:28","modified_gmt":"2024-09-06T14:06:28","slug":"odcisk","status":"publish","type":"page","link":"https:\/\/www.tierschutz-bremerhaven.eu\/pl\/impressum","title":{"rendered":"Nadruk"},"content":{"rendered":"<p>Animal Welfare Bremerhaven e.V.<br>Viel\u00e4nder Weg 137<\/p>\n\n\n\n<p>27574 Bremerhaven&nbsp;<\/p>\n\n\n\n<p>Telefon:&nbsp;<a href=\"tel:047183257\">0471 8 32 57<\/a><br>Faks: 0471 9 81 26 76<\/p>\n\n\n\n<p>e-mail:&nbsp;<a href=\"mailto:info@tierschutz-bremerhaven.eu\">info@tierschutz-bremerhaven.eu<\/a><br>URL: <a href=\"http:\/\/www.tierschutz-bremerhaven.eu\/pl\/\">www.tierschutz-bremerhaven.eu<\/a><\/p>\n\n\n\n<p>IBAN: DE 49 2925 0000 0002 0075 50<br>BIC: BRLADE21BRS<\/p>\n\n\n\n<p>S\u0105d rejestrowy: S\u0105d lokalny w Bremie<br>Numer rejestracyjny: 564 BHV<\/p>\n\n\n\n<p>Identyfikator VAT zgodnie z \u00a7 27a UStG:  DE 114709126<\/p>\n\n\n\n<p>Upowa\u017cniony do reprezentowania i odpowiedzialny za tre\u015b\u0107 publikacji w rozumieniu RStV, \u00a7 55 ust. 2:<\/p>\n\n\n\n<p>Inga Albers Przewodnicz\u0105ca<\/p>\n\n\n\n<p>Z przewodnicz\u0105c\u0105 mo\u017cna r\u00f3wnie\u017c skontaktowa\u0107 si\u0119 pod powy\u017cszym adresem pocztowym.<\/p>\n\n\n\n<p><strong>Odpowiedzialno\u015b\u0107 za tre\u015b\u0107<\/strong><\/p>\n\n\n\n<p>Jako dostawca us\u0142ug jeste\u015bmy odpowiedzialni za w\u0142asne tre\u015bci na tych stronach zgodnie z \u00a7 7 (1) TMG (niemiecka ustawa o telemediach) i og\u00f3lnymi przepisami prawa. Zgodnie z \u00a7\u00a7 8 do 10 TMG, jako us\u0142ugodawca nie jeste\u015bmy jednak zobowi\u0105zani do monitorowania przesy\u0142anych lub przechowywanych informacji os\u00f3b trzecich ani do badania okoliczno\u015bci wskazuj\u0105cych na nielegaln\u0105 dzia\u0142alno\u015b\u0107.<\/p>\n\n\n\n<p>Nie ma to wp\u0142ywu na zobowi\u0105zania do usuni\u0119cia lub zablokowania korzystania z informacji zgodnie z og\u00f3lnymi przepisami prawa. Odpowiedzialno\u015b\u0107 w tym zakresie jest jednak mo\u017cliwa dopiero od momentu, w kt\u00f3rym dowiemy si\u0119 o konkretnym naruszeniu. Gdy tylko dowiemy si\u0119 o takich naruszeniach, natychmiast usuniemy te tre\u015bci. <\/p>\n\n\n\n<p><strong>Odpowiedzialno\u015b\u0107 za linki<\/strong><\/p>\n\n\n\n<p>Nasza witryna internetowa zawiera \u0142\u0105cza do zewn\u0119trznych witryn internetowych os\u00f3b trzecich, na kt\u00f3rych tre\u015b\u0107 nie mamy wp\u0142ywu. W zwi\u0105zku z tym nie mo\u017cemy ponosi\u0107 \u017cadnej odpowiedzialno\u015bci za tre\u015bci stron trzecich. Odpowiedni dostawca lub operator stron jest zawsze odpowiedzialny za tre\u015b\u0107 stron, do kt\u00f3rych prowadz\u0105 linki. Po\u0142\u0105czone strony zosta\u0142y sprawdzone pod k\u0105tem mo\u017cliwych narusze\u0144 prawa w momencie \u0142\u0105czenia. Nielegalne tre\u015bci nie by\u0142y rozpoznawalne w momencie linkowania.<\/p>\n\n\n\n<p>Sta\u0142e monitorowanie tre\u015bci stron, do kt\u00f3rych prowadz\u0105 linki, nie jest jednak uzasadnione bez konkretnych dowod\u00f3w naruszenia prawa. Je\u015bli dowiemy si\u0119 o jakichkolwiek naruszeniach prawa, niezw\u0142ocznie usuniemy takie linki.<\/p>\n\n\n\n<p><strong>Prawa autorskie<\/strong><\/p>\n\n\n\n<p>Tre\u015bci i dzie\u0142a stworzone przez operator\u00f3w witryn na tych stronach podlegaj\u0105 niemieckiemu prawu autorskiemu. Powielanie, edytowanie, rozpowszechnianie i wszelkiego rodzaju wykorzystywanie poza granicami prawa autorskiego wymaga pisemnej zgody odpowiedniego autora lub tw\u00f3rcy. Pobieranie i kopiowanie tej strony jest dozwolone wy\u0142\u0105cznie do prywatnego, niekomercyjnego u\u017cytku.<\/p>\n\n\n\n<p>O ile tre\u015bci na tej stronie nie zosta\u0142y stworzone przez operatora, prawa autorskie os\u00f3b trzecich s\u0105 przestrzegane. W szczeg\u00f3lno\u015bci tre\u015bci os\u00f3b trzecich s\u0105 oznaczone jako takie. Je\u015bli mimo to dowiesz si\u0119 o naruszeniu praw autorskich, poinformuj nas o tym. Je\u015bli dowiemy si\u0119 o jakichkolwiek naruszeniach, niezw\u0142ocznie usuniemy takie tre\u015bci.<\/p>\n\n\n\n<p>Ze wzgl\u0119du na lepsz\u0105 czytelno\u015b\u0107 pomini\u0119to jednoczesne stosowanie form m\u0119skich, \u017ce\u0144skich i r\u00f3\u017cnorodnych (m\/f\/d). Wszystkie oznaczenia osobowe odnosz\u0105 si\u0119 w r\u00f3wnym stopniu do wszystkich p\u0142ci.<\/p>\n\n\n\n<p><strong>Projektowanie i programowanie<\/strong><\/p>\n\n\n\n<p>GROTE MEDIA GmbH<br>Kantstra\u00dfe 4<br>27568 Bremerhaven<br>Telefon: <a href=\"tel:0471983370\">0471 98 33 7-0<\/a><br><a href=\"mailto:info@grote-media.de\">info@grote-media.de<\/a><br><a href=\"https:\/\/grote-media.de\/\" target=\"_blank\" rel=\"noreferrer noopener\">www.grote-media.de<\/a><\/p>","protected":false},"excerpt":{"rendered":"<p>Tierschutz Bremerhaven e.V.Viel\u00e4nder Weg 137 27574 Bremerhaven&nbsp; Telefon:&nbsp;0471 8 32 57Telefax:&nbsp;0471 9 81 26 76 E-Mail:&nbsp;info@tierschutz-bremerhaven.euURL: www.tierschutz-bremerhaven.eu IBAN: DE&nbsp;49 2925 0000 0002&nbsp;0075 50BIC: BRLADE21BRS Registergericht: Amtsgericht BremenRegisternummer: 564 BHV USt-ID gem. \u00a7 27a UStG: &nbsp;DE 114709126 Vertretungsberechtigt und f\u00fcr den Inhalt der Publikationen sowie im Sinne des RStV, \u00a7 55 Abs. 2 verantwortlich ist: Inga [&hellip;]<\/p>\n","protected":false},"author":3,"featured_media":0,"parent":0,"menu_order":0,"comment_status":"closed","ping_status":"closed","template":"","meta":{"footnotes":""},"class_list":["post-2050","page","type-page","status-publish","hentry"],"_links":{"self":[{"href":"https:\/\/www.tierschutz-bremerhaven.eu\/pl\/wp-json\/wp\/v2\/pages\/2050","targetHints":{"allow":["GET"]}}],"collection":[{"href":"https:\/\/www.tierschutz-bremerhaven.eu\/pl\/wp-json\/wp\/v2\/pages"}],"about":[{"href":"https:\/\/www.tierschutz-bremerhaven.eu\/pl\/wp-json\/wp\/v2\/types\/page"}],"author":[{"embeddable":true,"href":"https:\/\/www.tierschutz-bremerhaven.eu\/pl\/wp-json\/wp\/v2\/users\/3"}],"replies":[{"embeddable":true,"href":"https:\/\/www.tierschutz-bremerhaven.eu\/pl\/wp-json\/wp\/v2\/comments?post=2050"}],"version-history":[{"count":10,"href":"https:\/\/www.tierschutz-bremerhaven.eu\/pl\/wp-json\/wp\/v2\/pages\/2050\/revisions"}],"predecessor-version":[{"id":10683,"href":"https:\/\/www.tierschutz-bremerhaven.eu\/pl\/wp-json\/wp\/v2\/pages\/2050\/revisions\/10683"}],"wp:attachment":[{"href":"https:\/\/www.tierschutz-bremerhaven.eu\/pl\/wp-json\/wp\/v2\/media?parent=2050"}],"curies":[{"name":"wp","href":"https:\/\/api.w.org\/{rel}","templated":true}]}}