{"id":2311,"date":"2021-05-24T06:30:04","date_gmt":"2021-05-24T06:30:04","guid":{"rendered":"https:\/\/tierschutz-bremerhaven.eu\/?page_id=2311"},"modified":"2021-09-22T15:51:38","modified_gmt":"2021-09-22T15:51:38","slug":"ser","status":"publish","type":"page","link":"https:\/\/www.tierschutz-bremerhaven.eu\/pl\/ser","title":{"rendered":"Ser"},"content":{"rendered":"<div data-elementor-type=\"wp-page\" data-elementor-id=\"2311\" class=\"elementor elementor-2311\" data-elementor-post-type=\"page\">\n\t\t\t\t\t\t<section class=\"elementor-section elementor-top-section elementor-element elementor-element-dde3447 elementor-section-boxed elementor-section-height-default elementor-section-height-default\" data-id=\"dde3447\" data-element_type=\"section\" data-e-type=\"section\">\n\t\t\t\t\t\t<div class=\"elementor-container elementor-column-gap-default\">\n\t\t\t\t\t<div class=\"elementor-column elementor-col-100 elementor-top-column elementor-element elementor-element-66dcf0e\" data-id=\"66dcf0e\" data-element_type=\"column\" data-e-type=\"column\">\n\t\t\t<div class=\"elementor-widget-wrap elementor-element-populated\">\n\t\t\t\t\t\t<div class=\"elementor-element elementor-element-e964b23 elementor-widget elementor-widget-accordion\" data-id=\"e964b23\" data-element_type=\"widget\" data-e-type=\"widget\" data-widget_type=\"accordion.default\">\n\t\t\t\t<div class=\"elementor-widget-container\">\n\t\t\t\t\t\t\t<div class=\"elementor-accordion\">\n\t\t\t\t\t\t\t<div class=\"elementor-accordion-item\">\n\t\t\t\t\t<div id=\"elementor-tab-title-2441\" class=\"elementor-tab-title\" data-tab=\"1\" role=\"button\" aria-controls=\"elementor-tab-content-2441\" aria-expanded=\"false\">\n\t\t\t\t\t\t\t\t\t\t\t\t\t<span class=\"elementor-accordion-icon elementor-accordion-icon-right\" aria-hidden=\"true\">\n\t\t\t\t\t\t\t\t\t\t\t\t\t\t\t<span class=\"elementor-accordion-icon-closed\"><i class=\"fas fa-plus\"><\/i><\/span>\n\t\t\t\t\t\t\t\t<span class=\"elementor-accordion-icon-opened\"><i class=\"fas fa-minus\"><\/i><\/span>\n\t\t\t\t\t\t\t\t\t\t\t\t\t\t<\/span>\n\t\t\t\t\t\t\t\t\t\t\t\t<a class=\"elementor-accordion-title\" tabindex=\"0\">W nag\u0142ych wypadkach<\/a>\n\t\t\t\t\t<\/div>\n\t\t\t\t\t<div id=\"elementor-tab-content-2441\" class=\"elementor-tab-content elementor-clearfix\" data-tab=\"1\" role=\"region\" aria-labelledby=\"elementor-tab-title-2441\"><p>Czy masz nag\u0142y przypadek medyczny ze swoim zwierzakiem?<\/p>\n<p>Zachowaj spok\u00f3j, aby m\u00f3c podj\u0105\u0107 w\u0142a\u015bciwe dzia\u0142ania.<\/p>\n<p>Poni\u017cej wymienili\u015bmy kilka adres\u00f3w i numer\u00f3w telefon\u00f3w, pod kt\u00f3rymi mo\u017cna szybko uzyska\u0107 pomoc lub porad\u0119 weterynaryjn\u0105 w nag\u0142ych wypadkach. <br>W mniej pilnych przypadkach weterynarz lub pobliskie kliniki weterynaryjne b\u0119d\u0105 w stanie pom\u00f3c w normalnych godzinach pracy.<\/p>\n<p><b>Pogotowie weterynaryjne Bremerhaven: 0172 - 6 51 12 48<\/b><\/p>\n<p><b>Klinika weterynaryjna Bremen: 0421 - 1 22 11<\/b><\/p>\n<p>Je\u015bli chcesz przynie\u015b\u0107 do nas znalezione zwierz\u0119, zadzwo\u0144 do nas w godzinach pracy pod numer 0471 - 8 32 57. Mo\u017cesz zostawi\u0107 wiadomo\u015b\u0107 na naszej automatycznej sekretarce, a my oddzwonimy najp\u00f3\u017aniej nast\u0119pnego dnia.<\/p>\n<p>W pilnych przypadkach prosimy o kontakt poza naszymi godzinami pracy z nast\u0119puj\u0105cymi osobami <b>Policja pod nr tel. 0471 - 9 53 11 40 <\/b>lub <b><br>Stra\u017c po\u017carna pod nr tel. 0471 - 59 00<\/b> Bremerhaven. W razie potrzeby skontaktuj\u0105 si\u0119 oni z nasz\u0105 s\u0142u\u017cb\u0105 ratunkow\u0105.<\/p><\/div>\n\t\t\t\t<\/div>\n\t\t\t\t\t\t\t\t<\/div>\n\t\t\t\t\t\t<\/div>\n\t\t\t\t<\/div>\n\t\t\t\t<div class=\"elementor-element elementor-element-bb940d2 elementor-widget elementor-widget-accordion\" data-id=\"bb940d2\" data-element_type=\"widget\" data-e-type=\"widget\" data-widget_type=\"accordion.default\">\n\t\t\t\t<div class=\"elementor-widget-container\">\n\t\t\t\t\t\t\t<div class=\"elementor-accordion\">\n\t\t\t\t\t\t\t<div class=\"elementor-accordion-item\">\n\t\t\t\t\t<div id=\"elementor-tab-title-1961\" class=\"elementor-tab-title\" data-tab=\"1\" role=\"button\" aria-controls=\"elementor-tab-content-1961\" aria-expanded=\"false\">\n\t\t\t\t\t\t\t\t\t\t\t\t\t<span class=\"elementor-accordion-icon elementor-accordion-icon-right\" aria-hidden=\"true\">\n\t\t\t\t\t\t\t\t\t\t\t\t\t\t\t<span class=\"elementor-accordion-icon-closed\"><i class=\"fas fa-plus\"><\/i><\/span>\n\t\t\t\t\t\t\t\t<span class=\"elementor-accordion-icon-opened\"><i class=\"fas fa-minus\"><\/i><\/span>\n\t\t\t\t\t\t\t\t\t\t\t\t\t\t<\/span>\n\t\t\t\t\t\t\t\t\t\t\t\t<a class=\"elementor-accordion-title\" tabindex=\"0\">Znaleziono dzikie zwierz\u0119<\/a>\n\t\t\t\t\t<\/div>\n\t\t\t\t\t<div id=\"elementor-tab-content-1961\" class=\"elementor-tab-content elementor-clearfix\" data-tab=\"1\" role=\"region\" aria-labelledby=\"elementor-tab-title-1961\"><p>Je\u015bli chcesz skontaktowa\u0107 si\u0119 z nami w sprawie znalezionego dzikiego zwierz\u0119cia, chcieliby\u015bmy zaznaczy\u0107, \u017ce jako \u015brodek ostro\u017cno\u015bci\u00a0<strong><em>Nie ponosimy odpowiedzialno\u015bci za dzikie zwierz\u0119ta<\/em><\/strong>. Prosimy o zrozumienie, \u017ce nie mamy ani dog\u0142\u0119bnej wiedzy, ani mo\u017cliwo\u015bci, aby przyjmowa\u0107 i opiekowa\u0107 si\u0119 wiewi\u00f3rkami, nietoperzami itp. Je\u015bli jest to ranne zwierz\u0119, pomo\u017cemy w takich wyj\u0105tkowych przypadkach, o ile pozwol\u0105 nam na to nasze mo\u017cliwo\u015bci. Oczywi\u015bcie pomo\u017cemy r\u00f3wnie\u017c w znalezieniu profesjonalnego o\u015brodka adopcyjnego.<\/p><p>Prosimy o kontakt w schronisku dla zwierz\u0105t pod numerem 0471 - 8 32 57.<br \/>Poza godzinami otwarcia mo\u017cna zostawi\u0107 wiadomo\u015b\u0107 na automatycznej sekretarce. Oddzwonimy natychmiast.<\/p><p>Niestety, jest to dodatkowe zadanie, kt\u00f3remu nie mo\u017cna podo\u0142a\u0107 r\u00f3wnolegle z nasz\u0105 wolontariack\u0105 prac\u0105 na rzecz dobrostanu zwierz\u0105t i prowadzeniem naszego schroniska dla zwierz\u0105t.<\/p><p>\u017byczymy sukces\u00f3w i wszystkiego najlepszego dla twojego podopiecznego!<\/p><p><strong>\u017bbiki<\/strong><\/p><p>Je\u015bli przyniesiesz nam wolno \u017cyj\u0105ce koty, wykastrujemy je i zwr\u00f3cimy na ich terytorium.<\/p><\/div>\n\t\t\t\t<\/div>\n\t\t\t\t\t\t\t\t<\/div>\n\t\t\t\t\t\t<\/div>\n\t\t\t\t<\/div>\n\t\t\t\t\t<\/div>\n\t\t<\/div>\n\t\t\t\t\t<\/div>\n\t\t<\/section>\n\t\t\t\t<\/div>","protected":false},"excerpt":{"rendered":"<p>Im Notfall Sie haben einen medizinischen Notfall mit Ihrem Tier? Bewahren Sie Ruhe, damit Sie die richtigen Ma\u00dfnahmen ergreifen k\u00f6nnen. Nachfolgend haben wir einige Adressen und Telefonnummern aufgelistet, unter denen Sie im Notfall schnell Hilfe oder einen tier\u00e4rztlichen Rat erhalten k\u00f6nnen. In nicht so dringenden F\u00e4llen, kann Ihnen zu den \u00fcblichen Gesch\u00e4ftszeiten auch sicher Ihr [&hellip;]<\/p>\n","protected":false},"author":3,"featured_media":0,"parent":0,"menu_order":0,"comment_status":"closed","ping_status":"closed","template":"","meta":{"footnotes":""},"class_list":["post-2311","page","type-page","status-publish","hentry"],"_links":{"self":[{"href":"https:\/\/www.tierschutz-bremerhaven.eu\/pl\/wp-json\/wp\/v2\/pages\/2311","targetHints":{"allow":["GET"]}}],"collection":[{"href":"https:\/\/www.tierschutz-bremerhaven.eu\/pl\/wp-json\/wp\/v2\/pages"}],"about":[{"href":"https:\/\/www.tierschutz-bremerhaven.eu\/pl\/wp-json\/wp\/v2\/types\/page"}],"author":[{"embeddable":true,"href":"https:\/\/www.tierschutz-bremerhaven.eu\/pl\/wp-json\/wp\/v2\/users\/3"}],"replies":[{"embeddable":true,"href":"https:\/\/www.tierschutz-bremerhaven.eu\/pl\/wp-json\/wp\/v2\/comments?post=2311"}],"version-history":[{"count":15,"href":"https:\/\/www.tierschutz-bremerhaven.eu\/pl\/wp-json\/wp\/v2\/pages\/2311\/revisions"}],"predecessor-version":[{"id":4064,"href":"https:\/\/www.tierschutz-bremerhaven.eu\/pl\/wp-json\/wp\/v2\/pages\/2311\/revisions\/4064"}],"wp:attachment":[{"href":"https:\/\/www.tierschutz-bremerhaven.eu\/pl\/wp-json\/wp\/v2\/media?parent=2311"}],"curies":[{"name":"wp","href":"https:\/\/api.w.org\/{rel}","templated":true}]}}