{"id":2627,"date":"2021-06-22T12:00:10","date_gmt":"2021-06-22T12:00:10","guid":{"rendered":"https:\/\/tierschutz-bremerhaven.eu\/?page_id=2627"},"modified":"2021-11-01T12:35:51","modified_gmt":"2021-11-01T12:35:51","slug":"sponsoring","status":"publish","type":"page","link":"https:\/\/www.tierschutz-bremerhaven.eu\/pl\/patenschaft","title":{"rendered":"Sponsoring"},"content":{"rendered":"<div data-elementor-type=\"wp-page\" data-elementor-id=\"2627\" class=\"elementor elementor-2627\" data-elementor-post-type=\"page\">\n\t\t\t\t\t\t<section class=\"elementor-section elementor-top-section elementor-element elementor-element-3f2c348 elementor-section-boxed elementor-section-height-default elementor-section-height-default\" data-id=\"3f2c348\" data-element_type=\"section\" data-e-type=\"section\" data-settings=\"{&quot;background_background&quot;:&quot;classic&quot;}\">\n\t\t\t\t\t\t<div class=\"elementor-container elementor-column-gap-default\">\n\t\t\t\t\t<div class=\"elementor-column elementor-col-100 elementor-top-column elementor-element elementor-element-2cef154\" data-id=\"2cef154\" data-element_type=\"column\" data-e-type=\"column\">\n\t\t\t<div class=\"elementor-widget-wrap elementor-element-populated\">\n\t\t\t\t\t\t<div class=\"elementor-element elementor-element-02a7822 elementor-widget elementor-widget-heading\" data-id=\"02a7822\" data-element_type=\"widget\" data-e-type=\"widget\" data-widget_type=\"heading.default\">\n\t\t\t\t<div class=\"elementor-widget-container\">\n\t\t\t\t\t<h2 class=\"elementor-heading-title elementor-size-default\">Sponsoring<\/h2>\t\t\t\t<\/div>\n\t\t\t\t<\/div>\n\t\t\t\t<div class=\"elementor-element elementor-element-7cc7aaa elementor-widget elementor-widget-text-editor\" data-id=\"7cc7aaa\" data-element_type=\"widget\" data-e-type=\"widget\" data-widget_type=\"text-editor.default\">\n\t\t\t\t<div class=\"elementor-widget-container\">\n\t\t\t\t\t\t\t\t\t<p>Wesprzyj schronisko dla zwierz\u0105t w Bremerhaven i jego zwierz\u0119ta poprzez sponsoring. Ju\u017c za 10 euro miesi\u0119cznie mo\u017cesz zrobi\u0107 wiele dla naszych zwierz\u0105t i pom\u00f3c nam w opiece nad mieszka\u0144cami schroniska - jedzeniem, lekarstwami i mi\u0142o\u015bci\u0105.<\/p>\n<p>Czy chcia\u0142by\u015b zasponsorowa\u0107 zwierz\u0119? Czy osoba, kt\u00f3rej chcesz podarowa\u0107 prezent, ma ulubione zwierz\u0119? Podaruj prezent w postaci sponsorowania zwierz\u0119cia i pom\u00f3\u017c nam si\u0119 nim zaopiekowa\u0107.<\/p>\n<p><strong>Miesi\u0119czne sk\u0142adki za sponsorowanie okre\u015blonej grupy zwierz\u0105t s\u0105 nast\u0119puj\u0105ce:<\/strong><\/p>\n<ul>\n<li>10 euro dla ma\u0142ych zwierz\u0105t<\/li>\n<li>20 euro dla kot\u00f3w<\/li>\n<li>25 euro za psy, \u015bwinie, kozy, owce<\/li>\n<li>30 euro dla koni<\/li>\n<\/ul>\n<p><br><\/p><p>Je\u015bli chcesz, mo\u017cesz oczywi\u015bcie da\u0107 wi\u0119cej. Dzi\u0119kujemy bardzo!<\/p>\n<p>Osoby zainteresowane prosimy o kontakt w schronisku pod numerem Tel. <a href=\"tel:047183257\">0471 \u2013 8 32 57<\/a>. Poza godzinami otwarcia mo\u017cna zostawi\u0107 wiadomo\u015b\u0107 na automatycznej sekretarce. Oddzwonimy natychmiast.<\/p>\t\t\t\t\t\t\t\t<\/div>\n\t\t\t\t<\/div>\n\t\t\t\t\t<\/div>\n\t\t<\/div>\n\t\t\t\t\t<\/div>\n\t\t<\/section>\n\t\t\t\t<\/div>","protected":false},"excerpt":{"rendered":"<p>Patenschaft Unterst\u00fctzen Sie das Tierheim Bremerhaven und seine Tiere mit einer Patenschaft. Bereits ab 10 Euro im Monat k\u00f6nnen Sie sehr viel f\u00fcr unsere Tiere tun und helfen uns, unsere Tierheimbewohner zu versorgen \u2013 mit Futter, Medizin und Liebe. M\u00f6chten Sie jemanden mit einer Tierpatenschaft beschenken? Diese Person, die Sie beschenken m\u00f6chten, hat ein Lieblingstier? [&hellip;]<\/p>\n","protected":false},"author":3,"featured_media":0,"parent":0,"menu_order":0,"comment_status":"closed","ping_status":"closed","template":"","meta":{"footnotes":""},"class_list":["post-2627","page","type-page","status-publish","hentry"],"_links":{"self":[{"href":"https:\/\/www.tierschutz-bremerhaven.eu\/pl\/wp-json\/wp\/v2\/pages\/2627","targetHints":{"allow":["GET"]}}],"collection":[{"href":"https:\/\/www.tierschutz-bremerhaven.eu\/pl\/wp-json\/wp\/v2\/pages"}],"about":[{"href":"https:\/\/www.tierschutz-bremerhaven.eu\/pl\/wp-json\/wp\/v2\/types\/page"}],"author":[{"embeddable":true,"href":"https:\/\/www.tierschutz-bremerhaven.eu\/pl\/wp-json\/wp\/v2\/users\/3"}],"replies":[{"embeddable":true,"href":"https:\/\/www.tierschutz-bremerhaven.eu\/pl\/wp-json\/wp\/v2\/comments?post=2627"}],"version-history":[{"count":28,"href":"https:\/\/www.tierschutz-bremerhaven.eu\/pl\/wp-json\/wp\/v2\/pages\/2627\/revisions"}],"predecessor-version":[{"id":5545,"href":"https:\/\/www.tierschutz-bremerhaven.eu\/pl\/wp-json\/wp\/v2\/pages\/2627\/revisions\/5545"}],"wp:attachment":[{"href":"https:\/\/www.tierschutz-bremerhaven.eu\/pl\/wp-json\/wp\/v2\/media?parent=2627"}],"curies":[{"name":"wp","href":"https:\/\/api.w.org\/{rel}","templated":true}]}}