{"id":2720,"date":"2021-07-09T10:24:16","date_gmt":"2021-07-09T10:24:16","guid":{"rendered":"https:\/\/tierschutz-bremerhaven.eu\/?page_id=2720"},"modified":"2023-09-27T08:01:46","modified_gmt":"2023-09-27T08:01:46","slug":"przewodniki","status":"publish","type":"page","link":"https:\/\/www.tierschutz-bremerhaven.eu\/pl\/fuehrungen","title":{"rendered":"Wycieczki z przewodnikiem"},"content":{"rendered":"<div data-elementor-type=\"wp-page\" data-elementor-id=\"2720\" class=\"elementor elementor-2720\" data-elementor-post-type=\"page\">\n\t\t\t\t\t\t<section class=\"elementor-section elementor-top-section elementor-element elementor-element-324f483d elementor-section-boxed elementor-section-height-default elementor-section-height-default\" data-id=\"324f483d\" data-element_type=\"section\" data-e-type=\"section\" data-settings=\"{&quot;background_background&quot;:&quot;classic&quot;}\">\n\t\t\t\t\t\t<div class=\"elementor-container elementor-column-gap-default\">\n\t\t\t\t\t<div class=\"elementor-column elementor-col-100 elementor-top-column elementor-element elementor-element-698cb7d5\" data-id=\"698cb7d5\" data-element_type=\"column\" data-e-type=\"column\">\n\t\t\t<div class=\"elementor-widget-wrap elementor-element-populated\">\n\t\t\t\t\t\t<div class=\"elementor-element elementor-element-50f88142 elementor-widget elementor-widget-heading\" data-id=\"50f88142\" data-element_type=\"widget\" data-e-type=\"widget\" data-widget_type=\"heading.default\">\n\t\t\t\t<div class=\"elementor-widget-container\">\n\t\t\t\t\t<h2 class=\"elementor-heading-title elementor-size-default\">Wycieczki z przewodnikiem<\/h2>\t\t\t\t<\/div>\n\t\t\t\t<\/div>\n\t\t\t\t<div class=\"elementor-element elementor-element-6d2c1d39 elementor-widget elementor-widget-text-editor\" data-id=\"6d2c1d39\" data-element_type=\"widget\" data-e-type=\"widget\" data-widget_type=\"text-editor.default\">\n\t\t\t\t<div class=\"elementor-widget-container\">\n\t\t\t\t\t\t\t\t\t<p>Chcesz pozna\u0107 nowe schronisko dla zwierz\u0105t i jego obecnych mieszka\u0144c\u00f3w? Nie ma problemu. Zapraszamy na jedn\u0105 z naszych wycieczek z przewodnikiem. S\u0105 one bezp\u0142atne - ale zawsze ch\u0119tnie otrzymamy darowizn\u0119 na rzecz schroniska dla zwierz\u0105t.<\/p>\n<p>Zwiedzanie schroniska trwa oko\u0142o 45 minut, a towarzysz\u0105 mu zar\u00f3wno aktywni cz\u0142onkowie organizacji, jak i opiekunowie zwierz\u0105t. Podczas wizyty uczestnicy otrzymuj\u0105 powitaln\u0105 rozmow\u0119, podczas kt\u00f3rej dowiaduj\u0105 si\u0119, jakie zadania spe\u0142nia schronisko dla zwierz\u0105t oraz w jaki spos\u00f3b zarz\u0105dza si\u0119 opiek\u0105 i leczeniem oko\u0142o 600 potrzebuj\u0105cych zwierz\u0105t rocznie. Podczas wsp\u00f3lnej wycieczki zwiedzany jest r\u00f3wnie\u017c teren schroniska.<\/p>\n<p>Czy chcia\u0142by\u015b odwiedzi\u0107 schronisko dla zwierz\u0105t z grup\u0105, klas\u0105 szkoln\u0105, grup\u0105 dzieci\u0119c\u0105 lub m\u0142odzie\u017cow\u0105? Grupy s\u0105 tutaj bardzo mile widziane.<\/p>\n<p><strong>Informacje o wycieczkach grupowych:<\/strong><\/p>\n<ul>\n<li>Grupa maksymalnie 10 os\u00f3b<\/li>\n<li>Wizyty mo\u017cliwe w ci\u0105gu tygodnia w dni otwarte w godzinach porannych<\/li>\n<li>Obecno\u015b\u0107 co najmniej jednego nauczyciela\/opiekuna<\/li>\n<li>Minimalny wiek dzieci: 6 lat<\/li>\n<li>W stosownych przypadkach, o\u015bwiadczenie uczestnik\u00f3w o wyra\u017ceniu zgody na publikacj\u0119 zdj\u0119\u0107 na stronie internetowej stowarzyszenia i w mediach spo\u0142eczno\u015bciowych.<\/li>\n<li>Rejestracja, je\u015bli to mo\u017cliwe, 2 miesi\u0105ce przed wybran\u0105 dat\u0105<br><br><\/li>\n<\/ul>\n<p>Zapytania dotycz\u0105ce wycieczek po schroniskach dla zwierz\u0105t nale\u017cy przesy\u0142a\u0107 poczt\u0105 elektroniczn\u0105 na adres <a href=\"mailto:info@tierschutz-bremerhaven.de\"><u>info@tierschutz-bremerhaven.de<\/u><\/a><\/p>\n<p>Lub skontaktuj si\u0119 z nami w schronisku dla zwierz\u0105t pod numerem Tel: <a href=\"tel:047183257\">0471 - 8 32 57<\/a>. Poza godzinami otwarcia mo\u017cna zostawi\u0107 wiadomo\u015b\u0107 na automatycznej sekretarce. Oddzwonimy natychmiast.<\/p>\n<p><br><\/p>\t\t\t\t\t\t\t\t<\/div>\n\t\t\t\t<\/div>\n\t\t\t\t\t<\/div>\n\t\t<\/div>\n\t\t\t\t\t<\/div>\n\t\t<\/section>\n\t\t\t\t<\/div>","protected":false},"excerpt":{"rendered":"<p>F\u00fchrungen Sie m\u00f6chten das neue Tierheim und seine aktuellen Bewohner gerne mal n\u00e4her kennenlernen? Kein Problem. Kommen Sie zu einer unserer Besucherf\u00fchrungen. Diese sind kostenfrei \u2013 \u00fcber eine Spende f\u00fcrs Tierheim freuen wir uns aber immer. Die F\u00fchrung in unserem Tierheim dauert ca. 45 Minuten und wird sowohl von aktiven Vereinsmitgliedern als auch von unseren [&hellip;]<\/p>\n","protected":false},"author":3,"featured_media":0,"parent":0,"menu_order":0,"comment_status":"closed","ping_status":"closed","template":"","meta":{"footnotes":""},"class_list":["post-2720","page","type-page","status-publish","hentry"],"_links":{"self":[{"href":"https:\/\/www.tierschutz-bremerhaven.eu\/pl\/wp-json\/wp\/v2\/pages\/2720","targetHints":{"allow":["GET"]}}],"collection":[{"href":"https:\/\/www.tierschutz-bremerhaven.eu\/pl\/wp-json\/wp\/v2\/pages"}],"about":[{"href":"https:\/\/www.tierschutz-bremerhaven.eu\/pl\/wp-json\/wp\/v2\/types\/page"}],"author":[{"embeddable":true,"href":"https:\/\/www.tierschutz-bremerhaven.eu\/pl\/wp-json\/wp\/v2\/users\/3"}],"replies":[{"embeddable":true,"href":"https:\/\/www.tierschutz-bremerhaven.eu\/pl\/wp-json\/wp\/v2\/comments?post=2720"}],"version-history":[{"count":21,"href":"https:\/\/www.tierschutz-bremerhaven.eu\/pl\/wp-json\/wp\/v2\/pages\/2720\/revisions"}],"predecessor-version":[{"id":9022,"href":"https:\/\/www.tierschutz-bremerhaven.eu\/pl\/wp-json\/wp\/v2\/pages\/2720\/revisions\/9022"}],"wp:attachment":[{"href":"https:\/\/www.tierschutz-bremerhaven.eu\/pl\/wp-json\/wp\/v2\/media?parent=2720"}],"curies":[{"name":"wp","href":"https:\/\/api.w.org\/{rel}","templated":true}]}}