{"id":3531,"date":"2021-08-31T11:58:06","date_gmt":"2021-08-31T11:58:06","guid":{"rendered":"https:\/\/tierschutz-bremerhaven.eu\/?page_id=3531"},"modified":"2025-03-19T08:49:39","modified_gmt":"2025-03-19T07:49:39","slug":"nagly-wypadek","status":"publish","type":"page","link":"https:\/\/www.tierschutz-bremerhaven.eu\/pl\/notfall","title":{"rendered":"Nag\u0142y wypadek"},"content":{"rendered":"<div data-elementor-type=\"wp-page\" data-elementor-id=\"3531\" class=\"elementor elementor-3531\" data-elementor-post-type=\"page\">\n\t\t\t\t\t\t<section class=\"elementor-section elementor-top-section elementor-element elementor-element-ac38b57 elementor-section-boxed elementor-section-height-default elementor-section-height-default\" data-id=\"ac38b57\" data-element_type=\"section\" data-e-type=\"section\" data-settings=\"{&quot;background_background&quot;:&quot;classic&quot;}\">\n\t\t\t\t\t\t<div class=\"elementor-container elementor-column-gap-default\">\n\t\t\t\t\t<div class=\"elementor-column elementor-col-100 elementor-top-column elementor-element elementor-element-1e6934d\" data-id=\"1e6934d\" data-element_type=\"column\" data-e-type=\"column\">\n\t\t\t<div class=\"elementor-widget-wrap elementor-element-populated\">\n\t\t\t\t\t\t<div class=\"elementor-element elementor-element-f5d1208 elementor-widget elementor-widget-heading\" data-id=\"f5d1208\" data-element_type=\"widget\" data-e-type=\"widget\" data-widget_type=\"heading.default\">\n\t\t\t\t<div class=\"elementor-widget-container\">\n\t\t\t\t\t<h2 class=\"elementor-heading-title elementor-size-default\">W nag\u0142ych wypadkach<\/h2>\t\t\t\t<\/div>\n\t\t\t\t<\/div>\n\t\t\t\t<div class=\"elementor-element elementor-element-f72cc43 elementor-widget elementor-widget-text-editor\" data-id=\"f72cc43\" data-element_type=\"widget\" data-e-type=\"widget\" data-widget_type=\"text-editor.default\">\n\t\t\t\t<div class=\"elementor-widget-container\">\n\t\t\t\t\t\t\t\t\t<p>Czy masz nag\u0142y przypadek medyczny ze swoim zwierzakiem?<\/p><p>Zachowaj spok\u00f3j, aby m\u00f3c podj\u0105\u0107 w\u0142a\u015bciwe dzia\u0142ania.<\/p><p>Poni\u017cej wymienili\u015bmy kilka adres\u00f3w i numer\u00f3w telefon\u00f3w, pod kt\u00f3rymi mo\u017cna szybko uzyska\u0107 pomoc lub porad\u0119 weterynaryjn\u0105 w nag\u0142ych wypadkach.<br \/>W mniej pilnych przypadkach weterynarz lub pobliskie kliniki weterynaryjne b\u0119d\u0105 w stanie pom\u00f3c w normalnych godzinach pracy.<\/p><p><strong>Pogotowie weterynaryjne: <a href=\"tel:01726511248\">0172 - 6 51 12 48<\/a><\/strong><\/p><p><strong>Klinika weterynaryjna w Bremie: <a href=\"tel:042112211\">0421 - 1 22 11<\/a><br \/><\/strong><\/p><p><strong>Klinika weterynaryjna Posthausen: <a href=\"tel:042112211\">04297 - 16 89 90\u00a0 <\/a><\/strong><\/p><p><a href=\"https:\/\/kleintiernotdienst-cuxland-bremerhaven.de\/\"><strong>https:\/\/kleintiernotdienst-cuxland-bremerhaven.de\/<\/strong><\/a><\/p><p>Je\u015bli chcesz przynie\u015b\u0107 do nas znalezione zwierz\u0119, zadzwo\u0144 do nas w godzinach pracy pod numer Tel. <a href=\"tel:047183257\">0471 - 8 32 57<\/a>. Mo\u017cesz zostawi\u0107 wiadomo\u015b\u0107 na naszej automatycznej sekretarce, a my oddzwonimy najp\u00f3\u017aniej nast\u0119pnego dnia.<\/p><p>W <strong>pilne przypadki<\/strong> poza godzinami pracy, prosimy o kontakt <strong>Policja w Bremerhaven <\/strong>pod<strong> Tel. <a href=\"tel:04719531140\">0471 \u2013 9 53 11 40<\/a><\/strong>. W razie potrzeby skontaktuj\u0105 si\u0119 oni z naszym pogotowiem ratunkowym.<\/p>\t\t\t\t\t\t\t\t<\/div>\n\t\t\t\t<\/div>\n\t\t\t\t\t<\/div>\n\t\t<\/div>\n\t\t\t\t\t<\/div>\n\t\t<\/section>\n\t\t\t\t<\/div>","protected":false},"excerpt":{"rendered":"<p>Im Notfall Sie haben einen medizinischen Notfall mit Ihrem Tier? Bewahren Sie Ruhe, damit Sie die richtigen Ma\u00dfnahmen ergreifen k\u00f6nnen. Nachfolgend haben wir einige Adressen und Telefonnummern aufgelistet, unter denen Sie im Notfall schnell Hilfe oder einen tier\u00e4rztlichen Rat erhalten k\u00f6nnen.In nicht so dringenden F\u00e4llen, kann Ihnen zu den \u00fcblichen Gesch\u00e4ftszeiten auch sicher Ihr Tierarzt [&hellip;]<\/p>\n","protected":false},"author":3,"featured_media":0,"parent":0,"menu_order":0,"comment_status":"closed","ping_status":"closed","template":"","meta":{"footnotes":""},"class_list":["post-3531","page","type-page","status-publish","hentry"],"_links":{"self":[{"href":"https:\/\/www.tierschutz-bremerhaven.eu\/pl\/wp-json\/wp\/v2\/pages\/3531","targetHints":{"allow":["GET"]}}],"collection":[{"href":"https:\/\/www.tierschutz-bremerhaven.eu\/pl\/wp-json\/wp\/v2\/pages"}],"about":[{"href":"https:\/\/www.tierschutz-bremerhaven.eu\/pl\/wp-json\/wp\/v2\/types\/page"}],"author":[{"embeddable":true,"href":"https:\/\/www.tierschutz-bremerhaven.eu\/pl\/wp-json\/wp\/v2\/users\/3"}],"replies":[{"embeddable":true,"href":"https:\/\/www.tierschutz-bremerhaven.eu\/pl\/wp-json\/wp\/v2\/comments?post=3531"}],"version-history":[{"count":37,"href":"https:\/\/www.tierschutz-bremerhaven.eu\/pl\/wp-json\/wp\/v2\/pages\/3531\/revisions"}],"predecessor-version":[{"id":11449,"href":"https:\/\/www.tierschutz-bremerhaven.eu\/pl\/wp-json\/wp\/v2\/pages\/3531\/revisions\/11449"}],"wp:attachment":[{"href":"https:\/\/www.tierschutz-bremerhaven.eu\/pl\/wp-json\/wp\/v2\/media?parent=3531"}],"curies":[{"name":"wp","href":"https:\/\/api.w.org\/{rel}","templated":true}]}}