{"id":1795,"date":"2021-04-29T14:17:09","date_gmt":"2021-04-29T14:17:09","guid":{"rendered":"https:\/\/tierschutz-bremerhaven.eu\/?page_id=1795"},"modified":"2021-04-29T14:17:50","modified_gmt":"2021-04-29T14:17:50","slug":"pre-si-post-inspectie","status":"publish","type":"page","link":"https:\/\/www.tierschutz-bremerhaven.eu\/ro\/vor-und-nachkontrolle","title":{"rendered":"Pre- \u0219i post-inspec\u021bie"},"content":{"rendered":"<div data-elementor-type=\"wp-page\" data-elementor-id=\"1795\" class=\"elementor elementor-1795\" data-elementor-post-type=\"page\">\n\t\t\t\t\t\t<section class=\"elementor-section elementor-top-section elementor-element elementor-element-3f2c348 elementor-section-full_width elementor-section-height-default elementor-section-height-default\" data-id=\"3f2c348\" data-element_type=\"section\" data-e-type=\"section\" data-settings=\"{&quot;background_background&quot;:&quot;classic&quot;}\">\n\t\t\t\t\t\t<div class=\"elementor-container elementor-column-gap-default\">\n\t\t\t\t\t<div class=\"elementor-column elementor-col-100 elementor-top-column elementor-element elementor-element-2cef154\" data-id=\"2cef154\" data-element_type=\"column\" data-e-type=\"column\">\n\t\t\t<div class=\"elementor-widget-wrap elementor-element-populated\">\n\t\t\t\t\t\t<div class=\"elementor-element elementor-element-02a7822 elementor-widget elementor-widget-heading\" data-id=\"02a7822\" data-element_type=\"widget\" data-e-type=\"widget\" data-widget_type=\"heading.default\">\n\t\t\t\t<div class=\"elementor-widget-container\">\n\t\t\t\t\t<h2 class=\"elementor-heading-title elementor-size-default\">Pre- \u0219i post-inspec\u021bie<\/h2>\t\t\t\t<\/div>\n\t\t\t\t<\/div>\n\t\t\t\t<div class=\"elementor-element elementor-element-7cc7aaa elementor-widget elementor-widget-text-editor\" data-id=\"7cc7aaa\" data-element_type=\"widget\" data-e-type=\"widget\" data-widget_type=\"text-editor.default\">\n\t\t\t\t<div class=\"elementor-widget-container\">\n\t\t\t\t\t\t\t\t\t<p>Inspec\u021biile anterioare \u0219i ulterioare sunt o practic\u0103 standard \u00een cadrul<strong>\u00a0Medierea animalelor.<\/strong>\u00a0<br \/>Tierschutz Bremerhaven e.V. ar dori s\u0103 cunoasc\u0103 personal viitorii proprietari \u00eenainte de plasament \u0219i s\u0103 vad\u0103 unde va locui animalul \u00een viitor. Verific\u0103rile ulterioare sunt, de asemenea, obi\u0219nuite \u00een organiza\u021bia noastr\u0103 \u0219i sunt efectuate doar \u00een beneficiul animalelor.<br \/>Vom fi bucuro\u0219i s\u0103 v\u0103 oferim consiliere \u0219i s\u0103 v\u0103 r\u0103spundem la orice \u00eentreb\u0103ri care au ap\u0103rut ca urmare a convie\u021buirii. Dac\u0103 v\u0103 decide\u021bi \u00een favoarea unui animal din ad\u0103postul nostru, ve\u021bi \u00eencheia, de asemenea, un acord cu noi care ne permite s\u0103 vizit\u0103m animalul \u00een noua sa cas\u0103 dup\u0103 ce acesta a fost plasat.<\/p><p>V\u0103 mul\u021bumim pentru cooperare!<\/p>\t\t\t\t\t\t\t\t<\/div>\n\t\t\t\t<\/div>\n\t\t\t\t\t<\/div>\n\t\t<\/div>\n\t\t\t\t\t<\/div>\n\t\t<\/section>\n\t\t\t\t<\/div>","protected":false},"excerpt":{"rendered":"<p>Vor- und Nachkontrolle Vor- und Nachkontrollen sind g\u00e4ngige Praxis bei der\u00a0Tiervermittlung.\u00a0Der Tierschutz Bremerhaven e.V. m\u00f6chte die zuk\u00fcnftigen Besitzer vor der Vermittlung gerne pers\u00f6nlich kennenlernen und sehen, wo das Tier in Zukunft leben soll. Auch Nachkontrollen sind in unserem Verein \u00fcblich und werden nur zum Wohle der Tiere durchgef\u00fchrt.Gerne beraten wir Sie und beantworten Fragen, die [&hellip;]<\/p>\n","protected":false},"author":3,"featured_media":0,"parent":0,"menu_order":0,"comment_status":"closed","ping_status":"closed","template":"","meta":{"footnotes":""},"class_list":["post-1795","page","type-page","status-publish","hentry"],"_links":{"self":[{"href":"https:\/\/www.tierschutz-bremerhaven.eu\/ro\/wp-json\/wp\/v2\/pages\/1795","targetHints":{"allow":["GET"]}}],"collection":[{"href":"https:\/\/www.tierschutz-bremerhaven.eu\/ro\/wp-json\/wp\/v2\/pages"}],"about":[{"href":"https:\/\/www.tierschutz-bremerhaven.eu\/ro\/wp-json\/wp\/v2\/types\/page"}],"author":[{"embeddable":true,"href":"https:\/\/www.tierschutz-bremerhaven.eu\/ro\/wp-json\/wp\/v2\/users\/3"}],"replies":[{"embeddable":true,"href":"https:\/\/www.tierschutz-bremerhaven.eu\/ro\/wp-json\/wp\/v2\/comments?post=1795"}],"version-history":[{"count":3,"href":"https:\/\/www.tierschutz-bremerhaven.eu\/ro\/wp-json\/wp\/v2\/pages\/1795\/revisions"}],"predecessor-version":[{"id":1798,"href":"https:\/\/www.tierschutz-bremerhaven.eu\/ro\/wp-json\/wp\/v2\/pages\/1795\/revisions\/1798"}],"wp:attachment":[{"href":"https:\/\/www.tierschutz-bremerhaven.eu\/ro\/wp-json\/wp\/v2\/media?parent=1795"}],"curies":[{"name":"wp","href":"https:\/\/api.w.org\/{rel}","templated":true}]}}