{"id":1817,"date":"2021-04-29T14:21:22","date_gmt":"2021-04-29T14:21:22","guid":{"rendered":"https:\/\/tierschutz-bremerhaven.eu\/?page_id=1817"},"modified":"2021-06-22T12:07:28","modified_gmt":"2021-06-22T12:07:28","slug":"umblator","status":"publish","type":"page","link":"https:\/\/www.tierschutz-bremerhaven.eu\/ro\/gassi-geher","title":{"rendered":"Plimb\u0103tor de c\u00e2ini"},"content":{"rendered":"<div data-elementor-type=\"wp-page\" data-elementor-id=\"1817\" class=\"elementor elementor-1817\" data-elementor-post-type=\"page\">\n\t\t\t\t\t\t<section class=\"elementor-section elementor-top-section elementor-element elementor-element-3f2c348 elementor-section-full_width elementor-section-height-default elementor-section-height-default\" data-id=\"3f2c348\" data-element_type=\"section\" data-e-type=\"section\" data-settings=\"{&quot;background_background&quot;:&quot;classic&quot;}\">\n\t\t\t\t\t\t<div class=\"elementor-container elementor-column-gap-default\">\n\t\t\t\t\t<div class=\"elementor-column elementor-col-100 elementor-top-column elementor-element elementor-element-2cef154\" data-id=\"2cef154\" data-element_type=\"column\" data-e-type=\"column\">\n\t\t\t<div class=\"elementor-widget-wrap elementor-element-populated\">\n\t\t\t\t\t\t<div class=\"elementor-element elementor-element-02a7822 elementor-widget elementor-widget-heading\" data-id=\"02a7822\" data-element_type=\"widget\" data-e-type=\"widget\" data-widget_type=\"heading.default\">\n\t\t\t\t<div class=\"elementor-widget-container\">\n\t\t\t\t\t<h2 class=\"elementor-heading-title elementor-size-default\">Plimb\u0103tor de c\u00e2ini<\/h2>\t\t\t\t<\/div>\n\t\t\t\t<\/div>\n\t\t\t\t<div class=\"elementor-element elementor-element-7cc7aaa elementor-widget elementor-widget-text-editor\" data-id=\"7cc7aaa\" data-element_type=\"widget\" data-e-type=\"widget\" data-widget_type=\"text-editor.default\">\n\t\t\t\t<div class=\"elementor-widget-container\">\n\t\t\t\t\t\t\t\t\t<p>\u00cen noul nostru sediu exist\u0103 dou\u0103 spa\u021bii mari, pe care c\u00e2inii no\u0219tri le pot folosi \u00een mod regulat.<\/p><p>Dac\u0103 dori\u021bi s\u0103 r\u0103sf\u0103\u021ba\u021bi c\u00e2inii no\u0219tri cu o plimbare suplimentar\u0103, v\u0103 rug\u0103m s\u0103 ne contacta\u021bi.<\/p><p>Acest lucru este ceva special pentru c\u00e2inii no\u0219tri, deoarece primesc toat\u0103 aten\u021bia de la o singur\u0103 persoan\u0103 \u0219i experimenteaz\u0103 o mare varietate \u00een timpul plimb\u0103rilor.<\/p><p>Apartenen\u021ba la asocia\u021bie este obligatorie \u00een acest sens, deoarece avem nevoie de datele dumneavoastr\u0103 de contact \u0219i ve\u021bi beneficia de asigurare prin intermediul asocia\u021biei.<\/p><p>Suntem bucuro\u0219i ca \u0219i copiii s\u0103 \u00eenso\u021beasc\u0103 c\u00e2inii no\u0219tri la aceste plimb\u0103ri. Totu\u0219i, din motive de siguran\u021b\u0103, acest lucru este posibil numai dac\u0103 sunt \u00eenso\u021bi\u021bi de un adult.<\/p><p>Acum tot ce trebuie s\u0103 face\u021bi este s\u0103 v\u0103 face\u021bi o programare la noi \u0219i s\u0103 v\u0103 familiariza\u021bi cu regulile noastre de plimbare, pe care vi le vor explica \u00eengrijitorii no\u0219tri de animale. Aceast\u0103 informare este pentru siguran\u021ba dumneavoastr\u0103 \u0219i a c\u00e2inelui dumneavoastr\u0103.<\/p><p>\u00cen cazul \u00een care temperaturile sunt prea ridicate sau prea sc\u0103zute, este posibil s\u0103 fim nevoi\u021bi s\u0103 anul\u0103m plimbarea, de dragul animalelor. Dar atunci acestea a\u0219teapt\u0103 cu at\u00e2t mai mult data viitoare. \u00a0<\/p><p>Orele de plimbare sunt mar\u021bi, miercuri, vineri \u0219i s\u00e2mb\u0103t\u0103, \u00eentre orele 10:00 \u0219i 14:00, iar duminic\u0103, \u00eentre orele 13:00 \u0219i 16:00.<\/p><p>V\u0103 rug\u0103m s\u0103 ne contacta\u021bi la ad\u0103postul de animale la Tel.: 0471 - 8 32 57<br \/>\u00cen afara orelor de func\u021bionare, pute\u021bi l\u0103sa un mesaj pe robotul nostru telefonic. Ve\u021bi fi sunat \u00eenapoi imediat.<\/p>\t\t\t\t\t\t\t\t<\/div>\n\t\t\t\t<\/div>\n\t\t\t\t\t<\/div>\n\t\t<\/div>\n\t\t\t\t\t<\/div>\n\t\t<\/section>\n\t\t\t\t<\/div>","protected":false},"excerpt":{"rendered":"<p>Gassi-Geher Auf unserem neuen Gel\u00e4nde befinden sich zwei gro\u00dfe Ausl\u00e4ufe, die unsere Hunde nat\u00fcrlich regelm\u00e4\u00dfig nutzen k\u00f6nnen. Wenn Sie unseren aber Hunden mit einem zus\u00e4tzlichen Spaziergang verw\u00f6hnen m\u00f6chten, sprechen Sie uns gerne an. F\u00fcr unsere Hunde ist dies etwas Besonderes, da sie von einer einzelnen Person die ganze Aufmerksamkeit erhalten und auf den Spazierg\u00e4ngen viel [&hellip;]<\/p>\n","protected":false},"author":3,"featured_media":0,"parent":0,"menu_order":0,"comment_status":"closed","ping_status":"closed","template":"","meta":{"footnotes":""},"class_list":["post-1817","page","type-page","status-publish","hentry"],"_links":{"self":[{"href":"https:\/\/www.tierschutz-bremerhaven.eu\/ro\/wp-json\/wp\/v2\/pages\/1817","targetHints":{"allow":["GET"]}}],"collection":[{"href":"https:\/\/www.tierschutz-bremerhaven.eu\/ro\/wp-json\/wp\/v2\/pages"}],"about":[{"href":"https:\/\/www.tierschutz-bremerhaven.eu\/ro\/wp-json\/wp\/v2\/types\/page"}],"author":[{"embeddable":true,"href":"https:\/\/www.tierschutz-bremerhaven.eu\/ro\/wp-json\/wp\/v2\/users\/3"}],"replies":[{"embeddable":true,"href":"https:\/\/www.tierschutz-bremerhaven.eu\/ro\/wp-json\/wp\/v2\/comments?post=1817"}],"version-history":[{"count":3,"href":"https:\/\/www.tierschutz-bremerhaven.eu\/ro\/wp-json\/wp\/v2\/pages\/1817\/revisions"}],"predecessor-version":[{"id":1823,"href":"https:\/\/www.tierschutz-bremerhaven.eu\/ro\/wp-json\/wp\/v2\/pages\/1817\/revisions\/1823"}],"wp:attachment":[{"href":"https:\/\/www.tierschutz-bremerhaven.eu\/ro\/wp-json\/wp\/v2\/media?parent=1817"}],"curies":[{"name":"wp","href":"https:\/\/api.w.org\/{rel}","templated":true}]}}