{"id":1824,"date":"2021-04-29T14:22:50","date_gmt":"2021-04-29T14:22:50","guid":{"rendered":"https:\/\/tierschutz-bremerhaven.eu\/?page_id=1824"},"modified":"2021-10-08T12:26:14","modified_gmt":"2021-10-08T12:26:14","slug":"animal-salbatic-gasit","status":"publish","type":"page","link":"https:\/\/www.tierschutz-bremerhaven.eu\/ro\/wildtier-gefunden","title":{"rendered":"Animal s\u0103lbatic g\u0103sit"},"content":{"rendered":"<div data-elementor-type=\"wp-page\" data-elementor-id=\"1824\" class=\"elementor elementor-1824\" data-elementor-post-type=\"page\">\n\t\t\t\t\t\t<section class=\"elementor-section elementor-top-section elementor-element elementor-element-3f2c348 elementor-section-boxed elementor-section-height-default elementor-section-height-default\" data-id=\"3f2c348\" data-element_type=\"section\" data-e-type=\"section\" data-settings=\"{&quot;background_background&quot;:&quot;classic&quot;}\">\n\t\t\t\t\t\t<div class=\"elementor-container elementor-column-gap-default\">\n\t\t\t\t\t<div class=\"elementor-column elementor-col-100 elementor-top-column elementor-element elementor-element-2cef154\" data-id=\"2cef154\" data-element_type=\"column\" data-e-type=\"column\">\n\t\t\t<div class=\"elementor-widget-wrap elementor-element-populated\">\n\t\t\t\t\t\t<div class=\"elementor-element elementor-element-02a7822 elementor-widget elementor-widget-heading\" data-id=\"02a7822\" data-element_type=\"widget\" data-e-type=\"widget\" data-widget_type=\"heading.default\">\n\t\t\t\t<div class=\"elementor-widget-container\">\n\t\t\t\t\t<h2 class=\"elementor-heading-title elementor-size-default\">Animal s\u0103lbatic g\u0103sit<\/h2>\t\t\t\t<\/div>\n\t\t\t\t<\/div>\n\t\t\t\t<div class=\"elementor-element elementor-element-7cc7aaa elementor-widget elementor-widget-text-editor\" data-id=\"7cc7aaa\" data-element_type=\"widget\" data-e-type=\"widget\" data-widget_type=\"text-editor.default\">\n\t\t\t\t<div class=\"elementor-widget-container\">\n\t\t\t\t\t\t\t\t\t<p>Dac\u0103 dori\u021bi s\u0103 ne contacta\u021bi \u00een leg\u0103tur\u0103 cu un animal s\u0103lbatic g\u0103sit, v\u0103 atragem aten\u021bia, ca m\u0103sur\u0103 de precau\u021bie, c\u0103&nbsp;<strong><em>nu suntem responsabili pentru animalele s\u0103lbatice<\/em><\/strong>. V\u0103 rug\u0103m s\u0103 \u00een\u021belege\u021bi c\u0103 nu avem nici cuno\u0219tin\u021bele aprofundate, nici capacitatea de a g\u0103zdui \u0219i de a \u00eengriji veveri\u021be, lilieci, etc. Dac\u0103 este vorba de un animal r\u0103nit, v\u0103 vom sprijini \u00een astfel de cazuri excep\u021bionale, at\u00e2t timp c\u00e2t ne permite capacitatea noastr\u0103. Bine\u00een\u021beles, v\u0103 vom ajuta \u0219i s\u0103 g\u0103si\u021bi un centru de relocare profesionist. <br><br>Din nefericire, aceasta este o sarcin\u0103 suplimentar\u0103 care nu poate fi gestionat\u0103 \u00een paralel cu activitatea noastr\u0103 pentru bun\u0103starea animalelor \u0219i cu opera\u021biunile ad\u0103posturilor de animale.<br><\/p>\n<p>Utilizatorii de drumuri care provoac\u0103 un accident \u00een care sunt implicate copite de v\u00e2nat (de exemplu, c\u0103prioare, cerbi, cerbi, cerbi lop\u0103tari, mistre\u021bi) sunt obliga\u021bi s\u0103 \u00eel raporteze la sec\u021bia de poli\u021bie competent\u0103.<\/p>\n<p>Ne pute\u021bi contacta la ad\u0103postul de animale la tel: <a href=\"tel:047183257\">0471 - 8 32 57<\/a>. \u00cen afara orelor noastre de deschidere, v\u0103 rug\u0103m s\u0103 contacta\u021bi poli\u021bia.<\/p><br><p><\/p>\t\t\t\t\t\t\t\t<\/div>\n\t\t\t\t<\/div>\n\t\t\t\t\t<\/div>\n\t\t<\/div>\n\t\t\t\t\t<\/div>\n\t\t<\/section>\n\t\t\t\t<\/div>","protected":false},"excerpt":{"rendered":"<p>Wildtier gefunden Wenn Sie sich wegen eines gefundenen Wildtieres an uns wenden m\u00f6chten, weisen wir vorsorglich darauf hin, dass&nbsp;wir f\u00fcr Wildtiere nicht zust\u00e4ndig sind. Bitte haben Sie Verst\u00e4ndnis daf\u00fcr, dass wir weder \u00fcber das fundierte Wissen noch \u00fcber die Kapazit\u00e4ten f\u00fcr Aufnahme und Pflege von Eichh\u00f6rnchen, Fledermaus etc. verf\u00fcgen. Sollte es sich um ein verletztes [&hellip;]<\/p>\n","protected":false},"author":3,"featured_media":0,"parent":0,"menu_order":0,"comment_status":"closed","ping_status":"closed","template":"","meta":{"footnotes":""},"class_list":["post-1824","page","type-page","status-publish","hentry"],"_links":{"self":[{"href":"https:\/\/www.tierschutz-bremerhaven.eu\/ro\/wp-json\/wp\/v2\/pages\/1824","targetHints":{"allow":["GET"]}}],"collection":[{"href":"https:\/\/www.tierschutz-bremerhaven.eu\/ro\/wp-json\/wp\/v2\/pages"}],"about":[{"href":"https:\/\/www.tierschutz-bremerhaven.eu\/ro\/wp-json\/wp\/v2\/types\/page"}],"author":[{"embeddable":true,"href":"https:\/\/www.tierschutz-bremerhaven.eu\/ro\/wp-json\/wp\/v2\/users\/3"}],"replies":[{"embeddable":true,"href":"https:\/\/www.tierschutz-bremerhaven.eu\/ro\/wp-json\/wp\/v2\/comments?post=1824"}],"version-history":[{"count":15,"href":"https:\/\/www.tierschutz-bremerhaven.eu\/ro\/wp-json\/wp\/v2\/pages\/1824\/revisions"}],"predecessor-version":[{"id":5339,"href":"https:\/\/www.tierschutz-bremerhaven.eu\/ro\/wp-json\/wp\/v2\/pages\/1824\/revisions\/5339"}],"wp:attachment":[{"href":"https:\/\/www.tierschutz-bremerhaven.eu\/ro\/wp-json\/wp\/v2\/media?parent=1824"}],"curies":[{"name":"wp","href":"https:\/\/api.w.org\/{rel}","templated":true}]}}