{"id":2050,"date":"2021-04-30T07:52:23","date_gmt":"2021-04-30T07:52:23","guid":{"rendered":"https:\/\/tierschutz-bremerhaven.eu\/?page_id=2050"},"modified":"2024-09-06T15:06:28","modified_gmt":"2024-09-06T14:06:28","slug":"amprenta","status":"publish","type":"page","link":"https:\/\/www.tierschutz-bremerhaven.eu\/ro\/impressum","title":{"rendered":"Imprimare"},"content":{"rendered":"<p>Animal Welfare Bremerhaven e.V.<br>Viel\u00e4nder Weg 137<\/p>\n\n\n\n<p>27574 Bremerhaven&nbsp;<\/p>\n\n\n\n<p>Telefon:&nbsp;<a href=\"tel:047183257\">0471 8 32 57<\/a><br>Fax: 0471 9 81 26 76<\/p>\n\n\n\n<p>e-mail:&nbsp;<a href=\"mailto:info@tierschutz-bremerhaven.eu\">info@tierschutz-bremerhaven.eu<\/a><br>URL: <a href=\"http:\/\/www.tierschutz-bremerhaven.eu\/ro\/\">www.tierschutz-bremerhaven.eu<\/a><\/p>\n\n\n\n<p>IBAN: DE 49 2925 0000 0002 0075 50<br>BIC: BRLADE21BRS<\/p>\n\n\n\n<p>Instan\u021ba de \u00eenregistrare: Tribunalul local din Bremen<br>Num\u0103r de \u00eenregistrare: 564 BHV<\/p>\n\n\n\n<p>Num\u0103rul de identificare TVA \u00een conformitate cu \u00a7 27a UStG:  DE 114709126<\/p>\n\n\n\n<p>Autorizat s\u0103 reprezinte \u0219i responsabil pentru con\u021binutul publica\u021biilor \u0219i \u00een sensul RStV, \u00a7 55 alin. 2:<\/p>\n\n\n\n<p>Inga Albers Pre\u0219edinte<\/p>\n\n\n\n<p>Pre\u0219edinta poate fi, de asemenea, contactat\u0103 la adresa po\u0219tal\u0103 de mai sus.<\/p>\n\n\n\n<p><strong>R\u0103spunderea pentru con\u021binut<\/strong><\/p>\n\n\n\n<p>\u00cen calitate de furnizor de servicii, suntem r\u0103spunz\u0103tori pentru propriul con\u021binut de pe aceste pagini, \u00een conformitate cu sec\u021biunea 7 (1) TMG (Legea german\u0103 privind mass-media) \u0219i cu legisla\u021bia general\u0103. Cu toate acestea, conform \u00a7\u00a7 8-10 TMG, \u00een calitate de furnizor de servicii, nu suntem obliga\u021bi s\u0103 monitoriz\u0103m informa\u021biile transmise sau stocate de ter\u021bi sau s\u0103 investig\u0103m circumstan\u021bele care indic\u0103 o activitate ilegal\u0103.<\/p>\n\n\n\n<p>Obliga\u021biile de a elimina sau de a bloca utilizarea informa\u021biilor \u00een conformitate cu legisla\u021bia general\u0103 r\u0103m\u00e2n neafectate de acest lucru. Cu toate acestea, r\u0103spunderea \u00een acest sens este posibil\u0103 numai din momentul \u00een care lu\u0103m cuno\u0219tin\u021b\u0103 de o \u00eenc\u0103lcare specific\u0103. De \u00eendat\u0103 ce lu\u0103m cuno\u0219tin\u021b\u0103 de astfel de \u00eenc\u0103lc\u0103ri, vom elimina imediat acest con\u021binut. <\/p>\n\n\n\n<p><strong>R\u0103spunderea pentru leg\u0103turi<\/strong><\/p>\n\n\n\n<p>Site-ul nostru web con\u021bine linkuri c\u0103tre site-uri web externe ale unor ter\u021be p\u0103r\u021bi asupra con\u021binutului c\u0103rora nu avem nicio influen\u021b\u0103. Prin urmare, nu ne putem asuma nicio r\u0103spundere pentru acest con\u021binut ter\u021b. Furnizorul sau operatorul respectiv al paginilor este \u00eentotdeauna responsabil pentru con\u021binutul paginilor legate. Paginile cu linkuri au fost verificate pentru posibile \u00eenc\u0103lc\u0103ri legale la momentul cre\u0103rii linkurilor. Con\u021binutul ilegal nu a fost recunoscut la momentul cre\u0103rii linkului.<\/p>\n\n\n\n<p>Cu toate acestea, monitorizarea permanent\u0103 a con\u021binutului paginilor legate nu este rezonabil\u0103 \u00een lipsa unor dovezi concrete ale unei \u00eenc\u0103lc\u0103ri. \u00cen cazul \u00een care lu\u0103m cuno\u0219tin\u021b\u0103 de \u00eenc\u0103lc\u0103ri ale legii, vom elimina imediat aceste linkuri.<\/p>\n\n\n\n<p><strong>Drepturi de autor<\/strong><\/p>\n\n\n\n<p>Con\u021binutul \u0219i lucr\u0103rile create de operatorii site-ului pe aceste pagini sunt supuse legisla\u021biei germane privind drepturile de autor. Reproducerea, editarea, distribuirea \u0219i orice fel de utilizare \u00een afara limitelor legii drepturilor de autor necesit\u0103 acordul scris al autorului sau creatorului respectiv. Desc\u0103rc\u0103rile \u0219i copiile de pe acest site sunt permise numai pentru uz privat, necomercial.<\/p>\n\n\n\n<p>\u00cen m\u0103sura \u00een care con\u021binutul acestui site nu a fost creat de c\u0103tre operator, sunt respectate drepturile de autor ale ter\u021bilor. \u00cen special, con\u021binutul ter\u021bilor este etichetat ca atare. \u00cen cazul \u00een care, cu toate acestea, lua\u021bi cuno\u0219tin\u021b\u0103 de o \u00eenc\u0103lcare a drepturilor de autor, v\u0103 rug\u0103m s\u0103 ne informa\u021bi \u00een consecin\u021b\u0103. \u00cen cazul \u00een care lu\u0103m cuno\u0219tin\u021b\u0103 de \u00eenc\u0103lc\u0103ri, vom elimina imediat con\u021binutul respectiv.<\/p>\n\n\n\n<p>Din motive de mai bun\u0103 lizibilitate, se omite utilizarea simultan\u0103 a formelor lingvistice masculin, feminin \u0219i divers (m\/f\/d). Toate denumirile personale se aplic\u0103 \u00een mod egal tuturor genurilor.<\/p>\n\n\n\n<p><strong>Proiectare \u0219i programare<\/strong><\/p>\n\n\n\n<p>GROTE MEDIA GmbH<br>Kantstra\u00dfe 4<br>27568 Bremerhaven<br>Telefon: <a href=\"tel:0471983370\">0471 98 33 7-0<\/a><br><a href=\"mailto:info@grote-media.de\">info@grote-media.de<\/a><br><a href=\"https:\/\/grote-media.de\/\" target=\"_blank\" rel=\"noreferrer noopener\">www.grote-media.de<\/a><\/p>","protected":false},"excerpt":{"rendered":"<p>Tierschutz Bremerhaven e.V.Viel\u00e4nder Weg 137 27574 Bremerhaven&nbsp; Telefon:&nbsp;0471 8 32 57Telefax:&nbsp;0471 9 81 26 76 E-Mail:&nbsp;info@tierschutz-bremerhaven.euURL: www.tierschutz-bremerhaven.eu IBAN: DE&nbsp;49 2925 0000 0002&nbsp;0075 50BIC: BRLADE21BRS Registergericht: Amtsgericht BremenRegisternummer: 564 BHV USt-ID gem. \u00a7 27a UStG: &nbsp;DE 114709126 Vertretungsberechtigt und f\u00fcr den Inhalt der Publikationen sowie im Sinne des RStV, \u00a7 55 Abs. 2 verantwortlich ist: Inga [&hellip;]<\/p>\n","protected":false},"author":3,"featured_media":0,"parent":0,"menu_order":0,"comment_status":"closed","ping_status":"closed","template":"","meta":{"footnotes":""},"class_list":["post-2050","page","type-page","status-publish","hentry"],"_links":{"self":[{"href":"https:\/\/www.tierschutz-bremerhaven.eu\/ro\/wp-json\/wp\/v2\/pages\/2050","targetHints":{"allow":["GET"]}}],"collection":[{"href":"https:\/\/www.tierschutz-bremerhaven.eu\/ro\/wp-json\/wp\/v2\/pages"}],"about":[{"href":"https:\/\/www.tierschutz-bremerhaven.eu\/ro\/wp-json\/wp\/v2\/types\/page"}],"author":[{"embeddable":true,"href":"https:\/\/www.tierschutz-bremerhaven.eu\/ro\/wp-json\/wp\/v2\/users\/3"}],"replies":[{"embeddable":true,"href":"https:\/\/www.tierschutz-bremerhaven.eu\/ro\/wp-json\/wp\/v2\/comments?post=2050"}],"version-history":[{"count":10,"href":"https:\/\/www.tierschutz-bremerhaven.eu\/ro\/wp-json\/wp\/v2\/pages\/2050\/revisions"}],"predecessor-version":[{"id":10683,"href":"https:\/\/www.tierschutz-bremerhaven.eu\/ro\/wp-json\/wp\/v2\/pages\/2050\/revisions\/10683"}],"wp:attachment":[{"href":"https:\/\/www.tierschutz-bremerhaven.eu\/ro\/wp-json\/wp\/v2\/media?parent=2050"}],"curies":[{"name":"wp","href":"https:\/\/api.w.org\/{rel}","templated":true}]}}