{"id":2334,"date":"2021-05-25T08:21:35","date_gmt":"2021-05-25T08:21:35","guid":{"rendered":"https:\/\/tierschutz-bremerhaven.eu\/?page_id=2334"},"modified":"2023-09-27T07:54:38","modified_gmt":"2023-09-27T07:54:38","slug":"scoala-de-tineret","status":"publish","type":"page","link":"https:\/\/www.tierschutz-bremerhaven.eu\/ro\/jugend-schule","title":{"rendered":"Tineret \u0219i \u0219coal\u0103"},"content":{"rendered":"<div data-elementor-type=\"wp-page\" data-elementor-id=\"2334\" class=\"elementor elementor-2334\" data-elementor-post-type=\"page\">\n\t\t\t\t\t\t<section class=\"elementor-section elementor-top-section elementor-element elementor-element-001ccb4 elementor-section-boxed elementor-section-height-default elementor-section-height-default\" data-id=\"001ccb4\" data-element_type=\"section\" data-e-type=\"section\" data-settings=\"{&quot;background_background&quot;:&quot;classic&quot;}\">\n\t\t\t\t\t\t<div class=\"elementor-container elementor-column-gap-default\">\n\t\t\t\t\t<div class=\"elementor-column elementor-col-100 elementor-top-column elementor-element elementor-element-6b70233\" data-id=\"6b70233\" data-element_type=\"column\" data-e-type=\"column\">\n\t\t\t<div class=\"elementor-widget-wrap elementor-element-populated\">\n\t\t\t\t\t\t<div class=\"elementor-element elementor-element-4862873 elementor-widget elementor-widget-heading\" data-id=\"4862873\" data-element_type=\"widget\" data-e-type=\"widget\" data-widget_type=\"heading.default\">\n\t\t\t\t<div class=\"elementor-widget-container\">\n\t\t\t\t\t<h3 class=\"elementor-heading-title elementor-size-default\">Ziua viitorului \/ Stagiu \/ AG<\/h3>\t\t\t\t<\/div>\n\t\t\t\t<\/div>\n\t\t\t\t<div class=\"elementor-element elementor-element-6c06c67 elementor-widget elementor-widget-text-editor\" data-id=\"6c06c67\" data-element_type=\"widget\" data-e-type=\"widget\" data-widget_type=\"text-editor.default\">\n\t\t\t\t<div class=\"elementor-widget-container\">\n\t\t\t\t\t\t\t\t\t<p>V\u0103 mul\u021bumim pentru entuziasmul \u0219i interesul dvs. pentru ad\u0103postul nostru de animale, <b>Al dumneavoastr\u0103<\/b> <strong>Ziua viitorului \/ Stagiul t\u0103u \/ AG-ul t\u0103u\u00a0<\/strong>Suntem foarte bucuro\u0219i s\u0103 primim copii care \u00ee\u0219i petrec timpul cu noi. De c\u00e2\u021biva ani, copiii profit\u0103 de aceast\u0103 ocazie pentru a se familiariza cu ceea ce \u00eenseamn\u0103 s\u0103 fii \u00eengrijitor de animale. V\u0103 a\u0219teapt\u0103 proiecte interesante. De exemplu, pute\u021bi s\u0103-i r\u0103sf\u0103\u021ba\u021bi pe prietenii no\u0219tri cu patru picioare cu o plimbare, s\u0103 cultiva\u021bi hran\u0103 pentru animale \u0219i s\u0103 le da\u021bi de m\u00e2ncare roz\u0103toarelor noastre, s\u0103 organiza\u021bi o campanie de str\u00e2ngere de fonduri, s\u0103 confec\u021biona\u021bi juc\u0103rii pentru animale, s\u0103 cunoa\u0219te\u021bi via\u021ba de zi cu zi la ad\u0103postul de animale \u0219i multe altele.<\/p><p>\u00cen prezent, urm\u0103toarele \u0219coli ofer\u0103 elevilor lor un program care dureaz\u0103 toat\u0103 ziua: Centrul \u0219colar Carl von Ossietzky CVO, Kreisgymnasium Weserm\u00fcnde, Paula-Modersohn-Schule, Schule am Leher Markt.<\/p><p><b>The<\/b><strong>\u00a0<\/strong><strong>Ziua Viitorului \/ stagiul de practic\u0103 \/ AG\u00a0<\/strong>\u00een<strong>\u00a0<\/strong><strong>Ad\u0103post pentru animale<\/strong> este dorin\u021ba multor elevi. Prin urmare, este foarte important s\u0103 v\u0103 \u00eenscrie\u021bi la timp, deoarece locurile sunt limitate.<\/p><p><strong>Trebuie s\u0103 aduce\u021bi cu dumneavoastr\u0103 urm\u0103toarele:<\/strong><\/p><ul><li>Documentele de la \u0219coala dumneavoastr\u0103<\/li><li>Certificatul dumneavoastr\u0103 de vaccinare\/protec\u021bie vaccinal\u0103<\/li><li>\u00cembr\u0103c\u0103minte insensibil\u0103<\/li><li>Dragostea pentru animale<\/li><li>Umor bun<\/li><\/ul><p>V\u0103 rug\u0103m s\u0103 ne contacta\u021bi la ad\u0103postul de animale la Tel: <a href=\"tel:047183257\">0471 - 8 32 57<\/a>. \u00cen afara orelor de func\u021bionare, pute\u021bi l\u0103sa un mesaj pe robotul nostru telefonic. Ve\u021bi fi sunat \u00eenapoi imediat.<\/p><p>Vizitele la ad\u0103post sunt posibile doar cu programare prealabil\u0103.<\/p><p>V\u0103 mul\u021bumim pentru \u00een\u021belegere \u0219i a\u0219tept\u0103m cu ner\u0103bdare vizita dumneavoastr\u0103!<\/p>\t\t\t\t\t\t\t\t<\/div>\n\t\t\t\t<\/div>\n\t\t\t\t<div class=\"elementor-element elementor-element-82516fd elementor-widget elementor-widget-heading\" data-id=\"82516fd\" data-element_type=\"widget\" data-e-type=\"widget\" data-widget_type=\"heading.default\">\n\t\t\t\t<div class=\"elementor-widget-container\">\n\t\t\t\t\t<h2 class=\"elementor-heading-title elementor-size-default\">Tururi ghidate pentru clasele de elevi \u0219i grupuri de tineri<\/h2>\t\t\t\t<\/div>\n\t\t\t\t<\/div>\n\t\t\t\t<div class=\"elementor-element elementor-element-5633557 elementor-widget elementor-widget-text-editor\" data-id=\"5633557\" data-element_type=\"widget\" data-e-type=\"widget\" data-widget_type=\"text-editor.default\">\n\t\t\t\t<div class=\"elementor-widget-container\">\n\t\t\t\t\t\t\t\t\t<p>Dori\u021bi s\u0103 cunoa\u0219te\u021bi noul ad\u0103post de animale \u0219i pe actualii s\u0103i locuitori? Nicio problem\u0103. Veni\u021bi la unul dintre tururile noastre ghidate. Acestea sunt gratuite - dar suntem \u00eentotdeauna bucuro\u0219i s\u0103 primim o dona\u021bie pentru ad\u0103postul de animale.<\/p>\n<p>Turul ad\u0103postului nostru de animale dureaz\u0103 aproximativ 45 de minute \u0219i este \u00eenso\u021bit at\u00e2t de membri activi ai organiza\u021biei, c\u00e2t \u0219i de \u00eengrijitorii de animale. \u00cen timpul vizitei, participan\u021bii au parte de o discu\u021bie de bun venit pentru a afla ce sarcini \u00eendepline\u0219te ad\u0103postul de animale \u0219i cum sunt gestionate anual \u00eengrijirea \u0219i tratamentul a aproximativ 600 de animale aflate \u00een dificultate. De asemenea, \u00een timpul turului comun se viziteaz\u0103 \u0219i terenul ad\u0103postului de animale.<\/p>\n<p>Dori\u021bi s\u0103 vizita\u021bi ad\u0103postul de animale \u00eempreun\u0103 cu clasa dvs. \u0219colar\u0103\/grupul de copii sau de tineret? Grupurile sunt, de asemenea, binevenite aici.<\/p>\n<p><strong>Informa\u021bii despre tururile de grup:<\/strong><\/p>\n<ul>\n<li>Grup de max. 10 persoane<\/li>\n<li>Vizite posibile \u00een timpul s\u0103pt\u0103m\u00e2nii, \u00een zilele deschise<\/li>\n<li>Cel pu\u021bin un profesor \/ \u00eengrijitor prezent<\/li>\n<li>V\u00e2rsta minim\u0103 a copiilor: 6 ani<\/li>\n<li>Dac\u0103 este cazul, declara\u021bia de consim\u021b\u0103m\u00e2nt din partea participan\u021bilor pentru ca \u00eenregistr\u0103rile foto \u0219i video s\u0103 fie publicate pe site-ul web al asocia\u021biei \u0219i \u00een re\u021belele de socializare<\/li>\n<li>\u00cenregistrare, dac\u0103 este posibil, cu 3 s\u0103pt\u0103m\u00e2ni \u00eenainte de data dorit\u0103\n<p><\/p><\/li>\n<\/ul>\n<p>V\u0103 rug\u0103m s\u0103 trimite\u021bi cererea dumneavoastr\u0103 pentru tururi ale ad\u0103posturilor de animale prin e-mail la adresa <a href=\"mailto:info@tierschutz-bremerhaven.de\"><u>info@tierschutz-bremerhaven.de<\/u><\/a><\/p>\n<p>Sau contacta\u021bi-ne la ad\u0103postul de animale la Tel: <a href=\"tel:047183257\">0471 - 8 32 57<\/a>. \u00cen afara orelor de func\u021bionare, pute\u021bi l\u0103sa un mesaj pe robotul nostru telefonic. Ve\u021bi fi sunat \u00eenapoi imediat.<\/p>\n<p><br><\/p>\t\t\t\t\t\t\t\t<\/div>\n\t\t\t\t<\/div>\n\t\t\t\t\t<\/div>\n\t\t<\/div>\n\t\t\t\t\t<\/div>\n\t\t<\/section>\n\t\t\t\t<\/div>","protected":false},"excerpt":{"rendered":"<p>Zukunftstag \/ Praktikum \/ AG \u00dcber Eure Begeisterung f\u00fcr unser Tierheim und Euer Interesse, Euren Zukunftstag \/ Euer Praktikum \/ Euere AG\u00a0bei uns zu verbringen, freuen wir uns sehr. Bereits seit mehreren Jahren nutzen Kinder diese M\u00f6glichkeit, um in den Beruf des Tierpflegers reinzuschnuppern. Es warten interessante Projekt auf Dich. Du k\u00f6nntest z. B. unsere [&hellip;]<\/p>\n","protected":false},"author":3,"featured_media":0,"parent":0,"menu_order":0,"comment_status":"closed","ping_status":"closed","template":"","meta":{"footnotes":""},"class_list":["post-2334","page","type-page","status-publish","hentry"],"_links":{"self":[{"href":"https:\/\/www.tierschutz-bremerhaven.eu\/ro\/wp-json\/wp\/v2\/pages\/2334","targetHints":{"allow":["GET"]}}],"collection":[{"href":"https:\/\/www.tierschutz-bremerhaven.eu\/ro\/wp-json\/wp\/v2\/pages"}],"about":[{"href":"https:\/\/www.tierschutz-bremerhaven.eu\/ro\/wp-json\/wp\/v2\/types\/page"}],"author":[{"embeddable":true,"href":"https:\/\/www.tierschutz-bremerhaven.eu\/ro\/wp-json\/wp\/v2\/users\/3"}],"replies":[{"embeddable":true,"href":"https:\/\/www.tierschutz-bremerhaven.eu\/ro\/wp-json\/wp\/v2\/comments?post=2334"}],"version-history":[{"count":94,"href":"https:\/\/www.tierschutz-bremerhaven.eu\/ro\/wp-json\/wp\/v2\/pages\/2334\/revisions"}],"predecessor-version":[{"id":9019,"href":"https:\/\/www.tierschutz-bremerhaven.eu\/ro\/wp-json\/wp\/v2\/pages\/2334\/revisions\/9019"}],"wp:attachment":[{"href":"https:\/\/www.tierschutz-bremerhaven.eu\/ro\/wp-json\/wp\/v2\/media?parent=2334"}],"curies":[{"name":"wp","href":"https:\/\/api.w.org\/{rel}","templated":true}]}}