{"id":2364,"date":"2021-05-25T08:54:10","date_gmt":"2021-05-25T08:54:10","guid":{"rendered":"https:\/\/tierschutz-bremerhaven.eu\/?page_id=2364"},"modified":"2023-09-05T16:33:54","modified_gmt":"2023-09-05T16:33:54","slug":"piata-de-vechituri","status":"publish","type":"page","link":"https:\/\/www.tierschutz-bremerhaven.eu\/ro\/flohmarkt","title":{"rendered":"Pia\u021ba de purici"},"content":{"rendered":"<div data-elementor-type=\"wp-page\" data-elementor-id=\"2364\" class=\"elementor elementor-2364\" data-elementor-post-type=\"page\">\n\t\t\t\t\t\t<section class=\"elementor-section elementor-top-section elementor-element elementor-element-e42b439 elementor-section-boxed elementor-section-height-default elementor-section-height-default\" data-id=\"e42b439\" data-element_type=\"section\" data-e-type=\"section\" data-settings=\"{&quot;background_background&quot;:&quot;classic&quot;}\">\n\t\t\t\t\t\t<div class=\"elementor-container elementor-column-gap-default\">\n\t\t\t\t\t<div class=\"elementor-column elementor-col-100 elementor-top-column elementor-element elementor-element-57b0c28\" data-id=\"57b0c28\" data-element_type=\"column\" data-e-type=\"column\">\n\t\t\t<div class=\"elementor-widget-wrap elementor-element-populated\">\n\t\t\t\t\t\t<div class=\"elementor-element elementor-element-18cae95 elementor-widget elementor-widget-heading\" data-id=\"18cae95\" data-element_type=\"widget\" data-e-type=\"widget\" data-widget_type=\"heading.default\">\n\t\t\t\t<div class=\"elementor-widget-container\">\n\t\t\t\t\t<h2 class=\"elementor-heading-title elementor-size-default\">Pia\u021ba de purici<\/h2>\t\t\t\t<\/div>\n\t\t\t\t<\/div>\n\t\t\t\t<div class=\"elementor-element elementor-element-a8465fc elementor-widget elementor-widget-text-editor\" data-id=\"a8465fc\" data-element_type=\"widget\" data-e-type=\"widget\" data-widget_type=\"text-editor.default\">\n\t\t\t\t<div class=\"elementor-widget-container\">\n\t\t\t\t\t\t\t\t\t<p>R\u0103sfoi\u021bi ofertele noastre din pia\u021ba de vechituri!<\/p>\n<p>Nu avem nevoie de anumite lucruri la ad\u0103postul de animale. Poate c\u0103 a\u021bi putea folosi o parte din ele pentru animalul dvs. de companie. Vom fi bucuro\u0219i s\u0103 vi le d\u0103m mai departe \u00een schimbul unei dona\u021bii. Persoanele care iau \u00een primire unul dintre animalele noastre pot accesa, de asemenea, acest fond.<\/p>\n<p>Deoarece ne actualiz\u0103m \u00een mod regulat pia\u021ba noastr\u0103 de purici, suntem bucuro\u0219i s\u0103 primim accesorii pentru animale de companie bine conservate de care nu mai ave\u021bi nevoie. Le pute\u021bi pune \u00een cutia noastr\u0103 de dona\u021bii, chiar \u0219i \u00een afara orelor de deschidere. Putem accepta cantit\u0103\u021bi mari \u0219i obiecte mai mari doar dup\u0103 consult\u0103ri. \u00cen acest caz, v\u0103 rug\u0103m s\u0103 ne contacta\u021bi prin e-mail sau telefonic.<\/p>\n<p>Bine\u00een\u021beles, animalele din ad\u0103posturile noastre sunt \u00eentotdeauna primele care se bucur\u0103 de aceste juc\u0103rii, co\u0219uri, boluri, p\u0103turi etc..<\/p>\n<p><strong>Bine\u00een\u021beles, 100% din toate \u00eencas\u0103rile de la t\u00e2rgul de vechituri vor merge c\u0103tre animalele noastre. <\/strong><strong><br><\/strong><br>Pia\u021ba noastr\u0103 de vechituri v\u0103 st\u0103 la dispozi\u021bie \u00een timpul orelor de deschidere mar\u021bi, miercuri, vineri, s\u00e2mb\u0103t\u0103 \u00eentre orele 15.00 - 17.00 \u0219i duminic\u0103 \u00eentre orele 10.00 - 12.00. Veni\u021bi s\u0103 arunca\u021bi o privire!<\/p>\n<p>V\u0103 rug\u0103m s\u0103 ne contacta\u021bi la ad\u0103postul de animale la Tel: <a href=\"tel:047183257\">0471 - 8 32 57<\/a>. \u00cen afara orelor de func\u021bionare, pute\u021bi l\u0103sa un mesaj pe robotul nostru telefonic. Ve\u021bi fi sunat \u00eenapoi imediat.<\/p>\n<p>V\u0103 rug\u0103m s\u0103 \u00een\u021belege\u021bi c\u0103 vizitele la pia\u021ba de vechituri sunt posibile numai cu programare prealabil\u0103 (\u00een timpul orelor de vizitare).<br><\/p>\n<p>V\u0103 mul\u021bumim pentru \u00een\u021belegere \u0219i a\u0219tept\u0103m cu ner\u0103bdare vizita dumneavoastr\u0103!<\/p>\t\t\t\t\t\t\t\t<\/div>\n\t\t\t\t<\/div>\n\t\t\t\t<div class=\"elementor-element elementor-element-2212e63 elementor-widget elementor-widget-gallery\" data-id=\"2212e63\" data-element_type=\"widget\" data-e-type=\"widget\" data-settings=\"{&quot;columns&quot;:3,&quot;lazyload&quot;:&quot;yes&quot;,&quot;gallery_layout&quot;:&quot;grid&quot;,&quot;columns_tablet&quot;:2,&quot;columns_mobile&quot;:1,&quot;gap&quot;:{&quot;unit&quot;:&quot;px&quot;,&quot;size&quot;:10,&quot;sizes&quot;:[]},&quot;gap_tablet&quot;:{&quot;unit&quot;:&quot;px&quot;,&quot;size&quot;:10,&quot;sizes&quot;:[]},&quot;gap_mobile&quot;:{&quot;unit&quot;:&quot;px&quot;,&quot;size&quot;:10,&quot;sizes&quot;:[]},&quot;link_to&quot;:&quot;file&quot;,&quot;aspect_ratio&quot;:&quot;3:2&quot;,&quot;overlay_background&quot;:&quot;yes&quot;,&quot;content_hover_animation&quot;:&quot;fade-in&quot;}\" data-widget_type=\"gallery.default\">\n\t\t\t\t<div class=\"elementor-widget-container\">\n\t\t\t\t\t\t\t<div class=\"elementor-gallery__container\">\n\t\t\t\t\t\t\t<a class=\"e-gallery-item elementor-gallery-item elementor-animated-content\" href=\"https:\/\/www.tierschutz-bremerhaven.eu\/wp-content\/uploads\/2021\/09\/Flohmarkt11.jpg\" data-elementor-open-lightbox=\"yes\" data-elementor-lightbox-slideshow=\"2212e63\" data-elementor-lightbox-title=\"Flohmarkt11\" data-e-action-hash=\"#elementor-action%3Aaction%3Dlightbox%26settings%3DeyJpZCI6MzU2MCwidXJsIjoiaHR0cHM6XC9cL3d3dy50aWVyc2NodXR6LWJyZW1lcmhhdmVuLmV1XC93cC1jb250ZW50XC91cGxvYWRzXC8yMDIxXC8wOVwvRmxvaG1hcmt0MTEuanBnIiwic2xpZGVzaG93IjoiMjIxMmU2MyJ9\">\n\t\t\t\t\t<div class=\"e-gallery-image elementor-gallery-item__image\" data-thumbnail=\"https:\/\/www.tierschutz-bremerhaven.eu\/wp-content\/uploads\/2021\/09\/Flohmarkt11-300x225.jpg\" data-width=\"300\" data-height=\"225\" aria-label=\"\" role=\"img\" ><\/div>\n\t\t\t\t\t\t\t\t\t\t\t<div class=\"elementor-gallery-item__overlay\"><\/div>\n\t\t\t\t\t\t\t\t\t\t\t\t\t\t<\/a>\n\t\t\t\t\t\t\t<a class=\"e-gallery-item elementor-gallery-item elementor-animated-content\" href=\"https:\/\/www.tierschutz-bremerhaven.eu\/wp-content\/uploads\/2021\/09\/Flohmarkt10.jpg\" data-elementor-open-lightbox=\"yes\" data-elementor-lightbox-slideshow=\"2212e63\" data-elementor-lightbox-title=\"Flohmarkt10\" data-e-action-hash=\"#elementor-action%3Aaction%3Dlightbox%26settings%3DeyJpZCI6MzU2MSwidXJsIjoiaHR0cHM6XC9cL3d3dy50aWVyc2NodXR6LWJyZW1lcmhhdmVuLmV1XC93cC1jb250ZW50XC91cGxvYWRzXC8yMDIxXC8wOVwvRmxvaG1hcmt0MTAuanBnIiwic2xpZGVzaG93IjoiMjIxMmU2MyJ9\">\n\t\t\t\t\t<div class=\"e-gallery-image elementor-gallery-item__image\" data-thumbnail=\"https:\/\/www.tierschutz-bremerhaven.eu\/wp-content\/uploads\/2021\/09\/Flohmarkt10-300x225.jpg\" data-width=\"300\" data-height=\"225\" aria-label=\"\" role=\"img\" ><\/div>\n\t\t\t\t\t\t\t\t\t\t\t<div class=\"elementor-gallery-item__overlay\"><\/div>\n\t\t\t\t\t\t\t\t\t\t\t\t\t\t<\/a>\n\t\t\t\t\t\t\t<a class=\"e-gallery-item elementor-gallery-item elementor-animated-content\" href=\"https:\/\/www.tierschutz-bremerhaven.eu\/wp-content\/uploads\/2021\/09\/Flohmarkt9.jpg\" data-elementor-open-lightbox=\"yes\" data-elementor-lightbox-slideshow=\"2212e63\" data-elementor-lightbox-title=\"Flohmarkt9\" data-e-action-hash=\"#elementor-action%3Aaction%3Dlightbox%26settings%3DeyJpZCI6MzU2MiwidXJsIjoiaHR0cHM6XC9cL3d3dy50aWVyc2NodXR6LWJyZW1lcmhhdmVuLmV1XC93cC1jb250ZW50XC91cGxvYWRzXC8yMDIxXC8wOVwvRmxvaG1hcmt0OS5qcGciLCJzbGlkZXNob3ciOiIyMjEyZTYzIn0%3D\">\n\t\t\t\t\t<div class=\"e-gallery-image elementor-gallery-item__image\" data-thumbnail=\"https:\/\/www.tierschutz-bremerhaven.eu\/wp-content\/uploads\/2021\/09\/Flohmarkt9-225x300.jpg\" data-width=\"225\" data-height=\"300\" aria-label=\"\" role=\"img\" ><\/div>\n\t\t\t\t\t\t\t\t\t\t\t<div class=\"elementor-gallery-item__overlay\"><\/div>\n\t\t\t\t\t\t\t\t\t\t\t\t\t\t<\/a>\n\t\t\t\t\t\t\t<a class=\"e-gallery-item elementor-gallery-item elementor-animated-content\" href=\"https:\/\/www.tierschutz-bremerhaven.eu\/wp-content\/uploads\/2021\/09\/Flohmarkt8.jpg\" data-elementor-open-lightbox=\"yes\" data-elementor-lightbox-slideshow=\"2212e63\" data-elementor-lightbox-title=\"Flohmarkt8\" data-e-action-hash=\"#elementor-action%3Aaction%3Dlightbox%26settings%3DeyJpZCI6MzU2MywidXJsIjoiaHR0cHM6XC9cL3d3dy50aWVyc2NodXR6LWJyZW1lcmhhdmVuLmV1XC93cC1jb250ZW50XC91cGxvYWRzXC8yMDIxXC8wOVwvRmxvaG1hcmt0OC5qcGciLCJzbGlkZXNob3ciOiIyMjEyZTYzIn0%3D\">\n\t\t\t\t\t<div class=\"e-gallery-image elementor-gallery-item__image\" data-thumbnail=\"https:\/\/www.tierschutz-bremerhaven.eu\/wp-content\/uploads\/2021\/09\/Flohmarkt8-225x300.jpg\" data-width=\"225\" data-height=\"300\" aria-label=\"\" role=\"img\" ><\/div>\n\t\t\t\t\t\t\t\t\t\t\t<div class=\"elementor-gallery-item__overlay\"><\/div>\n\t\t\t\t\t\t\t\t\t\t\t\t\t\t<\/a>\n\t\t\t\t\t\t\t<a class=\"e-gallery-item elementor-gallery-item elementor-animated-content\" href=\"https:\/\/www.tierschutz-bremerhaven.eu\/wp-content\/uploads\/2021\/09\/Flohmarkt7.jpg\" data-elementor-open-lightbox=\"yes\" data-elementor-lightbox-slideshow=\"2212e63\" data-elementor-lightbox-title=\"Flohmarkt7\" data-e-action-hash=\"#elementor-action%3Aaction%3Dlightbox%26settings%3DeyJpZCI6MzU2NCwidXJsIjoiaHR0cHM6XC9cL3d3dy50aWVyc2NodXR6LWJyZW1lcmhhdmVuLmV1XC93cC1jb250ZW50XC91cGxvYWRzXC8yMDIxXC8wOVwvRmxvaG1hcmt0Ny5qcGciLCJzbGlkZXNob3ciOiIyMjEyZTYzIn0%3D\">\n\t\t\t\t\t<div class=\"e-gallery-image elementor-gallery-item__image\" data-thumbnail=\"https:\/\/www.tierschutz-bremerhaven.eu\/wp-content\/uploads\/2021\/09\/Flohmarkt7-300x225.jpg\" data-width=\"300\" data-height=\"225\" aria-label=\"\" role=\"img\" ><\/div>\n\t\t\t\t\t\t\t\t\t\t\t<div class=\"elementor-gallery-item__overlay\"><\/div>\n\t\t\t\t\t\t\t\t\t\t\t\t\t\t<\/a>\n\t\t\t\t\t\t\t<a class=\"e-gallery-item elementor-gallery-item elementor-animated-content\" href=\"https:\/\/www.tierschutz-bremerhaven.eu\/wp-content\/uploads\/2021\/09\/Flohmarkt6.jpg\" data-elementor-open-lightbox=\"yes\" data-elementor-lightbox-slideshow=\"2212e63\" data-elementor-lightbox-title=\"Flohmarkt6\" data-e-action-hash=\"#elementor-action%3Aaction%3Dlightbox%26settings%3DeyJpZCI6MzU2NSwidXJsIjoiaHR0cHM6XC9cL3d3dy50aWVyc2NodXR6LWJyZW1lcmhhdmVuLmV1XC93cC1jb250ZW50XC91cGxvYWRzXC8yMDIxXC8wOVwvRmxvaG1hcmt0Ni5qcGciLCJzbGlkZXNob3ciOiIyMjEyZTYzIn0%3D\">\n\t\t\t\t\t<div class=\"e-gallery-image elementor-gallery-item__image\" data-thumbnail=\"https:\/\/www.tierschutz-bremerhaven.eu\/wp-content\/uploads\/2021\/09\/Flohmarkt6-225x300.jpg\" data-width=\"225\" data-height=\"300\" aria-label=\"\" role=\"img\" ><\/div>\n\t\t\t\t\t\t\t\t\t\t\t<div class=\"elementor-gallery-item__overlay\"><\/div>\n\t\t\t\t\t\t\t\t\t\t\t\t\t\t<\/a>\n\t\t\t\t\t\t\t<a class=\"e-gallery-item elementor-gallery-item elementor-animated-content\" href=\"https:\/\/www.tierschutz-bremerhaven.eu\/wp-content\/uploads\/2021\/09\/Flohmarkt5.jpg\" data-elementor-open-lightbox=\"yes\" data-elementor-lightbox-slideshow=\"2212e63\" data-elementor-lightbox-title=\"Flohmarkt5\" data-e-action-hash=\"#elementor-action%3Aaction%3Dlightbox%26settings%3DeyJpZCI6MzU2NiwidXJsIjoiaHR0cHM6XC9cL3d3dy50aWVyc2NodXR6LWJyZW1lcmhhdmVuLmV1XC93cC1jb250ZW50XC91cGxvYWRzXC8yMDIxXC8wOVwvRmxvaG1hcmt0NS5qcGciLCJzbGlkZXNob3ciOiIyMjEyZTYzIn0%3D\">\n\t\t\t\t\t<div class=\"e-gallery-image elementor-gallery-item__image\" data-thumbnail=\"https:\/\/www.tierschutz-bremerhaven.eu\/wp-content\/uploads\/2021\/09\/Flohmarkt5-225x300.jpg\" data-width=\"225\" data-height=\"300\" aria-label=\"\" role=\"img\" ><\/div>\n\t\t\t\t\t\t\t\t\t\t\t<div class=\"elementor-gallery-item__overlay\"><\/div>\n\t\t\t\t\t\t\t\t\t\t\t\t\t\t<\/a>\n\t\t\t\t\t\t\t<a class=\"e-gallery-item elementor-gallery-item elementor-animated-content\" href=\"https:\/\/www.tierschutz-bremerhaven.eu\/wp-content\/uploads\/2021\/09\/Flohmarkt4.jpg\" data-elementor-open-lightbox=\"yes\" data-elementor-lightbox-slideshow=\"2212e63\" data-elementor-lightbox-title=\"Flohmarkt4\" data-e-action-hash=\"#elementor-action%3Aaction%3Dlightbox%26settings%3DeyJpZCI6MzU2NywidXJsIjoiaHR0cHM6XC9cL3d3dy50aWVyc2NodXR6LWJyZW1lcmhhdmVuLmV1XC93cC1jb250ZW50XC91cGxvYWRzXC8yMDIxXC8wOVwvRmxvaG1hcmt0NC5qcGciLCJzbGlkZXNob3ciOiIyMjEyZTYzIn0%3D\">\n\t\t\t\t\t<div class=\"e-gallery-image elementor-gallery-item__image\" data-thumbnail=\"https:\/\/www.tierschutz-bremerhaven.eu\/wp-content\/uploads\/2021\/09\/Flohmarkt4-225x300.jpg\" data-width=\"225\" data-height=\"300\" aria-label=\"\" role=\"img\" ><\/div>\n\t\t\t\t\t\t\t\t\t\t\t<div class=\"elementor-gallery-item__overlay\"><\/div>\n\t\t\t\t\t\t\t\t\t\t\t\t\t\t<\/a>\n\t\t\t\t\t\t\t<a class=\"e-gallery-item elementor-gallery-item elementor-animated-content\" href=\"https:\/\/www.tierschutz-bremerhaven.eu\/wp-content\/uploads\/2021\/09\/Flohmarkt3.jpg\" data-elementor-open-lightbox=\"yes\" data-elementor-lightbox-slideshow=\"2212e63\" data-elementor-lightbox-title=\"Flohmarkt3\" data-e-action-hash=\"#elementor-action%3Aaction%3Dlightbox%26settings%3DeyJpZCI6MzU2OCwidXJsIjoiaHR0cHM6XC9cL3d3dy50aWVyc2NodXR6LWJyZW1lcmhhdmVuLmV1XC93cC1jb250ZW50XC91cGxvYWRzXC8yMDIxXC8wOVwvRmxvaG1hcmt0My5qcGciLCJzbGlkZXNob3ciOiIyMjEyZTYzIn0%3D\">\n\t\t\t\t\t<div class=\"e-gallery-image elementor-gallery-item__image\" data-thumbnail=\"https:\/\/www.tierschutz-bremerhaven.eu\/wp-content\/uploads\/2021\/09\/Flohmarkt3-300x225.jpg\" data-width=\"300\" data-height=\"225\" aria-label=\"\" role=\"img\" ><\/div>\n\t\t\t\t\t\t\t\t\t\t\t<div class=\"elementor-gallery-item__overlay\"><\/div>\n\t\t\t\t\t\t\t\t\t\t\t\t\t\t<\/a>\n\t\t\t\t\t\t\t<a class=\"e-gallery-item elementor-gallery-item elementor-animated-content\" href=\"https:\/\/www.tierschutz-bremerhaven.eu\/wp-content\/uploads\/2021\/09\/Flohmarkt2.jpg\" data-elementor-open-lightbox=\"yes\" data-elementor-lightbox-slideshow=\"2212e63\" data-elementor-lightbox-title=\"Flohmarkt2\" data-e-action-hash=\"#elementor-action%3Aaction%3Dlightbox%26settings%3DeyJpZCI6MzU2OSwidXJsIjoiaHR0cHM6XC9cL3d3dy50aWVyc2NodXR6LWJyZW1lcmhhdmVuLmV1XC93cC1jb250ZW50XC91cGxvYWRzXC8yMDIxXC8wOVwvRmxvaG1hcmt0Mi5qcGciLCJzbGlkZXNob3ciOiIyMjEyZTYzIn0%3D\">\n\t\t\t\t\t<div class=\"e-gallery-image elementor-gallery-item__image\" data-thumbnail=\"https:\/\/www.tierschutz-bremerhaven.eu\/wp-content\/uploads\/2021\/09\/Flohmarkt2-300x225.jpg\" data-width=\"300\" data-height=\"225\" aria-label=\"\" role=\"img\" ><\/div>\n\t\t\t\t\t\t\t\t\t\t\t<div class=\"elementor-gallery-item__overlay\"><\/div>\n\t\t\t\t\t\t\t\t\t\t\t\t\t\t<\/a>\n\t\t\t\t\t\t\t<a class=\"e-gallery-item elementor-gallery-item elementor-animated-content\" href=\"https:\/\/www.tierschutz-bremerhaven.eu\/wp-content\/uploads\/2021\/09\/Flohmarkt1.jpg\" data-elementor-open-lightbox=\"yes\" data-elementor-lightbox-slideshow=\"2212e63\" data-elementor-lightbox-title=\"Flohmarkt1\" data-e-action-hash=\"#elementor-action%3Aaction%3Dlightbox%26settings%3DeyJpZCI6MzU3MCwidXJsIjoiaHR0cHM6XC9cL3d3dy50aWVyc2NodXR6LWJyZW1lcmhhdmVuLmV1XC93cC1jb250ZW50XC91cGxvYWRzXC8yMDIxXC8wOVwvRmxvaG1hcmt0MS5qcGciLCJzbGlkZXNob3ciOiIyMjEyZTYzIn0%3D\">\n\t\t\t\t\t<div class=\"e-gallery-image elementor-gallery-item__image\" data-thumbnail=\"https:\/\/www.tierschutz-bremerhaven.eu\/wp-content\/uploads\/2021\/09\/Flohmarkt1-225x300.jpg\" data-width=\"225\" data-height=\"300\" aria-label=\"\" role=\"img\" ><\/div>\n\t\t\t\t\t\t\t\t\t\t\t<div class=\"elementor-gallery-item__overlay\"><\/div>\n\t\t\t\t\t\t\t\t\t\t\t\t\t\t<\/a>\n\t\t\t\t\t<\/div>\n\t\t\t\t\t<\/div>\n\t\t\t\t<\/div>\n\t\t\t\t\t<\/div>\n\t\t<\/div>\n\t\t\t\t\t<\/div>\n\t\t<\/section>\n\t\t\t\t<\/div>","protected":false},"excerpt":{"rendered":"<p>Flohmarkt St\u00f6bern Sie doch mal in unserem Flohmarktangebot! F\u00fcr manche Dinge haben wir im Tierheim keine Verwendung. Vielleicht k\u00f6nnen Sie etwas davon f\u00fcr Ihren Liebling gebrauchen. Gegen eine Spende geben wir es gerne an Sie weiter. Auch Menschen, die eines unserer Tiere aufnehmen, k\u00f6nnen auf diesen Fundus zugreifen. Da wir unseren Flohmarkt regelm\u00e4\u00dfig aktualisieren, freuen [&hellip;]<\/p>\n","protected":false},"author":3,"featured_media":0,"parent":0,"menu_order":0,"comment_status":"closed","ping_status":"closed","template":"","meta":{"footnotes":""},"class_list":["post-2364","page","type-page","status-publish","hentry"],"_links":{"self":[{"href":"https:\/\/www.tierschutz-bremerhaven.eu\/ro\/wp-json\/wp\/v2\/pages\/2364","targetHints":{"allow":["GET"]}}],"collection":[{"href":"https:\/\/www.tierschutz-bremerhaven.eu\/ro\/wp-json\/wp\/v2\/pages"}],"about":[{"href":"https:\/\/www.tierschutz-bremerhaven.eu\/ro\/wp-json\/wp\/v2\/types\/page"}],"author":[{"embeddable":true,"href":"https:\/\/www.tierschutz-bremerhaven.eu\/ro\/wp-json\/wp\/v2\/users\/3"}],"replies":[{"embeddable":true,"href":"https:\/\/www.tierschutz-bremerhaven.eu\/ro\/wp-json\/wp\/v2\/comments?post=2364"}],"version-history":[{"count":36,"href":"https:\/\/www.tierschutz-bremerhaven.eu\/ro\/wp-json\/wp\/v2\/pages\/2364\/revisions"}],"predecessor-version":[{"id":8942,"href":"https:\/\/www.tierschutz-bremerhaven.eu\/ro\/wp-json\/wp\/v2\/pages\/2364\/revisions\/8942"}],"wp:attachment":[{"href":"https:\/\/www.tierschutz-bremerhaven.eu\/ro\/wp-json\/wp\/v2\/media?parent=2364"}],"curies":[{"name":"wp","href":"https:\/\/api.w.org\/{rel}","templated":true}]}}