{"id":2602,"date":"2021-06-22T10:23:07","date_gmt":"2021-06-22T10:23:07","guid":{"rendered":"https:\/\/tierschutz-bremerhaven.eu\/?page_id=2602"},"modified":"2021-06-22T11:27:07","modified_gmt":"2021-06-22T11:27:07","slug":"atunci-cand-faceti-cumparaturi-online","status":"publish","type":"page","link":"https:\/\/www.tierschutz-bremerhaven.eu\/ro\/beim-online-einkauf","title":{"rendered":"Atunci c\u00e2nd face\u021bi cump\u0103r\u0103turi online"},"content":{"rendered":"<div data-elementor-type=\"wp-page\" data-elementor-id=\"2602\" class=\"elementor elementor-2602\" data-elementor-post-type=\"page\">\n\t\t\t\t\t\t<section class=\"elementor-section elementor-top-section elementor-element elementor-element-3f2c348 elementor-section-full_width elementor-section-height-default elementor-section-height-default\" data-id=\"3f2c348\" data-element_type=\"section\" data-e-type=\"section\" data-settings=\"{&quot;background_background&quot;:&quot;classic&quot;}\">\n\t\t\t\t\t\t<div class=\"elementor-container elementor-column-gap-default\">\n\t\t\t\t\t<div class=\"elementor-column elementor-col-100 elementor-top-column elementor-element elementor-element-2cef154\" data-id=\"2cef154\" data-element_type=\"column\" data-e-type=\"column\">\n\t\t\t<div class=\"elementor-widget-wrap elementor-element-populated\">\n\t\t\t\t\t\t<div class=\"elementor-element elementor-element-02a7822 elementor-widget elementor-widget-heading\" data-id=\"02a7822\" data-element_type=\"widget\" data-e-type=\"widget\" data-widget_type=\"heading.default\">\n\t\t\t\t<div class=\"elementor-widget-container\">\n\t\t\t\t\t<h2 class=\"elementor-heading-title elementor-size-default\">F\u0103c\u00e2nd bine cu cump\u0103r\u0103turile tale<\/h2>\t\t\t\t<\/div>\n\t\t\t\t<\/div>\n\t\t\t\t<div class=\"elementor-element elementor-element-7cc7aaa elementor-widget elementor-widget-text-editor\" data-id=\"7cc7aaa\" data-element_type=\"widget\" data-e-type=\"widget\" data-widget_type=\"text-editor.default\">\n\t\t\t\t<div class=\"elementor-widget-container\">\n\t\t\t\t\t\t\t\t\t<p>\u00ce\u021bi place s\u0103 faci cump\u0103r\u0103turi? Preferabil online? De ce s\u0103 nu face\u021bi cump\u0103r\u0103turi \u0219i, \u00een acela\u0219i timp, s\u0103 face\u021bi ceva pentru o cauz\u0103 bun\u0103? Atunci c\u00e2nd cump\u0103ra\u021bi de la unul dintre magazinele online enumerate mai jos, ajuta\u021bi \u0219i Asocia\u021bia pentru protec\u021bia animalelor din Bremerhaven s\u0103 aib\u0103 grij\u0103 de numero\u0219ii s\u0103i proteja\u021bi \u0219i contribui\u021bi la bun\u0103starea animalelor. Asta \u00eenseamn\u0103 cump\u0103r\u0103turi cu un sentiment pl\u0103cut.<\/p>\t\t\t\t\t\t\t\t<\/div>\n\t\t\t\t<\/div>\n\t\t\t\t<div class=\"elementor-element elementor-element-4893fd1 elementor-widget elementor-widget-image\" data-id=\"4893fd1\" data-element_type=\"widget\" data-e-type=\"widget\" data-widget_type=\"image.default\">\n\t\t\t\t<div class=\"elementor-widget-container\">\n\t\t\t\t\t\t\t\t\t\t\t\t\t\t\t<img decoding=\"async\" width=\"300\" height=\"86\" src=\"https:\/\/www.tierschutz-bremerhaven.eu\/wp-content\/uploads\/2021\/06\/Amazon-smile.jpg\" class=\"attachment-medium size-medium wp-image-2611\" alt=\"\" \/>\t\t\t\t\t\t\t\t\t\t\t\t\t\t\t<\/div>\n\t\t\t\t<\/div>\n\t\t\t\t<div class=\"elementor-element elementor-element-b195fe8 elementor-widget elementor-widget-text-editor\" data-id=\"b195fe8\" data-element_type=\"widget\" data-e-type=\"widget\" data-widget_type=\"text-editor.default\">\n\t\t\t\t<div class=\"elementor-widget-container\">\n\t\t\t\t\t\t\t\t\t<p>AmazonSmile este programul de caritate al Amazon \u0219i o modalitate u\u0219oar\u0103 de a sprijini Ad\u0103postul de animale Bremerhaven cu fiecare achizi\u021bie. Nu trebuie dec\u00e2t s\u0103 face\u021bi urm\u0103toarea achizi\u021bie online prin AmazonSmile \u0219i s\u0103 selecta\u021bi \"Tierschutzverein Bremerhaven\" ca organiza\u021bie. Amazon va transfera 0,5% din valoarea achizi\u021biei dumneavoastr\u0103 c\u0103tre noi \u0219i, astfel, c\u0103tre proteja\u021bii no\u0219tri. Nu exist\u0103 costuri suplimentare pentru dumneavoastr\u0103.<\/p><p><strong>Face\u021bi clic aici pentru a merge la AmazonSmile<\/strong><\/p><p>AmazonSmile poate fi folosit \u0219i de utilizatorii de Android \u0219i iPhone \u00een aplica\u021bie. Pentru a face acest lucru, deschide\u021bi set\u0103rile din aplica\u021bia Amazon Shopping. Acolo pute\u021bi activa AmazonSmile \u0219i pute\u021bi selecta \"Tierschutzverein Bremerhaven\".<\/p>\t\t\t\t\t\t\t\t<\/div>\n\t\t\t\t<\/div>\n\t\t\t\t<div class=\"elementor-element elementor-element-e47f4ca elementor-widget elementor-widget-image\" data-id=\"e47f4ca\" data-element_type=\"widget\" data-e-type=\"widget\" data-widget_type=\"image.default\">\n\t\t\t\t<div class=\"elementor-widget-container\">\n\t\t\t\t\t\t\t\t\t\t\t\t\t\t\t<img fetchpriority=\"high\" decoding=\"async\" width=\"300\" height=\"300\" src=\"https:\/\/www.tierschutz-bremerhaven.eu\/wp-content\/uploads\/2021\/06\/gooding.jpg\" class=\"attachment-medium size-medium wp-image-2612\" alt=\"\" srcset=\"https:\/\/www.tierschutz-bremerhaven.eu\/wp-content\/uploads\/2021\/06\/gooding.jpg 300w, https:\/\/www.tierschutz-bremerhaven.eu\/wp-content\/uploads\/2021\/06\/gooding-150x150.jpg 150w\" sizes=\"(max-width: 300px) 100vw, 300px\" \/>\t\t\t\t\t\t\t\t\t\t\t\t\t\t\t<\/div>\n\t\t\t\t<\/div>\n\t\t\t\t<div class=\"elementor-element elementor-element-0d17d5f elementor-widget elementor-widget-text-editor\" data-id=\"0d17d5f\" data-element_type=\"widget\" data-e-type=\"widget\" data-widget_type=\"text-editor.default\">\n\t\t\t\t<div class=\"elementor-widget-container\">\n\t\t\t\t\t\t\t\t\t<p>Gooding v\u0103 permite s\u0103 sprijini\u021bi ad\u0103postul de animale din Bremerhaven. Ceea ce este deosebit este c\u0103 nu v\u0103 va costa niciun cent \u00een plus \u0219i nu trebuie s\u0103 v\u0103 \u00eenregistra\u021bi la Gooding pentru a ne ajuta. Pur \u0219i simplu face\u021bi cump\u0103r\u0103turi prin Gooding \u00eentr-unul dintre cele 1.767 de magazine online conectate \u00een prezent, iar ad\u0103postul de animale din Bremerhaven va primi sprijin financiar.<\/p><p><strong>Click aici pentru a merge la pagina noastr\u0103 Gooding<\/strong><\/p>\t\t\t\t\t\t\t\t<\/div>\n\t\t\t\t<\/div>\n\t\t\t\t<div class=\"elementor-element elementor-element-fee7e34 elementor-widget elementor-widget-image\" data-id=\"fee7e34\" data-element_type=\"widget\" data-e-type=\"widget\" data-widget_type=\"image.default\">\n\t\t\t\t<div class=\"elementor-widget-container\">\n\t\t\t\t\t\t\t\t\t\t\t\t\t\t\t<img decoding=\"async\" width=\"150\" height=\"200\" src=\"https:\/\/www.tierschutz-bremerhaven.eu\/wp-content\/uploads\/2021\/06\/WeCanHelp.jpg\" class=\"attachment-medium size-medium wp-image-2613\" alt=\"\" \/>\t\t\t\t\t\t\t\t\t\t\t\t\t\t\t<\/div>\n\t\t\t\t<\/div>\n\t\t\t\t<div class=\"elementor-element elementor-element-9f5ae11 elementor-widget elementor-widget-text-editor\" data-id=\"9f5ae11\" data-element_type=\"widget\" data-e-type=\"widget\" data-widget_type=\"text-editor.default\">\n\t\t\t\t<div class=\"elementor-widget-container\">\n\t\t\t\t\t\t\t\t\t<p>WeCanHelp v\u0103 permite s\u0103 sprijini\u021bi ad\u0103postul de animale din Bremerhaven. Lucrul special: nu v\u0103 va costa niciun cent \u00een plus \u0219i nu trebuie s\u0103 v\u0103 \u00eenregistra\u021bi la WeCanHelp pentru a ne ajuta. Pur \u0219i simplu face\u021bi viitoarele cump\u0103r\u0103turi prin WeCanHelp \u00eentr-unul dintre cele 1.720 de magazine online conectate \u00een prezent, iar ad\u0103postul de animale din Bremerhaven va primi sprijin financiar.<\/p><p><strong>Face\u021bi clic aici pentru a merge la pagina noastr\u0103 WeCanHelp<\/strong><\/p>\t\t\t\t\t\t\t\t<\/div>\n\t\t\t\t<\/div>\n\t\t\t\t\t<\/div>\n\t\t<\/div>\n\t\t\t\t\t<\/div>\n\t\t<\/section>\n\t\t\t\t<\/div>","protected":false},"excerpt":{"rendered":"<p>Beim Einkauf Gutes tun Sie shoppen gerne? Am liebsten online? Warum nicht einkaufen und dabei etwas f\u00fcr den guten Zweck tun? Wenn Sie bei einem der unten genannten Onlineshops einkaufen, helfen Sie gleichzeitig dem Tierschutzverein Bremerhaven seine vielen Sch\u00fctzlinge zu versorgen und leisten Ihren Beitrag zum Tierschutz. Das ist Shopping mit gutem Gef\u00fchl. AmazonSmile ist [&hellip;]<\/p>\n","protected":false},"author":3,"featured_media":0,"parent":0,"menu_order":0,"comment_status":"closed","ping_status":"closed","template":"","meta":{"footnotes":""},"class_list":["post-2602","page","type-page","status-publish","hentry"],"_links":{"self":[{"href":"https:\/\/www.tierschutz-bremerhaven.eu\/ro\/wp-json\/wp\/v2\/pages\/2602","targetHints":{"allow":["GET"]}}],"collection":[{"href":"https:\/\/www.tierschutz-bremerhaven.eu\/ro\/wp-json\/wp\/v2\/pages"}],"about":[{"href":"https:\/\/www.tierschutz-bremerhaven.eu\/ro\/wp-json\/wp\/v2\/types\/page"}],"author":[{"embeddable":true,"href":"https:\/\/www.tierschutz-bremerhaven.eu\/ro\/wp-json\/wp\/v2\/users\/3"}],"replies":[{"embeddable":true,"href":"https:\/\/www.tierschutz-bremerhaven.eu\/ro\/wp-json\/wp\/v2\/comments?post=2602"}],"version-history":[{"count":10,"href":"https:\/\/www.tierschutz-bremerhaven.eu\/ro\/wp-json\/wp\/v2\/pages\/2602\/revisions"}],"predecessor-version":[{"id":2616,"href":"https:\/\/www.tierschutz-bremerhaven.eu\/ro\/wp-json\/wp\/v2\/pages\/2602\/revisions\/2616"}],"wp:attachment":[{"href":"https:\/\/www.tierschutz-bremerhaven.eu\/ro\/wp-json\/wp\/v2\/media?parent=2602"}],"curies":[{"name":"wp","href":"https:\/\/api.w.org\/{rel}","templated":true}]}}