{"id":2617,"date":"2021-06-22T11:27:48","date_gmt":"2021-06-22T11:27:48","guid":{"rendered":"https:\/\/tierschutz-bremerhaven.eu\/?page_id=2617"},"modified":"2021-09-28T11:30:01","modified_gmt":"2021-09-28T11:30:01","slug":"cutii-de-donatii-alimentare","status":"publish","type":"page","link":"https:\/\/www.tierschutz-bremerhaven.eu\/ro\/futterspendenboxen","title":{"rendered":"Cutii pentru dona\u021bii de alimente"},"content":{"rendered":"<div data-elementor-type=\"wp-page\" data-elementor-id=\"2617\" class=\"elementor elementor-2617\" data-elementor-post-type=\"page\">\n\t\t\t\t\t\t<section class=\"elementor-section elementor-top-section elementor-element elementor-element-3f2c348 elementor-section-boxed elementor-section-height-default elementor-section-height-default\" data-id=\"3f2c348\" data-element_type=\"section\" data-e-type=\"section\" data-settings=\"{&quot;background_background&quot;:&quot;classic&quot;}\">\n\t\t\t\t\t\t<div class=\"elementor-container elementor-column-gap-default\">\n\t\t\t\t\t<div class=\"elementor-column elementor-col-100 elementor-top-column elementor-element elementor-element-2cef154\" data-id=\"2cef154\" data-element_type=\"column\" data-e-type=\"column\">\n\t\t\t<div class=\"elementor-widget-wrap elementor-element-populated\">\n\t\t\t\t\t\t<div class=\"elementor-element elementor-element-02a7822 elementor-widget elementor-widget-heading\" data-id=\"02a7822\" data-element_type=\"widget\" data-e-type=\"widget\" data-widget_type=\"heading.default\">\n\t\t\t\t<div class=\"elementor-widget-container\">\n\t\t\t\t\t<h2 class=\"elementor-heading-title elementor-size-default\">Cutii de dona\u021bii de alimente \u00een supermarketuri<\/h2>\t\t\t\t<\/div>\n\t\t\t\t<\/div>\n\t\t\t\t<div class=\"elementor-element elementor-element-7cc7aaa elementor-widget elementor-widget-text-editor\" data-id=\"7cc7aaa\" data-element_type=\"widget\" data-e-type=\"widget\" data-widget_type=\"text-editor.default\">\n\t\t\t\t<div class=\"elementor-widget-container\">\n\t\t\t\t\t\t\t\t\t<p>Am fi \u00eenc\u00e2nta\u021bi dac\u0103 v-a\u021bi g\u00e2ndi la animalele din ad\u0103postul nostru atunci c\u00e2nd face\u021bi cump\u0103r\u0103turi \u0219i ne ajuta\u021bi s\u0103 umple\u021bi cutiile cu alimente. Aceste dona\u021bii sunt colectate \u00een mod regulat \u0219i ofer\u0103 animalelor noastre o varietate \u00een dieta lor.<\/p>\n<p>Am amplasat cutiile noastre de dona\u021bii \u00een zonele de intrare ale urm\u0103toarelor supermarketuri:<\/p>\n<ol>\n<li>DM Langen\/ Bremerhaven Rheinstr. \/ Bremerhaven Elbestr.<\/li>\n<li>Real Spaden<\/li>\n<li>Fressnapf Spaden<\/li>\n<li>Casa de hr\u0103nire<\/li>\n<li>Edeka: Schiffdorfer-Chaussee, Roter Sand, Weserstr., Georg-Seebeck-Str.<\/li>\n<li>Kaufland Wulsdorf<br><\/li>\n<\/ol>\n<p><br><\/p>\n<p>Suntem \u00eenc\u00e2nta\u021bi c\u00e2nd se adaug\u0103 noi loca\u021bii \u0219i, bine\u00een\u021beles, dorim s\u0103 mul\u021bumim managerului de magazin pentru c\u0103 a f\u0103cut acest lucru posibil.<\/p>\n<p>Dac\u0103 sunte\u021bi de asemenea interesa\u021bi s\u0103 \u00eenfiin\u021ba\u021bi o cutie de dona\u021bii de alimente, v\u0103 rug\u0103m s\u0103 ne contacta\u021bi la num\u0103rul de telefon 0471 - 8 32 57. \u00cen afara orelor de func\u021bionare, pute\u021bi l\u0103sa un mesaj pe robotul nostru telefonic. Ve\u021bi fi sunat \u00eenapoi imediat.<\/p>\t\t\t\t\t\t\t\t<\/div>\n\t\t\t\t<\/div>\n\t\t\t\t\t<\/div>\n\t\t<\/div>\n\t\t\t\t\t<\/div>\n\t\t<\/section>\n\t\t\t\t<\/div>","protected":false},"excerpt":{"rendered":"<p>Futterspendenboxen in Superm\u00e4rkten Wir freuen uns, wenn Sie bei Ihrem Einkauf auch an unsere Tierheimtiere denken und helfen, unsere Futterboxen zu f\u00fcllen. Diese Spenden werden regelm\u00e4\u00dfig eingesammelt und bieten unseren Tieren Abwechslung auf dem Speiseplan. In den Eingangsbereichen folgender Superm\u00e4rkte haben wir unsere Spendenboxen aufgestellt: DM Langen\/ Bremerhaven Rheinstr. \/ Bremerhaven Elbestr. Real Spaden Fressnapf [&hellip;]<\/p>\n","protected":false},"author":3,"featured_media":0,"parent":0,"menu_order":0,"comment_status":"closed","ping_status":"closed","template":"","meta":{"footnotes":""},"class_list":["post-2617","page","type-page","status-publish","hentry"],"_links":{"self":[{"href":"https:\/\/www.tierschutz-bremerhaven.eu\/ro\/wp-json\/wp\/v2\/pages\/2617","targetHints":{"allow":["GET"]}}],"collection":[{"href":"https:\/\/www.tierschutz-bremerhaven.eu\/ro\/wp-json\/wp\/v2\/pages"}],"about":[{"href":"https:\/\/www.tierschutz-bremerhaven.eu\/ro\/wp-json\/wp\/v2\/types\/page"}],"author":[{"embeddable":true,"href":"https:\/\/www.tierschutz-bremerhaven.eu\/ro\/wp-json\/wp\/v2\/users\/3"}],"replies":[{"embeddable":true,"href":"https:\/\/www.tierschutz-bremerhaven.eu\/ro\/wp-json\/wp\/v2\/comments?post=2617"}],"version-history":[{"count":25,"href":"https:\/\/www.tierschutz-bremerhaven.eu\/ro\/wp-json\/wp\/v2\/pages\/2617\/revisions"}],"predecessor-version":[{"id":4950,"href":"https:\/\/www.tierschutz-bremerhaven.eu\/ro\/wp-json\/wp\/v2\/pages\/2617\/revisions\/4950"}],"wp:attachment":[{"href":"https:\/\/www.tierschutz-bremerhaven.eu\/ro\/wp-json\/wp\/v2\/media?parent=2617"}],"curies":[{"name":"wp","href":"https:\/\/api.w.org\/{rel}","templated":true}]}}