{"id":2627,"date":"2021-06-22T12:00:10","date_gmt":"2021-06-22T12:00:10","guid":{"rendered":"https:\/\/tierschutz-bremerhaven.eu\/?page_id=2627"},"modified":"2021-11-01T12:35:51","modified_gmt":"2021-11-01T12:35:51","slug":"sponsorizare","status":"publish","type":"page","link":"https:\/\/www.tierschutz-bremerhaven.eu\/ro\/patenschaft","title":{"rendered":"Sponsorizare"},"content":{"rendered":"<div data-elementor-type=\"wp-page\" data-elementor-id=\"2627\" class=\"elementor elementor-2627\" data-elementor-post-type=\"page\">\n\t\t\t\t\t\t<section class=\"elementor-section elementor-top-section elementor-element elementor-element-3f2c348 elementor-section-boxed elementor-section-height-default elementor-section-height-default\" data-id=\"3f2c348\" data-element_type=\"section\" data-e-type=\"section\" data-settings=\"{&quot;background_background&quot;:&quot;classic&quot;}\">\n\t\t\t\t\t\t<div class=\"elementor-container elementor-column-gap-default\">\n\t\t\t\t\t<div class=\"elementor-column elementor-col-100 elementor-top-column elementor-element elementor-element-2cef154\" data-id=\"2cef154\" data-element_type=\"column\" data-e-type=\"column\">\n\t\t\t<div class=\"elementor-widget-wrap elementor-element-populated\">\n\t\t\t\t\t\t<div class=\"elementor-element elementor-element-02a7822 elementor-widget elementor-widget-heading\" data-id=\"02a7822\" data-element_type=\"widget\" data-e-type=\"widget\" data-widget_type=\"heading.default\">\n\t\t\t\t<div class=\"elementor-widget-container\">\n\t\t\t\t\t<h2 class=\"elementor-heading-title elementor-size-default\">Sponsorizare<\/h2>\t\t\t\t<\/div>\n\t\t\t\t<\/div>\n\t\t\t\t<div class=\"elementor-element elementor-element-7cc7aaa elementor-widget elementor-widget-text-editor\" data-id=\"7cc7aaa\" data-element_type=\"widget\" data-e-type=\"widget\" data-widget_type=\"text-editor.default\">\n\t\t\t\t<div class=\"elementor-widget-container\">\n\t\t\t\t\t\t\t\t\t<p>Sus\u021bine\u021bi ad\u0103postul de animale din Bremerhaven \u0219i animalele sale cu o sponsorizare. Pentru doar 10 euro pe lun\u0103, pute\u021bi face foarte mult pentru animalele noastre \u0219i ne pute\u021bi ajuta s\u0103 ne \u00eengrijim reziden\u021bii ad\u0103postului - cu hran\u0103, medicamente \u0219i dragoste.<\/p>\n<p>Dori\u021bi s\u0103 sponsoriza\u021bi un animal? Persoana c\u0103reia dori\u021bi s\u0103 \u00eei oferi\u021bi cadoul are un animal preferat? Oferi\u021bi darul de sponsorizare a unui animal \u0219i ajuta\u021bi-ne s\u0103 avem grij\u0103 de el.<\/p>\n<p><strong>Contribu\u021biile lunare pentru o sponsorizare de animale pentru un anumit grup de animale sunt dup\u0103 cum urmeaz\u0103:<\/strong><\/p>\n<ul>\n<li>10 Euro pentru animale mici<\/li>\n<li>20 de euro pentru pisici<\/li>\n<li>25 de euro pentru c\u00e2ini, porci, capre, oi \u0219i capre<\/li>\n<li>30 Euro pentru cai<\/li>\n<\/ul>\n<p><br><\/p><p>Dac\u0103 dori\u021bi, sunte\u021bi bineveni\u021bi s\u0103 dona\u021bi mai mult. V\u0103 mul\u021bumim foarte mult!<\/p>\n<p>Dac\u0103 sunte\u021bi interesat, v\u0103 rug\u0103m s\u0103 ne contacta\u021bi la ad\u0103postul de animale la Tel. <a href=\"tel:047183257\">0471 \u2013 8 32 57<\/a>. \u00cen afara orelor de func\u021bionare, pute\u021bi l\u0103sa un mesaj pe robotul nostru telefonic. Ve\u021bi fi sunat \u00eenapoi imediat.<\/p>\t\t\t\t\t\t\t\t<\/div>\n\t\t\t\t<\/div>\n\t\t\t\t\t<\/div>\n\t\t<\/div>\n\t\t\t\t\t<\/div>\n\t\t<\/section>\n\t\t\t\t<\/div>","protected":false},"excerpt":{"rendered":"<p>Patenschaft Unterst\u00fctzen Sie das Tierheim Bremerhaven und seine Tiere mit einer Patenschaft. Bereits ab 10 Euro im Monat k\u00f6nnen Sie sehr viel f\u00fcr unsere Tiere tun und helfen uns, unsere Tierheimbewohner zu versorgen \u2013 mit Futter, Medizin und Liebe. M\u00f6chten Sie jemanden mit einer Tierpatenschaft beschenken? Diese Person, die Sie beschenken m\u00f6chten, hat ein Lieblingstier? [&hellip;]<\/p>\n","protected":false},"author":3,"featured_media":0,"parent":0,"menu_order":0,"comment_status":"closed","ping_status":"closed","template":"","meta":{"footnotes":""},"class_list":["post-2627","page","type-page","status-publish","hentry"],"_links":{"self":[{"href":"https:\/\/www.tierschutz-bremerhaven.eu\/ro\/wp-json\/wp\/v2\/pages\/2627","targetHints":{"allow":["GET"]}}],"collection":[{"href":"https:\/\/www.tierschutz-bremerhaven.eu\/ro\/wp-json\/wp\/v2\/pages"}],"about":[{"href":"https:\/\/www.tierschutz-bremerhaven.eu\/ro\/wp-json\/wp\/v2\/types\/page"}],"author":[{"embeddable":true,"href":"https:\/\/www.tierschutz-bremerhaven.eu\/ro\/wp-json\/wp\/v2\/users\/3"}],"replies":[{"embeddable":true,"href":"https:\/\/www.tierschutz-bremerhaven.eu\/ro\/wp-json\/wp\/v2\/comments?post=2627"}],"version-history":[{"count":28,"href":"https:\/\/www.tierschutz-bremerhaven.eu\/ro\/wp-json\/wp\/v2\/pages\/2627\/revisions"}],"predecessor-version":[{"id":5545,"href":"https:\/\/www.tierschutz-bremerhaven.eu\/ro\/wp-json\/wp\/v2\/pages\/2627\/revisions\/5545"}],"wp:attachment":[{"href":"https:\/\/www.tierschutz-bremerhaven.eu\/ro\/wp-json\/wp\/v2\/media?parent=2627"}],"curies":[{"name":"wp","href":"https:\/\/api.w.org\/{rel}","templated":true}]}}