{"id":2640,"date":"2021-06-22T12:05:59","date_gmt":"2021-06-22T12:05:59","guid":{"rendered":"https:\/\/tierschutz-bremerhaven.eu\/?page_id=2640"},"modified":"2023-07-19T06:25:55","modified_gmt":"2023-07-19T06:25:55","slug":"donatie-in-natura","status":"publish","type":"page","link":"https:\/\/www.tierschutz-bremerhaven.eu\/ro\/sachspende","title":{"rendered":"Dona\u021bie \u00een natur\u0103"},"content":{"rendered":"<div data-elementor-type=\"wp-page\" data-elementor-id=\"2640\" class=\"elementor elementor-2640\" data-elementor-post-type=\"page\">\n\t\t\t\t\t\t<section class=\"elementor-section elementor-top-section elementor-element elementor-element-3f2c348 elementor-section-boxed elementor-section-height-default elementor-section-height-default\" data-id=\"3f2c348\" data-element_type=\"section\" data-e-type=\"section\" data-settings=\"{&quot;background_background&quot;:&quot;classic&quot;}\">\n\t\t\t\t\t\t<div class=\"elementor-container elementor-column-gap-default\">\n\t\t\t\t\t<div class=\"elementor-column elementor-col-100 elementor-top-column elementor-element elementor-element-2cef154\" data-id=\"2cef154\" data-element_type=\"column\" data-e-type=\"column\">\n\t\t\t<div class=\"elementor-widget-wrap elementor-element-populated\">\n\t\t\t\t\t\t<div class=\"elementor-element elementor-element-02a7822 elementor-widget elementor-widget-heading\" data-id=\"02a7822\" data-element_type=\"widget\" data-e-type=\"widget\" data-widget_type=\"heading.default\">\n\t\t\t\t<div class=\"elementor-widget-container\">\n\t\t\t\t\t<h2 class=\"elementor-heading-title elementor-size-default\">Dona\u021bie \u00een natur\u0103<\/h2>\t\t\t\t<\/div>\n\t\t\t\t<\/div>\n\t\t\t\t<div class=\"elementor-element elementor-element-7cc7aaa elementor-widget elementor-widget-text-editor\" data-id=\"7cc7aaa\" data-element_type=\"widget\" data-e-type=\"widget\" data-widget_type=\"text-editor.default\">\n\t\t\t\t<div class=\"elementor-widget-container\">\n\t\t\t\t\t\t\t\t\t<p>Ad\u0103postul de animale din Bremerhaven se bucur\u0103 de <b>fiecare<\/b> Dona\u021bie! Suntem finan\u021ba\u021bi aproape exclusiv din dona\u021bii \u0219i suntem foarte recunosc\u0103tori pentru sprijinul dumneavoastr\u0103.<\/p>\n<p>Fie c\u0103 este vorba de un os de mestecat, un pat pentru pisici sau o pe\u0219ter\u0103 pentru iepuri - ajuta\u021bi-ne s\u0103 avem grij\u0103 de animalele de companie din ad\u0103posturile noastre \u0219i, poate, s\u0103 le \u00eendeplinim o dorin\u021b\u0103 special\u0103.<br>Suntem bucuro\u0219i s\u0103 primim hran\u0103 pentru animale de companie, accesorii pentru animale de companie, prosoape \u0219i p\u0103turi. Nu accept\u0103m articole conven\u021bionale din pia\u021ba de vechituri din lips\u0103 de spa\u021biu. Am rezumat \u00een \"lista de dorin\u021be\" articolele de care este nevoie \u00een mod special \u00een prezent la ad\u0103postul de animale din Bremerhaven.<\/p>\n<p>La intrarea principal\u0103 a ad\u0103postului de animale se afl\u0103 o cutie ro\u0219ie pentru dona\u021bii. Pute\u021bi l\u0103sa dona\u021bia dvs. aici \u00een orice moment. Bine\u00een\u021beles, cutia noastr\u0103 de dona\u021bii este golit\u0103 zilnic. V\u0103 rug\u0103m s\u0103 ne oferi\u021bi doar dona\u021bii \u00een natur\u0103 pe care le putem folosi cu adev\u0103rat. Din motive de igien\u0103, nu putem folosi obiecte defecte sau foarte murdare sau alimente care au fost deja deschise. V\u0103 mul\u021bumim pentru \u00een\u021belegere.<\/p>\n<p>\u00cen cazul dona\u021biilor \u00een natur\u0103, se poate emite o chitan\u021b\u0103 de dona\u021bie numai dac\u0103 articolele sunt noi \u0219i dac\u0103 este disponibil\u0103 chitan\u021ba de cump\u0103rare original\u0103 cu pre\u021bul de achizi\u021bie. Dac\u0103 dori\u021bi o chitan\u021b\u0103 de dona\u021bie, v\u0103 rug\u0103m s\u0103 v\u0103 adresa\u021bi personalului nostru de la biroul de \u00eenregistrare sau s\u0103 l\u0103sa\u021bi un bilet \u00een cutia noastr\u0103 po\u0219tal\u0103.<\/p>\n<p><strong>V\u0103 mul\u021bumesc foarte mult pentru ajutor!<br><\/strong><br>Dac\u0103 ave\u021bi \u00eentreb\u0103ri, v\u0103 rug\u0103m s\u0103 ne contacta\u021bi la ad\u0103postul de animale pe Tel. <a href=\"tel:047183257\">0471 \u2013 8 32 57<\/a>. \u00cen afara orelor de func\u021bionare, pute\u021bi l\u0103sa un mesaj pe robotul nostru telefonic. Ve\u021bi fi sunat \u00eenapoi imediat.<\/p>\t\t\t\t\t\t\t\t<\/div>\n\t\t\t\t<\/div>\n\t\t\t\t<div class=\"elementor-element elementor-element-6e99d73 elementor-widget elementor-widget-heading\" data-id=\"6e99d73\" data-element_type=\"widget\" data-e-type=\"widget\" data-widget_type=\"heading.default\">\n\t\t\t\t<div class=\"elementor-widget-container\">\n\t\t\t\t\t<h2 class=\"elementor-heading-title elementor-size-default\">Dona\u021bie \u00een natur\u0103 prin amazon<\/h2>\t\t\t\t<\/div>\n\t\t\t\t<\/div>\n\t\t\t\t<section class=\"elementor-section elementor-inner-section elementor-element elementor-element-152abfe elementor-section-content-middle elementor-section-boxed elementor-section-height-default elementor-section-height-default\" data-id=\"152abfe\" data-element_type=\"section\" data-e-type=\"section\">\n\t\t\t\t\t\t<div class=\"elementor-container elementor-column-gap-no\">\n\t\t\t\t\t<div class=\"elementor-column elementor-col-50 elementor-inner-column elementor-element elementor-element-1f0028b\" data-id=\"1f0028b\" data-element_type=\"column\" data-e-type=\"column\">\n\t\t\t<div class=\"elementor-widget-wrap elementor-element-populated\">\n\t\t\t\t\t\t<div class=\"elementor-element elementor-element-dc062c4 elementor-widget elementor-widget-image\" data-id=\"dc062c4\" data-element_type=\"widget\" data-e-type=\"widget\" data-widget_type=\"image.default\">\n\t\t\t\t<div class=\"elementor-widget-container\">\n\t\t\t\t\t\t\t\t\t\t\t\t\t\t\t\t<a href=\"https:\/\/www.amazon.de\/hz\/wishlist\/ls\/38YS7AHGU91G8?fbclid=IwAR3JGQdBqoeOUbr9tfflwvKsH-ubZR5uq1GhugoVebp6QwmJX8yYQtu2sdM\" target=\"_blank\">\n\t\t\t\t\t\t\t<img decoding=\"async\" width=\"150\" height=\"78\" src=\"https:\/\/www.tierschutz-bremerhaven.eu\/wp-content\/uploads\/2021\/09\/amazon_button.jpg\" class=\"attachment-large size-large wp-image-3954\" alt=\"\" \/>\t\t\t\t\t\t\t\t<\/a>\n\t\t\t\t\t\t\t\t\t\t\t\t\t\t\t<\/div>\n\t\t\t\t<\/div>\n\t\t\t\t\t<\/div>\n\t\t<\/div>\n\t\t\t\t<div class=\"elementor-column elementor-col-50 elementor-inner-column elementor-element elementor-element-167e860\" data-id=\"167e860\" data-element_type=\"column\" data-e-type=\"column\">\n\t\t\t<div class=\"elementor-widget-wrap elementor-element-populated\">\n\t\t\t\t\t\t<div class=\"elementor-element elementor-element-556736e elementor-widget elementor-widget-text-editor\" data-id=\"556736e\" data-element_type=\"widget\" data-e-type=\"widget\" data-widget_type=\"text-editor.default\">\n\t\t\t\t<div class=\"elementor-widget-container\">\n\t\t\t\t\t\t\t\t\t<p>V\u0103 rug\u0103m s\u0103 da\u021bi click pe buton!<\/p>\t\t\t\t\t\t\t\t<\/div>\n\t\t\t\t<\/div>\n\t\t\t\t\t<\/div>\n\t\t<\/div>\n\t\t\t\t\t<\/div>\n\t\t<\/section>\n\t\t\t\t<div class=\"elementor-element elementor-element-417f8fd elementor-widget elementor-widget-heading\" data-id=\"417f8fd\" data-element_type=\"widget\" data-e-type=\"widget\" data-widget_type=\"heading.default\">\n\t\t\t\t<div class=\"elementor-widget-container\">\n\t\t\t\t\t<h2 class=\"elementor-heading-title elementor-size-default\">Dona\u021bie \u00een natur\u0103 prin intermediul zookauf Bremen-Aumund<\/h2>\t\t\t\t<\/div>\n\t\t\t\t<\/div>\n\t\t\t\t<section class=\"elementor-section elementor-inner-section elementor-element elementor-element-f91e462 elementor-section-content-middle elementor-section-boxed elementor-section-height-default elementor-section-height-default\" data-id=\"f91e462\" data-element_type=\"section\" data-e-type=\"section\">\n\t\t\t\t\t\t<div class=\"elementor-container elementor-column-gap-no\">\n\t\t\t\t\t<div class=\"elementor-column elementor-col-50 elementor-inner-column elementor-element elementor-element-0627216\" data-id=\"0627216\" data-element_type=\"column\" data-e-type=\"column\">\n\t\t\t<div class=\"elementor-widget-wrap elementor-element-populated\">\n\t\t\t\t\t\t<div class=\"elementor-element elementor-element-fd8e0cc elementor-widget elementor-widget-image\" data-id=\"fd8e0cc\" data-element_type=\"widget\" data-e-type=\"widget\" data-widget_type=\"image.default\">\n\t\t\t\t<div class=\"elementor-widget-container\">\n\t\t\t\t\t\t\t\t\t\t\t\t\t\t\t\t<a href=\"https:\/\/www.zookauf-aumund.de\/publicwish\/JcwblERvHYw5O42d?utm_source=wishlist&#038;utm_medium=referral&#038;utm_campaign=JcwblERvHYw5O42d\" target=\"_blank\">\n\t\t\t\t\t\t\t<img decoding=\"async\" width=\"150\" height=\"78\" src=\"https:\/\/www.tierschutz-bremerhaven.eu\/wp-content\/uploads\/2023\/07\/zookauf_logo-web.png\" class=\"attachment-large size-large wp-image-8707\" alt=\"\" \/>\t\t\t\t\t\t\t\t<\/a>\n\t\t\t\t\t\t\t\t\t\t\t\t\t\t\t<\/div>\n\t\t\t\t<\/div>\n\t\t\t\t\t<\/div>\n\t\t<\/div>\n\t\t\t\t<div class=\"elementor-column elementor-col-50 elementor-inner-column elementor-element elementor-element-45ef8b9\" data-id=\"45ef8b9\" data-element_type=\"column\" data-e-type=\"column\">\n\t\t\t<div class=\"elementor-widget-wrap elementor-element-populated\">\n\t\t\t\t\t\t<div class=\"elementor-element elementor-element-e32fbd4 elementor-widget elementor-widget-text-editor\" data-id=\"e32fbd4\" data-element_type=\"widget\" data-e-type=\"widget\" data-widget_type=\"text-editor.default\">\n\t\t\t\t<div class=\"elementor-widget-container\">\n\t\t\t\t\t\t\t\t\t<p>V\u0103 rug\u0103m s\u0103 da\u021bi click pe buton!<\/p>\t\t\t\t\t\t\t\t<\/div>\n\t\t\t\t<\/div>\n\t\t\t\t\t<\/div>\n\t\t<\/div>\n\t\t\t\t\t<\/div>\n\t\t<\/section>\n\t\t\t\t\t<\/div>\n\t\t<\/div>\n\t\t\t\t\t<\/div>\n\t\t<\/section>\n\t\t\t\t<\/div>","protected":false},"excerpt":{"rendered":"<p>Sachspende Das Tierheim Bremerhaven freut sich \u00fcber jede Zuwendung! Wir finanzieren uns fast ausschlie\u00dflich durch Spenden und freuen uns sehr \u00fcber Ihre Unterst\u00fctzung. Ob Kauknochen, Katzenbettchen, oder Kaninchenh\u00f6hle \u2013 helfen Sie mit, unsere Tierheimsch\u00fctzlinge gut zu versorgen und ihnen vielleicht auch einmal einen besonderen Wunsch zu erf\u00fcllen.Wir freuen uns \u00fcber Tierfutter, Tierzubeh\u00f6r, Handt\u00fccher und Decken. [&hellip;]<\/p>\n","protected":false},"author":3,"featured_media":0,"parent":0,"menu_order":0,"comment_status":"closed","ping_status":"closed","template":"","meta":{"footnotes":""},"class_list":["post-2640","page","type-page","status-publish","hentry"],"_links":{"self":[{"href":"https:\/\/www.tierschutz-bremerhaven.eu\/ro\/wp-json\/wp\/v2\/pages\/2640","targetHints":{"allow":["GET"]}}],"collection":[{"href":"https:\/\/www.tierschutz-bremerhaven.eu\/ro\/wp-json\/wp\/v2\/pages"}],"about":[{"href":"https:\/\/www.tierschutz-bremerhaven.eu\/ro\/wp-json\/wp\/v2\/types\/page"}],"author":[{"embeddable":true,"href":"https:\/\/www.tierschutz-bremerhaven.eu\/ro\/wp-json\/wp\/v2\/users\/3"}],"replies":[{"embeddable":true,"href":"https:\/\/www.tierschutz-bremerhaven.eu\/ro\/wp-json\/wp\/v2\/comments?post=2640"}],"version-history":[{"count":154,"href":"https:\/\/www.tierschutz-bremerhaven.eu\/ro\/wp-json\/wp\/v2\/pages\/2640\/revisions"}],"predecessor-version":[{"id":8716,"href":"https:\/\/www.tierschutz-bremerhaven.eu\/ro\/wp-json\/wp\/v2\/pages\/2640\/revisions\/8716"}],"wp:attachment":[{"href":"https:\/\/www.tierschutz-bremerhaven.eu\/ro\/wp-json\/wp\/v2\/media?parent=2640"}],"curies":[{"name":"wp","href":"https:\/\/api.w.org\/{rel}","templated":true}]}}