{"id":2645,"date":"2021-06-22T12:07:41","date_gmt":"2021-06-22T12:07:41","guid":{"rendered":"https:\/\/tierschutz-bremerhaven.eu\/?page_id=2645"},"modified":"2022-01-26T07:07:51","modified_gmt":"2022-01-26T07:07:51","slug":"tur-virtual","status":"publish","type":"page","link":"https:\/\/www.tierschutz-bremerhaven.eu\/ro\/virtueller-rundgang","title":{"rendered":"Tur virtual"},"content":{"rendered":"<div data-elementor-type=\"wp-page\" data-elementor-id=\"2645\" class=\"elementor elementor-2645\" data-elementor-post-type=\"page\">\n\t\t\t\t\t\t<section class=\"elementor-section elementor-top-section elementor-element elementor-element-3f2c348 elementor-section-boxed elementor-section-height-default elementor-section-height-default\" data-id=\"3f2c348\" data-element_type=\"section\" data-e-type=\"section\" data-settings=\"{&quot;background_background&quot;:&quot;classic&quot;}\">\n\t\t\t\t\t\t<div class=\"elementor-container elementor-column-gap-default\">\n\t\t\t\t\t<div class=\"elementor-column elementor-col-100 elementor-top-column elementor-element elementor-element-2cef154\" data-id=\"2cef154\" data-element_type=\"column\" data-e-type=\"column\">\n\t\t\t<div class=\"elementor-widget-wrap elementor-element-populated\">\n\t\t\t\t\t\t<div class=\"elementor-element elementor-element-02a7822 elementor-widget elementor-widget-heading\" data-id=\"02a7822\" data-element_type=\"widget\" data-e-type=\"widget\" data-widget_type=\"heading.default\">\n\t\t\t\t<div class=\"elementor-widget-container\">\n\t\t\t\t\t<h2 class=\"elementor-heading-title elementor-size-default\">Galerie<\/h2>\t\t\t\t<\/div>\n\t\t\t\t<\/div>\n\t\t\t\t<div class=\"elementor-element elementor-element-7cc7aaa elementor-widget elementor-widget-text-editor\" data-id=\"7cc7aaa\" data-element_type=\"widget\" data-e-type=\"widget\" data-widget_type=\"text-editor.default\">\n\t\t\t\t<div class=\"elementor-widget-container\">\n\t\t\t\t\t\t\t\t\t<p>Tierschutz Bremerhaven e. V. are sediul \u00een Wurster Stra\u00dfe din Speckenb\u00fcttel, cu ad\u0103postul s\u0103u pentru animale din 1958. \u00cen martie 2020, ad\u0103postul nostru pentru animale s-a mutat definitiv \u00een Viel\u00e4nder Weg 137.<\/p>\n<p>Cl\u0103direa se \u00eentinde pe aproape 6.000 de metri p\u0103tra\u021bi \u0219i include un ad\u0103post pentru c\u00e2ini \u0219i pisici, o zon\u0103 pentru p\u0103s\u0103ri, o sta\u021bie pentru animale exotice \u0219i o zon\u0103 pentru roz\u0103toare. \u00cen exterior, exist\u0103 diverse cote\u021be pentru c\u00e2ini, zone de exerci\u021bii, un hotel pentru c\u00e2ini, spa\u021bii pentru roz\u0103toare \u0219i dou\u0103 padocuri. Este \u00een curs de planificare un grajd pentru animalele cu copite, care va fi construit \u00een cursul anului.<\/p>\n<p>V\u0103 rug\u0103m s\u0103 urma\u021bi turul nostru aici \u0219i s\u0103 experimenta\u021bi ad\u0103postul nostru modern pentru animale.<\/p>\t\t\t\t\t\t\t\t<\/div>\n\t\t\t\t<\/div>\n\t\t\t\t\t<\/div>\n\t\t<\/div>\n\t\t\t\t\t<\/div>\n\t\t<\/section>\n\t\t\t\t<section class=\"elementor-section elementor-top-section elementor-element elementor-element-3e5ffec elementor-section-full_width elementor-section-height-default elementor-section-height-default\" data-id=\"3e5ffec\" data-element_type=\"section\" data-e-type=\"section\">\n\t\t\t\t\t\t<div class=\"elementor-container elementor-column-gap-default\">\n\t\t\t\t\t<div class=\"elementor-column elementor-col-100 elementor-top-column elementor-element elementor-element-7791524\" data-id=\"7791524\" data-element_type=\"column\" data-e-type=\"column\">\n\t\t\t<div class=\"elementor-widget-wrap elementor-element-populated\">\n\t\t\t\t\t\t<div class=\"elementor-element elementor-element-397e6d2 elementor-widget elementor-widget-shortcode\" data-id=\"397e6d2\" data-element_type=\"widget\" data-e-type=\"widget\" data-widget_type=\"shortcode.default\">\n\t\t\t\t<div class=\"elementor-widget-container\">\n\t\t\t\t\t\t\t<div class=\"elementor-shortcode\">\t\t<div data-elementor-type=\"single-page\" data-elementor-id=\"3204\" class=\"elementor elementor-3204\" data-elementor-post-type=\"elementor_library\">\n\t\t\t\t\t<section class=\"elementor-section elementor-top-section elementor-element elementor-element-4238f980 elementor-section-boxed elementor-section-height-default elementor-section-height-default\" data-id=\"4238f980\" data-element_type=\"section\" data-e-type=\"section\">\n\t\t\t\t\t\t<div class=\"elementor-container elementor-column-gap-default\">\n\t\t\t\t\t<div class=\"elementor-column elementor-col-100 elementor-top-column elementor-element elementor-element-52cdc0a5\" data-id=\"52cdc0a5\" data-element_type=\"column\" data-e-type=\"column\">\n\t\t\t<div class=\"elementor-widget-wrap elementor-element-populated\">\n\t\t\t\t\t\t<div class=\"elementor-element elementor-element-5921c9f1 elementor-widget elementor-widget-gallery\" data-id=\"5921c9f1\" data-element_type=\"widget\" data-e-type=\"widget\" data-settings=\"{&quot;columns&quot;:&quot;3&quot;,&quot;columns_tablet&quot;:&quot;3&quot;,&quot;gap&quot;:{&quot;unit&quot;:&quot;px&quot;,&quot;size&quot;:&quot;25&quot;,&quot;sizes&quot;:[]},&quot;aspect_ratio&quot;:&quot;1:1&quot;,&quot;lazyload&quot;:&quot;yes&quot;,&quot;gallery_layout&quot;:&quot;grid&quot;,&quot;columns_mobile&quot;:1,&quot;gap_tablet&quot;:{&quot;unit&quot;:&quot;px&quot;,&quot;size&quot;:10,&quot;sizes&quot;:[]},&quot;gap_mobile&quot;:{&quot;unit&quot;:&quot;px&quot;,&quot;size&quot;:10,&quot;sizes&quot;:[]},&quot;link_to&quot;:&quot;file&quot;,&quot;overlay_background&quot;:&quot;yes&quot;,&quot;content_hover_animation&quot;:&quot;fade-in&quot;}\" data-widget_type=\"gallery.default\">\n\t\t\t\t<div class=\"elementor-widget-container\">\n\t\t\t\t\t\t\t<div class=\"elementor-gallery__container\">\n\t\t\t\t\t\t\t<a class=\"e-gallery-item elementor-gallery-item elementor-animated-content\" href=\"https:\/\/www.tierschutz-bremerhaven.eu\/wp-content\/uploads\/2021\/07\/STK3578.jpg\" data-elementor-open-lightbox=\"yes\" data-elementor-lightbox-slideshow=\"5921c9f1\" data-elementor-lightbox-title=\"_STK3578\" data-e-action-hash=\"#elementor-action%3Aaction%3Dlightbox%26settings%3DeyJpZCI6MzM3OCwidXJsIjoiaHR0cHM6XC9cL3d3dy50aWVyc2NodXR6LWJyZW1lcmhhdmVuLmV1XC93cC1jb250ZW50XC91cGxvYWRzXC8yMDIxXC8wN1wvU1RLMzU3OC5qcGciLCJzbGlkZXNob3ciOiI1OTIxYzlmMSJ9\">\n\t\t\t\t\t<div class=\"e-gallery-image elementor-gallery-item__image\" data-thumbnail=\"https:\/\/www.tierschutz-bremerhaven.eu\/wp-content\/uploads\/2021\/07\/STK3578.jpg\" data-width=\"1000\" data-height=\"667\" aria-label=\"\" role=\"img\" ><\/div>\n\t\t\t\t\t\t\t\t\t\t\t<div class=\"elementor-gallery-item__overlay\"><\/div>\n\t\t\t\t\t\t\t\t\t\t\t\t\t\t<\/a>\n\t\t\t\t\t\t\t<a class=\"e-gallery-item elementor-gallery-item elementor-animated-content\" href=\"https:\/\/www.tierschutz-bremerhaven.eu\/wp-content\/uploads\/2021\/07\/STK3588.jpg\" data-elementor-open-lightbox=\"yes\" data-elementor-lightbox-slideshow=\"5921c9f1\" data-elementor-lightbox-title=\"_STK3588\" data-e-action-hash=\"#elementor-action%3Aaction%3Dlightbox%26settings%3DeyJpZCI6MzM3OSwidXJsIjoiaHR0cHM6XC9cL3d3dy50aWVyc2NodXR6LWJyZW1lcmhhdmVuLmV1XC93cC1jb250ZW50XC91cGxvYWRzXC8yMDIxXC8wN1wvU1RLMzU4OC5qcGciLCJzbGlkZXNob3ciOiI1OTIxYzlmMSJ9\">\n\t\t\t\t\t<div class=\"e-gallery-image elementor-gallery-item__image\" data-thumbnail=\"https:\/\/www.tierschutz-bremerhaven.eu\/wp-content\/uploads\/2021\/07\/STK3588.jpg\" data-width=\"1000\" data-height=\"667\" aria-label=\"\" role=\"img\" ><\/div>\n\t\t\t\t\t\t\t\t\t\t\t<div class=\"elementor-gallery-item__overlay\"><\/div>\n\t\t\t\t\t\t\t\t\t\t\t\t\t\t<\/a>\n\t\t\t\t\t\t\t<a class=\"e-gallery-item elementor-gallery-item elementor-animated-content\" href=\"https:\/\/www.tierschutz-bremerhaven.eu\/wp-content\/uploads\/2021\/07\/STK3616.jpg\" data-elementor-open-lightbox=\"yes\" data-elementor-lightbox-slideshow=\"5921c9f1\" data-elementor-lightbox-title=\"_STK3616\" data-e-action-hash=\"#elementor-action%3Aaction%3Dlightbox%26settings%3DeyJpZCI6MzM4MCwidXJsIjoiaHR0cHM6XC9cL3d3dy50aWVyc2NodXR6LWJyZW1lcmhhdmVuLmV1XC93cC1jb250ZW50XC91cGxvYWRzXC8yMDIxXC8wN1wvU1RLMzYxNi5qcGciLCJzbGlkZXNob3ciOiI1OTIxYzlmMSJ9\">\n\t\t\t\t\t<div class=\"e-gallery-image elementor-gallery-item__image\" data-thumbnail=\"https:\/\/www.tierschutz-bremerhaven.eu\/wp-content\/uploads\/2021\/07\/STK3616.jpg\" data-width=\"1000\" data-height=\"667\" aria-label=\"\" role=\"img\" ><\/div>\n\t\t\t\t\t\t\t\t\t\t\t<div class=\"elementor-gallery-item__overlay\"><\/div>\n\t\t\t\t\t\t\t\t\t\t\t\t\t\t<\/a>\n\t\t\t\t\t\t\t<a class=\"e-gallery-item elementor-gallery-item elementor-animated-content\" href=\"https:\/\/www.tierschutz-bremerhaven.eu\/wp-content\/uploads\/2021\/07\/STK3638.jpg\" data-elementor-open-lightbox=\"yes\" data-elementor-lightbox-slideshow=\"5921c9f1\" data-elementor-lightbox-title=\"_STK3638\" data-e-action-hash=\"#elementor-action%3Aaction%3Dlightbox%26settings%3DeyJpZCI6MzM4MSwidXJsIjoiaHR0cHM6XC9cL3d3dy50aWVyc2NodXR6LWJyZW1lcmhhdmVuLmV1XC93cC1jb250ZW50XC91cGxvYWRzXC8yMDIxXC8wN1wvU1RLMzYzOC5qcGciLCJzbGlkZXNob3ciOiI1OTIxYzlmMSJ9\">\n\t\t\t\t\t<div class=\"e-gallery-image elementor-gallery-item__image\" data-thumbnail=\"https:\/\/www.tierschutz-bremerhaven.eu\/wp-content\/uploads\/2021\/07\/STK3638.jpg\" data-width=\"1000\" data-height=\"667\" aria-label=\"\" role=\"img\" ><\/div>\n\t\t\t\t\t\t\t\t\t\t\t<div class=\"elementor-gallery-item__overlay\"><\/div>\n\t\t\t\t\t\t\t\t\t\t\t\t\t\t<\/a>\n\t\t\t\t\t\t\t<a class=\"e-gallery-item elementor-gallery-item elementor-animated-content\" href=\"https:\/\/www.tierschutz-bremerhaven.eu\/wp-content\/uploads\/2021\/09\/tierheim-team.jpg\" data-elementor-open-lightbox=\"yes\" data-elementor-lightbox-slideshow=\"5921c9f1\" data-elementor-lightbox-title=\"tierheim-team\" data-e-action-hash=\"#elementor-action%3Aaction%3Dlightbox%26settings%3DeyJpZCI6NDg3OCwidXJsIjoiaHR0cHM6XC9cL3d3dy50aWVyc2NodXR6LWJyZW1lcmhhdmVuLmV1XC93cC1jb250ZW50XC91cGxvYWRzXC8yMDIxXC8wOVwvdGllcmhlaW0tdGVhbS5qcGciLCJzbGlkZXNob3ciOiI1OTIxYzlmMSJ9\">\n\t\t\t\t\t<div class=\"e-gallery-image elementor-gallery-item__image\" data-thumbnail=\"https:\/\/www.tierschutz-bremerhaven.eu\/wp-content\/uploads\/2021\/09\/tierheim-team.jpg\" data-width=\"1000\" data-height=\"667\" aria-label=\"\" role=\"img\" ><\/div>\n\t\t\t\t\t\t\t\t\t\t\t<div class=\"elementor-gallery-item__overlay\"><\/div>\n\t\t\t\t\t\t\t\t\t\t\t\t\t\t<\/a>\n\t\t\t\t\t\t\t<a class=\"e-gallery-item elementor-gallery-item elementor-animated-content\" href=\"https:\/\/www.tierschutz-bremerhaven.eu\/wp-content\/uploads\/2021\/07\/STK3665.jpg\" data-elementor-open-lightbox=\"yes\" data-elementor-lightbox-slideshow=\"5921c9f1\" data-elementor-lightbox-title=\"_STK3665\" data-e-action-hash=\"#elementor-action%3Aaction%3Dlightbox%26settings%3DeyJpZCI6MzM4MiwidXJsIjoiaHR0cHM6XC9cL3d3dy50aWVyc2NodXR6LWJyZW1lcmhhdmVuLmV1XC93cC1jb250ZW50XC91cGxvYWRzXC8yMDIxXC8wN1wvU1RLMzY2NS5qcGciLCJzbGlkZXNob3ciOiI1OTIxYzlmMSJ9\">\n\t\t\t\t\t<div class=\"e-gallery-image elementor-gallery-item__image\" data-thumbnail=\"https:\/\/www.tierschutz-bremerhaven.eu\/wp-content\/uploads\/2021\/07\/STK3665.jpg\" data-width=\"1000\" data-height=\"667\" aria-label=\"\" role=\"img\" ><\/div>\n\t\t\t\t\t\t\t\t\t\t\t<div class=\"elementor-gallery-item__overlay\"><\/div>\n\t\t\t\t\t\t\t\t\t\t\t\t\t\t<\/a>\n\t\t\t\t\t\t\t<a class=\"e-gallery-item elementor-gallery-item elementor-animated-content\" href=\"https:\/\/www.tierschutz-bremerhaven.eu\/wp-content\/uploads\/2021\/07\/STK3668.jpg\" data-elementor-open-lightbox=\"yes\" data-elementor-lightbox-slideshow=\"5921c9f1\" data-elementor-lightbox-title=\"_STK3668\" data-e-action-hash=\"#elementor-action%3Aaction%3Dlightbox%26settings%3DeyJpZCI6MzM4MywidXJsIjoiaHR0cHM6XC9cL3d3dy50aWVyc2NodXR6LWJyZW1lcmhhdmVuLmV1XC93cC1jb250ZW50XC91cGxvYWRzXC8yMDIxXC8wN1wvU1RLMzY2OC5qcGciLCJzbGlkZXNob3ciOiI1OTIxYzlmMSJ9\">\n\t\t\t\t\t<div class=\"e-gallery-image elementor-gallery-item__image\" data-thumbnail=\"https:\/\/www.tierschutz-bremerhaven.eu\/wp-content\/uploads\/2021\/07\/STK3668.jpg\" data-width=\"1000\" data-height=\"667\" aria-label=\"\" role=\"img\" ><\/div>\n\t\t\t\t\t\t\t\t\t\t\t<div class=\"elementor-gallery-item__overlay\"><\/div>\n\t\t\t\t\t\t\t\t\t\t\t\t\t\t<\/a>\n\t\t\t\t\t\t\t<a class=\"e-gallery-item elementor-gallery-item elementor-animated-content\" href=\"https:\/\/www.tierschutz-bremerhaven.eu\/wp-content\/uploads\/2021\/07\/STK3685.jpg\" data-elementor-open-lightbox=\"yes\" data-elementor-lightbox-slideshow=\"5921c9f1\" data-elementor-lightbox-title=\"_STK3685\" data-e-action-hash=\"#elementor-action%3Aaction%3Dlightbox%26settings%3DeyJpZCI6MzM4NSwidXJsIjoiaHR0cHM6XC9cL3d3dy50aWVyc2NodXR6LWJyZW1lcmhhdmVuLmV1XC93cC1jb250ZW50XC91cGxvYWRzXC8yMDIxXC8wN1wvU1RLMzY4NS5qcGciLCJzbGlkZXNob3ciOiI1OTIxYzlmMSJ9\">\n\t\t\t\t\t<div class=\"e-gallery-image elementor-gallery-item__image\" data-thumbnail=\"https:\/\/www.tierschutz-bremerhaven.eu\/wp-content\/uploads\/2021\/07\/STK3685.jpg\" data-width=\"1000\" data-height=\"667\" aria-label=\"\" role=\"img\" ><\/div>\n\t\t\t\t\t\t\t\t\t\t\t<div class=\"elementor-gallery-item__overlay\"><\/div>\n\t\t\t\t\t\t\t\t\t\t\t\t\t\t<\/a>\n\t\t\t\t\t\t\t<a class=\"e-gallery-item elementor-gallery-item elementor-animated-content\" href=\"https:\/\/www.tierschutz-bremerhaven.eu\/wp-content\/uploads\/2021\/09\/tierheim-einblick.jpg\" data-elementor-open-lightbox=\"yes\" data-elementor-lightbox-slideshow=\"5921c9f1\" data-elementor-lightbox-title=\"tierheim-einblick\" data-e-action-hash=\"#elementor-action%3Aaction%3Dlightbox%26settings%3DeyJpZCI6NDg4MiwidXJsIjoiaHR0cHM6XC9cL3d3dy50aWVyc2NodXR6LWJyZW1lcmhhdmVuLmV1XC93cC1jb250ZW50XC91cGxvYWRzXC8yMDIxXC8wOVwvdGllcmhlaW0tZWluYmxpY2suanBnIiwic2xpZGVzaG93IjoiNTkyMWM5ZjEifQ%3D%3D\">\n\t\t\t\t\t<div class=\"e-gallery-image elementor-gallery-item__image\" data-thumbnail=\"https:\/\/www.tierschutz-bremerhaven.eu\/wp-content\/uploads\/2021\/09\/tierheim-einblick.jpg\" data-width=\"500\" data-height=\"667\" aria-label=\"\" role=\"img\" ><\/div>\n\t\t\t\t\t\t\t\t\t\t\t<div class=\"elementor-gallery-item__overlay\"><\/div>\n\t\t\t\t\t\t\t\t\t\t\t\t\t\t<\/a>\n\t\t\t\t\t\t\t<a class=\"e-gallery-item elementor-gallery-item elementor-animated-content\" href=\"https:\/\/www.tierschutz-bremerhaven.eu\/wp-content\/uploads\/2021\/07\/STK3841.jpg\" data-elementor-open-lightbox=\"yes\" data-elementor-lightbox-slideshow=\"5921c9f1\" data-elementor-lightbox-title=\"_STK3841\" data-e-action-hash=\"#elementor-action%3Aaction%3Dlightbox%26settings%3DeyJpZCI6MzM4NiwidXJsIjoiaHR0cHM6XC9cL3d3dy50aWVyc2NodXR6LWJyZW1lcmhhdmVuLmV1XC93cC1jb250ZW50XC91cGxvYWRzXC8yMDIxXC8wN1wvU1RLMzg0MS5qcGciLCJzbGlkZXNob3ciOiI1OTIxYzlmMSJ9\">\n\t\t\t\t\t<div class=\"e-gallery-image elementor-gallery-item__image\" data-thumbnail=\"https:\/\/www.tierschutz-bremerhaven.eu\/wp-content\/uploads\/2021\/07\/STK3841.jpg\" data-width=\"1000\" data-height=\"667\" aria-label=\"\" role=\"img\" ><\/div>\n\t\t\t\t\t\t\t\t\t\t\t<div class=\"elementor-gallery-item__overlay\"><\/div>\n\t\t\t\t\t\t\t\t\t\t\t\t\t\t<\/a>\n\t\t\t\t\t\t\t<a class=\"e-gallery-item elementor-gallery-item elementor-animated-content\" href=\"https:\/\/www.tierschutz-bremerhaven.eu\/wp-content\/uploads\/2021\/07\/STK3846.jpg\" data-elementor-open-lightbox=\"yes\" data-elementor-lightbox-slideshow=\"5921c9f1\" data-elementor-lightbox-title=\"_STK3846\" data-e-action-hash=\"#elementor-action%3Aaction%3Dlightbox%26settings%3DeyJpZCI6MzM4NywidXJsIjoiaHR0cHM6XC9cL3d3dy50aWVyc2NodXR6LWJyZW1lcmhhdmVuLmV1XC93cC1jb250ZW50XC91cGxvYWRzXC8yMDIxXC8wN1wvU1RLMzg0Ni5qcGciLCJzbGlkZXNob3ciOiI1OTIxYzlmMSJ9\">\n\t\t\t\t\t<div class=\"e-gallery-image elementor-gallery-item__image\" data-thumbnail=\"https:\/\/www.tierschutz-bremerhaven.eu\/wp-content\/uploads\/2021\/07\/STK3846.jpg\" data-width=\"1000\" data-height=\"667\" aria-label=\"\" role=\"img\" ><\/div>\n\t\t\t\t\t\t\t\t\t\t\t<div class=\"elementor-gallery-item__overlay\"><\/div>\n\t\t\t\t\t\t\t\t\t\t\t\t\t\t<\/a>\n\t\t\t\t\t\t\t<a class=\"e-gallery-item elementor-gallery-item elementor-animated-content\" href=\"https:\/\/www.tierschutz-bremerhaven.eu\/wp-content\/uploads\/2021\/07\/STK3849.jpg\" data-elementor-open-lightbox=\"yes\" data-elementor-lightbox-slideshow=\"5921c9f1\" data-elementor-lightbox-title=\"_STK3849\" data-e-action-hash=\"#elementor-action%3Aaction%3Dlightbox%26settings%3DeyJpZCI6MzM4OCwidXJsIjoiaHR0cHM6XC9cL3d3dy50aWVyc2NodXR6LWJyZW1lcmhhdmVuLmV1XC93cC1jb250ZW50XC91cGxvYWRzXC8yMDIxXC8wN1wvU1RLMzg0OS5qcGciLCJzbGlkZXNob3ciOiI1OTIxYzlmMSJ9\">\n\t\t\t\t\t<div class=\"e-gallery-image elementor-gallery-item__image\" data-thumbnail=\"https:\/\/www.tierschutz-bremerhaven.eu\/wp-content\/uploads\/2021\/07\/STK3849.jpg\" data-width=\"1000\" data-height=\"667\" aria-label=\"\" role=\"img\" ><\/div>\n\t\t\t\t\t\t\t\t\t\t\t<div class=\"elementor-gallery-item__overlay\"><\/div>\n\t\t\t\t\t\t\t\t\t\t\t\t\t\t<\/a>\n\t\t\t\t\t\t\t<a class=\"e-gallery-item elementor-gallery-item elementor-animated-content\" href=\"https:\/\/www.tierschutz-bremerhaven.eu\/wp-content\/uploads\/2021\/07\/STK3869.jpg\" data-elementor-open-lightbox=\"yes\" data-elementor-lightbox-slideshow=\"5921c9f1\" data-elementor-lightbox-title=\"_STK3869\" data-e-action-hash=\"#elementor-action%3Aaction%3Dlightbox%26settings%3DeyJpZCI6MzM4OSwidXJsIjoiaHR0cHM6XC9cL3d3dy50aWVyc2NodXR6LWJyZW1lcmhhdmVuLmV1XC93cC1jb250ZW50XC91cGxvYWRzXC8yMDIxXC8wN1wvU1RLMzg2OS5qcGciLCJzbGlkZXNob3ciOiI1OTIxYzlmMSJ9\">\n\t\t\t\t\t<div class=\"e-gallery-image elementor-gallery-item__image\" data-thumbnail=\"https:\/\/www.tierschutz-bremerhaven.eu\/wp-content\/uploads\/2021\/07\/STK3869.jpg\" data-width=\"1000\" data-height=\"667\" aria-label=\"\" role=\"img\" ><\/div>\n\t\t\t\t\t\t\t\t\t\t\t<div class=\"elementor-gallery-item__overlay\"><\/div>\n\t\t\t\t\t\t\t\t\t\t\t\t\t\t<\/a>\n\t\t\t\t\t\t\t<a class=\"e-gallery-item elementor-gallery-item elementor-animated-content\" href=\"https:\/\/www.tierschutz-bremerhaven.eu\/wp-content\/uploads\/2021\/07\/STK3875.jpg\" data-elementor-open-lightbox=\"yes\" data-elementor-lightbox-slideshow=\"5921c9f1\" data-elementor-lightbox-title=\"_STK3875\" data-e-action-hash=\"#elementor-action%3Aaction%3Dlightbox%26settings%3DeyJpZCI6MzM5MCwidXJsIjoiaHR0cHM6XC9cL3d3dy50aWVyc2NodXR6LWJyZW1lcmhhdmVuLmV1XC93cC1jb250ZW50XC91cGxvYWRzXC8yMDIxXC8wN1wvU1RLMzg3NS5qcGciLCJzbGlkZXNob3ciOiI1OTIxYzlmMSJ9\">\n\t\t\t\t\t<div class=\"e-gallery-image elementor-gallery-item__image\" data-thumbnail=\"https:\/\/www.tierschutz-bremerhaven.eu\/wp-content\/uploads\/2021\/07\/STK3875.jpg\" data-width=\"1000\" data-height=\"667\" aria-label=\"\" role=\"img\" ><\/div>\n\t\t\t\t\t\t\t\t\t\t\t<div class=\"elementor-gallery-item__overlay\"><\/div>\n\t\t\t\t\t\t\t\t\t\t\t\t\t\t<\/a>\n\t\t\t\t\t\t\t<a class=\"e-gallery-item elementor-gallery-item elementor-animated-content\" href=\"https:\/\/www.tierschutz-bremerhaven.eu\/wp-content\/uploads\/2021\/07\/STK3881.jpg\" data-elementor-open-lightbox=\"yes\" data-elementor-lightbox-slideshow=\"5921c9f1\" data-elementor-lightbox-title=\"_STK3881\" data-e-action-hash=\"#elementor-action%3Aaction%3Dlightbox%26settings%3DeyJpZCI6MzM5MSwidXJsIjoiaHR0cHM6XC9cL3d3dy50aWVyc2NodXR6LWJyZW1lcmhhdmVuLmV1XC93cC1jb250ZW50XC91cGxvYWRzXC8yMDIxXC8wN1wvU1RLMzg4MS5qcGciLCJzbGlkZXNob3ciOiI1OTIxYzlmMSJ9\">\n\t\t\t\t\t<div class=\"e-gallery-image elementor-gallery-item__image\" data-thumbnail=\"https:\/\/www.tierschutz-bremerhaven.eu\/wp-content\/uploads\/2021\/07\/STK3881.jpg\" data-width=\"1000\" data-height=\"667\" aria-label=\"\" role=\"img\" ><\/div>\n\t\t\t\t\t\t\t\t\t\t\t<div class=\"elementor-gallery-item__overlay\"><\/div>\n\t\t\t\t\t\t\t\t\t\t\t\t\t\t<\/a>\n\t\t\t\t\t\t\t<a class=\"e-gallery-item elementor-gallery-item elementor-animated-content\" href=\"https:\/\/www.tierschutz-bremerhaven.eu\/wp-content\/uploads\/2021\/09\/tierheim-wand.jpg\" data-elementor-open-lightbox=\"yes\" data-elementor-lightbox-slideshow=\"5921c9f1\" data-elementor-lightbox-title=\"tierheim-wand\" data-e-action-hash=\"#elementor-action%3Aaction%3Dlightbox%26settings%3DeyJpZCI6NDg3OSwidXJsIjoiaHR0cHM6XC9cL3d3dy50aWVyc2NodXR6LWJyZW1lcmhhdmVuLmV1XC93cC1jb250ZW50XC91cGxvYWRzXC8yMDIxXC8wOVwvdGllcmhlaW0td2FuZC5qcGciLCJzbGlkZXNob3ciOiI1OTIxYzlmMSJ9\">\n\t\t\t\t\t<div class=\"e-gallery-image elementor-gallery-item__image\" data-thumbnail=\"https:\/\/www.tierschutz-bremerhaven.eu\/wp-content\/uploads\/2021\/09\/tierheim-wand.jpg\" data-width=\"1000\" data-height=\"667\" aria-label=\"\" role=\"img\" ><\/div>\n\t\t\t\t\t\t\t\t\t\t\t<div class=\"elementor-gallery-item__overlay\"><\/div>\n\t\t\t\t\t\t\t\t\t\t\t\t\t\t<\/a>\n\t\t\t\t\t\t\t<a class=\"e-gallery-item elementor-gallery-item elementor-animated-content\" href=\"https:\/\/www.tierschutz-bremerhaven.eu\/wp-content\/uploads\/2021\/07\/STK3882.jpg\" data-elementor-open-lightbox=\"yes\" data-elementor-lightbox-slideshow=\"5921c9f1\" data-elementor-lightbox-title=\"_STK3882\" data-e-action-hash=\"#elementor-action%3Aaction%3Dlightbox%26settings%3DeyJpZCI6MzM5MiwidXJsIjoiaHR0cHM6XC9cL3d3dy50aWVyc2NodXR6LWJyZW1lcmhhdmVuLmV1XC93cC1jb250ZW50XC91cGxvYWRzXC8yMDIxXC8wN1wvU1RLMzg4Mi5qcGciLCJzbGlkZXNob3ciOiI1OTIxYzlmMSJ9\">\n\t\t\t\t\t<div class=\"e-gallery-image elementor-gallery-item__image\" data-thumbnail=\"https:\/\/www.tierschutz-bremerhaven.eu\/wp-content\/uploads\/2021\/07\/STK3882.jpg\" data-width=\"1000\" data-height=\"667\" aria-label=\"\" role=\"img\" ><\/div>\n\t\t\t\t\t\t\t\t\t\t\t<div class=\"elementor-gallery-item__overlay\"><\/div>\n\t\t\t\t\t\t\t\t\t\t\t\t\t\t<\/a>\n\t\t\t\t\t\t\t<a class=\"e-gallery-item elementor-gallery-item elementor-animated-content\" href=\"https:\/\/www.tierschutz-bremerhaven.eu\/wp-content\/uploads\/2021\/07\/STK3888.jpg\" data-elementor-open-lightbox=\"yes\" data-elementor-lightbox-slideshow=\"5921c9f1\" data-elementor-lightbox-title=\"_STK3888\" data-e-action-hash=\"#elementor-action%3Aaction%3Dlightbox%26settings%3DeyJpZCI6MzM5MywidXJsIjoiaHR0cHM6XC9cL3d3dy50aWVyc2NodXR6LWJyZW1lcmhhdmVuLmV1XC93cC1jb250ZW50XC91cGxvYWRzXC8yMDIxXC8wN1wvU1RLMzg4OC5qcGciLCJzbGlkZXNob3ciOiI1OTIxYzlmMSJ9\">\n\t\t\t\t\t<div class=\"e-gallery-image elementor-gallery-item__image\" data-thumbnail=\"https:\/\/www.tierschutz-bremerhaven.eu\/wp-content\/uploads\/2021\/07\/STK3888.jpg\" data-width=\"1000\" data-height=\"667\" aria-label=\"\" role=\"img\" ><\/div>\n\t\t\t\t\t\t\t\t\t\t\t<div class=\"elementor-gallery-item__overlay\"><\/div>\n\t\t\t\t\t\t\t\t\t\t\t\t\t\t<\/a>\n\t\t\t\t\t\t\t<a class=\"e-gallery-item elementor-gallery-item elementor-animated-content\" href=\"https:\/\/www.tierschutz-bremerhaven.eu\/wp-content\/uploads\/2021\/09\/tieheim-street-art.jpg\" data-elementor-open-lightbox=\"yes\" data-elementor-lightbox-slideshow=\"5921c9f1\" data-elementor-lightbox-title=\"tieheim-street-art\" data-e-action-hash=\"#elementor-action%3Aaction%3Dlightbox%26settings%3DeyJpZCI6NDg4MCwidXJsIjoiaHR0cHM6XC9cL3d3dy50aWVyc2NodXR6LWJyZW1lcmhhdmVuLmV1XC93cC1jb250ZW50XC91cGxvYWRzXC8yMDIxXC8wOVwvdGllaGVpbS1zdHJlZXQtYXJ0LmpwZyIsInNsaWRlc2hvdyI6IjU5MjFjOWYxIn0%3D\">\n\t\t\t\t\t<div class=\"e-gallery-image elementor-gallery-item__image\" data-thumbnail=\"https:\/\/www.tierschutz-bremerhaven.eu\/wp-content\/uploads\/2021\/09\/tieheim-street-art.jpg\" data-width=\"1000\" data-height=\"667\" aria-label=\"\" role=\"img\" ><\/div>\n\t\t\t\t\t\t\t\t\t\t\t<div class=\"elementor-gallery-item__overlay\"><\/div>\n\t\t\t\t\t\t\t\t\t\t\t\t\t\t<\/a>\n\t\t\t\t\t\t\t<a class=\"e-gallery-item elementor-gallery-item elementor-animated-content\" href=\"https:\/\/www.tierschutz-bremerhaven.eu\/wp-content\/uploads\/2021\/09\/tieheim-street-art-2.jpg\" data-elementor-open-lightbox=\"yes\" data-elementor-lightbox-slideshow=\"5921c9f1\" data-elementor-lightbox-title=\"tieheim-street-art-2\" data-e-action-hash=\"#elementor-action%3Aaction%3Dlightbox%26settings%3DeyJpZCI6NDg4MSwidXJsIjoiaHR0cHM6XC9cL3d3dy50aWVyc2NodXR6LWJyZW1lcmhhdmVuLmV1XC93cC1jb250ZW50XC91cGxvYWRzXC8yMDIxXC8wOVwvdGllaGVpbS1zdHJlZXQtYXJ0LTIuanBnIiwic2xpZGVzaG93IjoiNTkyMWM5ZjEifQ%3D%3D\">\n\t\t\t\t\t<div class=\"e-gallery-image elementor-gallery-item__image\" data-thumbnail=\"https:\/\/www.tierschutz-bremerhaven.eu\/wp-content\/uploads\/2021\/09\/tieheim-street-art-2.jpg\" data-width=\"500\" data-height=\"667\" aria-label=\"\" role=\"img\" ><\/div>\n\t\t\t\t\t\t\t\t\t\t\t<div class=\"elementor-gallery-item__overlay\"><\/div>\n\t\t\t\t\t\t\t\t\t\t\t\t\t\t<\/a>\n\t\t\t\t\t<\/div>\n\t\t\t\t\t<\/div>\n\t\t\t\t<\/div>\n\t\t\t\t\t<\/div>\n\t\t<\/div>\n\t\t\t\t\t<\/div>\n\t\t<\/section>\n\t\t\t\t<\/div>\n\t\t<\/div>\n\t\t\t\t\t\t<\/div>\n\t\t\t\t<\/div>\n\t\t\t\t\t<\/div>\n\t\t<\/div>\n\t\t\t\t\t<\/div>\n\t\t<\/section>\n\t\t\t\t<\/div>","protected":false},"excerpt":{"rendered":"<p>Galerie Seit 1958 war der Tierschutz Bremerhaven e. V. mit seinem Tierheim in der Wurster Stra\u00dfe in Speckenb\u00fcttel ans\u00e4ssig. Im M\u00e4rz 2020 ist unser Tierheim endlich in den Viel\u00e4nder Weg 137 gezogen. Auf fast 6.000 qm befindet sich das Geb\u00e4ude mit Katzen- und Hundehaus, Vogelbereich, Exotenstation und Nagerbereich. Im Au\u00dfenbereich befinden sich diverse Hundezwinger, Auslauffl\u00e4chen, [&hellip;]<\/p>\n","protected":false},"author":3,"featured_media":0,"parent":0,"menu_order":0,"comment_status":"closed","ping_status":"closed","template":"","meta":{"footnotes":""},"class_list":["post-2645","page","type-page","status-publish","hentry"],"_links":{"self":[{"href":"https:\/\/www.tierschutz-bremerhaven.eu\/ro\/wp-json\/wp\/v2\/pages\/2645","targetHints":{"allow":["GET"]}}],"collection":[{"href":"https:\/\/www.tierschutz-bremerhaven.eu\/ro\/wp-json\/wp\/v2\/pages"}],"about":[{"href":"https:\/\/www.tierschutz-bremerhaven.eu\/ro\/wp-json\/wp\/v2\/types\/page"}],"author":[{"embeddable":true,"href":"https:\/\/www.tierschutz-bremerhaven.eu\/ro\/wp-json\/wp\/v2\/users\/3"}],"replies":[{"embeddable":true,"href":"https:\/\/www.tierschutz-bremerhaven.eu\/ro\/wp-json\/wp\/v2\/comments?post=2645"}],"version-history":[{"count":61,"href":"https:\/\/www.tierschutz-bremerhaven.eu\/ro\/wp-json\/wp\/v2\/pages\/2645\/revisions"}],"predecessor-version":[{"id":5973,"href":"https:\/\/www.tierschutz-bremerhaven.eu\/ro\/wp-json\/wp\/v2\/pages\/2645\/revisions\/5973"}],"wp:attachment":[{"href":"https:\/\/www.tierschutz-bremerhaven.eu\/ro\/wp-json\/wp\/v2\/media?parent=2645"}],"curies":[{"name":"wp","href":"https:\/\/api.w.org\/{rel}","templated":true}]}}