{"id":2720,"date":"2021-07-09T10:24:16","date_gmt":"2021-07-09T10:24:16","guid":{"rendered":"https:\/\/tierschutz-bremerhaven.eu\/?page_id=2720"},"modified":"2023-09-27T08:01:46","modified_gmt":"2023-09-27T08:01:46","slug":"ghidaje","status":"publish","type":"page","link":"https:\/\/www.tierschutz-bremerhaven.eu\/ro\/fuehrungen","title":{"rendered":"Tururi ghidate"},"content":{"rendered":"<div data-elementor-type=\"wp-page\" data-elementor-id=\"2720\" class=\"elementor elementor-2720\" data-elementor-post-type=\"page\">\n\t\t\t\t\t\t<section class=\"elementor-section elementor-top-section elementor-element elementor-element-324f483d elementor-section-boxed elementor-section-height-default elementor-section-height-default\" data-id=\"324f483d\" data-element_type=\"section\" data-e-type=\"section\" data-settings=\"{&quot;background_background&quot;:&quot;classic&quot;}\">\n\t\t\t\t\t\t<div class=\"elementor-container elementor-column-gap-default\">\n\t\t\t\t\t<div class=\"elementor-column elementor-col-100 elementor-top-column elementor-element elementor-element-698cb7d5\" data-id=\"698cb7d5\" data-element_type=\"column\" data-e-type=\"column\">\n\t\t\t<div class=\"elementor-widget-wrap elementor-element-populated\">\n\t\t\t\t\t\t<div class=\"elementor-element elementor-element-50f88142 elementor-widget elementor-widget-heading\" data-id=\"50f88142\" data-element_type=\"widget\" data-e-type=\"widget\" data-widget_type=\"heading.default\">\n\t\t\t\t<div class=\"elementor-widget-container\">\n\t\t\t\t\t<h2 class=\"elementor-heading-title elementor-size-default\">Tururi ghidate<\/h2>\t\t\t\t<\/div>\n\t\t\t\t<\/div>\n\t\t\t\t<div class=\"elementor-element elementor-element-6d2c1d39 elementor-widget elementor-widget-text-editor\" data-id=\"6d2c1d39\" data-element_type=\"widget\" data-e-type=\"widget\" data-widget_type=\"text-editor.default\">\n\t\t\t\t<div class=\"elementor-widget-container\">\n\t\t\t\t\t\t\t\t\t<p>Dori\u021bi s\u0103 cunoa\u0219te\u021bi noul ad\u0103post de animale \u0219i pe actualii s\u0103i locuitori? Nicio problem\u0103. Veni\u021bi la unul dintre tururile noastre ghidate. Acestea sunt gratuite - dar suntem \u00eentotdeauna bucuro\u0219i s\u0103 primim o dona\u021bie pentru ad\u0103postul de animale.<\/p>\n<p>Turul ad\u0103postului nostru de animale dureaz\u0103 aproximativ 45 de minute \u0219i este \u00eenso\u021bit at\u00e2t de membri activi ai organiza\u021biei, c\u00e2t \u0219i de \u00eengrijitorii de animale. \u00cen timpul vizitei, participan\u021bii au parte de o discu\u021bie de bun venit pentru a afla ce sarcini \u00eendepline\u0219te ad\u0103postul de animale \u0219i cum sunt gestionate anual \u00eengrijirea \u0219i tratamentul a aproximativ 600 de animale aflate \u00een dificultate. De asemenea, \u00een timpul turului comun se viziteaz\u0103 \u0219i terenul ad\u0103postului de animale.<\/p>\n<p>Dori\u021bi s\u0103 vizita\u021bi ad\u0103postul de animale cu un grup, o clas\u0103 de \u0219coal\u0103, un grup de copii sau de tineret? Grupurile sunt foarte binevenite aici.<\/p>\n<p><strong>Informa\u021bii despre tururile de grup:<\/strong><\/p>\n<ul>\n<li>Grup de max. 10 persoane<\/li>\n<li>Vizite posibile \u00een timpul s\u0103pt\u0103m\u00e2nii, \u00een zilele deschise, diminea\u021ba.<\/li>\n<li>Cel pu\u021bin un profesor \/ \u00eengrijitor prezent<\/li>\n<li>V\u00e2rsta minim\u0103 a copiilor: 6 ani<\/li>\n<li>Dac\u0103 este cazul, declara\u021bie de consim\u021b\u0103m\u00e2nt din partea participan\u021bilor pentru publicarea fotografiilor pe site-ul web al asocia\u021biei \u0219i \u00een re\u021belele de socializare.<\/li>\n<li>\u00cenregistrare, dac\u0103 este posibil, cu 2 luni \u00eenainte de data dorit\u0103<br><br><\/li>\n<\/ul>\n<p>V\u0103 rug\u0103m s\u0103 trimite\u021bi cererea dumneavoastr\u0103 pentru tururi ale ad\u0103posturilor de animale prin e-mail la adresa <a href=\"mailto:info@tierschutz-bremerhaven.de\"><u>info@tierschutz-bremerhaven.de<\/u><\/a><\/p>\n<p>Sau contacta\u021bi-ne la ad\u0103postul de animale la Tel: <a href=\"tel:047183257\">0471 - 8 32 57<\/a>. \u00cen afara orelor de func\u021bionare, pute\u021bi l\u0103sa un mesaj pe robotul nostru telefonic. Ve\u021bi fi sunat \u00eenapoi imediat.<\/p>\n<p><br><\/p>\t\t\t\t\t\t\t\t<\/div>\n\t\t\t\t<\/div>\n\t\t\t\t\t<\/div>\n\t\t<\/div>\n\t\t\t\t\t<\/div>\n\t\t<\/section>\n\t\t\t\t<\/div>","protected":false},"excerpt":{"rendered":"<p>F\u00fchrungen Sie m\u00f6chten das neue Tierheim und seine aktuellen Bewohner gerne mal n\u00e4her kennenlernen? Kein Problem. Kommen Sie zu einer unserer Besucherf\u00fchrungen. Diese sind kostenfrei \u2013 \u00fcber eine Spende f\u00fcrs Tierheim freuen wir uns aber immer. Die F\u00fchrung in unserem Tierheim dauert ca. 45 Minuten und wird sowohl von aktiven Vereinsmitgliedern als auch von unseren [&hellip;]<\/p>\n","protected":false},"author":3,"featured_media":0,"parent":0,"menu_order":0,"comment_status":"closed","ping_status":"closed","template":"","meta":{"footnotes":""},"class_list":["post-2720","page","type-page","status-publish","hentry"],"_links":{"self":[{"href":"https:\/\/www.tierschutz-bremerhaven.eu\/ro\/wp-json\/wp\/v2\/pages\/2720","targetHints":{"allow":["GET"]}}],"collection":[{"href":"https:\/\/www.tierschutz-bremerhaven.eu\/ro\/wp-json\/wp\/v2\/pages"}],"about":[{"href":"https:\/\/www.tierschutz-bremerhaven.eu\/ro\/wp-json\/wp\/v2\/types\/page"}],"author":[{"embeddable":true,"href":"https:\/\/www.tierschutz-bremerhaven.eu\/ro\/wp-json\/wp\/v2\/users\/3"}],"replies":[{"embeddable":true,"href":"https:\/\/www.tierschutz-bremerhaven.eu\/ro\/wp-json\/wp\/v2\/comments?post=2720"}],"version-history":[{"count":21,"href":"https:\/\/www.tierschutz-bremerhaven.eu\/ro\/wp-json\/wp\/v2\/pages\/2720\/revisions"}],"predecessor-version":[{"id":9022,"href":"https:\/\/www.tierschutz-bremerhaven.eu\/ro\/wp-json\/wp\/v2\/pages\/2720\/revisions\/9022"}],"wp:attachment":[{"href":"https:\/\/www.tierschutz-bremerhaven.eu\/ro\/wp-json\/wp\/v2\/media?parent=2720"}],"curies":[{"name":"wp","href":"https:\/\/api.w.org\/{rel}","templated":true}]}}