{"id":3531,"date":"2021-08-31T11:58:06","date_gmt":"2021-08-31T11:58:06","guid":{"rendered":"https:\/\/tierschutz-bremerhaven.eu\/?page_id=3531"},"modified":"2025-03-19T08:49:39","modified_gmt":"2025-03-19T07:49:39","slug":"urgenta","status":"publish","type":"page","link":"https:\/\/www.tierschutz-bremerhaven.eu\/ro\/notfall","title":{"rendered":"Urgen\u021b\u0103"},"content":{"rendered":"<div data-elementor-type=\"wp-page\" data-elementor-id=\"3531\" class=\"elementor elementor-3531\" data-elementor-post-type=\"page\">\n\t\t\t\t\t\t<section class=\"elementor-section elementor-top-section elementor-element elementor-element-ac38b57 elementor-section-boxed elementor-section-height-default elementor-section-height-default\" data-id=\"ac38b57\" data-element_type=\"section\" data-e-type=\"section\" data-settings=\"{&quot;background_background&quot;:&quot;classic&quot;}\">\n\t\t\t\t\t\t<div class=\"elementor-container elementor-column-gap-default\">\n\t\t\t\t\t<div class=\"elementor-column elementor-col-100 elementor-top-column elementor-element elementor-element-1e6934d\" data-id=\"1e6934d\" data-element_type=\"column\" data-e-type=\"column\">\n\t\t\t<div class=\"elementor-widget-wrap elementor-element-populated\">\n\t\t\t\t\t\t<div class=\"elementor-element elementor-element-f5d1208 elementor-widget elementor-widget-heading\" data-id=\"f5d1208\" data-element_type=\"widget\" data-e-type=\"widget\" data-widget_type=\"heading.default\">\n\t\t\t\t<div class=\"elementor-widget-container\">\n\t\t\t\t\t<h2 class=\"elementor-heading-title elementor-size-default\">\u00cen caz de urgen\u021b\u0103<\/h2>\t\t\t\t<\/div>\n\t\t\t\t<\/div>\n\t\t\t\t<div class=\"elementor-element elementor-element-f72cc43 elementor-widget elementor-widget-text-editor\" data-id=\"f72cc43\" data-element_type=\"widget\" data-e-type=\"widget\" data-widget_type=\"text-editor.default\">\n\t\t\t\t<div class=\"elementor-widget-container\">\n\t\t\t\t\t\t\t\t\t<p>Ave\u021bi o urgen\u021b\u0103 medical\u0103 cu animalul dvs. de companie?<\/p><p>P\u0103stra\u021bi-v\u0103 calmul pentru a putea lua m\u0103surile corecte.<\/p><p>Mai jos am enumerat c\u00e2teva adrese \u0219i numere de telefon unde pute\u021bi ob\u021bine rapid ajutor sau sfaturi veterinare \u00een caz de urgen\u021b\u0103.<br \/>\u00cen cazuri mai pu\u021bin urgente, medicul veterinar sau clinicile veterinare din apropiere v\u0103 vor putea ajuta \u00een timpul programului normal de lucru.<\/p><p><strong>Serviciu veterinar de urgen\u021b\u0103: <a href=\"tel:01726511248\">0172 - 6 51 12 48<\/a><\/strong><\/p><p><strong>Clinic\u0103 veterinar\u0103 Bremen: <a href=\"tel:042112211\">0421 - 1 22 11<\/a><br \/><\/strong><\/p><p><strong>Clinica veterinar\u0103 Posthausen: <a href=\"tel:042112211\">04297 - 16 89 90\u00a0 <\/a><\/strong><\/p><p><a href=\"https:\/\/kleintiernotdienst-cuxland-bremerhaven.de\/\"><strong>https:\/\/kleintiernotdienst-cuxland-bremerhaven.de\/<\/strong><\/a><\/p><p>Dac\u0103 dori\u021bi s\u0103 ne aduce\u021bi un animal g\u0103sit, v\u0103 rug\u0103m s\u0103 ne suna\u021bi \u00een timpul programului de lucru la Tel. <a href=\"tel:047183257\">0471 - 8 32 57<\/a>. Pute\u021bi l\u0103sa un mesaj pe robotul nostru telefonic \u0219i v\u0103 vom suna \u00eenapoi cel t\u00e2rziu a doua zi.<\/p><p>\u00cen <strong>cazuri urgente<\/strong> \u00een afara orelor noastre de lucru, v\u0103 rug\u0103m s\u0103 contacta\u021bi <strong>Poli\u021bia din Bremerhaven <\/strong>la adresa<strong> Tel. <a href=\"tel:04719531140\">0471 \u2013 9 53 11 40<\/a><\/strong>. Ace\u0219tia vor contacta apoi serviciul nostru de urgen\u021b\u0103, dac\u0103 este necesar.<\/p>\t\t\t\t\t\t\t\t<\/div>\n\t\t\t\t<\/div>\n\t\t\t\t\t<\/div>\n\t\t<\/div>\n\t\t\t\t\t<\/div>\n\t\t<\/section>\n\t\t\t\t<\/div>","protected":false},"excerpt":{"rendered":"<p>Im Notfall Sie haben einen medizinischen Notfall mit Ihrem Tier? Bewahren Sie Ruhe, damit Sie die richtigen Ma\u00dfnahmen ergreifen k\u00f6nnen. Nachfolgend haben wir einige Adressen und Telefonnummern aufgelistet, unter denen Sie im Notfall schnell Hilfe oder einen tier\u00e4rztlichen Rat erhalten k\u00f6nnen.In nicht so dringenden F\u00e4llen, kann Ihnen zu den \u00fcblichen Gesch\u00e4ftszeiten auch sicher Ihr Tierarzt [&hellip;]<\/p>\n","protected":false},"author":3,"featured_media":0,"parent":0,"menu_order":0,"comment_status":"closed","ping_status":"closed","template":"","meta":{"footnotes":""},"class_list":["post-3531","page","type-page","status-publish","hentry"],"_links":{"self":[{"href":"https:\/\/www.tierschutz-bremerhaven.eu\/ro\/wp-json\/wp\/v2\/pages\/3531","targetHints":{"allow":["GET"]}}],"collection":[{"href":"https:\/\/www.tierschutz-bremerhaven.eu\/ro\/wp-json\/wp\/v2\/pages"}],"about":[{"href":"https:\/\/www.tierschutz-bremerhaven.eu\/ro\/wp-json\/wp\/v2\/types\/page"}],"author":[{"embeddable":true,"href":"https:\/\/www.tierschutz-bremerhaven.eu\/ro\/wp-json\/wp\/v2\/users\/3"}],"replies":[{"embeddable":true,"href":"https:\/\/www.tierschutz-bremerhaven.eu\/ro\/wp-json\/wp\/v2\/comments?post=3531"}],"version-history":[{"count":37,"href":"https:\/\/www.tierschutz-bremerhaven.eu\/ro\/wp-json\/wp\/v2\/pages\/3531\/revisions"}],"predecessor-version":[{"id":11449,"href":"https:\/\/www.tierschutz-bremerhaven.eu\/ro\/wp-json\/wp\/v2\/pages\/3531\/revisions\/11449"}],"wp:attachment":[{"href":"https:\/\/www.tierschutz-bremerhaven.eu\/ro\/wp-json\/wp\/v2\/media?parent=3531"}],"curies":[{"name":"wp","href":"https:\/\/api.w.org\/{rel}","templated":true}]}}