{"id":4131,"date":"2021-09-23T08:09:16","date_gmt":"2021-09-23T08:09:16","guid":{"rendered":"https:\/\/tierschutz-bremerhaven.eu\/?page_id=4131"},"modified":"2021-09-27T08:37:14","modified_gmt":"2021-09-27T08:37:14","slug":"cartea-de-oaspeti","status":"publish","type":"page","link":"https:\/\/www.tierschutz-bremerhaven.eu\/ro\/aktuelles\/gaestebuch","title":{"rendered":"Cartea de oaspe\u021bi"},"content":{"rendered":"<div data-elementor-type=\"wp-page\" data-elementor-id=\"4131\" class=\"elementor elementor-4131\" data-elementor-post-type=\"page\">\n\t\t\t\t\t\t<section class=\"elementor-section elementor-top-section elementor-element elementor-element-a1c6fb4 elementor-section-boxed elementor-section-height-default elementor-section-height-default\" data-id=\"a1c6fb4\" data-element_type=\"section\" data-e-type=\"section\">\n\t\t\t\t\t\t<div class=\"elementor-container elementor-column-gap-default\">\n\t\t\t\t\t<div class=\"elementor-column elementor-col-100 elementor-top-column elementor-element elementor-element-172e4eb\" data-id=\"172e4eb\" data-element_type=\"column\" data-e-type=\"column\">\n\t\t\t<div class=\"elementor-widget-wrap elementor-element-populated\">\n\t\t\t\t\t\t<div class=\"elementor-element elementor-element-e6dee8b elementor-widget elementor-widget-heading\" data-id=\"e6dee8b\" data-element_type=\"widget\" data-e-type=\"widget\" data-widget_type=\"heading.default\">\n\t\t\t\t<div class=\"elementor-widget-container\">\n\t\t\t\t\t<h2 class=\"elementor-heading-title elementor-size-default\">Cartea de oaspe\u021bi<\/h2>\t\t\t\t<\/div>\n\t\t\t\t<\/div>\n\t\t\t\t<div class=\"elementor-element elementor-element-90137e2 elementor-widget elementor-widget-text-editor\" data-id=\"90137e2\" data-element_type=\"widget\" data-e-type=\"widget\" data-widget_type=\"text-editor.default\">\n\t\t\t\t<div class=\"elementor-widget-container\">\n\t\t\t\t\t\t\t\t\t<p>V\u0103 rug\u0103m s\u0103 nu ezita\u021bi s\u0103 ne l\u0103sa\u021bi sugestii, critici sau laude. Scrie\u021bi-ne pur \u0219i simplu o recenzie. A\u0219tept\u0103m cu ner\u0103bdare fiecare mesaj.<\/p>\t\t\t\t\t\t\t\t<\/div>\n\t\t\t\t<\/div>\n\t\t\t\t<div class=\"elementor-element elementor-element-20b3fa1 elementor-widget elementor-widget-shortcode\" data-id=\"20b3fa1\" data-element_type=\"widget\" data-e-type=\"widget\" data-widget_type=\"shortcode.default\">\n\t\t\t\t<div class=\"elementor-widget-container\">\n\t\t\t\t\t\t\t<div class=\"elementor-shortcode\"><div class=\"gwolle-gb\"><div class=\"gwolle-gb-messages-top-container\"><\/div>\n\t\t\t<div class=\"gwolle-gb-write-button\">\n\t\t\t\t<input type=\"button\" name=\"gwolle-gb-write-button\" class=\"button btn btn-default\" value=\"Scrie\u021bi o nou\u0103 intrare.\" aria-expanded=\"false\" \/>\n\t\t\t<\/div>\n\t\t\t<form action=\"#\" method=\"POST\" class=\"gwolle-gb-write gwolle-gb-hide gwolle-gb-float gwolle-gb-form-ajax gwolle-gb-ajax gwolle-gb-not-logged-in\" data-trp-original-action=\"#\">\n\t\t\t\t<h3>Scrie\u021bi o nou\u0103 intrare \u00een cartea de oaspe\u021bi<\/h3>\n\t\t\t\t<button type=\"button\" class=\"gb-notice-dismiss\">x<span class=\"screen-reader-text\">Ascunde\u021bi acest formular.<\/span><\/button>\n\t\t\t\n\t\t\t\t<input type=\"hidden\" name=\"gwolle_gb_function\" class=\"gwolle_gb_function\" value=\"add_entry\" \/><input type=\"hidden\" name=\"gwolle_gb_book_id\" class=\"gwolle_gb_book_id\" value=\"1\" \/><div class=\"gwolle_gb_f47222b44f8dde32cd21e617997febd7\">\n\t\t\t\t<div class=\"label\"><label for=\"gwolle_gb_f47222b44f8dde32cd21e617997febd7-1\" class=\"text-info\">Nume <span class=\"required\">*<\/span><\/label><\/div>\n\t\t\t\t<div class=\"input\"><input class=\"wp-exclude-emoji gwolle_gb_f47222b44f8dde32cd21e617997febd7\" value=\"\" type=\"text\" id=\"gwolle_gb_f47222b44f8dde32cd21e617997febd7-1\" name=\"gwolle_gb_f47222b44f8dde32cd21e617997febd7\" required \/><\/div>\n\t\t\t\t<div class=\"clearBoth\">&nbsp;<\/div>\n\t\t\t<\/div><div class=\"gwolle_gb_2cede64b92dd7b0c795a2a271c043e66\">\n\t\t\t\t<div class=\"label\"><label for=\"gwolle_gb_2cede64b92dd7b0c795a2a271c043e66-1\" class=\"text-info\">e-mail <span class=\"required\">*<\/span><\/label><\/div>\n\t\t\t\t<div class=\"input\"><input class=\"gwolle_gb_2cede64b92dd7b0c795a2a271c043e66\" value=\"\" type=\"email\" id=\"gwolle_gb_2cede64b92dd7b0c795a2a271c043e66-1\" name=\"gwolle_gb_2cede64b92dd7b0c795a2a271c043e66\" required \/><\/div>\n\t\t\t\t<div class=\"clearBoth\">&nbsp;<\/div>\n\t\t\t<\/div>\n\t\t\t<div class=\"gwolle_gb_1254edfdc068dab05dbe071d01159bd0\" style=\"display:none;overflow:hidden;\" hidden=\"true\" aria-hidden=\"true\">\n\t\t\t\t<div class=\"label\">\n\t\t\t\t\t<label for=\"gwolle_gb_1254edfdc068dab05dbe071d01159bd0-1\" class=\"text-primary\">Nu atinge\u021bi acest<\/label>\n\t\t\t\t\t<label for=\"gwolle_gb_b32a61d1500a793fcd7fad6383cc9e6d-1\" class=\"text-primary\">Nu atinge\u021bi acest<\/label>\n\t\t\t\t<\/div>\n\t\t\t\t<div class=\"input\">\n\t\t\t\t\t<input value=\"23\" type=\"text\" id=\"gwolle_gb_1254edfdc068dab05dbe071d01159bd0-1\" name=\"gwolle_gb_1254edfdc068dab05dbe071d01159bd0\" class=\"gwolle_gb_1254edfdc068dab05dbe071d01159bd0\" style=\"transform: translateY(10000px);\" \/>\n\t\t\t\t\t<input value=\"\" type=\"text\" name=\"gwolle_gb_b32a61d1500a793fcd7fad6383cc9e6d\" id=\"gwolle_gb_b32a61d1500a793fcd7fad6383cc9e6d-1\" class=\"gwolle_gb_b32a61d1500a793fcd7fad6383cc9e6d\" style=\"transform: translateY(10000px);\" \/>\n\t\t\t\t<\/div>\n\t\t\t\t<div class=\"clearBoth\"><\/div>\n\t\t\t<\/div>\n\t\t\t<div class=\"gwolle_gb_1c1757028662fd8cb161213f60be5b74\" style=\"display:none;overflow:hidden;\" hidden=\"true\" aria-hidden=\"true\">\n\t\t\t\t<div class=\"label\">\n\t\t\t\t\t<label for=\"gwolle_gb_1c1757028662fd8cb161213f60be5b74-1\" class=\"text-primary\">Nu atinge\u021bi acest<\/label>\n\t\t\t\t\t<label for=\"gwolle_gb_faa239614d0ac56d0ca4298bfc6117ad-1\" class=\"text-primary\">Nu atinge\u021bi acest<\/label>\n\t\t\t\t<\/div>\n\t\t\t\t<div class=\"input\">\n\t\t\t\t\t<input value=\"8872\" type=\"text\" id=\"gwolle_gb_1c1757028662fd8cb161213f60be5b74-1\" name=\"gwolle_gb_1c1757028662fd8cb161213f60be5b74\" class=\"gwolle_gb_1c1757028662fd8cb161213f60be5b74\" style=\"transform: translateY(10000px);\" \/>\n\t\t\t\t\t<input value=\"8872\" type=\"text\"id=\"gwolle_gb_faa239614d0ac56d0ca4298bfc6117ad-1\" name=\"gwolle_gb_faa239614d0ac56d0ca4298bfc6117ad\" class=\"gwolle_gb_faa239614d0ac56d0ca4298bfc6117ad\" style=\"transform: translateY(10000px);\" \/>\n\t\t\t\t<\/div>\n\t\t\t\t<div class=\"clearBoth\"><\/div>\n\t\t\t<\/div><div class=\"gwolle_gb_content\">\n\t\t\t\t<div class=\"label\"><label for=\"gwolle_gb_content-1\" class=\"text-info\">Intrare \u00een cartea de oaspe\u021bi <span class=\"required\">*<\/span><\/label><\/div>\n\t\t\t\t<div class=\"input\"><textarea id=\"gwolle_gb_content-1\" name=\"gwolle_gb_content\" class=\"gwolle_gb_content wp-exclude-emoji\" required><\/textarea><\/div>\n\t\t\t\t\t<div class=\"clearBoth\">&nbsp;<\/div>\n\t\t\t\t<\/div>\n\t\t\t\t<div class=\"gwolle_gb_privacy gwolle-gb-privacy\">\n\t\t\t\t\t<div class=\"label\"><label for=\"gwolle_gb_privacy-1\" class=\"text-info\">Accept <a href=\"https:\/\/www.tierschutz-bremerhaven.eu\/ro\/datenschutz\" title=\"Citi\u021bi Politica de confiden\u021bialitate\" target=\"_blank\">Politica de confiden\u021bialitate<\/a> <span class=\"required\">*<\/span><\/label><\/div>\n\t\t\t\t\t<div class=\"input\"><input type=\"checkbox\" id=\"gwolle_gb_privacy-1\" name=\"gwolle_gb_privacy\" class=\"gwolle_gb_privacy\" required \/><\/div>\n\t\t\t\t\t<div class=\"clearBoth\">&nbsp;<\/div>\n\t\t\t\t<\/div><input type=\"hidden\" class=\"gwolle_gb_5db1ecd880f9950fbeea27a4179f2d16\" id=\"gwolle_gb_5db1ecd880f9950fbeea27a4179f2d16-1\" name=\"gwolle_gb_5db1ecd880f9950fbeea27a4179f2d16\" value=\"5a81668314\" \/>\n\t\t\t<div class=\"gwolle-gb-messages-bottom-container\"><\/div>\n\n\t\t\t<noscript><div class=\"no-js\">Avertisment: Acest formular poate fi utilizat numai dac\u0103 JavaScript este activat \u00een browserul dumneavoastr\u0103.<\/div><\/noscript>\n\n\t\t\t<div class=\"gwolle_gb_submit gwolle-gb-submit\">\n\t\t\t\t<div class=\"label gwolle-gb-invisible text-muted\">&nbsp;<\/div>\n\t\t\t\t<div class=\"input\">\n\t\t\t\t\t<input type=\"submit\" name=\"gwolle_gb_submit\" class=\"gwolle_gb_submit button btn btn-primary\" value=\"Trimite\u021bi\" \/>\n\t\t\t\t\t<span class=\"gwolle_gb_submit_ajax_icon gwolle-gb-submit-ajax-icon\"><\/span>\n\t\t\t\n\t\t\t\t<\/div>\n\t\t\t\t<div class=\"clearBoth\">&nbsp;<\/div>\n\t\t\t<\/div>\n\n\t\t\t<div class=\"gwolle_gb_notice gwolle-gb-notice\">\n\t\t\t\tC\u00e2mpurile marcate cu * sunt obligatorii. Adresa dvs. de e-mail nu va fi publicat\u0103.<br \/>\r\nEste posibil ca \u00eenregistrarea dvs. \u00een cartea de oaspe\u021bi s\u0103 fie vizibil\u0103 numai dup\u0103 ce o verific\u0103m.\n\t\t\t<\/div><input type=\"hidden\" name=\"trp-form-language\" value=\"ro\"\/><\/form><div class=\"gwolle-gb-read gwolle-gb-ajax gwolle-gb-entries-list\" data-book_id=\"1\" data-page_id=\"1\">\n\t\t<div id=\"gwolle-gb-total\" class=\"gwolle-gb-total\">6 intr\u0103ri.<\/div><!-- Gwolle-GB Entry: Default Template Loaded -->\n\t\t\t\t<div class=\"gb-entry gb-entry_22 gb-entry-count_1 gwolle-gb-uneven gwolle-gb-first\" id=\"gb-entry_22\" data-entry_id=\"22\">\n\t\t\t\t<article>\n\t\t\t\t\t<div class=\"gb-author-info\">\n\t\t\t\t\t\t<span class=\"gb-author-name\">Nicole\n\t\t\t\t\t\t<\/span>\n\t\t\t\t\t\t<span class=\"gb-datetime\">\n\t\t\t\t\t\t\t<span class=\"gb-date\"><span class=\"gb-date-wrote-text\"> a scris pe<\/span><span class=\"gb-date-text\"> 18 ianuarie 2025<\/span>\n\t\t\t\t\t\t\t<\/span>\n\t\t\t\t\t\t<\/span> \n\t\t\t\t\t<\/div>\n\t\t\t\t\t<div class=\"gb-entry-content\">Drag\u0103 echip\u0103 a ad\u0103postului de animale<br \/>\nAm g\u0103sit RAMBO-ul nostru cu tine. <br \/>\nEl este un c\u00e2ine foarte dulce \u0219i un dr\u0103gu\u021b. <br \/>\nSuntem at\u00e2t de recunosc\u0103tori c\u0103 ni se permite s\u0103 \u00eei oferim o cas\u0103 nou\u0103. <br \/>\nDragoste de la RAMBO \u0219i noua lui familie\n\t\t\t\t\t<\/div>\n\t\t\t\t<\/article>\n\t\t\t<\/div>\n\t\t\t<div class=\"gb-entry gb-entry_21 gb-entry-count_2 gwolle-gb-even\" id=\"gb-entry_21\" data-entry_id=\"21\">\n\t\t\t\t<article>\n\t\t\t\t\t<div class=\"gb-author-info\">\n\t\t\t\t\t\t<span class=\"gb-author-name\">Dirk Str\u00fccker\n\t\t\t\t\t\t<\/span>\n\t\t\t\t\t\t<span class=\"gb-datetime\">\n\t\t\t\t\t\t\t<span class=\"gb-date\"><span class=\"gb-date-wrote-text\"> a scris pe<\/span><span class=\"gb-date-text\"> 20 noiembrie 2024<\/span>\n\t\t\t\t\t\t\t<\/span>\n\t\t\t\t\t\t<\/span> \n\t\t\t\t\t<\/div>\n\t\t\t\t\t<div class=\"gb-entry-content\">Tiffy (fostul Garfield) este cu mine de un an. Este o pisic\u0103 minunat\u0103 \u0219i m\u0103 bucur \u00een fiecare zi c\u0103 este aici.<br \/>\nV\u0103 mul\u021bumesc din nou \u0219i toate cele bune pentru munca dumneavoastr\u0103 viitoare.\n\t\t\t\t\t<\/div>\n\t\t\t\t<\/article>\n\t\t\t<\/div>\n\t\t\t<div class=\"gb-entry gb-entry_18 gb-entry-count_3 gwolle-gb-uneven\" id=\"gb-entry_18\" data-entry_id=\"18\">\n\t\t\t\t<article>\n\t\t\t\t\t<div class=\"gb-author-info\">\n\t\t\t\t\t\t<span class=\"gb-author-name\">Giuliana\n\t\t\t\t\t\t<\/span>\n\t\t\t\t\t\t<span class=\"gb-datetime\">\n\t\t\t\t\t\t\t<span class=\"gb-date\"><span class=\"gb-date-wrote-text\"> a scris pe<\/span><span class=\"gb-date-text\"> 23 octombrie 2024<\/span>\n\t\t\t\t\t\t\t<\/span>\n\t\t\t\t\t\t<\/span> \n\t\t\t\t\t<\/div>\n\t\t\t\t\t<div class=\"gb-entry-content\">Ne-am g\u0103sit c\u00e2inele nostru minunat Heidi cu tine. \u0218i ea ne-a g\u0103sit pe noi. Faci o treab\u0103 grozav\u0103 \u0219i credem c\u0103 procesele \u0219i cunoa\u0219terea ta sunt grozave! Este evident c\u0103 v\u0103 da\u021bi peste cap pentru a g\u0103si casa perfect\u0103 pentru animale! Niciun animal nu este pur \u0219i simplu pus \"sub capot\u0103\" rapid pentru a face loc. Este un proces minunat pentru oameni \u0219i animale pentru a afla dac\u0103 sunt o potrivire bun\u0103. Suntem at\u00e2t de ferici\u021bi cu c\u00e2inele nostru \u0219i am vrut doar s\u0103 v\u0103 mul\u021bumim din nou!\n\t\t\t\t\t<\/div>\n\t\t\t\t<\/article>\n\t\t\t<\/div>\n\t\t\t<div class=\"gb-entry gb-entry_12 gb-entry-count_4 gwolle-gb-even\" id=\"gb-entry_12\" data-entry_id=\"12\">\n\t\t\t\t<article>\n\t\t\t\t\t<div class=\"gb-author-info\">\n\t\t\t\t\t\t<span class=\"gb-author-name\">Uta Bensel\n\t\t\t\t\t\t<\/span>\n\t\t\t\t\t\t<span class=\"gb-datetime\">\n\t\t\t\t\t\t\t<span class=\"gb-date\"><span class=\"gb-date-wrote-text\"> a scris pe<\/span><span class=\"gb-date-text\"> 25 ianuarie 2022<\/span>\n\t\t\t\t\t\t\t<\/span>\n\t\t\t\t\t\t<\/span> \n\t\t\t\t\t<\/div>\n\t\t\t\t\t<div class=\"gb-entry-content\">Foarte reu\u0219it - noul HP!\n\t\t\t\t\t<\/div>\n\t\t\t\t<\/article>\n\t\t\t<\/div>\n\t\t\t<div class=\"gb-entry gb-entry_11 gb-entry-count_5 gwolle-gb-uneven\" id=\"gb-entry_11\" data-entry_id=\"11\">\n\t\t\t\t<article>\n\t\t\t\t\t<div class=\"gb-author-info\">\n\t\t\t\t\t\t<span class=\"gb-author-name\">Silvia Troike\n\t\t\t\t\t\t<\/span>\n\t\t\t\t\t\t<span class=\"gb-datetime\">\n\t\t\t\t\t\t\t<span class=\"gb-date\"><span class=\"gb-date-wrote-text\"> a scris pe<\/span><span class=\"gb-date-text\"> 25 ianuarie 2022<\/span>\n\t\t\t\t\t\t\t<\/span>\n\t\t\t\t\t\t<\/span> \n\t\t\t\t\t<\/div>\n\t\t\t\t\t<div class=\"gb-entry-content\">\ud83c\udf40\ud83c\udf40\ud83d\udc4d\ud83d\udc4d\u2764\ufe0f felicit\u0103ri pentru noua pagin\u0103 de start...salut\u0103ri tuturor din partea lui Kusco \ud83d\udc15\u2764\ufe0f\u2764\ufe0f\u2764\ufe0f \u0219i a oamenilor lui...EL este at\u00e2t de fericit aici... O comoar\u0103 pe patru labe...\u2764\ufe0f\ud83c\udf40\n\t\t\t\t\t<\/div>\n\t\t\t\t<\/article>\n\t\t\t<\/div>\n\t\t\t<div class=\"gb-entry gb-entry_10 gb-entry-count_6 gwolle-gb-even\" id=\"gb-entry_10\" data-entry_id=\"10\">\n\t\t\t\t<article>\n\t\t\t\t\t<div class=\"gb-author-info\">\n\t\t\t\t\t\t<span class=\"gb-author-name\">Sabine Rimkus\n\t\t\t\t\t\t<\/span>\n\t\t\t\t\t\t<span class=\"gb-datetime\">\n\t\t\t\t\t\t\t<span class=\"gb-date\"><span class=\"gb-date-wrote-text\"> a scris pe<\/span><span class=\"gb-date-text\"> 24 ianuarie 2022<\/span>\n\t\t\t\t\t\t\t<\/span>\n\t\t\t\t\t\t<\/span> \n\t\t\t\t\t<\/div>\n\t\t\t\t\t<div class=\"gb-entry-content\">Felicit\u0103ri pentru noua pagin\u0103 de start!\n\t\t\t\t\t<\/div>\n\t\t\t\t<\/article>\n\t\t\t<\/div>\n\t\t\t<\/div><\/div><\/div>\n\t\t\t\t\t\t<\/div>\n\t\t\t\t<\/div>\n\t\t\t\t\t<\/div>\n\t\t<\/div>\n\t\t\t\t\t<\/div>\n\t\t<\/section>\n\t\t\t\t<\/div>","protected":false},"excerpt":{"rendered":"<p>Guestbook V\u0103 rug\u0103m s\u0103 nu ezita\u021bi s\u0103 ne l\u0103sa\u021bi sugestii, critici sau laude. Scrie\u021bi-ne pur \u0219i simplu un comentariu. A\u0219tept\u0103m cu ner\u0103bdare fiecare mesaj.<\/p>","protected":false},"author":3,"featured_media":0,"parent":2980,"menu_order":0,"comment_status":"closed","ping_status":"closed","template":"","meta":{"footnotes":""},"class_list":["post-4131","page","type-page","status-publish","hentry"],"_links":{"self":[{"href":"https:\/\/www.tierschutz-bremerhaven.eu\/ro\/wp-json\/wp\/v2\/pages\/4131","targetHints":{"allow":["GET"]}}],"collection":[{"href":"https:\/\/www.tierschutz-bremerhaven.eu\/ro\/wp-json\/wp\/v2\/pages"}],"about":[{"href":"https:\/\/www.tierschutz-bremerhaven.eu\/ro\/wp-json\/wp\/v2\/types\/page"}],"author":[{"embeddable":true,"href":"https:\/\/www.tierschutz-bremerhaven.eu\/ro\/wp-json\/wp\/v2\/users\/3"}],"replies":[{"embeddable":true,"href":"https:\/\/www.tierschutz-bremerhaven.eu\/ro\/wp-json\/wp\/v2\/comments?post=4131"}],"version-history":[{"count":31,"href":"https:\/\/www.tierschutz-bremerhaven.eu\/ro\/wp-json\/wp\/v2\/pages\/4131\/revisions"}],"predecessor-version":[{"id":4761,"href":"https:\/\/www.tierschutz-bremerhaven.eu\/ro\/wp-json\/wp\/v2\/pages\/4131\/revisions\/4761"}],"up":[{"embeddable":true,"href":"https:\/\/www.tierschutz-bremerhaven.eu\/ro\/wp-json\/wp\/v2\/pages\/2980"}],"wp:attachment":[{"href":"https:\/\/www.tierschutz-bremerhaven.eu\/ro\/wp-json\/wp\/v2\/media?parent=4131"}],"curies":[{"name":"wp","href":"https:\/\/api.w.org\/{rel}","templated":true}]}}