{"id":4937,"date":"2021-09-28T11:24:19","date_gmt":"2021-09-28T11:24:19","guid":{"rendered":"https:\/\/tierschutz-bremerhaven.eu\/?page_id=4937"},"modified":"2026-02-11T11:17:31","modified_gmt":"2026-02-11T10:17:31","slug":"spendenhaeuschen","status":"publish","type":"page","link":"https:\/\/www.tierschutz-bremerhaven.eu\/ro\/spendenhaeuschen","title":{"rendered":"Centrul de dona\u021bii"},"content":{"rendered":"<div data-elementor-type=\"wp-page\" data-elementor-id=\"4937\" class=\"elementor elementor-4937\" data-elementor-post-type=\"page\">\n\t\t\t\t\t\t<section class=\"elementor-section elementor-top-section elementor-element elementor-element-573adc2 elementor-section-boxed elementor-section-height-default elementor-section-height-default\" data-id=\"573adc2\" data-element_type=\"section\" data-e-type=\"section\" data-settings=\"{&quot;background_background&quot;:&quot;classic&quot;}\">\n\t\t\t\t\t\t<div class=\"elementor-container elementor-column-gap-default\">\n\t\t\t\t\t<div class=\"elementor-column elementor-col-50 elementor-top-column elementor-element elementor-element-7841c69d\" data-id=\"7841c69d\" data-element_type=\"column\" data-e-type=\"column\">\n\t\t\t<div class=\"elementor-widget-wrap elementor-element-populated\">\n\t\t\t\t\t\t<div class=\"elementor-element elementor-element-5aae5d63 elementor-widget elementor-widget-heading\" data-id=\"5aae5d63\" data-element_type=\"widget\" data-e-type=\"widget\" data-widget_type=\"heading.default\">\n\t\t\t\t<div class=\"elementor-widget-container\">\n\t\t\t\t\t<h2 class=\"elementor-heading-title elementor-size-default\">Centrul de dona\u021bii<\/h2>\t\t\t\t<\/div>\n\t\t\t\t<\/div>\n\t\t\t\t<div class=\"elementor-element elementor-element-434baaa9 elementor-widget elementor-widget-text-editor\" data-id=\"434baaa9\" data-element_type=\"widget\" data-e-type=\"widget\" data-widget_type=\"text-editor.default\">\n\t\t\t\t<div class=\"elementor-widget-container\">\n\t\t\t\t\t\t\t\t\t<p class=\"s3\"><span class=\"s2\">Fiecare articol<\/span><span class=\"s2\">- \u0219i hrana<\/span><span class=\"s2\">Dona\u021biile sunt foarte importante pentru noi. Suntem foarte recunosc\u0103tori pentru fiecare dona\u021bie, deoarece sprijinul dumneavoastr\u0103 contribuie la acest lucru,&nbsp;<\/span><span class=\"s2\">c\u0103 \u00eempreun\u0103 suntem capabili s\u0103 ne \u00eendeplinim diversele noastre sarcini \u0219i c\u0103 copiii care ne sunt \u00eencredin\u021ba\u021bi sunt \u00eengriji\u021bi cu dragoste.&nbsp;<\/span><\/p>\n<p class=\"s3\"><span class=\"s2\">Centrul nostru de dona\u021bii ne permite s\u0103 facem dona\u021bii f\u0103r\u0103 contact \u00een aceste vremuri dificile \u0219i, de asemenea, v\u0103 permite s\u0103 face\u021bi dona\u021bii \u00een afara orelor de program.&nbsp;<\/span><span class=\"s2\">Casa mic\u0103<\/span><span class=\"s2\">&nbsp;se afl\u0103 \u00een fa\u021ba intr\u0103rii noastre principale.<\/span><span class=\"s2\">&nbsp;<\/span><span class=\"s2\">Acesta&nbsp;<\/span><span class=\"s2\">este protejat de intemperii \u0219i ofer\u0103 mult spa\u021biu.<\/span><\/p>\n<p class=\"s3\"><span class=\"s2\">Suntem ferici\u021bi cu privire la alimente<\/span><span class=\"s2\">- \u0219i dona\u021bii \u00een natur\u0103<\/span><span class=\"s2\">&nbsp;ca&nbsp;<\/span><span class=\"s2\">z. B.: <\/span><span class=\"s2\">C\u00e2ini, pisici, animale mici, porci, p\u0103s\u0103ri de curte \u0219i&nbsp;<\/span><span class=\"s2\">Hran\u0103 pentru puiet<\/span><span class=\"s2\">&nbsp;\u0219i lapte de cre\u0219tere (Royal&nbsp;<\/span><span class=\"s2\">Canin<\/span><span class=\"s2\">)<\/span><span class=\"s2\">, <\/span><span class=\"s2\">Prosoape,<\/span><span class=\"s2\">&nbsp;<\/span><span class=\"s2\">L\u00e2n\u0103<\/span><span class=\"s2\">col\u021buri, juc\u0103rii, <\/span><span class=\"s2\">Gunoi de grajd<\/span><span class=\"s2\">,&nbsp;<\/span><span class=\"s2\">T\u0103vi\u021be pentru litier\u0103, st\u00e2lpi de zg\u00e2riat,&nbsp;<\/span><span class=\"s2\">Cu\u0219ti \u0219i<\/span><span class=\"s2\">&nbsp;Accesorii pentru animale de companie<\/span><span class=\"s2\">&nbsp;de toate felurile. <\/span>Din motive de igien\u0103, nu putem folosi articole defecte sau foarte murdare sau alimente care au fost deja deschise. V\u0103 mul\u021bumim pentru \u00een\u021belegere.<span class=\"s2\"><\/span><\/p>\n<p>Multe mul\u021bumiri pentru sprijinul dumneavoastr\u0103 activ!<\/p>\t\t\t\t\t\t\t\t<\/div>\n\t\t\t\t<\/div>\n\t\t\t\t\t<\/div>\n\t\t<\/div>\n\t\t\t\t<div class=\"elementor-column elementor-col-50 elementor-top-column elementor-element elementor-element-2ed9c063\" data-id=\"2ed9c063\" data-element_type=\"column\" data-e-type=\"column\">\n\t\t\t<div class=\"elementor-widget-wrap elementor-element-populated\">\n\t\t\t\t\t\t<div class=\"elementor-element elementor-element-38215db7 elementor-widget elementor-widget-image\" data-id=\"38215db7\" data-element_type=\"widget\" data-e-type=\"widget\" data-widget_type=\"image.default\">\n\t\t\t\t<div class=\"elementor-widget-container\">\n\t\t\t\t\t\t\t\t\t\t\t\t\t\t\t<img fetchpriority=\"high\" decoding=\"async\" width=\"800\" height=\"721\" src=\"https:\/\/www.tierschutz-bremerhaven.eu\/wp-content\/uploads\/2026\/02\/Spendenhaeuschen-1024x923.jpeg\" class=\"attachment-large size-large wp-image-13078\" alt=\"\" srcset=\"https:\/\/www.tierschutz-bremerhaven.eu\/wp-content\/uploads\/2026\/02\/Spendenhaeuschen-1024x923.jpeg 1024w, https:\/\/www.tierschutz-bremerhaven.eu\/wp-content\/uploads\/2026\/02\/Spendenhaeuschen-300x270.jpeg 300w, https:\/\/www.tierschutz-bremerhaven.eu\/wp-content\/uploads\/2026\/02\/Spendenhaeuschen-768x692.jpeg 768w, https:\/\/www.tierschutz-bremerhaven.eu\/wp-content\/uploads\/2026\/02\/Spendenhaeuschen-1536x1384.jpeg 1536w, https:\/\/www.tierschutz-bremerhaven.eu\/wp-content\/uploads\/2026\/02\/Spendenhaeuschen-2048x1846.jpeg 2048w, https:\/\/www.tierschutz-bremerhaven.eu\/wp-content\/uploads\/2026\/02\/Spendenhaeuschen-13x12.jpeg 13w\" sizes=\"(max-width: 800px) 100vw, 800px\" \/>\t\t\t\t\t\t\t\t\t\t\t\t\t\t\t<\/div>\n\t\t\t\t<\/div>\n\t\t\t\t\t<\/div>\n\t\t<\/div>\n\t\t\t\t\t<\/div>\n\t\t<\/section>\n\t\t\t\t<\/div>","protected":false},"excerpt":{"rendered":"<p>Spendenh\u00e4uschen Jede Sach- und Futterspende hat f\u00fcr uns eine gro\u00dfe Bedeutung. Wir sind f\u00fcr jede Spende sehr dankbar, denn Ihre Unterst\u00fctzung tr\u00e4gt dazu bei,&nbsp;dass wir gemeinsam imstande sind, unsere vielf\u00e4ltigen Aufgaben wahrzunehmen und dass die uns anvertrauten Sch\u00fctzlinge liebevoll gepflegt und betreut werden.&nbsp; Unser Spendenh\u00e4uschen erm\u00f6glicht uns in dieser schweren Zeit eine kontaktlose \u00dcbergabe und [&hellip;]<\/p>\n","protected":false},"author":3,"featured_media":0,"parent":0,"menu_order":0,"comment_status":"closed","ping_status":"closed","template":"","meta":{"footnotes":""},"class_list":["post-4937","page","type-page","status-publish","hentry"],"_links":{"self":[{"href":"https:\/\/www.tierschutz-bremerhaven.eu\/ro\/wp-json\/wp\/v2\/pages\/4937","targetHints":{"allow":["GET"]}}],"collection":[{"href":"https:\/\/www.tierschutz-bremerhaven.eu\/ro\/wp-json\/wp\/v2\/pages"}],"about":[{"href":"https:\/\/www.tierschutz-bremerhaven.eu\/ro\/wp-json\/wp\/v2\/types\/page"}],"author":[{"embeddable":true,"href":"https:\/\/www.tierschutz-bremerhaven.eu\/ro\/wp-json\/wp\/v2\/users\/3"}],"replies":[{"embeddable":true,"href":"https:\/\/www.tierschutz-bremerhaven.eu\/ro\/wp-json\/wp\/v2\/comments?post=4937"}],"version-history":[{"count":16,"href":"https:\/\/www.tierschutz-bremerhaven.eu\/ro\/wp-json\/wp\/v2\/pages\/4937\/revisions"}],"predecessor-version":[{"id":13081,"href":"https:\/\/www.tierschutz-bremerhaven.eu\/ro\/wp-json\/wp\/v2\/pages\/4937\/revisions\/13081"}],"wp:attachment":[{"href":"https:\/\/www.tierschutz-bremerhaven.eu\/ro\/wp-json\/wp\/v2\/media?parent=4937"}],"curies":[{"name":"wp","href":"https:\/\/api.w.org\/{rel}","templated":true}]}}