{"id":1795,"date":"2021-04-29T14:17:09","date_gmt":"2021-04-29T14:17:09","guid":{"rendered":"https:\/\/tierschutz-bremerhaven.eu\/?page_id=1795"},"modified":"2021-04-29T14:17:50","modified_gmt":"2021-04-29T14:17:50","slug":"%d0%bf%d1%80%d0%b5%d0%b4%d0%b2%d0%b0%d1%80%d0%b8%d1%82%d0%b5%d0%bb%d1%8c%d0%bd%d0%b0%d1%8f-%d0%b8-%d0%bf%d0%be%d1%81%d0%bb%d0%b5%d0%b4%d1%83%d1%8e%d1%89%d0%b0%d1%8f-%d0%bf%d1%80%d0%be%d0%b2%d0%b5","status":"publish","type":"page","link":"https:\/\/www.tierschutz-bremerhaven.eu\/ru\/vor-und-nachkontrolle","title":{"rendered":"\u041f\u0440\u0435\u0434\u0432\u0430\u0440\u0438\u0442\u0435\u043b\u044c\u043d\u0430\u044f \u0438 \u043f\u043e\u0441\u043b\u0435\u0434\u0443\u044e\u0449\u0430\u044f \u0438\u043d\u0441\u043f\u0435\u043a\u0446\u0438\u044f"},"content":{"rendered":"<div data-elementor-type=\"wp-page\" data-elementor-id=\"1795\" class=\"elementor elementor-1795\" data-elementor-post-type=\"page\">\n\t\t\t\t\t\t<section class=\"elementor-section elementor-top-section elementor-element elementor-element-3f2c348 elementor-section-full_width elementor-section-height-default elementor-section-height-default\" data-id=\"3f2c348\" data-element_type=\"section\" data-e-type=\"section\" data-settings=\"{&quot;background_background&quot;:&quot;classic&quot;}\">\n\t\t\t\t\t\t<div class=\"elementor-container elementor-column-gap-default\">\n\t\t\t\t\t<div class=\"elementor-column elementor-col-100 elementor-top-column elementor-element elementor-element-2cef154\" data-id=\"2cef154\" data-element_type=\"column\" data-e-type=\"column\">\n\t\t\t<div class=\"elementor-widget-wrap elementor-element-populated\">\n\t\t\t\t\t\t<div class=\"elementor-element elementor-element-02a7822 elementor-widget elementor-widget-heading\" data-id=\"02a7822\" data-element_type=\"widget\" data-e-type=\"widget\" data-widget_type=\"heading.default\">\n\t\t\t\t<div class=\"elementor-widget-container\">\n\t\t\t\t\t<h2 class=\"elementor-heading-title elementor-size-default\">\u041f\u0440\u0435\u0434\u0432\u0430\u0440\u0438\u0442\u0435\u043b\u044c\u043d\u0430\u044f \u0438 \u043f\u043e\u0441\u043b\u0435\u0434\u0443\u044e\u0449\u0430\u044f \u0438\u043d\u0441\u043f\u0435\u043a\u0446\u0438\u044f<\/h2>\t\t\t\t<\/div>\n\t\t\t\t<\/div>\n\t\t\t\t<div class=\"elementor-element elementor-element-7cc7aaa elementor-widget elementor-widget-text-editor\" data-id=\"7cc7aaa\" data-element_type=\"widget\" data-e-type=\"widget\" data-widget_type=\"text-editor.default\">\n\t\t\t\t<div class=\"elementor-widget-container\">\n\t\t\t\t\t\t\t\t\t<p>\u041f\u0440\u0435\u0434\u0432\u0430\u0440\u0438\u0442\u0435\u043b\u044c\u043d\u044b\u0435 \u0438 \u043f\u043e\u0441\u043b\u0435\u0434\u0443\u044e\u0449\u0438\u0435 \u043f\u0440\u043e\u0432\u0435\u0440\u043a\u0438 \u044f\u0432\u043b\u044f\u044e\u0442\u0441\u044f \u0441\u0442\u0430\u043d\u0434\u0430\u0440\u0442\u043d\u043e\u0439 \u043f\u0440\u0430\u043a\u0442\u0438\u043a\u043e\u0439 \u0432<strong>\u00a0\u041f\u043e\u0441\u0440\u0435\u0434\u043d\u0438\u0447\u0435\u0441\u0442\u0432\u043e \u0436\u0438\u0432\u043e\u0442\u043d\u044b\u0445.<\/strong>\u00a0<br \/>\u041a\u043e\u043c\u043f\u0430\u043d\u0438\u044f Tierschutz Bremerhaven e.V. \u0445\u043e\u0442\u0435\u043b\u0430 \u0431\u044b \u043b\u0438\u0447\u043d\u043e \u043f\u043e\u0437\u043d\u0430\u043a\u043e\u043c\u0438\u0442\u044c\u0441\u044f \u0441 \u0431\u0443\u0434\u0443\u0449\u0438\u043c\u0438 \u0432\u043b\u0430\u0434\u0435\u043b\u044c\u0446\u0430\u043c\u0438 \u0434\u043e \u043f\u0440\u0438\u0441\u0442\u0440\u043e\u0439\u0441\u0442\u0432\u0430 \u0438 \u043f\u043e\u0441\u043c\u043e\u0442\u0440\u0435\u0442\u044c, \u0433\u0434\u0435 \u0436\u0438\u0432\u043e\u0442\u043d\u043e\u0435 \u0431\u0443\u0434\u0435\u0442 \u0436\u0438\u0442\u044c \u0432 \u0431\u0443\u0434\u0443\u0449\u0435\u043c. \u041f\u043e\u0441\u043b\u0435\u0434\u0443\u044e\u0449\u0438\u0435 \u043f\u0440\u043e\u0432\u0435\u0440\u043a\u0438 \u0442\u0430\u043a\u0436\u0435 \u044f\u0432\u043b\u044f\u044e\u0442\u0441\u044f \u043e\u0431\u044b\u0447\u043d\u043e\u0439 \u043f\u0440\u0430\u043a\u0442\u0438\u043a\u043e\u0439 \u0432 \u043d\u0430\u0448\u0435\u0439 \u043e\u0440\u0433\u0430\u043d\u0438\u0437\u0430\u0446\u0438\u0438 \u0438 \u043f\u0440\u043e\u0432\u043e\u0434\u044f\u0442\u0441\u044f \u0442\u043e\u043b\u044c\u043a\u043e \u0432 \u0438\u043d\u0442\u0435\u0440\u0435\u0441\u0430\u0445 \u0436\u0438\u0432\u043e\u0442\u043d\u044b\u0445.<br \/>\u041c\u044b \u0431\u0443\u0434\u0435\u043c \u0440\u0430\u0434\u044b \u043f\u0440\u043e\u043a\u043e\u043d\u0441\u0443\u043b\u044c\u0442\u0438\u0440\u043e\u0432\u0430\u0442\u044c \u0432\u0430\u0441 \u0438 \u043e\u0442\u0432\u0435\u0442\u0438\u0442\u044c \u043d\u0430 \u043b\u044e\u0431\u044b\u0435 \u0432\u043e\u043f\u0440\u043e\u0441\u044b, \u0432\u043e\u0437\u043d\u0438\u043a\u0448\u0438\u0435 \u0432 \u0440\u0435\u0437\u0443\u043b\u044c\u0442\u0430\u0442\u0435 \u0441\u043e\u0432\u043c\u0435\u0441\u0442\u043d\u043e\u0433\u043e \u043f\u0440\u043e\u0436\u0438\u0432\u0430\u043d\u0438\u044f. \u0415\u0441\u043b\u0438 \u0432\u044b \u0440\u0435\u0448\u0438\u0442\u0435 \u0432\u044b\u0431\u0440\u0430\u0442\u044c \u0436\u0438\u0432\u043e\u0442\u043d\u043e\u0435 \u0438\u0437 \u043d\u0430\u0448\u0435\u0433\u043e \u043f\u0440\u0438\u044e\u0442\u0430, \u0432\u044b \u0442\u0430\u043a\u0436\u0435 \u0437\u0430\u043a\u043b\u044e\u0447\u0438\u0442\u0435 \u0441 \u043d\u0430\u043c\u0438 \u0441\u043e\u0433\u043b\u0430\u0448\u0435\u043d\u0438\u0435, \u043a\u043e\u0442\u043e\u0440\u043e\u0435 \u043f\u043e\u0437\u0432\u043e\u043b\u0438\u0442 \u043d\u0430\u043c \u043d\u0430\u0432\u0435\u0449\u0430\u0442\u044c \u0436\u0438\u0432\u043e\u0442\u043d\u043e\u0435 \u0432 \u0435\u0433\u043e \u043d\u043e\u0432\u043e\u043c \u0434\u043e\u043c\u0435 \u043f\u043e\u0441\u043b\u0435 \u0442\u043e\u0433\u043e, \u043a\u0430\u043a \u043e\u043d\u043e \u0431\u0443\u0434\u0435\u0442 \u043f\u0440\u0438\u0441\u0442\u0440\u043e\u0435\u043d\u043e.<\/p><p>\u0421\u043f\u0430\u0441\u0438\u0431\u043e \u0437\u0430 \u0441\u043e\u0442\u0440\u0443\u0434\u043d\u0438\u0447\u0435\u0441\u0442\u0432\u043e!<\/p>\t\t\t\t\t\t\t\t<\/div>\n\t\t\t\t<\/div>\n\t\t\t\t\t<\/div>\n\t\t<\/div>\n\t\t\t\t\t<\/div>\n\t\t<\/section>\n\t\t\t\t<\/div>","protected":false},"excerpt":{"rendered":"<p>Vor- und Nachkontrolle Vor- und Nachkontrollen sind g\u00e4ngige Praxis bei der\u00a0Tiervermittlung.\u00a0Der Tierschutz Bremerhaven e.V. m\u00f6chte die zuk\u00fcnftigen Besitzer vor der Vermittlung gerne pers\u00f6nlich kennenlernen und sehen, wo das Tier in Zukunft leben soll. Auch Nachkontrollen sind in unserem Verein \u00fcblich und werden nur zum Wohle der Tiere durchgef\u00fchrt.Gerne beraten wir Sie und beantworten Fragen, die [&hellip;]<\/p>\n","protected":false},"author":3,"featured_media":0,"parent":0,"menu_order":0,"comment_status":"closed","ping_status":"closed","template":"","meta":{"footnotes":""},"class_list":["post-1795","page","type-page","status-publish","hentry"],"_links":{"self":[{"href":"https:\/\/www.tierschutz-bremerhaven.eu\/ru\/wp-json\/wp\/v2\/pages\/1795","targetHints":{"allow":["GET"]}}],"collection":[{"href":"https:\/\/www.tierschutz-bremerhaven.eu\/ru\/wp-json\/wp\/v2\/pages"}],"about":[{"href":"https:\/\/www.tierschutz-bremerhaven.eu\/ru\/wp-json\/wp\/v2\/types\/page"}],"author":[{"embeddable":true,"href":"https:\/\/www.tierschutz-bremerhaven.eu\/ru\/wp-json\/wp\/v2\/users\/3"}],"replies":[{"embeddable":true,"href":"https:\/\/www.tierschutz-bremerhaven.eu\/ru\/wp-json\/wp\/v2\/comments?post=1795"}],"version-history":[{"count":3,"href":"https:\/\/www.tierschutz-bremerhaven.eu\/ru\/wp-json\/wp\/v2\/pages\/1795\/revisions"}],"predecessor-version":[{"id":1798,"href":"https:\/\/www.tierschutz-bremerhaven.eu\/ru\/wp-json\/wp\/v2\/pages\/1795\/revisions\/1798"}],"wp:attachment":[{"href":"https:\/\/www.tierschutz-bremerhaven.eu\/ru\/wp-json\/wp\/v2\/media?parent=1795"}],"curies":[{"name":"wp","href":"https:\/\/api.w.org\/{rel}","templated":true}]}}