{"id":1824,"date":"2021-04-29T14:22:50","date_gmt":"2021-04-29T14:22:50","guid":{"rendered":"https:\/\/tierschutz-bremerhaven.eu\/?page_id=1824"},"modified":"2021-10-08T12:26:14","modified_gmt":"2021-10-08T12:26:14","slug":"%d0%be%d0%b1%d0%bd%d0%b0%d1%80%d1%83%d0%b6%d0%b5%d0%bd%d0%be-%d0%b4%d0%b8%d0%ba%d0%be%d0%b5-%d0%b6%d0%b8%d0%b2%d0%be%d1%82%d0%bd%d0%be%d0%b5","status":"publish","type":"page","link":"https:\/\/www.tierschutz-bremerhaven.eu\/ru\/wildtier-gefunden","title":{"rendered":"\u041d\u0430\u0439\u0434\u0435\u043d\u043e \u0434\u0438\u043a\u043e\u0435 \u0436\u0438\u0432\u043e\u0442\u043d\u043e\u0435"},"content":{"rendered":"<div data-elementor-type=\"wp-page\" data-elementor-id=\"1824\" class=\"elementor elementor-1824\" data-elementor-post-type=\"page\">\n\t\t\t\t\t\t<section class=\"elementor-section elementor-top-section elementor-element elementor-element-3f2c348 elementor-section-boxed elementor-section-height-default elementor-section-height-default\" data-id=\"3f2c348\" data-element_type=\"section\" data-e-type=\"section\" data-settings=\"{&quot;background_background&quot;:&quot;classic&quot;}\">\n\t\t\t\t\t\t<div class=\"elementor-container elementor-column-gap-default\">\n\t\t\t\t\t<div class=\"elementor-column elementor-col-100 elementor-top-column elementor-element elementor-element-2cef154\" data-id=\"2cef154\" data-element_type=\"column\" data-e-type=\"column\">\n\t\t\t<div class=\"elementor-widget-wrap elementor-element-populated\">\n\t\t\t\t\t\t<div class=\"elementor-element elementor-element-02a7822 elementor-widget elementor-widget-heading\" data-id=\"02a7822\" data-element_type=\"widget\" data-e-type=\"widget\" data-widget_type=\"heading.default\">\n\t\t\t\t<div class=\"elementor-widget-container\">\n\t\t\t\t\t<h2 class=\"elementor-heading-title elementor-size-default\">\u041d\u0430\u0439\u0434\u0435\u043d\u043e \u0434\u0438\u043a\u043e\u0435 \u0436\u0438\u0432\u043e\u0442\u043d\u043e\u0435<\/h2>\t\t\t\t<\/div>\n\t\t\t\t<\/div>\n\t\t\t\t<div class=\"elementor-element elementor-element-7cc7aaa elementor-widget elementor-widget-text-editor\" data-id=\"7cc7aaa\" data-element_type=\"widget\" data-e-type=\"widget\" data-widget_type=\"text-editor.default\">\n\t\t\t\t<div class=\"elementor-widget-container\">\n\t\t\t\t\t\t\t\t\t<p>\u0415\u0441\u043b\u0438 \u0432\u044b \u0445\u043e\u0442\u0438\u0442\u0435 \u0441\u0432\u044f\u0437\u0430\u0442\u044c\u0441\u044f \u0441 \u043d\u0430\u043c\u0438 \u043f\u043e \u043f\u043e\u0432\u043e\u0434\u0443 \u043d\u0430\u0439\u0434\u0435\u043d\u043d\u043e\u0433\u043e \u0434\u0438\u043a\u043e\u0433\u043e \u0436\u0438\u0432\u043e\u0442\u043d\u043e\u0433\u043e, \u043c\u044b \u0445\u043e\u0442\u0435\u043b\u0438 \u0431\u044b \u043e\u0431\u0440\u0430\u0442\u0438\u0442\u044c \u0432\u0430\u0448\u0435 \u0432\u043d\u0438\u043c\u0430\u043d\u0438\u0435 \u043d\u0430 \u0442\u043e, \u0447\u0442\u043e&nbsp;<strong><em>\u041c\u044b \u043d\u0435 \u043d\u0435\u0441\u0435\u043c \u043e\u0442\u0432\u0435\u0442\u0441\u0442\u0432\u0435\u043d\u043d\u043e\u0441\u0442\u0438 \u0437\u0430 \u0434\u0438\u043a\u0438\u0445 \u0436\u0438\u0432\u043e\u0442\u043d\u044b\u0445<\/em><\/strong>. \u041f\u043e\u0436\u0430\u043b\u0443\u0439\u0441\u0442\u0430, \u043f\u043e\u0439\u043c\u0438\u0442\u0435, \u0447\u0442\u043e \u0443 \u043d\u0430\u0441 \u043d\u0435\u0442 \u043d\u0438 \u0433\u043b\u0443\u0431\u043e\u043a\u0438\u0445 \u0437\u043d\u0430\u043d\u0438\u0439, \u043d\u0438 \u0432\u043e\u0437\u043c\u043e\u0436\u043d\u043e\u0441\u0442\u0435\u0439 \u0434\u043b\u044f \u0442\u043e\u0433\u043e, \u0447\u0442\u043e\u0431\u044b \u043f\u0440\u0438\u043d\u0438\u043c\u0430\u0442\u044c \u0438 \u0443\u0445\u0430\u0436\u0438\u0432\u0430\u0442\u044c \u0437\u0430 \u0431\u0435\u043b\u043a\u0430\u043c\u0438, \u043b\u0435\u0442\u0443\u0447\u0438\u043c\u0438 \u043c\u044b\u0448\u0430\u043c\u0438 \u0438 \u0442.\u0434. \u0415\u0441\u043b\u0438 \u0440\u0435\u0447\u044c \u0438\u0434\u0435\u0442 \u043e \u0440\u0430\u043d\u0435\u043d\u043e\u043c \u0436\u0438\u0432\u043e\u0442\u043d\u043e\u043c, \u043c\u044b \u043e\u043a\u0430\u0436\u0435\u043c \u0432\u0430\u043c \u043f\u043e\u0434\u0434\u0435\u0440\u0436\u043a\u0443 \u0432 \u0442\u0430\u043a\u0438\u0445 \u0438\u0441\u043a\u043b\u044e\u0447\u0438\u0442\u0435\u043b\u044c\u043d\u044b\u0445 \u0441\u043b\u0443\u0447\u0430\u044f\u0445, \u043d\u0430\u0441\u043a\u043e\u043b\u044c\u043a\u043e \u043f\u043e\u0437\u0432\u043e\u043b\u044f\u0442 \u043d\u0430\u0448\u0438 \u0432\u043e\u0437\u043c\u043e\u0436\u043d\u043e\u0441\u0442\u0438. \u0420\u0430\u0437\u0443\u043c\u0435\u0435\u0442\u0441\u044f, \u043c\u044b \u0442\u0430\u043a\u0436\u0435 \u043f\u043e\u043c\u043e\u0436\u0435\u043c \u0432\u0430\u043c \u043d\u0430\u0439\u0442\u0438 \u043f\u0440\u043e\u0444\u0435\u0441\u0441\u0438\u043e\u043d\u0430\u043b\u044c\u043d\u044b\u0439 \u0446\u0435\u043d\u0442\u0440 \u043f\u043e \u0432\u043e\u0437\u0432\u0440\u0430\u0449\u0435\u043d\u0438\u044e \u0436\u0438\u0432\u043e\u0442\u043d\u044b\u0445. <br><br>\u041a \u0441\u043e\u0436\u0430\u043b\u0435\u043d\u0438\u044e, \u044d\u0442\u043e \u0434\u043e\u043f\u043e\u043b\u043d\u0438\u0442\u0435\u043b\u044c\u043d\u0430\u044f \u0437\u0430\u0434\u0430\u0447\u0430, \u0441 \u043a\u043e\u0442\u043e\u0440\u043e\u0439 \u043d\u0435\u0432\u043e\u0437\u043c\u043e\u0436\u043d\u043e \u0441\u043f\u0440\u0430\u0432\u0438\u0442\u044c\u0441\u044f \u043d\u0430\u0440\u044f\u0434\u0443 \u0441 \u043d\u0430\u0448\u0435\u0439 \u0440\u0430\u0431\u043e\u0442\u043e\u0439 \u043f\u043e \u0437\u0430\u0449\u0438\u0442\u0435 \u0436\u0438\u0432\u043e\u0442\u043d\u044b\u0445 \u0438 \u0434\u0435\u044f\u0442\u0435\u043b\u044c\u043d\u043e\u0441\u0442\u044c\u044e \u043f\u0440\u0438\u044e\u0442\u043e\u0432.<br><\/p>\n<p>\u0423\u0447\u0430\u0441\u0442\u043d\u0438\u043a\u0438 \u0434\u043e\u0440\u043e\u0436\u043d\u043e\u0433\u043e \u0434\u0432\u0438\u0436\u0435\u043d\u0438\u044f, \u043f\u043e \u0432\u0438\u043d\u0435 \u043a\u043e\u0442\u043e\u0440\u044b\u0445 \u043f\u0440\u043e\u0438\u0437\u043e\u0448\u0435\u043b \u043d\u0435\u0441\u0447\u0430\u0441\u0442\u043d\u044b\u0439 \u0441\u043b\u0443\u0447\u0430\u0439 \u0441 \u043a\u043e\u043f\u044b\u0442\u043d\u044b\u043c\u0438 (\u043d\u0430\u043f\u0440\u0438\u043c\u0435\u0440, \u043a\u043e\u0441\u0443\u043b\u0435\u0439, \u0431\u043b\u0430\u0433\u043e\u0440\u043e\u0434\u043d\u044b\u043c \u043e\u043b\u0435\u043d\u0435\u043c, \u043b\u0430\u043d\u044c\u044e, \u043a\u0430\u0431\u0430\u043d\u043e\u043c), \u043e\u0431\u044f\u0437\u0430\u043d\u044b \u0441\u043e\u043e\u0431\u0449\u0438\u0442\u044c \u043e\u0431 \u044d\u0442\u043e\u043c \u0432 \u0441\u043e\u043e\u0442\u0432\u0435\u0442\u0441\u0442\u0432\u0443\u044e\u0449\u0438\u0439 \u043f\u043e\u043b\u0438\u0446\u0435\u0439\u0441\u043a\u0438\u0439 \u0443\u0447\u0430\u0441\u0442\u043e\u043a.<\/p>\n<p>\u0412\u044b \u043c\u043e\u0436\u0435\u0442\u0435 \u0441\u0432\u044f\u0437\u0430\u0442\u044c\u0441\u044f \u0441 \u043d\u0430\u043c\u0438 \u0432 \u043f\u0440\u0438\u044e\u0442\u0435 \u0434\u043b\u044f \u0436\u0438\u0432\u043e\u0442\u043d\u044b\u0445 \u043f\u043e \u0442\u0435\u043b: <a href=\"tel:047183257\">0471 - 8 32 57<\/a>. \u0412 \u043d\u0435\u0440\u0430\u0431\u043e\u0447\u0435\u0435 \u0432\u0440\u0435\u043c\u044f \u043e\u0431\u0440\u0430\u0449\u0430\u0439\u0442\u0435\u0441\u044c \u0432 \u043f\u043e\u043b\u0438\u0446\u0438\u044e.<\/p><br><p><\/p>\t\t\t\t\t\t\t\t<\/div>\n\t\t\t\t<\/div>\n\t\t\t\t\t<\/div>\n\t\t<\/div>\n\t\t\t\t\t<\/div>\n\t\t<\/section>\n\t\t\t\t<\/div>","protected":false},"excerpt":{"rendered":"<p>Wildtier gefunden Wenn Sie sich wegen eines gefundenen Wildtieres an uns wenden m\u00f6chten, weisen wir vorsorglich darauf hin, dass&nbsp;wir f\u00fcr Wildtiere nicht zust\u00e4ndig sind. Bitte haben Sie Verst\u00e4ndnis daf\u00fcr, dass wir weder \u00fcber das fundierte Wissen noch \u00fcber die Kapazit\u00e4ten f\u00fcr Aufnahme und Pflege von Eichh\u00f6rnchen, Fledermaus etc. verf\u00fcgen. Sollte es sich um ein verletztes [&hellip;]<\/p>\n","protected":false},"author":3,"featured_media":0,"parent":0,"menu_order":0,"comment_status":"closed","ping_status":"closed","template":"","meta":{"footnotes":""},"class_list":["post-1824","page","type-page","status-publish","hentry"],"_links":{"self":[{"href":"https:\/\/www.tierschutz-bremerhaven.eu\/ru\/wp-json\/wp\/v2\/pages\/1824","targetHints":{"allow":["GET"]}}],"collection":[{"href":"https:\/\/www.tierschutz-bremerhaven.eu\/ru\/wp-json\/wp\/v2\/pages"}],"about":[{"href":"https:\/\/www.tierschutz-bremerhaven.eu\/ru\/wp-json\/wp\/v2\/types\/page"}],"author":[{"embeddable":true,"href":"https:\/\/www.tierschutz-bremerhaven.eu\/ru\/wp-json\/wp\/v2\/users\/3"}],"replies":[{"embeddable":true,"href":"https:\/\/www.tierschutz-bremerhaven.eu\/ru\/wp-json\/wp\/v2\/comments?post=1824"}],"version-history":[{"count":15,"href":"https:\/\/www.tierschutz-bremerhaven.eu\/ru\/wp-json\/wp\/v2\/pages\/1824\/revisions"}],"predecessor-version":[{"id":5339,"href":"https:\/\/www.tierschutz-bremerhaven.eu\/ru\/wp-json\/wp\/v2\/pages\/1824\/revisions\/5339"}],"wp:attachment":[{"href":"https:\/\/www.tierschutz-bremerhaven.eu\/ru\/wp-json\/wp\/v2\/media?parent=1824"}],"curies":[{"name":"wp","href":"https:\/\/api.w.org\/{rel}","templated":true}]}}