{"id":4855,"date":"2021-09-28T07:25:55","date_gmt":"2021-09-28T07:25:55","guid":{"rendered":"https:\/\/tierschutz-bremerhaven.eu\/?page_id=4855"},"modified":"2022-01-25T13:07:11","modified_gmt":"2022-01-25T13:07:11","slug":"%d1%81%d0%be%d0%be%d0%b1%d1%89%d0%b8%d1%82%d1%8c-%d0%be-%d0%b6%d0%b5%d1%81%d1%82%d0%be%d0%ba%d0%be%d0%bc-%d0%be%d0%b1%d1%80%d0%b0%d1%89%d0%b5%d0%bd%d0%b8%d0%b8-%d1%81-%d0%b6%d0%b8%d0%b2%d0%be%d1%82","status":"publish","type":"page","link":"https:\/\/www.tierschutz-bremerhaven.eu\/ru\/tiermisshandlung-melden","title":{"rendered":"\u0421\u043e\u043e\u0431\u0449\u0438\u0442\u0435 \u043e \u0436\u0435\u0441\u0442\u043e\u043a\u043e\u043c \u043e\u0431\u0440\u0430\u0449\u0435\u043d\u0438\u0438 \u0441 \u0436\u0438\u0432\u043e\u0442\u043d\u044b\u043c\u0438"},"content":{"rendered":"\n\n\t\t<div data-elementor-type=\"wp-page\" data-elementor-id=\"4855\" class=\"elementor elementor-4855\" data-elementor-post-type=\"page\">\n\t\t\t\t\t\t<section class=\"elementor-section elementor-top-section elementor-element elementor-element-6b45d430 elementor-section-boxed elementor-section-height-default elementor-section-height-default\" data-id=\"6b45d430\" data-element_type=\"section\" data-e-type=\"section\">\n\t\t\t\t\t\t<div class=\"elementor-container elementor-column-gap-custom\">\n\t\t\t\t\t<div class=\"elementor-column elementor-col-100 elementor-top-column elementor-element elementor-element-32896d18\" data-id=\"32896d18\" data-element_type=\"column\" data-e-type=\"column\">\n\t\t\t<div class=\"elementor-widget-wrap elementor-element-populated\">\n\t\t\t\t\t\t<div class=\"elementor-element elementor-element-242b721d elementor-widget elementor-widget-heading\" data-id=\"242b721d\" data-element_type=\"widget\" data-e-type=\"widget\" data-widget_type=\"heading.default\">\n\t\t\t\t<div class=\"elementor-widget-container\">\n\t\t\t\t\t<h2 class=\"elementor-heading-title elementor-size-default\">Tiermisshandlung melden<\/h2>\t\t\t\t<\/div>\n\t\t\t\t<\/div>\n\t\t\t\t<div class=\"elementor-element elementor-element-2dcbcc50 elementor-widget elementor-widget-text-editor\" data-id=\"2dcbcc50\" data-element_type=\"widget\" data-e-type=\"widget\" data-widget_type=\"text-editor.default\">\n\t\t\t\t<div class=\"elementor-widget-container\">\n\t\t\t\t\t\t\t\t\t<p><strong>Melden Sie Tierschutzverst\u00f6\u00dfe \u2013 auch bei Verdacht<\/strong><br><strong>Bitte schauen Sie nicht weg! Wir wollen Tierqu\u00e4lerei verhindern!<\/strong><\/p>\n<p>Sind die Zust\u00e4nde einer Tierhaltung besorgniserregend, dann ist der beste Weg , diesen Fall beim zust\u00e4ndigen Veterin\u00e4ramt zu melden. Als Tierschutzverein nehmen nat\u00fcrlich auch wir jeden Hinweis entgegen. Wir arbeiten eng mit den Beh\u00f6rden zusammen und setzen uns f\u00fcr jedes Tier ein.<\/p>\n<p>Ungewollte Tiere k\u00f6nnen bei uns im Tierheim abgegeben werden \u2013 wir nehmen jeden Sch\u00fctzling bei uns auf \u2013 egal welchen Alters, welcher Vorgeschichte und in welchem Zustand sich das Tier befindet.<\/p>\n<p>Bitte geben Sie bei jeglicher Kontaktaufnahme Ihren Namen, Anschrift (inkl. Telefonnummer) und E-Mail-Adresse an. Machen Sie m\u00f6glichst genaue Angaben \u00fcber<\/p>\n<p>&#8211; Ort<br>&#8211; Zeit<br>&#8211; Art des Vorfalls<br>&#8211; Ablauf des Vorfalls<br>&#8211; betroffene Tiere und diese zugef\u00fcgten Schmerzen, Leiden oder Sch\u00e4den<br>&#8211; beteiligte Personen und Zeugen (wenn bekannt)<\/p>\n<p>Ihre Kontaktdaten ben\u00f6tigen wir, um die Tierschutzf\u00e4lle bearbeiten zu k\u00f6nnen. Oftmals haben wir R\u00fcckfragen, die am schnellsten telefonisch besprochen werden k\u00f6nnen. <strong>Selbstverst\u00e4ndlich behandeln wir Ihre Daten vertraulich!<\/strong><\/p>\n<p>Wir k\u00f6nnen nur helfen, wenn uns Menschen auf Tierleid aufmerksam machen.<\/p>\n<p>Bei <strong>akuter Tiermisshandlung<\/strong> wenden Sie sich bitte umgehend an die <b>Polizei unter Tel. <a href=\"tel:04719531140\">0471 \u2013 9 53 11 40<\/a>.<\/b><\/p>\n<p>&nbsp;<\/p>\t\t\t\t\t\t\t\t<\/div>\n\t\t\t\t<\/div>\n\t\t\t\t\t<\/div>\n\t\t<\/div>\n\t\t\t\t\t<\/div>\n\t\t<\/section>\n\t\t\t\t<section class=\"elementor-section elementor-top-section elementor-element elementor-element-24d50ac4 elementor-section-content-bottom elementor-section-boxed elementor-section-height-default elementor-section-height-default\" data-id=\"24d50ac4\" data-element_type=\"section\" data-e-type=\"section\" data-settings=\"{&quot;background_background&quot;:&quot;classic&quot;}\">\n\t\t\t\t\t\t<div class=\"elementor-container elementor-column-gap-no\">\n\t\t\t\t\t<div class=\"elementor-column elementor-col-100 elementor-top-column elementor-element elementor-element-5dde57a4\" data-id=\"5dde57a4\" data-element_type=\"column\" data-e-type=\"column\">\n\t\t\t<div class=\"elementor-widget-wrap elementor-element-populated\">\n\t\t\t\t\t\t<div class=\"elementor-element elementor-element-58b99023 elementor-widget elementor-widget-heading\" data-id=\"58b99023\" data-element_type=\"widget\" data-e-type=\"widget\" data-widget_type=\"heading.default\">\n\t\t\t\t<div class=\"elementor-widget-container\">\n\t\t\t\t\t<h2 class=\"elementor-heading-title elementor-size-default\">Wie k\u00f6nnen wir helfen\/Tierschutzfall melden?<\/h2>\t\t\t\t<\/div>\n\t\t\t\t<\/div>\n\t\t\t\t<div class=\"elementor-element elementor-element-c0114a0 elementor-button-align-stretch elementor-widget elementor-widget-form\" data-id=\"c0114a0\" data-element_type=\"widget\" data-e-type=\"widget\" data-settings=\"{&quot;step_next_label&quot;:&quot;Next&quot;,&quot;step_previous_label&quot;:&quot;Previous&quot;,&quot;button_width&quot;:&quot;100&quot;,&quot;step_type&quot;:&quot;number_text&quot;,&quot;step_icon_shape&quot;:&quot;circle&quot;}\" data-widget_type=\"form.default\">\n\t\t\t\t<div class=\"elementor-widget-container\">\n\t\t\t\t\t\t\t<form class=\"elementor-form\" method=\"post\" name=\"New Form\" aria-label=\"New Form\">\n\t\t\t<input type=\"hidden\" name=\"post_id\" value=\"4855\"\/>\n\t\t\t<input type=\"hidden\" name=\"form_id\" value=\"c0114a0\"\/>\n\t\t\t<input type=\"hidden\" name=\"referer_title\" value=\"Tiermisshandlung melden\" \/>\n\n\t\t\t\t\t\t\t<input type=\"hidden\" name=\"queried_id\" value=\"4855\"\/>\n\t\t\t\n\t\t\t<div class=\"elementor-form-fields-wrapper elementor-labels-above\">\n\t\t\t\t\t\t\t\t<div class=\"elementor-field-type-text elementor-field-group elementor-column elementor-field-group-name elementor-col-100\">\n\t\t\t\t\t\t\t\t\t\t\t\t\t<input size=\"1\" type=\"text\" name=\"form_fields[name]\" id=\"form-field-name\" class=\"elementor-field elementor-size-sm  elementor-field-textual\" placeholder=\"Vorname, Familienname\">\n\t\t\t\t\t\t\t\t\t\t\t<\/div>\n\t\t\t\t\t\t\t\t<div class=\"elementor-field-type-email elementor-field-group elementor-column elementor-field-group-email elementor-col-100 elementor-field-required elementor-mark-required\">\n\t\t\t\t\t\t\t\t\t\t\t\t\t<input size=\"1\" type=\"email\" name=\"form_fields[email]\" id=\"form-field-email\" class=\"elementor-field elementor-size-sm  elementor-field-textual\" placeholder=\"E-Mail*\" required=\"required\">\n\t\t\t\t\t\t\t\t\t\t\t<\/div>\n\t\t\t\t\t\t\t\t<div class=\"elementor-field-type-textarea elementor-field-group elementor-column elementor-field-group-message elementor-col-100\">\n\t\t\t\t\t<textarea class=\"elementor-field-textual elementor-field  elementor-size-sm\" name=\"form_fields[message]\" id=\"form-field-message\" rows=\"4\" placeholder=\"Ihre Nachricht an uns\"><\/textarea>\t\t\t\t<\/div>\n\t\t\t\t\t\t\t\t<div class=\"elementor-field-type-acceptance elementor-field-group elementor-column elementor-field-group-field_d2d07d7 elementor-col-100 elementor-field-required elementor-mark-required\">\n\t\t\t\t\t\t\t<div class=\"elementor-field-subgroup\">\n\t\t\t<span class=\"elementor-field-option\">\n\t\t\t\t<input type=\"checkbox\" name=\"form_fields[field_d2d07d7]\" id=\"form-field-field_d2d07d7\" class=\"elementor-field elementor-size-sm  elementor-acceptance-field\" required=\"required\">\n\t\t\t\t<label for=\"form-field-field_d2d07d7\">* Ich stimme zu, dass meine Angaben aus dem Kontaktformular zur Beantwortung meiner Anfrage erhoben und verarbeitet werden. Die Daten werden nach abgeschlossener Bearbeitung dieser Anfrage gel\u00f6scht.<br><br>Hinweis: Sie k\u00f6nnen Ihre Einwilligung jederzeit f\u00fcr die Zukunft per E-Mail an <a href=\"mailto:info@tierschutz-bremerhaven.de\">info@tierschutz-bremerhaven.eu<\/a> widerrufen.<br>Detaillierte Informationen zum Umgang mit Nutzerdaten finden Sie in unserer <a href=\"\/datenschutz\">Datenschutzerkl\u00e4rung<\/a>.<\/label>\t\t\t<\/span>\n\t\t<\/div>\n\t\t\t\t\t\t<\/div>\n\t\t\t\t\t\t\t\t<div class=\"elementor-field-type-recaptcha_v3 elementor-field-group elementor-column elementor-field-group-field_e36c73d elementor-col-100 recaptcha_v3-bottomright\">\n\t\t\t\t\t<div class=\"elementor-field\" id=\"form-field-field_e36c73d\"><div class=\"elementor-g-recaptcha\" data-sitekey=\"6Ldi1m4cAAAAAPd0qcK5uS6ZL-mzRx4Po2Yorhn1\" data-type=\"v3\" data-action=\"Form\" data-badge=\"bottomright\" data-size=\"invisible\"><\/div><\/div>\t\t\t\t<\/div>\n\t\t\t\t\t\t\t\t<div class=\"elementor-field-group elementor-column elementor-field-type-submit elementor-col-100 e-form__buttons\">\n\t\t\t\t\t<button class=\"elementor-button elementor-size-sm\" type=\"submit\">\n\t\t\t\t\t\t<span class=\"elementor-button-content-wrapper\">\n\t\t\t\t\t\t\t\t\t\t\t\t\t\t\t\t\t\t\t\t\t\t<span class=\"elementor-button-text\">Senden<\/span>\n\t\t\t\t\t\t\t\t\t\t\t\t\t<\/span>\n\t\t\t\t\t<\/button>\n\t\t\t\t<\/div>\n\t\t\t<\/div>\n\t\t<\/form>\n\t\t\t\t\t\t<\/div>\n\t\t\t\t<\/div>\n\t\t\t\t\t<\/div>\n\t\t<\/div>\n\t\t\t\t\t<\/div>\n\t\t<\/section>\n\t\t\t\t<\/div>\n\t\t","protected":false},"excerpt":{"rendered":"<p>Tiermisshandlung melden Melden Sie Tierschutzverst\u00f6\u00dfe \u2013 auch bei VerdachtBitte schauen Sie nicht weg! Wir wollen Tierqu\u00e4lerei verhindern! Sind die Zust\u00e4nde einer Tierhaltung besorgniserregend, dann ist der beste Weg , diesen Fall beim zust\u00e4ndigen Veterin\u00e4ramt zu melden. Als Tierschutzverein nehmen nat\u00fcrlich auch wir jeden Hinweis entgegen. Wir arbeiten eng mit den Beh\u00f6rden zusammen und setzen uns [&hellip;]<\/p>\n","protected":false},"author":3,"featured_media":0,"parent":0,"menu_order":0,"comment_status":"closed","ping_status":"closed","template":"","meta":{"footnotes":""},"class_list":["post-4855","page","type-page","status-publish","hentry"],"_links":{"self":[{"href":"https:\/\/www.tierschutz-bremerhaven.eu\/ru\/wp-json\/wp\/v2\/pages\/4855","targetHints":{"allow":["GET"]}}],"collection":[{"href":"https:\/\/www.tierschutz-bremerhaven.eu\/ru\/wp-json\/wp\/v2\/pages"}],"about":[{"href":"https:\/\/www.tierschutz-bremerhaven.eu\/ru\/wp-json\/wp\/v2\/types\/page"}],"author":[{"embeddable":true,"href":"https:\/\/www.tierschutz-bremerhaven.eu\/ru\/wp-json\/wp\/v2\/users\/3"}],"replies":[{"embeddable":true,"href":"https:\/\/www.tierschutz-bremerhaven.eu\/ru\/wp-json\/wp\/v2\/comments?post=4855"}],"version-history":[{"count":16,"href":"https:\/\/www.tierschutz-bremerhaven.eu\/ru\/wp-json\/wp\/v2\/pages\/4855\/revisions"}],"predecessor-version":[{"id":5958,"href":"https:\/\/www.tierschutz-bremerhaven.eu\/ru\/wp-json\/wp\/v2\/pages\/4855\/revisions\/5958"}],"wp:attachment":[{"href":"https:\/\/www.tierschutz-bremerhaven.eu\/ru\/wp-json\/wp\/v2\/media?parent=4855"}],"curies":[{"name":"wp","href":"https:\/\/api.w.org\/{rel}","templated":true}]}}