{"id":1799,"date":"2021-04-29T14:18:03","date_gmt":"2021-04-29T14:18:03","guid":{"rendered":"https:\/\/tierschutz-bremerhaven.eu\/?page_id=1799"},"modified":"2021-04-29T14:18:36","modified_gmt":"2021-04-29T14:18:36","slug":"bakim-merkezi","status":"publish","type":"page","link":"https:\/\/www.tierschutz-bremerhaven.eu\/tr\/pflegestelle","title":{"rendered":"Koruyucu aile"},"content":{"rendered":"<div data-elementor-type=\"wp-page\" data-elementor-id=\"1799\" class=\"elementor elementor-1799\" data-elementor-post-type=\"page\">\n\t\t\t\t\t\t<section class=\"elementor-section elementor-top-section elementor-element elementor-element-3f2c348 elementor-section-full_width elementor-section-height-default elementor-section-height-default\" data-id=\"3f2c348\" data-element_type=\"section\" data-e-type=\"section\" data-settings=\"{&quot;background_background&quot;:&quot;classic&quot;}\">\n\t\t\t\t\t\t<div class=\"elementor-container elementor-column-gap-default\">\n\t\t\t\t\t<div class=\"elementor-column elementor-col-100 elementor-top-column elementor-element elementor-element-2cef154\" data-id=\"2cef154\" data-element_type=\"column\" data-e-type=\"column\">\n\t\t\t<div class=\"elementor-widget-wrap elementor-element-populated\">\n\t\t\t\t\t\t<div class=\"elementor-element elementor-element-02a7822 elementor-widget elementor-widget-heading\" data-id=\"02a7822\" data-element_type=\"widget\" data-e-type=\"widget\" data-widget_type=\"heading.default\">\n\t\t\t\t<div class=\"elementor-widget-container\">\n\t\t\t\t\t<h2 class=\"elementor-heading-title elementor-size-default\">Acil bir durumda<\/h2>\t\t\t\t<\/div>\n\t\t\t\t<\/div>\n\t\t\t\t<div class=\"elementor-element elementor-element-7cc7aaa elementor-widget elementor-widget-text-editor\" data-id=\"7cc7aaa\" data-element_type=\"widget\" data-e-type=\"widget\" data-widget_type=\"text-editor.default\">\n\t\t\t\t<div class=\"elementor-widget-container\">\n\t\t\t\t\t\t\t\t\t<p>Kalbi, akl\u0131 ve hayvan sevgisi olan, ancak herhangi bir nedenle bir hayvan\u0131 s\u00fcrekli olarak beslemek istemeyen insanlar ar\u0131yoruz.<\/p><p>Ancak, \u00e7e\u015fitli nedenlerle ge\u00e7ici bir yuva vermek istedi\u011fimiz bir hayvan\u0131 bar\u0131na\u011f\u0131m\u0131zdan alarak yine de iyi bir i\u015f yapabilirsiniz.<\/p><p>Baz\u0131 hayvanlar\u0131n bar\u0131naktaki g\u00fcnl\u00fck ya\u015famlar\u0131nda kendilerini hi\u00e7 rahat hissetmedikleri tekrar tekrar ya\u015fanmaktad\u0131r. Ya\u015fl\u0131 ve hasta hayvanlar bar\u0131nakta \u00f6zellikle zor zamanlar ge\u00e7iriyor. \u015eansl\u0131ysak, bu t\u00fcr hayvanlar\u0131 ge\u00e7ici olarak kabul eden ve onlara ihtiya\u00e7 duyduklar\u0131 bak\u0131m ve g\u00fcvenli\u011fi sa\u011flayan nazik insanlar buluyoruz. Hayvanlar kal\u0131c\u0131 olarak yeni sahiplerine teslim edilene kadar onlara bak\u0131yorlar. Tabii ki, ya\u015fl\u0131 ya da hasta hayvanlara hayatlar\u0131n\u0131n son d\u00f6nemlerinde bir yuva vermeyi d\u00fc\u015f\u00fcn\u00fcrseniz \u00e7ok memnun oluruz.<\/p><p>Koruyucu \u00e7ocuklar\u0131m\u0131zdan birine bir s\u00fcreli\u011fine destek olmak isterseniz, l\u00fctfen 0471 - 8 32 57 numaral\u0131 telefondan veya e-posta yoluyla bize ula\u015f\u0131n:\u00a0<a href=\"mailto:info@tierschutz-bremerhaven.de\">info@tierschutz-bremerhaven.de<\/a><br \/>\u00c7al\u0131\u015fma saatlerimiz d\u0131\u015f\u0131nda telesekreterimize mesaj b\u0131rakabilirsiniz. Size hemen geri d\u00f6n\u00fc\u015f yap\u0131lacakt\u0131r.<\/p>\t\t\t\t\t\t\t\t<\/div>\n\t\t\t\t<\/div>\n\t\t\t\t\t<\/div>\n\t\t<\/div>\n\t\t\t\t\t<\/div>\n\t\t<\/section>\n\t\t\t\t<\/div>","protected":false},"excerpt":{"rendered":"<p>Im Notfall Wir suchen Menschen mit Herz, Verstand und Tierliebe, die aber, aus welchen Gr\u00fcnden auch immer, kein Tier auf Dauer halten m\u00f6chten. Sie k\u00f6nnen aber trotzdem ein gutes Werk tun: Sie nehmen ein Tier aus unserem Tierheim, das wir aus den verschiedensten Gr\u00fcnden in ein Zuhause auf Zeit geben m\u00f6chten. Es kommt immer wieder [&hellip;]<\/p>\n","protected":false},"author":3,"featured_media":0,"parent":0,"menu_order":0,"comment_status":"closed","ping_status":"closed","template":"","meta":{"footnotes":""},"class_list":["post-1799","page","type-page","status-publish","hentry"],"_links":{"self":[{"href":"https:\/\/www.tierschutz-bremerhaven.eu\/tr\/wp-json\/wp\/v2\/pages\/1799","targetHints":{"allow":["GET"]}}],"collection":[{"href":"https:\/\/www.tierschutz-bremerhaven.eu\/tr\/wp-json\/wp\/v2\/pages"}],"about":[{"href":"https:\/\/www.tierschutz-bremerhaven.eu\/tr\/wp-json\/wp\/v2\/types\/page"}],"author":[{"embeddable":true,"href":"https:\/\/www.tierschutz-bremerhaven.eu\/tr\/wp-json\/wp\/v2\/users\/3"}],"replies":[{"embeddable":true,"href":"https:\/\/www.tierschutz-bremerhaven.eu\/tr\/wp-json\/wp\/v2\/comments?post=1799"}],"version-history":[{"count":3,"href":"https:\/\/www.tierschutz-bremerhaven.eu\/tr\/wp-json\/wp\/v2\/pages\/1799\/revisions"}],"predecessor-version":[{"id":1802,"href":"https:\/\/www.tierschutz-bremerhaven.eu\/tr\/wp-json\/wp\/v2\/pages\/1799\/revisions\/1802"}],"wp:attachment":[{"href":"https:\/\/www.tierschutz-bremerhaven.eu\/tr\/wp-json\/wp\/v2\/media?parent=1799"}],"curies":[{"name":"wp","href":"https:\/\/api.w.org\/{rel}","templated":true}]}}