{"id":1813,"date":"2021-04-29T14:20:32","date_gmt":"2021-04-29T14:20:32","guid":{"rendered":"https:\/\/tierschutz-bremerhaven.eu\/?page_id=1813"},"modified":"2021-04-30T10:03:02","modified_gmt":"2021-04-30T10:03:02","slug":"zaman-bagiscisi","status":"publish","type":"page","link":"https:\/\/www.tierschutz-bremerhaven.eu\/tr\/zeitspender","title":{"rendered":"Zaman ba\u011f\u0131\u015f\u00e7\u0131s\u0131:"},"content":{"rendered":"<div data-elementor-type=\"wp-page\" data-elementor-id=\"1813\" class=\"elementor elementor-1813\" data-elementor-post-type=\"page\">\n\t\t\t\t\t\t<section class=\"elementor-section elementor-top-section elementor-element elementor-element-dc52f6b elementor-section-full_width elementor-section-height-default elementor-section-height-default\" data-id=\"dc52f6b\" data-element_type=\"section\" data-e-type=\"section\">\n\t\t\t\t\t\t<div class=\"elementor-container elementor-column-gap-default\">\n\t\t\t\t\t<div class=\"elementor-column elementor-col-100 elementor-top-column elementor-element elementor-element-4789b94\" data-id=\"4789b94\" data-element_type=\"column\" data-e-type=\"column\">\n\t\t\t<div class=\"elementor-widget-wrap elementor-element-populated\">\n\t\t\t\t\t\t<div class=\"elementor-element elementor-element-661227f elementor-widget elementor-widget-image\" data-id=\"661227f\" data-element_type=\"widget\" data-e-type=\"widget\" data-widget_type=\"image.default\">\n\t\t\t\t<div class=\"elementor-widget-container\">\n\t\t\t\t\t\t\t\t\t\t\t\t\t\t\t<img fetchpriority=\"high\" decoding=\"async\" width=\"800\" height=\"453\" src=\"https:\/\/www.tierschutz-bremerhaven.eu\/wp-content\/uploads\/2021\/04\/chihuahua-puppie-with-empty-cardboard-dog-holding-5Q6PP22-003-1024x580.jpg\" class=\"attachment-large size-large wp-image-2067\" alt=\"\" srcset=\"https:\/\/www.tierschutz-bremerhaven.eu\/wp-content\/uploads\/2021\/04\/chihuahua-puppie-with-empty-cardboard-dog-holding-5Q6PP22-003-1024x580.jpg 1024w, https:\/\/www.tierschutz-bremerhaven.eu\/wp-content\/uploads\/2021\/04\/chihuahua-puppie-with-empty-cardboard-dog-holding-5Q6PP22-003-300x170.jpg 300w, https:\/\/www.tierschutz-bremerhaven.eu\/wp-content\/uploads\/2021\/04\/chihuahua-puppie-with-empty-cardboard-dog-holding-5Q6PP22-003-768x435.jpg 768w, https:\/\/www.tierschutz-bremerhaven.eu\/wp-content\/uploads\/2021\/04\/chihuahua-puppie-with-empty-cardboard-dog-holding-5Q6PP22-003-1536x870.jpg 1536w, https:\/\/www.tierschutz-bremerhaven.eu\/wp-content\/uploads\/2021\/04\/chihuahua-puppie-with-empty-cardboard-dog-holding-5Q6PP22-003-2048x1161.jpg 2048w\" sizes=\"(max-width: 800px) 100vw, 800px\" \/>\t\t\t\t\t\t\t\t\t\t\t\t\t\t\t<\/div>\n\t\t\t\t<\/div>\n\t\t\t\t\t<\/div>\n\t\t<\/div>\n\t\t\t\t\t<\/div>\n\t\t<\/section>\n\t\t\t\t<section class=\"elementor-section elementor-top-section elementor-element elementor-element-3f2c348 elementor-section-full_width elementor-section-height-default elementor-section-height-default\" data-id=\"3f2c348\" data-element_type=\"section\" data-e-type=\"section\" data-settings=\"{&quot;background_background&quot;:&quot;classic&quot;}\">\n\t\t\t\t\t\t<div class=\"elementor-container elementor-column-gap-default\">\n\t\t\t\t\t<div class=\"elementor-column elementor-col-100 elementor-top-column elementor-element elementor-element-2cef154\" data-id=\"2cef154\" data-element_type=\"column\" data-e-type=\"column\">\n\t\t\t<div class=\"elementor-widget-wrap elementor-element-populated\">\n\t\t\t\t\t\t<div class=\"elementor-element elementor-element-02a7822 elementor-widget elementor-widget-heading\" data-id=\"02a7822\" data-element_type=\"widget\" data-e-type=\"widget\" data-widget_type=\"heading.default\">\n\t\t\t\t<div class=\"elementor-widget-container\">\n\t\t\t\t\t<h2 class=\"elementor-heading-title elementor-size-default\">Zaman ba\u011f\u0131\u015f\u00e7\u0131s\u0131:<\/h2>\t\t\t\t<\/div>\n\t\t\t\t<\/div>\n\t\t\t\t<div class=\"elementor-element elementor-element-7cc7aaa elementor-widget elementor-widget-text-editor\" data-id=\"7cc7aaa\" data-element_type=\"widget\" data-e-type=\"widget\" data-widget_type=\"text-editor.default\">\n\t\t\t\t<div class=\"elementor-widget-container\">\n\t\t\t\t\t\t\t\t\t<p>Hayvanlar\u0131m\u0131z i\u00e7in bir \u015feyler yapman\u0131n pek \u00e7ok yolu var. Bizi aktif olarak desteklemek ve kendiniz de dahil olmak isterseniz, l\u00fctfen bizimle ileti\u015fime ge\u00e7in. Empati kurabilen yard\u0131mc\u0131lara her zaman ihtiyac\u0131m\u0131z var.<br \/><br \/>Y\u00fcr\u00fctme, kedileri sevme, takip kontrolleri, el i\u015fleri, d\u0131\u015f alan\u0131n bak\u0131m\u0131 ve \u00e7ok daha fazlas\u0131 i\u00e7in d\u00fczenli yard\u0131ma ihtiyac\u0131m\u0131z var.<\/p><p>L\u00fctfen bizimle telefon veya e-posta yoluyla ileti\u015fime ge\u00e7in.<br \/>Yard\u0131m\u0131n\u0131za en \u00e7ok ihtiya\u00e7 duyulan alanlar\u0131 sizinle g\u00f6r\u00fc\u015fmek i\u00e7in ki\u015fisel bir randevu ayarlayaca\u011f\u0131z.<\/p><p>L\u00fctfen hayvan bar\u0131na\u011f\u0131nda bizimle ileti\u015fime ge\u00e7in: Tel.: 0471 - 8 32 57<br \/>\u00c7al\u0131\u015fma saatlerimiz d\u0131\u015f\u0131nda telesekreterimize mesaj b\u0131rakabilirsiniz. Size hemen geri d\u00f6n\u00fc\u015f yap\u0131lacakt\u0131r.<\/p>\t\t\t\t\t\t\t\t<\/div>\n\t\t\t\t<\/div>\n\t\t\t\t\t<\/div>\n\t\t<\/div>\n\t\t\t\t\t<\/div>\n\t\t<\/section>\n\t\t\t\t<\/div>","protected":false},"excerpt":{"rendered":"<p>Zeitspender: Es gibt viele M\u00f6glichkeiten, sich f\u00fcr unsere Tiere einzubringen. Wenn Sie uns gerne tatkr\u00e4ftig unterst\u00fctzen und selbst aktiv werden m\u00f6chten, sprechen Sie uns gerne an. Wir ben\u00f6tigen st\u00e4ndig einf\u00fchlsame Helfer. Regelm\u00e4\u00dfige Unterst\u00fctzung ben\u00f6tigen wir beim Gassigehen, beim Katzenstreicheln, f\u00fcr Nachkontrollen, bei handwerklichen T\u00e4tigkeiten, der Pflege des Au\u00dfengel\u00e4ndes u.v.m. Melden Sie sich telefonisch oder per [&hellip;]<\/p>\n","protected":false},"author":3,"featured_media":0,"parent":0,"menu_order":0,"comment_status":"closed","ping_status":"closed","template":"","meta":{"footnotes":""},"class_list":["post-1813","page","type-page","status-publish","hentry"],"_links":{"self":[{"href":"https:\/\/www.tierschutz-bremerhaven.eu\/tr\/wp-json\/wp\/v2\/pages\/1813","targetHints":{"allow":["GET"]}}],"collection":[{"href":"https:\/\/www.tierschutz-bremerhaven.eu\/tr\/wp-json\/wp\/v2\/pages"}],"about":[{"href":"https:\/\/www.tierschutz-bremerhaven.eu\/tr\/wp-json\/wp\/v2\/types\/page"}],"author":[{"embeddable":true,"href":"https:\/\/www.tierschutz-bremerhaven.eu\/tr\/wp-json\/wp\/v2\/users\/3"}],"replies":[{"embeddable":true,"href":"https:\/\/www.tierschutz-bremerhaven.eu\/tr\/wp-json\/wp\/v2\/comments?post=1813"}],"version-history":[{"count":16,"href":"https:\/\/www.tierschutz-bremerhaven.eu\/tr\/wp-json\/wp\/v2\/pages\/1813\/revisions"}],"predecessor-version":[{"id":2115,"href":"https:\/\/www.tierschutz-bremerhaven.eu\/tr\/wp-json\/wp\/v2\/pages\/1813\/revisions\/2115"}],"wp:attachment":[{"href":"https:\/\/www.tierschutz-bremerhaven.eu\/tr\/wp-json\/wp\/v2\/media?parent=1813"}],"curies":[{"name":"wp","href":"https:\/\/api.w.org\/{rel}","templated":true}]}}