{"id":1817,"date":"2021-04-29T14:21:22","date_gmt":"2021-04-29T14:21:22","guid":{"rendered":"https:\/\/tierschutz-bremerhaven.eu\/?page_id=1817"},"modified":"2021-06-22T12:07:28","modified_gmt":"2021-06-22T12:07:28","slug":"walker","status":"publish","type":"page","link":"https:\/\/www.tierschutz-bremerhaven.eu\/tr\/gassi-geher","title":{"rendered":"K\u00f6pek gezdiricisi"},"content":{"rendered":"<div data-elementor-type=\"wp-page\" data-elementor-id=\"1817\" class=\"elementor elementor-1817\" data-elementor-post-type=\"page\">\n\t\t\t\t\t\t<section class=\"elementor-section elementor-top-section elementor-element elementor-element-3f2c348 elementor-section-full_width elementor-section-height-default elementor-section-height-default\" data-id=\"3f2c348\" data-element_type=\"section\" data-e-type=\"section\" data-settings=\"{&quot;background_background&quot;:&quot;classic&quot;}\">\n\t\t\t\t\t\t<div class=\"elementor-container elementor-column-gap-default\">\n\t\t\t\t\t<div class=\"elementor-column elementor-col-100 elementor-top-column elementor-element elementor-element-2cef154\" data-id=\"2cef154\" data-element_type=\"column\" data-e-type=\"column\">\n\t\t\t<div class=\"elementor-widget-wrap elementor-element-populated\">\n\t\t\t\t\t\t<div class=\"elementor-element elementor-element-02a7822 elementor-widget elementor-widget-heading\" data-id=\"02a7822\" data-element_type=\"widget\" data-e-type=\"widget\" data-widget_type=\"heading.default\">\n\t\t\t\t<div class=\"elementor-widget-container\">\n\t\t\t\t\t<h2 class=\"elementor-heading-title elementor-size-default\">K\u00f6pek gezdiricisi<\/h2>\t\t\t\t<\/div>\n\t\t\t\t<\/div>\n\t\t\t\t<div class=\"elementor-element elementor-element-7cc7aaa elementor-widget elementor-widget-text-editor\" data-id=\"7cc7aaa\" data-element_type=\"widget\" data-e-type=\"widget\" data-widget_type=\"text-editor.default\">\n\t\t\t\t<div class=\"elementor-widget-container\">\n\t\t\t\t\t\t\t\t\t<p>Yeni tesisimizde k\u00f6peklerimizin elbette d\u00fczenli olarak kullanabilece\u011fi iki b\u00fcy\u00fck ko\u015fu parkuru bulunmaktad\u0131r.<\/p><p>K\u00f6peklerimizi ekstra bir y\u00fcr\u00fcy\u00fc\u015fle \u015f\u0131martmak isterseniz, l\u00fctfen bizimle ileti\u015fime ge\u00e7in.<\/p><p>Bu, k\u00f6peklerimiz i\u00e7in \u00f6zel bir \u015feydir, \u00e7\u00fcnk\u00fc t\u00fcm ilgiyi tek bir ki\u015fiden al\u0131rlar ve y\u00fcr\u00fcy\u00fc\u015flerde \u00e7ok fazla \u00e7e\u015fitlilik ya\u015farlar.<\/p><p>Bunun i\u00e7in dernek \u00fcyeli\u011fi zorunludur, \u00e7\u00fcnk\u00fc ileti\u015fim bilgilerinize ihtiyac\u0131m\u0131z var ve daha sonra dernek arac\u0131l\u0131\u011f\u0131yla sigorta kapsam\u0131ndan yararlanacaks\u0131n\u0131z.<\/p><p>Bu y\u00fcr\u00fcy\u00fc\u015flerde \u00e7ocuklar\u0131n k\u00f6peklerimize e\u015flik etmesinden mutluluk duyar\u0131z. Ancak g\u00fcvenlik nedeniyle, bu sadece bir yeti\u015fkin e\u015fli\u011finde m\u00fcmk\u00fcn olmaktad\u0131r.<\/p><p>\u015eimdi tek yapman\u0131z gereken bizden bir randevu almak ve hayvan bak\u0131c\u0131lar\u0131m\u0131z\u0131n size a\u00e7\u0131klayaca\u011f\u0131 y\u00fcr\u00fcy\u00fc\u015f kurallar\u0131m\u0131za a\u015fina olmak. Bu bilgilendirme sizin ve k\u00f6pe\u011finizin g\u00fcvenli\u011fi i\u00e7indir.<\/p><p>Hava \u00e7ok s\u0131cak ya da \u00e7ok so\u011fuksa, hayvanlar\u0131n iyili\u011fi i\u00e7in y\u00fcr\u00fcy\u00fc\u015f\u00fc iptal etmek zorunda kalabiliyoruz. Ama o zaman bir sonraki seferi daha \u00e7ok iple \u00e7ekiyorlar. \u00a0<\/p><p>Y\u00fcr\u00fcy\u00fc\u015f saatlerimiz Sal\u0131, \u00c7ar\u015famba, Cuma ve Cumartesi g\u00fcnleri 10:00-14:00, Pazar g\u00fcnleri ise 13:00-16:00 saatleri aras\u0131ndad\u0131r.<\/p><p>L\u00fctfen hayvan bar\u0131na\u011f\u0131nda bizimle ileti\u015fime ge\u00e7in: Tel.: 0471 - 8 32 57<br \/>\u00c7al\u0131\u015fma saatlerimiz d\u0131\u015f\u0131nda telesekreterimize mesaj b\u0131rakabilirsiniz. Size hemen geri d\u00f6n\u00fc\u015f yap\u0131lacakt\u0131r.<\/p>\t\t\t\t\t\t\t\t<\/div>\n\t\t\t\t<\/div>\n\t\t\t\t\t<\/div>\n\t\t<\/div>\n\t\t\t\t\t<\/div>\n\t\t<\/section>\n\t\t\t\t<\/div>","protected":false},"excerpt":{"rendered":"<p>Gassi-Geher Auf unserem neuen Gel\u00e4nde befinden sich zwei gro\u00dfe Ausl\u00e4ufe, die unsere Hunde nat\u00fcrlich regelm\u00e4\u00dfig nutzen k\u00f6nnen. Wenn Sie unseren aber Hunden mit einem zus\u00e4tzlichen Spaziergang verw\u00f6hnen m\u00f6chten, sprechen Sie uns gerne an. F\u00fcr unsere Hunde ist dies etwas Besonderes, da sie von einer einzelnen Person die ganze Aufmerksamkeit erhalten und auf den Spazierg\u00e4ngen viel [&hellip;]<\/p>\n","protected":false},"author":3,"featured_media":0,"parent":0,"menu_order":0,"comment_status":"closed","ping_status":"closed","template":"","meta":{"footnotes":""},"class_list":["post-1817","page","type-page","status-publish","hentry"],"_links":{"self":[{"href":"https:\/\/www.tierschutz-bremerhaven.eu\/tr\/wp-json\/wp\/v2\/pages\/1817","targetHints":{"allow":["GET"]}}],"collection":[{"href":"https:\/\/www.tierschutz-bremerhaven.eu\/tr\/wp-json\/wp\/v2\/pages"}],"about":[{"href":"https:\/\/www.tierschutz-bremerhaven.eu\/tr\/wp-json\/wp\/v2\/types\/page"}],"author":[{"embeddable":true,"href":"https:\/\/www.tierschutz-bremerhaven.eu\/tr\/wp-json\/wp\/v2\/users\/3"}],"replies":[{"embeddable":true,"href":"https:\/\/www.tierschutz-bremerhaven.eu\/tr\/wp-json\/wp\/v2\/comments?post=1817"}],"version-history":[{"count":3,"href":"https:\/\/www.tierschutz-bremerhaven.eu\/tr\/wp-json\/wp\/v2\/pages\/1817\/revisions"}],"predecessor-version":[{"id":1823,"href":"https:\/\/www.tierschutz-bremerhaven.eu\/tr\/wp-json\/wp\/v2\/pages\/1817\/revisions\/1823"}],"wp:attachment":[{"href":"https:\/\/www.tierschutz-bremerhaven.eu\/tr\/wp-json\/wp\/v2\/media?parent=1817"}],"curies":[{"name":"wp","href":"https:\/\/api.w.org\/{rel}","templated":true}]}}