{"id":1824,"date":"2021-04-29T14:22:50","date_gmt":"2021-04-29T14:22:50","guid":{"rendered":"https:\/\/tierschutz-bremerhaven.eu\/?page_id=1824"},"modified":"2021-10-08T12:26:14","modified_gmt":"2021-10-08T12:26:14","slug":"vahsi-hayvan-bulundu","status":"publish","type":"page","link":"https:\/\/www.tierschutz-bremerhaven.eu\/tr\/wildtier-gefunden","title":{"rendered":"Vah\u015fi hayvan bulundu"},"content":{"rendered":"<div data-elementor-type=\"wp-page\" data-elementor-id=\"1824\" class=\"elementor elementor-1824\" data-elementor-post-type=\"page\">\n\t\t\t\t\t\t<section class=\"elementor-section elementor-top-section elementor-element elementor-element-3f2c348 elementor-section-boxed elementor-section-height-default elementor-section-height-default\" data-id=\"3f2c348\" data-element_type=\"section\" data-e-type=\"section\" data-settings=\"{&quot;background_background&quot;:&quot;classic&quot;}\">\n\t\t\t\t\t\t<div class=\"elementor-container elementor-column-gap-default\">\n\t\t\t\t\t<div class=\"elementor-column elementor-col-100 elementor-top-column elementor-element elementor-element-2cef154\" data-id=\"2cef154\" data-element_type=\"column\" data-e-type=\"column\">\n\t\t\t<div class=\"elementor-widget-wrap elementor-element-populated\">\n\t\t\t\t\t\t<div class=\"elementor-element elementor-element-02a7822 elementor-widget elementor-widget-heading\" data-id=\"02a7822\" data-element_type=\"widget\" data-e-type=\"widget\" data-widget_type=\"heading.default\">\n\t\t\t\t<div class=\"elementor-widget-container\">\n\t\t\t\t\t<h2 class=\"elementor-heading-title elementor-size-default\">Vah\u015fi hayvan bulundu<\/h2>\t\t\t\t<\/div>\n\t\t\t\t<\/div>\n\t\t\t\t<div class=\"elementor-element elementor-element-7cc7aaa elementor-widget elementor-widget-text-editor\" data-id=\"7cc7aaa\" data-element_type=\"widget\" data-e-type=\"widget\" data-widget_type=\"text-editor.default\">\n\t\t\t\t<div class=\"elementor-widget-container\">\n\t\t\t\t\t\t\t\t\t<p>Bulunan bir yaban hayvan\u0131 hakk\u0131nda bizimle ileti\u015fime ge\u00e7mek isterseniz, \u00f6nlem olarak \u015funu belirtmek isteriz&nbsp;<strong><em>yabani\u0307 hayvanlardan sorumlu de\u011fi\u0307li\u0307z<\/em><\/strong>. L\u00fctfen sincap, yarasa vb. hayvanlar\u0131 kabul etmek ve bak\u0131mlar\u0131n\u0131 yapmak i\u00e7in ne derinlemesine bilgiye ne de kapasiteye sahip oldu\u011fumuzu anlay\u0131n. Yaral\u0131 bir hayvan s\u00f6z konusuysa, kapasitemiz elverdi\u011fi s\u00fcrece bu t\u00fcr istisnai durumlarda size destek olaca\u011f\u0131z. Elbette, profesyonel bir yeniden sahiplendirme merkezi bulman\u0131za da yard\u0131mc\u0131 olaca\u011f\u0131z. <br><br>Ne yaz\u0131k ki bu, hayvan refah\u0131na y\u00f6nelik \u00e7al\u0131\u015fmalar\u0131m\u0131z ve hayvan bar\u0131na\u011f\u0131 operasyonlar\u0131m\u0131zla birlikte y\u00f6netilemeyecek ek bir g\u00f6revdir.<br><\/p>\n<p>Toynakl\u0131 av hayvanlar\u0131n\u0131n (\u00f6rn. karaca, k\u0131z\u0131l geyik, alageyik, yaban domuzu) kar\u0131\u015ft\u0131\u011f\u0131 bir kazaya neden olan yol kullan\u0131c\u0131lar\u0131 bunu ilgili polis karakoluna bildirmekle y\u00fck\u00fcml\u00fcd\u00fcr.<\/p>\n<p>Bize hayvan bar\u0131na\u011f\u0131ndan ula\u015fabilirsiniz: <a href=\"tel:047183257\">0471 - 8 32 57<\/a>. \u00c7al\u0131\u015fma saatlerimiz d\u0131\u015f\u0131nda l\u00fctfen polisle irtibata ge\u00e7in.<\/p><br><p><\/p>\t\t\t\t\t\t\t\t<\/div>\n\t\t\t\t<\/div>\n\t\t\t\t\t<\/div>\n\t\t<\/div>\n\t\t\t\t\t<\/div>\n\t\t<\/section>\n\t\t\t\t<\/div>","protected":false},"excerpt":{"rendered":"<p>Wildtier gefunden Wenn Sie sich wegen eines gefundenen Wildtieres an uns wenden m\u00f6chten, weisen wir vorsorglich darauf hin, dass&nbsp;wir f\u00fcr Wildtiere nicht zust\u00e4ndig sind. Bitte haben Sie Verst\u00e4ndnis daf\u00fcr, dass wir weder \u00fcber das fundierte Wissen noch \u00fcber die Kapazit\u00e4ten f\u00fcr Aufnahme und Pflege von Eichh\u00f6rnchen, Fledermaus etc. verf\u00fcgen. Sollte es sich um ein verletztes [&hellip;]<\/p>\n","protected":false},"author":3,"featured_media":0,"parent":0,"menu_order":0,"comment_status":"closed","ping_status":"closed","template":"","meta":{"footnotes":""},"class_list":["post-1824","page","type-page","status-publish","hentry"],"_links":{"self":[{"href":"https:\/\/www.tierschutz-bremerhaven.eu\/tr\/wp-json\/wp\/v2\/pages\/1824","targetHints":{"allow":["GET"]}}],"collection":[{"href":"https:\/\/www.tierschutz-bremerhaven.eu\/tr\/wp-json\/wp\/v2\/pages"}],"about":[{"href":"https:\/\/www.tierschutz-bremerhaven.eu\/tr\/wp-json\/wp\/v2\/types\/page"}],"author":[{"embeddable":true,"href":"https:\/\/www.tierschutz-bremerhaven.eu\/tr\/wp-json\/wp\/v2\/users\/3"}],"replies":[{"embeddable":true,"href":"https:\/\/www.tierschutz-bremerhaven.eu\/tr\/wp-json\/wp\/v2\/comments?post=1824"}],"version-history":[{"count":15,"href":"https:\/\/www.tierschutz-bremerhaven.eu\/tr\/wp-json\/wp\/v2\/pages\/1824\/revisions"}],"predecessor-version":[{"id":5339,"href":"https:\/\/www.tierschutz-bremerhaven.eu\/tr\/wp-json\/wp\/v2\/pages\/1824\/revisions\/5339"}],"wp:attachment":[{"href":"https:\/\/www.tierschutz-bremerhaven.eu\/tr\/wp-json\/wp\/v2\/media?parent=1824"}],"curies":[{"name":"wp","href":"https:\/\/api.w.org\/{rel}","templated":true}]}}