{"id":2233,"date":"2021-05-22T07:43:51","date_gmt":"2021-05-22T07:43:51","guid":{"rendered":"https:\/\/tierschutz-bremerhaven.eu\/?page_id=2233"},"modified":"2021-10-08T11:33:25","modified_gmt":"2021-10-08T11:33:25","slug":"alman-hayvan-refahi-kurulusu-e-v","status":"publish","type":"page","link":"https:\/\/www.tierschutz-bremerhaven.eu\/tr\/deutscher-tierschutzbund-e-v","title":{"rendered":"Alman Hayvan Refah\u0131 Derne\u011fi"},"content":{"rendered":"<div data-elementor-type=\"wp-page\" data-elementor-id=\"2233\" class=\"elementor elementor-2233\" data-elementor-post-type=\"page\">\n\t\t\t\t\t\t<section class=\"elementor-section elementor-top-section elementor-element elementor-element-d4d01e4 elementor-section-full_width elementor-section-height-default elementor-section-height-default\" data-id=\"d4d01e4\" data-element_type=\"section\" data-e-type=\"section\" data-settings=\"{&quot;background_background&quot;:&quot;classic&quot;}\">\n\t\t\t\t\t\t<div class=\"elementor-container elementor-column-gap-default\">\n\t\t\t\t\t<div class=\"elementor-column elementor-col-100 elementor-top-column elementor-element elementor-element-bd2a910\" data-id=\"bd2a910\" data-element_type=\"column\" data-e-type=\"column\">\n\t\t\t<div class=\"elementor-widget-wrap elementor-element-populated\">\n\t\t\t\t\t\t<div class=\"elementor-element elementor-element-ab1aa74 elementor-widget elementor-widget-jet-listing-dynamic-image\" data-id=\"ab1aa74\" data-element_type=\"widget\" data-e-type=\"widget\" data-widget_type=\"jet-listing-dynamic-image.default\">\n\t\t\t\t<div class=\"elementor-widget-container\">\n\t\t\t\t\t<div class=\"jet-listing jet-listing-dynamic-image\" ><img fetchpriority=\"high\" decoding=\"async\" width=\"2560\" height=\"1150\" src=\"https:\/\/www.tierschutz-bremerhaven.eu\/wp-content\/uploads\/2021\/03\/group-of-dogs-and-cats-sitting-PW8VPEP-scaled.jpg\" class=\"jet-listing-dynamic-image__img attachment-full size-full wp-post-image\" alt=\"Beyaz arka plan \u00f6n\u00fcnde oturan bir grup kedi ve k\u00f6pek\" srcset=\"https:\/\/www.tierschutz-bremerhaven.eu\/wp-content\/uploads\/2021\/03\/group-of-dogs-and-cats-sitting-PW8VPEP-scaled.jpg 2560w, https:\/\/www.tierschutz-bremerhaven.eu\/wp-content\/uploads\/2021\/03\/group-of-dogs-and-cats-sitting-PW8VPEP-300x135.jpg 300w, https:\/\/www.tierschutz-bremerhaven.eu\/wp-content\/uploads\/2021\/03\/group-of-dogs-and-cats-sitting-PW8VPEP-1024x460.jpg 1024w, https:\/\/www.tierschutz-bremerhaven.eu\/wp-content\/uploads\/2021\/03\/group-of-dogs-and-cats-sitting-PW8VPEP-768x345.jpg 768w, https:\/\/www.tierschutz-bremerhaven.eu\/wp-content\/uploads\/2021\/03\/group-of-dogs-and-cats-sitting-PW8VPEP-1536x690.jpg 1536w, https:\/\/www.tierschutz-bremerhaven.eu\/wp-content\/uploads\/2021\/03\/group-of-dogs-and-cats-sitting-PW8VPEP-2048x920.jpg 2048w\" sizes=\"(max-width: 2560px) 100vw, 2560px\" loading=\"eager\" \/><\/div>\t\t\t\t<\/div>\n\t\t\t\t<\/div>\n\t\t\t\t<div class=\"elementor-element elementor-element-b59dc3b elementor-widget elementor-widget-heading\" data-id=\"b59dc3b\" data-element_type=\"widget\" data-e-type=\"widget\" data-widget_type=\"heading.default\">\n\t\t\t\t<div class=\"elementor-widget-container\">\n\t\t\t\t\t<h2 class=\"elementor-heading-title elementor-size-default\">Alman Hayvan Refah\u0131 Derne\u011fi<\/h2>\t\t\t\t<\/div>\n\t\t\t\t<\/div>\n\t\t\t\t<div class=\"elementor-element elementor-element-f73883f elementor-widget elementor-widget-text-editor\" data-id=\"f73883f\" data-element_type=\"widget\" data-e-type=\"widget\" data-widget_type=\"text-editor.default\">\n\t\t\t\t<div class=\"elementor-widget-container\">\n\t\t\t\t\t\t\t\t\t<p>Alman Hayvan Refah\u0131 Derne\u011fi, \"Kalp ve ak\u0131l ile hayvan refah\u0131\" slogan\u0131 alt\u0131nda 1881 y\u0131l\u0131ndan bu yana tar\u0131mda hayvanlar\u0131n korunmas\u0131 i\u00e7in m\u00fccadele etmekte, hayvan deneylerine kar\u015f\u0131 kampanya y\u00fcr\u00fctmekte ve pratik hayvan refah\u0131 \u00e7al\u0131\u015fmalar\u0131n\u0131 desteklemektedir. Ulusal, uluslararas\u0131 ve politik olarak federal ve AB d\u00fczeyinde.<\/p>\n<p>Vizyonumuz, t\u00fcm hayvanlara dost canl\u0131lar olarak sayg\u0131 duyan, onlara \u015fefkat ve sayg\u0131 g\u00f6steren ve onlar\u0131 gereksiz ac\u0131, a\u011fr\u0131 ve korkudan koruyan bir toplumdur.<\/p>\n<p>Bir \u015femsiye kurulu\u015f olarak Alman Hayvan Refah\u0131 Derne\u011fi \u015fu anda 16 b\u00f6lgesel derne\u011fe ve 550'den fazla hayvan bar\u0131na\u011f\u0131 ve kurtarma merkezi ile yakla\u015f\u0131k 740 hayvan refah\u0131 derne\u011fine sahiptir. Bu da onu Avrupa'n\u0131n en b\u00fcy\u00fck hayvan ve do\u011fa koruma \u015femsiye kurulu\u015fu yapmaktad\u0131r. Almanya'n\u0131n t\u00fcm b\u00f6lgelerinden 800.000'den fazla hayvan refah\u0131 aktivistinin \u00e7\u0131karlar\u0131n\u0131 temsil etmektedir.<\/p>\n<p>Hayvan bar\u0131naklar\u0131 yard\u0131m eder, ancak kendileri de yard\u0131ma muhta\u00e7t\u0131r. Alman Hayvan Refah\u0131 Derne\u011fi, \u00f6rne\u011fin hayvan istifleme vakalar\u0131ndan \u00e7ok say\u0131da hayvan\u0131n veya yasad\u0131\u015f\u0131 ticaretten kaynaklanan hasta yavru k\u00f6peklerin bir kerede bak\u0131lmas\u0131 gerekti\u011finde ve ayn\u0131 zamanda acil tadilat i\u00e7in para eksikli\u011fi oldu\u011funda ba\u011fl\u0131 kurulu\u015flar\u0131 desteklemektedir.<\/p>\n<p>Hayvanlar i\u00e7in daha iyi bir d\u00fcnyay\u0131 ancak birlikte yaratabiliriz.<\/p>\t\t\t\t\t\t\t\t<\/div>\n\t\t\t\t<\/div>\n\t\t\t\t\t<\/div>\n\t\t<\/div>\n\t\t\t\t\t<\/div>\n\t\t<\/section>\n\t\t\t\t<\/div>","protected":false},"excerpt":{"rendered":"<p>Deutscher Tierschutzbund e.V. Unter dem Motto \u201eTierschutz mit Herz und Verstand\u201c k\u00e4mpft der Deutsche Tierschutzbund, seit 1881 unter anderem f\u00fcr den Schutz der Tiere in der Landwirtschaft, macht sich gegen Tierversuche stark und unterst\u00fctzt die praktische Tierschutzarbeit. National, international sowie politisch auf Bundes- und EU-Ebene. Die Vision ist eine Gesellschaft, die alle Tiere als Mitgesch\u00f6pfe [&hellip;]<\/p>\n","protected":false},"author":3,"featured_media":792,"parent":0,"menu_order":0,"comment_status":"closed","ping_status":"closed","template":"","meta":{"footnotes":""},"class_list":["post-2233","page","type-page","status-publish","has-post-thumbnail","hentry"],"_links":{"self":[{"href":"https:\/\/www.tierschutz-bremerhaven.eu\/tr\/wp-json\/wp\/v2\/pages\/2233","targetHints":{"allow":["GET"]}}],"collection":[{"href":"https:\/\/www.tierschutz-bremerhaven.eu\/tr\/wp-json\/wp\/v2\/pages"}],"about":[{"href":"https:\/\/www.tierschutz-bremerhaven.eu\/tr\/wp-json\/wp\/v2\/types\/page"}],"author":[{"embeddable":true,"href":"https:\/\/www.tierschutz-bremerhaven.eu\/tr\/wp-json\/wp\/v2\/users\/3"}],"replies":[{"embeddable":true,"href":"https:\/\/www.tierschutz-bremerhaven.eu\/tr\/wp-json\/wp\/v2\/comments?post=2233"}],"version-history":[{"count":27,"href":"https:\/\/www.tierschutz-bremerhaven.eu\/tr\/wp-json\/wp\/v2\/pages\/2233\/revisions"}],"predecessor-version":[{"id":5320,"href":"https:\/\/www.tierschutz-bremerhaven.eu\/tr\/wp-json\/wp\/v2\/pages\/2233\/revisions\/5320"}],"wp:featuredmedia":[{"embeddable":true,"href":"https:\/\/www.tierschutz-bremerhaven.eu\/tr\/wp-json\/wp\/v2\/media\/792"}],"wp:attachment":[{"href":"https:\/\/www.tierschutz-bremerhaven.eu\/tr\/wp-json\/wp\/v2\/media?parent=2233"}],"curies":[{"name":"wp","href":"https:\/\/api.w.org\/{rel}","templated":true}]}}