{"id":2311,"date":"2021-05-24T06:30:04","date_gmt":"2021-05-24T06:30:04","guid":{"rendered":"https:\/\/tierschutz-bremerhaven.eu\/?page_id=2311"},"modified":"2021-09-22T15:51:38","modified_gmt":"2021-09-22T15:51:38","slug":"ser","status":"publish","type":"page","link":"https:\/\/www.tierschutz-bremerhaven.eu\/tr\/ser","title":{"rendered":"Ser"},"content":{"rendered":"<div data-elementor-type=\"wp-page\" data-elementor-id=\"2311\" class=\"elementor elementor-2311\" data-elementor-post-type=\"page\">\n\t\t\t\t\t\t<section class=\"elementor-section elementor-top-section elementor-element elementor-element-dde3447 elementor-section-boxed elementor-section-height-default elementor-section-height-default\" data-id=\"dde3447\" data-element_type=\"section\" data-e-type=\"section\">\n\t\t\t\t\t\t<div class=\"elementor-container elementor-column-gap-default\">\n\t\t\t\t\t<div class=\"elementor-column elementor-col-100 elementor-top-column elementor-element elementor-element-66dcf0e\" data-id=\"66dcf0e\" data-element_type=\"column\" data-e-type=\"column\">\n\t\t\t<div class=\"elementor-widget-wrap elementor-element-populated\">\n\t\t\t\t\t\t<div class=\"elementor-element elementor-element-e964b23 elementor-widget elementor-widget-accordion\" data-id=\"e964b23\" data-element_type=\"widget\" data-e-type=\"widget\" data-widget_type=\"accordion.default\">\n\t\t\t\t<div class=\"elementor-widget-container\">\n\t\t\t\t\t\t\t<div class=\"elementor-accordion\">\n\t\t\t\t\t\t\t<div class=\"elementor-accordion-item\">\n\t\t\t\t\t<div id=\"elementor-tab-title-2441\" class=\"elementor-tab-title\" data-tab=\"1\" role=\"button\" aria-controls=\"elementor-tab-content-2441\" aria-expanded=\"false\">\n\t\t\t\t\t\t\t\t\t\t\t\t\t<span class=\"elementor-accordion-icon elementor-accordion-icon-right\" aria-hidden=\"true\">\n\t\t\t\t\t\t\t\t\t\t\t\t\t\t\t<span class=\"elementor-accordion-icon-closed\"><i class=\"fas fa-plus\"><\/i><\/span>\n\t\t\t\t\t\t\t\t<span class=\"elementor-accordion-icon-opened\"><i class=\"fas fa-minus\"><\/i><\/span>\n\t\t\t\t\t\t\t\t\t\t\t\t\t\t<\/span>\n\t\t\t\t\t\t\t\t\t\t\t\t<a class=\"elementor-accordion-title\" tabindex=\"0\">Acil bir durumda<\/a>\n\t\t\t\t\t<\/div>\n\t\t\t\t\t<div id=\"elementor-tab-content-2441\" class=\"elementor-tab-content elementor-clearfix\" data-tab=\"1\" role=\"region\" aria-labelledby=\"elementor-tab-title-2441\"><p>Evcil hayvan\u0131n\u0131zla ilgili t\u0131bbi bir acil durumunuz mu var?<\/p>\n<p>Sakin olun ki do\u011fru \u00f6nlemleri alabilesiniz.<\/p>\n<p>A\u015fa\u011f\u0131da, acil bir durumda h\u0131zl\u0131 bir \u015fekilde yard\u0131m veya veteriner tavsiyesi alabilece\u011finiz baz\u0131 adres ve telefon numaralar\u0131n\u0131 listeledik. <br>Daha az acil durumlarda, veterineriniz veya yak\u0131ndaki veteriner klinikleri normal \u00e7al\u0131\u015fma saatleri i\u00e7inde size yard\u0131mc\u0131 olabilir.<\/p>\n<p><b>Bremerhaven Acil Veterinerlik Servisi: 0172 - 6 51 12 48<\/b><\/p>\n<p><b>Bremen Veteriner Klini\u011fi: 0421 - 1 22 11<\/b><\/p>\n<p>Buldu\u011funuz bir hayvan\u0131 bize getirmek isterseniz, l\u00fctfen mesai saatleri i\u00e7inde 0471 - 8 32 57 numaral\u0131 telefondan bizi aray\u0131n. Telesekreterimize mesaj b\u0131rakabilirsiniz, en ge\u00e7 ertesi g\u00fcn sizi geri arayaca\u011f\u0131z.<\/p>\n<p>Acil durumlarda, l\u00fctfen \u00e7al\u0131\u015fma saatlerimiz d\u0131\u015f\u0131nda a\u015fa\u011f\u0131dakilerle ileti\u015fime ge\u00e7in <b>Tel. 0471 - 9 53 11 40 alt\u0131nda polis <\/b>veya <b><br>\u0130tfaiye Tel. 0471 - 59 00<\/b> Bremerhaven. Daha sonra gerekirse acil servisimizle irtibata ge\u00e7eceklerdir.<\/p><\/div>\n\t\t\t\t<\/div>\n\t\t\t\t\t\t\t\t<\/div>\n\t\t\t\t\t\t<\/div>\n\t\t\t\t<\/div>\n\t\t\t\t<div class=\"elementor-element elementor-element-bb940d2 elementor-widget elementor-widget-accordion\" data-id=\"bb940d2\" data-element_type=\"widget\" data-e-type=\"widget\" data-widget_type=\"accordion.default\">\n\t\t\t\t<div class=\"elementor-widget-container\">\n\t\t\t\t\t\t\t<div class=\"elementor-accordion\">\n\t\t\t\t\t\t\t<div class=\"elementor-accordion-item\">\n\t\t\t\t\t<div id=\"elementor-tab-title-1961\" class=\"elementor-tab-title\" data-tab=\"1\" role=\"button\" aria-controls=\"elementor-tab-content-1961\" aria-expanded=\"false\">\n\t\t\t\t\t\t\t\t\t\t\t\t\t<span class=\"elementor-accordion-icon elementor-accordion-icon-right\" aria-hidden=\"true\">\n\t\t\t\t\t\t\t\t\t\t\t\t\t\t\t<span class=\"elementor-accordion-icon-closed\"><i class=\"fas fa-plus\"><\/i><\/span>\n\t\t\t\t\t\t\t\t<span class=\"elementor-accordion-icon-opened\"><i class=\"fas fa-minus\"><\/i><\/span>\n\t\t\t\t\t\t\t\t\t\t\t\t\t\t<\/span>\n\t\t\t\t\t\t\t\t\t\t\t\t<a class=\"elementor-accordion-title\" tabindex=\"0\">Vah\u015fi hayvan bulundu<\/a>\n\t\t\t\t\t<\/div>\n\t\t\t\t\t<div id=\"elementor-tab-content-1961\" class=\"elementor-tab-content elementor-clearfix\" data-tab=\"1\" role=\"region\" aria-labelledby=\"elementor-tab-title-1961\"><p>Bulunan bir yaban hayvan\u0131 hakk\u0131nda bizimle ileti\u015fime ge\u00e7mek isterseniz, \u00f6nlem olarak \u015funu belirtmek isteriz\u00a0<strong><em>yabani\u0307 hayvanlardan sorumlu de\u011fi\u0307li\u0307z<\/em><\/strong>. L\u00fctfen sincap, yarasa vb. hayvanlar\u0131 kabul etmek ve bak\u0131mlar\u0131n\u0131 yapmak i\u00e7in ne derinlemesine bilgiye ne de kapasiteye sahip oldu\u011fumuzu anlay\u0131n. Yaral\u0131 bir hayvan s\u00f6z konusuysa, kapasitemiz elverdi\u011fi s\u00fcrece bu t\u00fcr istisnai durumlarda size destek olaca\u011f\u0131z. Elbette, profesyonel bir yeniden sahiplendirme merkezi bulman\u0131za da yard\u0131mc\u0131 olaca\u011f\u0131z.<\/p><p>L\u00fctfen hayvan bar\u0131na\u011f\u0131nda 0471 - 8 32 57 numaral\u0131 telefondan bize ula\u015f\u0131n.<br \/>\u00c7al\u0131\u015fma saatlerimiz d\u0131\u015f\u0131nda telesekreterimize mesaj b\u0131rakabilirsiniz. Hemen geri aranacaks\u0131n\u0131z. the<\/p><p>Ne yaz\u0131k ki bu, hayvan refah\u0131na y\u00f6nelik g\u00f6n\u00fcll\u00fc \u00e7al\u0131\u015fmalar\u0131m\u0131z ve hayvan bar\u0131na\u011f\u0131m\u0131z\u0131n i\u015fletilmesi ile birlikte y\u00fcr\u00fct\u00fclmesi m\u00fcmk\u00fcn olmayan ek bir g\u00f6revdir.<\/p><p>Size ba\u015far\u0131lar ve \u00e7\u0131ra\u011f\u0131n\u0131z i\u00e7in en iyisini diliyoruz!<\/p><p><strong>Wildcats<\/strong><\/p><p>Bize serbest dola\u015fan kediler getirirseniz, onlar\u0131 k\u0131s\u0131rla\u015ft\u0131r\u0131r ve b\u00f6lgelerine geri g\u00f6ndeririz.<\/p><\/div>\n\t\t\t\t<\/div>\n\t\t\t\t\t\t\t\t<\/div>\n\t\t\t\t\t\t<\/div>\n\t\t\t\t<\/div>\n\t\t\t\t\t<\/div>\n\t\t<\/div>\n\t\t\t\t\t<\/div>\n\t\t<\/section>\n\t\t\t\t<\/div>","protected":false},"excerpt":{"rendered":"<p>Im Notfall Sie haben einen medizinischen Notfall mit Ihrem Tier? Bewahren Sie Ruhe, damit Sie die richtigen Ma\u00dfnahmen ergreifen k\u00f6nnen. Nachfolgend haben wir einige Adressen und Telefonnummern aufgelistet, unter denen Sie im Notfall schnell Hilfe oder einen tier\u00e4rztlichen Rat erhalten k\u00f6nnen. In nicht so dringenden F\u00e4llen, kann Ihnen zu den \u00fcblichen Gesch\u00e4ftszeiten auch sicher Ihr [&hellip;]<\/p>\n","protected":false},"author":3,"featured_media":0,"parent":0,"menu_order":0,"comment_status":"closed","ping_status":"closed","template":"","meta":{"footnotes":""},"class_list":["post-2311","page","type-page","status-publish","hentry"],"_links":{"self":[{"href":"https:\/\/www.tierschutz-bremerhaven.eu\/tr\/wp-json\/wp\/v2\/pages\/2311","targetHints":{"allow":["GET"]}}],"collection":[{"href":"https:\/\/www.tierschutz-bremerhaven.eu\/tr\/wp-json\/wp\/v2\/pages"}],"about":[{"href":"https:\/\/www.tierschutz-bremerhaven.eu\/tr\/wp-json\/wp\/v2\/types\/page"}],"author":[{"embeddable":true,"href":"https:\/\/www.tierschutz-bremerhaven.eu\/tr\/wp-json\/wp\/v2\/users\/3"}],"replies":[{"embeddable":true,"href":"https:\/\/www.tierschutz-bremerhaven.eu\/tr\/wp-json\/wp\/v2\/comments?post=2311"}],"version-history":[{"count":15,"href":"https:\/\/www.tierschutz-bremerhaven.eu\/tr\/wp-json\/wp\/v2\/pages\/2311\/revisions"}],"predecessor-version":[{"id":4064,"href":"https:\/\/www.tierschutz-bremerhaven.eu\/tr\/wp-json\/wp\/v2\/pages\/2311\/revisions\/4064"}],"wp:attachment":[{"href":"https:\/\/www.tierschutz-bremerhaven.eu\/tr\/wp-json\/wp\/v2\/media?parent=2311"}],"curies":[{"name":"wp","href":"https:\/\/api.w.org\/{rel}","templated":true}]}}