{"id":2602,"date":"2021-06-22T10:23:07","date_gmt":"2021-06-22T10:23:07","guid":{"rendered":"https:\/\/tierschutz-bremerhaven.eu\/?page_id=2602"},"modified":"2021-06-22T11:27:07","modified_gmt":"2021-06-22T11:27:07","slug":"online-alisveris-yaparken","status":"publish","type":"page","link":"https:\/\/www.tierschutz-bremerhaven.eu\/tr\/beim-online-einkauf","title":{"rendered":"Online al\u0131\u015fveri\u015f yaparken"},"content":{"rendered":"<div data-elementor-type=\"wp-page\" data-elementor-id=\"2602\" class=\"elementor elementor-2602\" data-elementor-post-type=\"page\">\n\t\t\t\t\t\t<section class=\"elementor-section elementor-top-section elementor-element elementor-element-3f2c348 elementor-section-full_width elementor-section-height-default elementor-section-height-default\" data-id=\"3f2c348\" data-element_type=\"section\" data-e-type=\"section\" data-settings=\"{&quot;background_background&quot;:&quot;classic&quot;}\">\n\t\t\t\t\t\t<div class=\"elementor-container elementor-column-gap-default\">\n\t\t\t\t\t<div class=\"elementor-column elementor-col-100 elementor-top-column elementor-element elementor-element-2cef154\" data-id=\"2cef154\" data-element_type=\"column\" data-e-type=\"column\">\n\t\t\t<div class=\"elementor-widget-wrap elementor-element-populated\">\n\t\t\t\t\t\t<div class=\"elementor-element elementor-element-02a7822 elementor-widget elementor-widget-heading\" data-id=\"02a7822\" data-element_type=\"widget\" data-e-type=\"widget\" data-widget_type=\"heading.default\">\n\t\t\t\t<div class=\"elementor-widget-container\">\n\t\t\t\t\t<h2 class=\"elementor-heading-title elementor-size-default\">Al\u0131\u015fveri\u015finizle iyilik yap\u0131n<\/h2>\t\t\t\t<\/div>\n\t\t\t\t<\/div>\n\t\t\t\t<div class=\"elementor-element elementor-element-7cc7aaa elementor-widget elementor-widget-text-editor\" data-id=\"7cc7aaa\" data-element_type=\"widget\" data-e-type=\"widget\" data-widget_type=\"text-editor.default\">\n\t\t\t\t<div class=\"elementor-widget-container\">\n\t\t\t\t\t\t\t\t\t<p>Al\u0131\u015fveri\u015f yapmay\u0131 sever misiniz? Tercihen internetten? Neden hem al\u0131\u015fveri\u015f yap\u0131p hem de iyi bir ama\u00e7 i\u00e7in bir \u015feyler yapm\u0131yorsunuz? A\u015fa\u011f\u0131da listelenen \u00e7evrimi\u00e7i ma\u011fazalardan birinden al\u0131\u015fveri\u015f yapt\u0131\u011f\u0131n\u0131zda, Bremerhaven Hayvan Refah\u0131 Derne\u011fi'nin \u00e7ok say\u0131da yavrusunun bak\u0131m\u0131na yard\u0131mc\u0131 oluyor ve hayvan refah\u0131na katk\u0131da bulunuyorsunuz. Bu iyi bir duyguyla al\u0131\u015fveri\u015f yapmakt\u0131r.<\/p>\t\t\t\t\t\t\t\t<\/div>\n\t\t\t\t<\/div>\n\t\t\t\t<div class=\"elementor-element elementor-element-4893fd1 elementor-widget elementor-widget-image\" data-id=\"4893fd1\" data-element_type=\"widget\" data-e-type=\"widget\" data-widget_type=\"image.default\">\n\t\t\t\t<div class=\"elementor-widget-container\">\n\t\t\t\t\t\t\t\t\t\t\t\t\t\t\t<img decoding=\"async\" width=\"300\" height=\"86\" src=\"https:\/\/www.tierschutz-bremerhaven.eu\/wp-content\/uploads\/2021\/06\/Amazon-smile.jpg\" class=\"attachment-medium size-medium wp-image-2611\" alt=\"\" \/>\t\t\t\t\t\t\t\t\t\t\t\t\t\t\t<\/div>\n\t\t\t\t<\/div>\n\t\t\t\t<div class=\"elementor-element elementor-element-b195fe8 elementor-widget elementor-widget-text-editor\" data-id=\"b195fe8\" data-element_type=\"widget\" data-e-type=\"widget\" data-widget_type=\"text-editor.default\">\n\t\t\t\t<div class=\"elementor-widget-container\">\n\t\t\t\t\t\t\t\t\t<p>AmazonSmile, Amazon'un hay\u0131rseverlik program\u0131d\u0131r ve her al\u0131\u015fveri\u015finizde Bremerhaven Hayvan Bar\u0131na\u011f\u0131'n\u0131 desteklemeniz i\u00e7in kolay bir yoldur. Bir sonraki online al\u0131\u015fveri\u015finizi AmazonSmile \u00fczerinden yap\u0131n ve kurulu\u015funuz olarak \"Tierschutzverein Bremerhaven \"i se\u00e7in. Amazon, al\u0131\u015fveri\u015f tutar\u0131n\u0131z\u0131n 0,5%'sini bize ve dolay\u0131s\u0131yla korumalar\u0131m\u0131za aktaracakt\u0131r. Sizin i\u00e7in hi\u00e7bir ek maliyet yoktur.<\/p><p><strong>AmazonSmile'a gitmek i\u00e7in buraya t\u0131klay\u0131n<\/strong><\/p><p>AmazonSmile, Android ve iPhone kullan\u0131c\u0131lar\u0131 taraf\u0131ndan uygulamada da kullan\u0131labilir. Bunu yapmak i\u00e7in Amazon Al\u0131\u015fveri\u015f uygulaman\u0131zdaki ayarlar\u0131 a\u00e7\u0131n. Orada AmazonSmile'\u0131 etkinle\u015ftirebilir ve \"Tierschutzverein Bremerhaven \"\u0131 se\u00e7ebilirsiniz.<\/p>\t\t\t\t\t\t\t\t<\/div>\n\t\t\t\t<\/div>\n\t\t\t\t<div class=\"elementor-element elementor-element-e47f4ca elementor-widget elementor-widget-image\" data-id=\"e47f4ca\" data-element_type=\"widget\" data-e-type=\"widget\" data-widget_type=\"image.default\">\n\t\t\t\t<div class=\"elementor-widget-container\">\n\t\t\t\t\t\t\t\t\t\t\t\t\t\t\t<img fetchpriority=\"high\" decoding=\"async\" width=\"300\" height=\"300\" src=\"https:\/\/www.tierschutz-bremerhaven.eu\/wp-content\/uploads\/2021\/06\/gooding.jpg\" class=\"attachment-medium size-medium wp-image-2612\" alt=\"\" srcset=\"https:\/\/www.tierschutz-bremerhaven.eu\/wp-content\/uploads\/2021\/06\/gooding.jpg 300w, https:\/\/www.tierschutz-bremerhaven.eu\/wp-content\/uploads\/2021\/06\/gooding-150x150.jpg 150w\" sizes=\"(max-width: 300px) 100vw, 300px\" \/>\t\t\t\t\t\t\t\t\t\t\t\t\t\t\t<\/div>\n\t\t\t\t<\/div>\n\t\t\t\t<div class=\"elementor-element elementor-element-0d17d5f elementor-widget elementor-widget-text-editor\" data-id=\"0d17d5f\" data-element_type=\"widget\" data-e-type=\"widget\" data-widget_type=\"text-editor.default\">\n\t\t\t\t<div class=\"elementor-widget-container\">\n\t\t\t\t\t\t\t\t\t<p>Gooding, Bremerhaven hayvan bar\u0131na\u011f\u0131n\u0131 desteklemenizi sa\u011flar. Bunun \u00f6zel yan\u0131, size fazladan bir kuru\u015fa mal olmamas\u0131 ve bize yard\u0131m etmek i\u00e7in Gooding'e kaydolman\u0131z gerekmemesidir. Gooding arac\u0131l\u0131\u011f\u0131yla \u015fu anda 1.767 ba\u011fl\u0131 \u00e7evrimi\u00e7i ma\u011fazadan birinde al\u0131\u015fveri\u015f yapman\u0131z yeterlidir ve Bremerhaven hayvan bar\u0131na\u011f\u0131 mali destek alacakt\u0131r.<\/p><p><strong>Gooding sayfam\u0131za gitmek i\u00e7in buraya t\u0131klay\u0131n<\/strong><\/p>\t\t\t\t\t\t\t\t<\/div>\n\t\t\t\t<\/div>\n\t\t\t\t<div class=\"elementor-element elementor-element-fee7e34 elementor-widget elementor-widget-image\" data-id=\"fee7e34\" data-element_type=\"widget\" data-e-type=\"widget\" data-widget_type=\"image.default\">\n\t\t\t\t<div class=\"elementor-widget-container\">\n\t\t\t\t\t\t\t\t\t\t\t\t\t\t\t<img decoding=\"async\" width=\"150\" height=\"200\" src=\"https:\/\/www.tierschutz-bremerhaven.eu\/wp-content\/uploads\/2021\/06\/WeCanHelp.jpg\" class=\"attachment-medium size-medium wp-image-2613\" alt=\"\" \/>\t\t\t\t\t\t\t\t\t\t\t\t\t\t\t<\/div>\n\t\t\t\t<\/div>\n\t\t\t\t<div class=\"elementor-element elementor-element-9f5ae11 elementor-widget elementor-widget-text-editor\" data-id=\"9f5ae11\" data-element_type=\"widget\" data-e-type=\"widget\" data-widget_type=\"text-editor.default\">\n\t\t\t\t<div class=\"elementor-widget-container\">\n\t\t\t\t\t\t\t\t\t<p>WeCanHelp, Bremerhaven hayvan bar\u0131na\u011f\u0131n\u0131 desteklemenizi sa\u011flar. Bunun \u00f6zel yan\u0131, size fazladan bir kuru\u015fa mal olmamas\u0131 ve bize yard\u0131m etmek i\u00e7in WeCanHelp'e kaydolman\u0131z gerekmemesidir. WeCanHelp arac\u0131l\u0131\u011f\u0131yla \u015fu anda 1.720 ba\u011fl\u0131 \u00e7evrimi\u00e7i ma\u011fazadan birinde gelecekte al\u0131\u015fveri\u015f yapman\u0131z yeterlidir ve Bremerhaven hayvan bar\u0131na\u011f\u0131 mali destek alacakt\u0131r.<\/p><p><strong>WeCanHelp sayfam\u0131za gitmek i\u00e7in buraya t\u0131klay\u0131n<\/strong><\/p>\t\t\t\t\t\t\t\t<\/div>\n\t\t\t\t<\/div>\n\t\t\t\t\t<\/div>\n\t\t<\/div>\n\t\t\t\t\t<\/div>\n\t\t<\/section>\n\t\t\t\t<\/div>","protected":false},"excerpt":{"rendered":"<p>Beim Einkauf Gutes tun Sie shoppen gerne? Am liebsten online? Warum nicht einkaufen und dabei etwas f\u00fcr den guten Zweck tun? Wenn Sie bei einem der unten genannten Onlineshops einkaufen, helfen Sie gleichzeitig dem Tierschutzverein Bremerhaven seine vielen Sch\u00fctzlinge zu versorgen und leisten Ihren Beitrag zum Tierschutz. Das ist Shopping mit gutem Gef\u00fchl. AmazonSmile ist [&hellip;]<\/p>\n","protected":false},"author":3,"featured_media":0,"parent":0,"menu_order":0,"comment_status":"closed","ping_status":"closed","template":"","meta":{"footnotes":""},"class_list":["post-2602","page","type-page","status-publish","hentry"],"_links":{"self":[{"href":"https:\/\/www.tierschutz-bremerhaven.eu\/tr\/wp-json\/wp\/v2\/pages\/2602","targetHints":{"allow":["GET"]}}],"collection":[{"href":"https:\/\/www.tierschutz-bremerhaven.eu\/tr\/wp-json\/wp\/v2\/pages"}],"about":[{"href":"https:\/\/www.tierschutz-bremerhaven.eu\/tr\/wp-json\/wp\/v2\/types\/page"}],"author":[{"embeddable":true,"href":"https:\/\/www.tierschutz-bremerhaven.eu\/tr\/wp-json\/wp\/v2\/users\/3"}],"replies":[{"embeddable":true,"href":"https:\/\/www.tierschutz-bremerhaven.eu\/tr\/wp-json\/wp\/v2\/comments?post=2602"}],"version-history":[{"count":10,"href":"https:\/\/www.tierschutz-bremerhaven.eu\/tr\/wp-json\/wp\/v2\/pages\/2602\/revisions"}],"predecessor-version":[{"id":2616,"href":"https:\/\/www.tierschutz-bremerhaven.eu\/tr\/wp-json\/wp\/v2\/pages\/2602\/revisions\/2616"}],"wp:attachment":[{"href":"https:\/\/www.tierschutz-bremerhaven.eu\/tr\/wp-json\/wp\/v2\/media?parent=2602"}],"curies":[{"name":"wp","href":"https:\/\/api.w.org\/{rel}","templated":true}]}}