{"id":2617,"date":"2021-06-22T11:27:48","date_gmt":"2021-06-22T11:27:48","guid":{"rendered":"https:\/\/tierschutz-bremerhaven.eu\/?page_id=2617"},"modified":"2021-09-28T11:30:01","modified_gmt":"2021-09-28T11:30:01","slug":"gida-bagis-kutulari","status":"publish","type":"page","link":"https:\/\/www.tierschutz-bremerhaven.eu\/tr\/futterspendenboxen","title":{"rendered":"G\u0131da ba\u011f\u0131\u015f kutular\u0131"},"content":{"rendered":"<div data-elementor-type=\"wp-page\" data-elementor-id=\"2617\" class=\"elementor elementor-2617\" data-elementor-post-type=\"page\">\n\t\t\t\t\t\t<section class=\"elementor-section elementor-top-section elementor-element elementor-element-3f2c348 elementor-section-boxed elementor-section-height-default elementor-section-height-default\" data-id=\"3f2c348\" data-element_type=\"section\" data-e-type=\"section\" data-settings=\"{&quot;background_background&quot;:&quot;classic&quot;}\">\n\t\t\t\t\t\t<div class=\"elementor-container elementor-column-gap-default\">\n\t\t\t\t\t<div class=\"elementor-column elementor-col-100 elementor-top-column elementor-element elementor-element-2cef154\" data-id=\"2cef154\" data-element_type=\"column\" data-e-type=\"column\">\n\t\t\t<div class=\"elementor-widget-wrap elementor-element-populated\">\n\t\t\t\t\t\t<div class=\"elementor-element elementor-element-02a7822 elementor-widget elementor-widget-heading\" data-id=\"02a7822\" data-element_type=\"widget\" data-e-type=\"widget\" data-widget_type=\"heading.default\">\n\t\t\t\t<div class=\"elementor-widget-container\">\n\t\t\t\t\t<h2 class=\"elementor-heading-title elementor-size-default\">S\u00fcpermarketlerdeki g\u0131da ba\u011f\u0131\u015f kutular\u0131<\/h2>\t\t\t\t<\/div>\n\t\t\t\t<\/div>\n\t\t\t\t<div class=\"elementor-element elementor-element-7cc7aaa elementor-widget elementor-widget-text-editor\" data-id=\"7cc7aaa\" data-element_type=\"widget\" data-e-type=\"widget\" data-widget_type=\"text-editor.default\">\n\t\t\t\t<div class=\"elementor-widget-container\">\n\t\t\t\t\t\t\t\t\t<p>Al\u0131\u015fveri\u015f yaparken bar\u0131nak hayvanlar\u0131m\u0131z\u0131 d\u00fc\u015f\u00fcn\u00fcr ve mama kutular\u0131m\u0131z\u0131 doldurmaya yard\u0131mc\u0131 olursan\u0131z \u00e7ok memnun oluruz. Bu ba\u011f\u0131\u015flar d\u00fczenli olarak toplanmakta ve hayvanlar\u0131m\u0131za beslenmelerinde \u00e7e\u015fitlilik sunmaktad\u0131r.<\/p>\n<p>Ba\u011f\u0131\u015f kutular\u0131m\u0131z\u0131 a\u015fa\u011f\u0131daki s\u00fcpermarketlerin giri\u015f alanlar\u0131na yerle\u015ftirdik:<\/p>\n<ol>\n<li>DM Langen\/ Bremerhaven Rheinstr. \/ Bremerhaven Elbestr.<\/li>\n<li>Ger\u00e7ek Spaden<\/li>\n<li>Fressnapf Spaden<\/li>\n<li>Besleme evi<\/li>\n<li>Edeka: Schiffdorfer-Chaussee, Roter Sand, Weserstr., Georg-Seebeck-Str.<\/li>\n<li>Kaufland Wulsdorf<br><\/li>\n<\/ol>\n<p><br><\/p>\n<p>Yeni lokasyonlar eklendi\u011finde \u00e7ok mutlu oluyoruz ve elbette bunu m\u00fcmk\u00fcn k\u0131lan ma\u011faza m\u00fcd\u00fcr\u00fcne de te\u015fekk\u00fcr etmek istiyoruz.<\/p>\n<p>Bir g\u0131da ba\u011f\u0131\u015f kutusu kurmakla da ilgileniyorsan\u0131z, l\u00fctfen 0471 - 8 32 57 numaral\u0131 telefondan bize ula\u015f\u0131n. \u00c7al\u0131\u015fma saatlerimiz d\u0131\u015f\u0131nda telesekreterimize mesaj b\u0131rakabilirsiniz. Size hemen geri d\u00f6n\u00fc\u015f yap\u0131lacakt\u0131r.<\/p>\t\t\t\t\t\t\t\t<\/div>\n\t\t\t\t<\/div>\n\t\t\t\t\t<\/div>\n\t\t<\/div>\n\t\t\t\t\t<\/div>\n\t\t<\/section>\n\t\t\t\t<\/div>","protected":false},"excerpt":{"rendered":"<p>Futterspendenboxen in Superm\u00e4rkten Wir freuen uns, wenn Sie bei Ihrem Einkauf auch an unsere Tierheimtiere denken und helfen, unsere Futterboxen zu f\u00fcllen. Diese Spenden werden regelm\u00e4\u00dfig eingesammelt und bieten unseren Tieren Abwechslung auf dem Speiseplan. In den Eingangsbereichen folgender Superm\u00e4rkte haben wir unsere Spendenboxen aufgestellt: DM Langen\/ Bremerhaven Rheinstr. \/ Bremerhaven Elbestr. Real Spaden Fressnapf [&hellip;]<\/p>\n","protected":false},"author":3,"featured_media":0,"parent":0,"menu_order":0,"comment_status":"closed","ping_status":"closed","template":"","meta":{"footnotes":""},"class_list":["post-2617","page","type-page","status-publish","hentry"],"_links":{"self":[{"href":"https:\/\/www.tierschutz-bremerhaven.eu\/tr\/wp-json\/wp\/v2\/pages\/2617","targetHints":{"allow":["GET"]}}],"collection":[{"href":"https:\/\/www.tierschutz-bremerhaven.eu\/tr\/wp-json\/wp\/v2\/pages"}],"about":[{"href":"https:\/\/www.tierschutz-bremerhaven.eu\/tr\/wp-json\/wp\/v2\/types\/page"}],"author":[{"embeddable":true,"href":"https:\/\/www.tierschutz-bremerhaven.eu\/tr\/wp-json\/wp\/v2\/users\/3"}],"replies":[{"embeddable":true,"href":"https:\/\/www.tierschutz-bremerhaven.eu\/tr\/wp-json\/wp\/v2\/comments?post=2617"}],"version-history":[{"count":25,"href":"https:\/\/www.tierschutz-bremerhaven.eu\/tr\/wp-json\/wp\/v2\/pages\/2617\/revisions"}],"predecessor-version":[{"id":4950,"href":"https:\/\/www.tierschutz-bremerhaven.eu\/tr\/wp-json\/wp\/v2\/pages\/2617\/revisions\/4950"}],"wp:attachment":[{"href":"https:\/\/www.tierschutz-bremerhaven.eu\/tr\/wp-json\/wp\/v2\/media?parent=2617"}],"curies":[{"name":"wp","href":"https:\/\/api.w.org\/{rel}","templated":true}]}}