{"id":2632,"date":"2021-06-22T12:03:23","date_gmt":"2021-06-22T12:03:23","guid":{"rendered":"https:\/\/tierschutz-bremerhaven.eu\/?page_id=2632"},"modified":"2021-09-23T18:45:56","modified_gmt":"2021-09-23T18:45:56","slug":"etkinlik-bagisi","status":"publish","type":"page","link":"https:\/\/www.tierschutz-bremerhaven.eu\/tr\/eventspende","title":{"rendered":"Etkinlik ba\u011f\u0131\u015f\u0131"},"content":{"rendered":"<div data-elementor-type=\"wp-page\" data-elementor-id=\"2632\" class=\"elementor elementor-2632\" data-elementor-post-type=\"page\">\n\t\t\t\t\t\t<section class=\"elementor-section elementor-top-section elementor-element elementor-element-3f2c348 elementor-section-boxed elementor-section-height-default elementor-section-height-default\" data-id=\"3f2c348\" data-element_type=\"section\" data-e-type=\"section\" data-settings=\"{&quot;background_background&quot;:&quot;classic&quot;}\">\n\t\t\t\t\t\t<div class=\"elementor-container elementor-column-gap-default\">\n\t\t\t\t\t<div class=\"elementor-column elementor-col-100 elementor-top-column elementor-element elementor-element-2cef154\" data-id=\"2cef154\" data-element_type=\"column\" data-e-type=\"column\">\n\t\t\t<div class=\"elementor-widget-wrap elementor-element-populated\">\n\t\t\t\t\t\t<div class=\"elementor-element elementor-element-02a7822 elementor-widget elementor-widget-heading\" data-id=\"02a7822\" data-element_type=\"widget\" data-e-type=\"widget\" data-widget_type=\"heading.default\">\n\t\t\t\t<div class=\"elementor-widget-container\">\n\t\t\t\t\t<h2 class=\"elementor-heading-title elementor-size-default\">Etkinlik ba\u011f\u0131\u015f\u0131<\/h2>\t\t\t\t<\/div>\n\t\t\t\t<\/div>\n\t\t\t\t<div class=\"elementor-element elementor-element-7cc7aaa elementor-widget elementor-widget-text-editor\" data-id=\"7cc7aaa\" data-element_type=\"widget\" data-e-type=\"widget\" data-widget_type=\"text-editor.default\">\n\t\t\t\t<div class=\"elementor-widget-container\">\n\t\t\t\t\t\t\t\t\t<p>\u00d6zel bir etkinlikte Bremerhaven hayvan bar\u0131na\u011f\u0131ndaki hayvanlar i\u00e7in para toplayarak bize destek olmak ister misiniz?<br \/>\u00d6rne\u011fin, arkada\u015flar\u0131n\u0131zdan ve ailenizden do\u011fum g\u00fcn\u00fc hediyesi yerine ba\u011f\u0131\u015fta bulunmalar\u0131n\u0131 isteyebilirsiniz. Ya da \u00f6rne\u011fin bir sokak partisinde bizim i\u00e7in bir \u00e7ekili\u015f d\u00fczenleyebilirsiniz. Belki de i\u015f arkada\u015flar\u0131n\u0131zla birlikte bizim i\u00e7in bir ba\u011f\u0131\u015f toplama kampanyas\u0131 ba\u015flatmak istersiniz.<\/p><p>Bize destek olmak isterseniz, l\u00fctfen hayvan bar\u0131na\u011f\u0131ndan bizimle ileti\u015fime ge\u00e7in. <a href=\"tel:047183257\">0471 - 8 32 57<\/a>. \u00c7al\u0131\u015fma saatlerimiz d\u0131\u015f\u0131nda telesekreterimize mesaj b\u0131rakabilirsiniz. Size hemen geri d\u00f6n\u00fc\u015f yap\u0131lacakt\u0131r.<\/p>\t\t\t\t\t\t\t\t<\/div>\n\t\t\t\t<\/div>\n\t\t\t\t\t<\/div>\n\t\t<\/div>\n\t\t\t\t\t<\/div>\n\t\t<\/section>\n\t\t\t\t<\/div>","protected":false},"excerpt":{"rendered":"<p>Eventspende M\u00f6chten Sie uns unterst\u00fctzen, indem Sie anl\u00e4sslich eines besonderen Events f\u00fcr die Tiere im Bremerhavener Tierheim sammeln?Zum Beispiel k\u00f6nnen Sie Ihre Freunde und Familie bitten, anstelle eines Geburtstagsgeschenks zu spenden. Oder z. B. bei einem Stra\u00dfenfest eine Tombola f\u00fcr uns organisieren. Vielleicht m\u00f6chten Sie mit Kollegen eine Sammelaktion f\u00fcr uns starten. Wenn Sie uns [&hellip;]<\/p>\n","protected":false},"author":3,"featured_media":0,"parent":0,"menu_order":0,"comment_status":"closed","ping_status":"closed","template":"","meta":{"footnotes":""},"class_list":["post-2632","page","type-page","status-publish","hentry"],"_links":{"self":[{"href":"https:\/\/www.tierschutz-bremerhaven.eu\/tr\/wp-json\/wp\/v2\/pages\/2632","targetHints":{"allow":["GET"]}}],"collection":[{"href":"https:\/\/www.tierschutz-bremerhaven.eu\/tr\/wp-json\/wp\/v2\/pages"}],"about":[{"href":"https:\/\/www.tierschutz-bremerhaven.eu\/tr\/wp-json\/wp\/v2\/types\/page"}],"author":[{"embeddable":true,"href":"https:\/\/www.tierschutz-bremerhaven.eu\/tr\/wp-json\/wp\/v2\/users\/3"}],"replies":[{"embeddable":true,"href":"https:\/\/www.tierschutz-bremerhaven.eu\/tr\/wp-json\/wp\/v2\/comments?post=2632"}],"version-history":[{"count":27,"href":"https:\/\/www.tierschutz-bremerhaven.eu\/tr\/wp-json\/wp\/v2\/pages\/2632\/revisions"}],"predecessor-version":[{"id":4354,"href":"https:\/\/www.tierschutz-bremerhaven.eu\/tr\/wp-json\/wp\/v2\/pages\/2632\/revisions\/4354"}],"wp:attachment":[{"href":"https:\/\/www.tierschutz-bremerhaven.eu\/tr\/wp-json\/wp\/v2\/media?parent=2632"}],"curies":[{"name":"wp","href":"https:\/\/api.w.org\/{rel}","templated":true}]}}