{"id":3531,"date":"2021-08-31T11:58:06","date_gmt":"2021-08-31T11:58:06","guid":{"rendered":"https:\/\/tierschutz-bremerhaven.eu\/?page_id=3531"},"modified":"2025-03-19T08:49:39","modified_gmt":"2025-03-19T07:49:39","slug":"acil-durum","status":"publish","type":"page","link":"https:\/\/www.tierschutz-bremerhaven.eu\/tr\/notfall","title":{"rendered":"Acil Durum"},"content":{"rendered":"<div data-elementor-type=\"wp-page\" data-elementor-id=\"3531\" class=\"elementor elementor-3531\" data-elementor-post-type=\"page\">\n\t\t\t\t\t\t<section class=\"elementor-section elementor-top-section elementor-element elementor-element-ac38b57 elementor-section-boxed elementor-section-height-default elementor-section-height-default\" data-id=\"ac38b57\" data-element_type=\"section\" data-e-type=\"section\" data-settings=\"{&quot;background_background&quot;:&quot;classic&quot;}\">\n\t\t\t\t\t\t<div class=\"elementor-container elementor-column-gap-default\">\n\t\t\t\t\t<div class=\"elementor-column elementor-col-100 elementor-top-column elementor-element elementor-element-1e6934d\" data-id=\"1e6934d\" data-element_type=\"column\" data-e-type=\"column\">\n\t\t\t<div class=\"elementor-widget-wrap elementor-element-populated\">\n\t\t\t\t\t\t<div class=\"elementor-element elementor-element-f5d1208 elementor-widget elementor-widget-heading\" data-id=\"f5d1208\" data-element_type=\"widget\" data-e-type=\"widget\" data-widget_type=\"heading.default\">\n\t\t\t\t<div class=\"elementor-widget-container\">\n\t\t\t\t\t<h2 class=\"elementor-heading-title elementor-size-default\">Acil bir durumda<\/h2>\t\t\t\t<\/div>\n\t\t\t\t<\/div>\n\t\t\t\t<div class=\"elementor-element elementor-element-f72cc43 elementor-widget elementor-widget-text-editor\" data-id=\"f72cc43\" data-element_type=\"widget\" data-e-type=\"widget\" data-widget_type=\"text-editor.default\">\n\t\t\t\t<div class=\"elementor-widget-container\">\n\t\t\t\t\t\t\t\t\t<p>Evcil hayvan\u0131n\u0131zla ilgili t\u0131bbi bir acil durumunuz mu var?<\/p><p>Sakin olun ki do\u011fru \u00f6nlemleri alabilesiniz.<\/p><p>A\u015fa\u011f\u0131da, acil bir durumda h\u0131zl\u0131 bir \u015fekilde yard\u0131m veya veteriner tavsiyesi alabilece\u011finiz baz\u0131 adres ve telefon numaralar\u0131n\u0131 listeledik.<br \/>Daha az acil durumlarda, veterineriniz veya yak\u0131ndaki veteriner klinikleri normal \u00e7al\u0131\u015fma saatleri i\u00e7inde size yard\u0131mc\u0131 olabilir.<\/p><p><strong>Veteriner acil servisi: <a href=\"tel:01726511248\">0172 - 6 51 12 48<\/a><\/strong><\/p><p><strong>Bremen Veteriner Klini\u011fi: <a href=\"tel:042112211\">0421 - 1 22 11<\/a><br \/><\/strong><\/p><p><strong>Posthausen Veteriner Klini\u011fi: <a href=\"tel:042112211\">04297 - 16 89 90\u00a0 <\/a><\/strong><\/p><p><a href=\"https:\/\/kleintiernotdienst-cuxland-bremerhaven.de\/\"><strong>https:\/\/kleintiernotdienst-cuxland-bremerhaven.de\/<\/strong><\/a><\/p><p>Buldu\u011funuz bir hayvan\u0131 bize getirmek isterseniz, l\u00fctfen mesai saatleri i\u00e7inde bizi Tel. <a href=\"tel:047183257\">0471 - 8 32 57<\/a>. Telesekreterimize mesaj b\u0131rakabilirsiniz ve sizi en ge\u00e7 ertesi g\u00fcn geri arayaca\u011f\u0131z.<\/p><p>\u0130\u00e7inde <strong>aci\u0307l vakalar<\/strong> \u00e7al\u0131\u015fma saatlerimiz d\u0131\u015f\u0131nda, l\u00fctfen <strong>Bremerhaven Polisi <\/strong>alt\u0131nda<strong> Tel. <a href=\"tel:04719531140\">0471 \u2013 9 53 11 40<\/a><\/strong>. Daha sonra gerekirse acil servisimizle irtibata ge\u00e7eceklerdir.<\/p>\t\t\t\t\t\t\t\t<\/div>\n\t\t\t\t<\/div>\n\t\t\t\t\t<\/div>\n\t\t<\/div>\n\t\t\t\t\t<\/div>\n\t\t<\/section>\n\t\t\t\t<\/div>","protected":false},"excerpt":{"rendered":"<p>Im Notfall Sie haben einen medizinischen Notfall mit Ihrem Tier? Bewahren Sie Ruhe, damit Sie die richtigen Ma\u00dfnahmen ergreifen k\u00f6nnen. Nachfolgend haben wir einige Adressen und Telefonnummern aufgelistet, unter denen Sie im Notfall schnell Hilfe oder einen tier\u00e4rztlichen Rat erhalten k\u00f6nnen.In nicht so dringenden F\u00e4llen, kann Ihnen zu den \u00fcblichen Gesch\u00e4ftszeiten auch sicher Ihr Tierarzt [&hellip;]<\/p>\n","protected":false},"author":3,"featured_media":0,"parent":0,"menu_order":0,"comment_status":"closed","ping_status":"closed","template":"","meta":{"footnotes":""},"class_list":["post-3531","page","type-page","status-publish","hentry"],"_links":{"self":[{"href":"https:\/\/www.tierschutz-bremerhaven.eu\/tr\/wp-json\/wp\/v2\/pages\/3531","targetHints":{"allow":["GET"]}}],"collection":[{"href":"https:\/\/www.tierschutz-bremerhaven.eu\/tr\/wp-json\/wp\/v2\/pages"}],"about":[{"href":"https:\/\/www.tierschutz-bremerhaven.eu\/tr\/wp-json\/wp\/v2\/types\/page"}],"author":[{"embeddable":true,"href":"https:\/\/www.tierschutz-bremerhaven.eu\/tr\/wp-json\/wp\/v2\/users\/3"}],"replies":[{"embeddable":true,"href":"https:\/\/www.tierschutz-bremerhaven.eu\/tr\/wp-json\/wp\/v2\/comments?post=3531"}],"version-history":[{"count":37,"href":"https:\/\/www.tierschutz-bremerhaven.eu\/tr\/wp-json\/wp\/v2\/pages\/3531\/revisions"}],"predecessor-version":[{"id":11449,"href":"https:\/\/www.tierschutz-bremerhaven.eu\/tr\/wp-json\/wp\/v2\/pages\/3531\/revisions\/11449"}],"wp:attachment":[{"href":"https:\/\/www.tierschutz-bremerhaven.eu\/tr\/wp-json\/wp\/v2\/media?parent=3531"}],"curies":[{"name":"wp","href":"https:\/\/api.w.org\/{rel}","templated":true}]}}