{"id":4131,"date":"2021-09-23T08:09:16","date_gmt":"2021-09-23T08:09:16","guid":{"rendered":"https:\/\/tierschutz-bremerhaven.eu\/?page_id=4131"},"modified":"2021-09-27T08:37:14","modified_gmt":"2021-09-27T08:37:14","slug":"ziyaretci-defteri","status":"publish","type":"page","link":"https:\/\/www.tierschutz-bremerhaven.eu\/tr\/aktuelles\/gaestebuch","title":{"rendered":"Ziyaret\u00e7i Defteri"},"content":{"rendered":"<div data-elementor-type=\"wp-page\" data-elementor-id=\"4131\" class=\"elementor elementor-4131\" data-elementor-post-type=\"page\">\n\t\t\t\t\t\t<section class=\"elementor-section elementor-top-section elementor-element elementor-element-a1c6fb4 elementor-section-boxed elementor-section-height-default elementor-section-height-default\" data-id=\"a1c6fb4\" data-element_type=\"section\" data-e-type=\"section\">\n\t\t\t\t\t\t<div class=\"elementor-container elementor-column-gap-default\">\n\t\t\t\t\t<div class=\"elementor-column elementor-col-100 elementor-top-column elementor-element elementor-element-172e4eb\" data-id=\"172e4eb\" data-element_type=\"column\" data-e-type=\"column\">\n\t\t\t<div class=\"elementor-widget-wrap elementor-element-populated\">\n\t\t\t\t\t\t<div class=\"elementor-element elementor-element-e6dee8b elementor-widget elementor-widget-heading\" data-id=\"e6dee8b\" data-element_type=\"widget\" data-e-type=\"widget\" data-widget_type=\"heading.default\">\n\t\t\t\t<div class=\"elementor-widget-container\">\n\t\t\t\t\t<h2 class=\"elementor-heading-title elementor-size-default\">Ziyaret\u00e7i Defteri<\/h2>\t\t\t\t<\/div>\n\t\t\t\t<\/div>\n\t\t\t\t<div class=\"elementor-element elementor-element-90137e2 elementor-widget elementor-widget-text-editor\" data-id=\"90137e2\" data-element_type=\"widget\" data-e-type=\"widget\" data-widget_type=\"text-editor.default\">\n\t\t\t\t<div class=\"elementor-widget-container\">\n\t\t\t\t\t\t\t\t\t<p>L\u00fctfen bize \u00f6nerilerinizi, ele\u015ftirilerinizi veya \u00f6vg\u00fclerinizi b\u0131rakmaktan \u00e7ekinmeyin. Bize bir yorum yazman\u0131z yeterli. Her mesaj\u0131 d\u00f6rt g\u00f6zle bekliyoruz.<\/p>\t\t\t\t\t\t\t\t<\/div>\n\t\t\t\t<\/div>\n\t\t\t\t<div class=\"elementor-element elementor-element-20b3fa1 elementor-widget elementor-widget-shortcode\" data-id=\"20b3fa1\" data-element_type=\"widget\" data-e-type=\"widget\" data-widget_type=\"shortcode.default\">\n\t\t\t\t<div class=\"elementor-widget-container\">\n\t\t\t\t\t\t\t<div class=\"elementor-shortcode\"><div class=\"gwolle-gb\"><div class=\"gwolle-gb-messages-top-container\"><\/div>\n\t\t\t<div class=\"gwolle-gb-write-button\">\n\t\t\t\t<input type=\"button\" name=\"gwolle-gb-write-button\" class=\"button btn btn-default\" value=\"Yeni bir kay\u0131t yaz\u0131n.\" aria-expanded=\"false\" \/>\n\t\t\t<\/div>\n\t\t\t<form action=\"#\" method=\"POST\" class=\"gwolle-gb-write gwolle-gb-hide gwolle-gb-float gwolle-gb-form-ajax gwolle-gb-ajax gwolle-gb-not-logged-in\" data-trp-original-action=\"#\">\n\t\t\t\t<h3>Ziyaret\u00e7i defteri i\u00e7in yeni bir yaz\u0131 yaz\u0131n<\/h3>\n\t\t\t\t<button type=\"button\" class=\"gb-notice-dismiss\">x<span class=\"screen-reader-text\">Bu form gizle.<\/span><\/button>\n\t\t\t\n\t\t\t\t<input type=\"hidden\" name=\"gwolle_gb_function\" class=\"gwolle_gb_function\" value=\"add_entry\" \/><input type=\"hidden\" name=\"gwolle_gb_book_id\" class=\"gwolle_gb_book_id\" value=\"1\" \/><div class=\"gwolle_gb_f47222b44f8dde32cd21e617997febd7\">\n\t\t\t\t<div class=\"label\"><label for=\"gwolle_gb_f47222b44f8dde32cd21e617997febd7-1\" class=\"text-info\">Reklam <span class=\"required\">*<\/span><\/label><\/div>\n\t\t\t\t<div class=\"input\"><input class=\"wp-exclude-emoji gwolle_gb_f47222b44f8dde32cd21e617997febd7\" value=\"\" type=\"text\" id=\"gwolle_gb_f47222b44f8dde32cd21e617997febd7-1\" name=\"gwolle_gb_f47222b44f8dde32cd21e617997febd7\" required \/><\/div>\n\t\t\t\t<div class=\"clearBoth\">&nbsp;<\/div>\n\t\t\t<\/div><div class=\"gwolle_gb_2cede64b92dd7b0c795a2a271c043e66\">\n\t\t\t\t<div class=\"label\"><label for=\"gwolle_gb_2cede64b92dd7b0c795a2a271c043e66-1\" class=\"text-info\">E-posta <span class=\"required\">*<\/span><\/label><\/div>\n\t\t\t\t<div class=\"input\"><input class=\"gwolle_gb_2cede64b92dd7b0c795a2a271c043e66\" value=\"\" type=\"email\" id=\"gwolle_gb_2cede64b92dd7b0c795a2a271c043e66-1\" name=\"gwolle_gb_2cede64b92dd7b0c795a2a271c043e66\" required \/><\/div>\n\t\t\t\t<div class=\"clearBoth\">&nbsp;<\/div>\n\t\t\t<\/div>\n\t\t\t<div class=\"gwolle_gb_1254edfdc068dab05dbe071d01159bd0\" style=\"display:none;overflow:hidden;\" hidden=\"true\" aria-hidden=\"true\">\n\t\t\t\t<div class=\"label\">\n\t\t\t\t\t<label for=\"gwolle_gb_1254edfdc068dab05dbe071d01159bd0-1\" class=\"text-primary\">Buna dokunma<\/label>\n\t\t\t\t\t<label for=\"gwolle_gb_b32a61d1500a793fcd7fad6383cc9e6d-1\" class=\"text-primary\">Buna dokunma<\/label>\n\t\t\t\t<\/div>\n\t\t\t\t<div class=\"input\">\n\t\t\t\t\t<input value=\"23\" type=\"text\" id=\"gwolle_gb_1254edfdc068dab05dbe071d01159bd0-1\" name=\"gwolle_gb_1254edfdc068dab05dbe071d01159bd0\" class=\"gwolle_gb_1254edfdc068dab05dbe071d01159bd0\" style=\"transform: translateY(10000px);\" \/>\n\t\t\t\t\t<input value=\"\" type=\"text\" name=\"gwolle_gb_b32a61d1500a793fcd7fad6383cc9e6d\" id=\"gwolle_gb_b32a61d1500a793fcd7fad6383cc9e6d-1\" class=\"gwolle_gb_b32a61d1500a793fcd7fad6383cc9e6d\" style=\"transform: translateY(10000px);\" \/>\n\t\t\t\t<\/div>\n\t\t\t\t<div class=\"clearBoth\"><\/div>\n\t\t\t<\/div>\n\t\t\t<div class=\"gwolle_gb_1c1757028662fd8cb161213f60be5b74\" style=\"display:none;overflow:hidden;\" hidden=\"true\" aria-hidden=\"true\">\n\t\t\t\t<div class=\"label\">\n\t\t\t\t\t<label for=\"gwolle_gb_1c1757028662fd8cb161213f60be5b74-1\" class=\"text-primary\">Buna dokunma<\/label>\n\t\t\t\t\t<label for=\"gwolle_gb_faa239614d0ac56d0ca4298bfc6117ad-1\" class=\"text-primary\">Buna dokunma<\/label>\n\t\t\t\t<\/div>\n\t\t\t\t<div class=\"input\">\n\t\t\t\t\t<input value=\"83276\" type=\"text\" id=\"gwolle_gb_1c1757028662fd8cb161213f60be5b74-1\" name=\"gwolle_gb_1c1757028662fd8cb161213f60be5b74\" class=\"gwolle_gb_1c1757028662fd8cb161213f60be5b74\" style=\"transform: translateY(10000px);\" \/>\n\t\t\t\t\t<input value=\"83276\" type=\"text\"id=\"gwolle_gb_faa239614d0ac56d0ca4298bfc6117ad-1\" name=\"gwolle_gb_faa239614d0ac56d0ca4298bfc6117ad\" class=\"gwolle_gb_faa239614d0ac56d0ca4298bfc6117ad\" style=\"transform: translateY(10000px);\" \/>\n\t\t\t\t<\/div>\n\t\t\t\t<div class=\"clearBoth\"><\/div>\n\t\t\t<\/div><div class=\"gwolle_gb_content\">\n\t\t\t\t<div class=\"label\"><label for=\"gwolle_gb_content-1\" class=\"text-info\">Ziyaret\u00e7i defteri kayd\u0131 <span class=\"required\">*<\/span><\/label><\/div>\n\t\t\t\t<div class=\"input\"><textarea id=\"gwolle_gb_content-1\" name=\"gwolle_gb_content\" class=\"gwolle_gb_content wp-exclude-emoji\" required><\/textarea><\/div>\n\t\t\t\t\t<div class=\"clearBoth\">&nbsp;<\/div>\n\t\t\t\t<\/div>\n\t\t\t\t<div class=\"gwolle_gb_privacy gwolle-gb-privacy\">\n\t\t\t\t\t<div class=\"label\"><label for=\"gwolle_gb_privacy-1\" class=\"text-info\">Kabul ediyorum. <a href=\"https:\/\/www.tierschutz-bremerhaven.eu\/tr\/datenschutz\" title=\"Gizlilik ilkesini okuyun\" target=\"_blank\">Gizlilik Politikas\u0131<\/a> <span class=\"required\">*<\/span><\/label><\/div>\n\t\t\t\t\t<div class=\"input\"><input type=\"checkbox\" id=\"gwolle_gb_privacy-1\" name=\"gwolle_gb_privacy\" class=\"gwolle_gb_privacy\" required \/><\/div>\n\t\t\t\t\t<div class=\"clearBoth\">&nbsp;<\/div>\n\t\t\t\t<\/div><input type=\"hidden\" class=\"gwolle_gb_5db1ecd880f9950fbeea27a4179f2d16\" id=\"gwolle_gb_5db1ecd880f9950fbeea27a4179f2d16-1\" name=\"gwolle_gb_5db1ecd880f9950fbeea27a4179f2d16\" value=\"0ce868b02a\" \/>\n\t\t\t<div class=\"gwolle-gb-messages-bottom-container\"><\/div>\n\n\t\t\t<noscript><div class=\"no-js\">Uyar\u0131: Bu form yaln\u0131z taray\u0131c\u0131n\u0131zda JavaScript etkinle\u015ftirilmi\u015fse kullan\u0131labilir.<\/div><\/noscript>\n\n\t\t\t<div class=\"gwolle_gb_submit gwolle-gb-submit\">\n\t\t\t\t<div class=\"label gwolle-gb-invisible text-muted\">&nbsp;<\/div>\n\t\t\t\t<div class=\"input\">\n\t\t\t\t\t<input type=\"submit\" name=\"gwolle_gb_submit\" class=\"gwolle_gb_submit button btn btn-primary\" value=\"G\u00f6nder\" \/>\n\t\t\t\t\t<span class=\"gwolle_gb_submit_ajax_icon gwolle-gb-submit-ajax-icon\"><\/span>\n\t\t\t\n\t\t\t\t<\/div>\n\t\t\t\t<div class=\"clearBoth\">&nbsp;<\/div>\n\t\t\t<\/div>\n\n\t\t\t<div class=\"gwolle_gb_notice gwolle-gb-notice\">\n\t\t\t\tile i\u015faretlenmi\u015f alanlar zorunludur. E-posta adresiniz yay\u0131nlanmayacakt\u0131r.<br \/>\r\nZiyaret\u00e7i defterine yapt\u0131\u011f\u0131n\u0131z giri\u015fin ancak biz kontrol ettikten sonra g\u00f6r\u00fcn\u00fcr olmas\u0131 m\u00fcmk\u00fcnd\u00fcr.\n\t\t\t<\/div><input type=\"hidden\" name=\"trp-form-language\" value=\"tr\"\/><\/form><div class=\"gwolle-gb-read gwolle-gb-ajax gwolle-gb-entries-list\" data-book_id=\"1\" data-page_id=\"1\">\n\t\t<div id=\"gwolle-gb-total\" class=\"gwolle-gb-total\">6 kay\u0131t.<\/div><!-- Gwolle-GB Entry: Default Template Loaded -->\n\t\t\t\t<div class=\"gb-entry gb-entry_22 gb-entry-count_1 gwolle-gb-uneven gwolle-gb-first\" id=\"gb-entry_22\" data-entry_id=\"22\">\n\t\t\t\t<article>\n\t\t\t\t\t<div class=\"gb-author-info\">\n\t\t\t\t\t\t<span class=\"gb-author-name\">Nicole\n\t\t\t\t\t\t<\/span>\n\t\t\t\t\t\t<span class=\"gb-datetime\">\n\t\t\t\t\t\t\t<span class=\"gb-date\"><span class=\"gb-date-wrote-text\"> \u00fczerine yazd\u0131<\/span><span class=\"gb-date-text\"> 18 Ocak 2025<\/span>\n\t\t\t\t\t\t\t<\/span>\n\t\t\t\t\t\t<\/span> \n\t\t\t\t\t<\/div>\n\t\t\t\t\t<div class=\"gb-entry-content\">Sevgili hayvan bar\u0131na\u011f\u0131 ekibi<br \/>\nRAMBO'muzu sizinle birlikte bulduk. <br \/>\nO \u00e7ok tatl\u0131 bir k\u00f6pek ve sevimli bir sevgilidir. <br \/>\nOna yeni bir ev verebildi\u011fimiz i\u00e7in \u00e7ok minnettar\u0131z. <br \/>\nRAMBO ve yeni ailesinden sevgiler\n\t\t\t\t\t<\/div>\n\t\t\t\t<\/article>\n\t\t\t<\/div>\n\t\t\t<div class=\"gb-entry gb-entry_21 gb-entry-count_2 gwolle-gb-even\" id=\"gb-entry_21\" data-entry_id=\"21\">\n\t\t\t\t<article>\n\t\t\t\t\t<div class=\"gb-author-info\">\n\t\t\t\t\t\t<span class=\"gb-author-name\">Dirk Str\u00fccker\n\t\t\t\t\t\t<\/span>\n\t\t\t\t\t\t<span class=\"gb-datetime\">\n\t\t\t\t\t\t\t<span class=\"gb-date\"><span class=\"gb-date-wrote-text\"> \u00fczerine yazd\u0131<\/span><span class=\"gb-date-text\"> 20 Kas\u0131m 2024<\/span>\n\t\t\t\t\t\t\t<\/span>\n\t\t\t\t\t\t<\/span> \n\t\t\t\t\t<\/div>\n\t\t\t\t\t<div class=\"gb-entry-content\">Tiffy (eski ad\u0131yla Garfield) bir y\u0131ld\u0131r benimle birlikte. O ger\u00e7ekten harika bir kedi ve burada oldu\u011fu i\u00e7in her g\u00fcn mutluyum.<br \/>\nTekrar te\u015fekk\u00fcrler ve gelecekteki \u00e7al\u0131\u015fmalar\u0131n\u0131z i\u00e7in en iyi dileklerimle.\n\t\t\t\t\t<\/div>\n\t\t\t\t<\/article>\n\t\t\t<\/div>\n\t\t\t<div class=\"gb-entry gb-entry_18 gb-entry-count_3 gwolle-gb-uneven\" id=\"gb-entry_18\" data-entry_id=\"18\">\n\t\t\t\t<article>\n\t\t\t\t\t<div class=\"gb-author-info\">\n\t\t\t\t\t\t<span class=\"gb-author-name\">Giuliana\n\t\t\t\t\t\t<\/span>\n\t\t\t\t\t\t<span class=\"gb-datetime\">\n\t\t\t\t\t\t\t<span class=\"gb-date\"><span class=\"gb-date-wrote-text\"> \u00fczerine yazd\u0131<\/span><span class=\"gb-date-text\"> 23 Ekim 2024<\/span>\n\t\t\t\t\t\t\t<\/span>\n\t\t\t\t\t\t<\/span> \n\t\t\t\t\t<\/div>\n\t\t\t\t\t<div class=\"gb-entry-content\">Harika k\u00f6pe\u011fimiz Heidi'yi seninle bulduk. O da bizi buldu. Harika bir i\u015f \u00e7\u0131kar\u0131yorsunuz ve s\u00fcre\u00e7lerin ve sizi tan\u0131man\u0131n harika oldu\u011funu d\u00fc\u015f\u00fcn\u00fcyoruz! Hayvanlar i\u00e7in m\u00fckemmel bir yuva bulmak i\u00e7in elinizden gelenin en iyisini yapt\u0131\u011f\u0131n\u0131z \u00e7ok a\u00e7\u0131k! Hi\u00e7bir hayvan yer a\u00e7mak i\u00e7in h\u0131zl\u0131ca \"kaputun alt\u0131na\" konmuyor. Bu, insanlar ve hayvanlar i\u00e7in iyi bir e\u015fle\u015fme olup olmad\u0131klar\u0131n\u0131 \u00f6\u011frenmek i\u00e7in harika bir s\u00fcre\u00e7. K\u00f6pe\u011fimizle \u00e7ok mutluyuz ve size tekrar te\u015fekk\u00fcr etmek istedik!\n\t\t\t\t\t<\/div>\n\t\t\t\t<\/article>\n\t\t\t<\/div>\n\t\t\t<div class=\"gb-entry gb-entry_12 gb-entry-count_4 gwolle-gb-even\" id=\"gb-entry_12\" data-entry_id=\"12\">\n\t\t\t\t<article>\n\t\t\t\t\t<div class=\"gb-author-info\">\n\t\t\t\t\t\t<span class=\"gb-author-name\">Uta Bensel\n\t\t\t\t\t\t<\/span>\n\t\t\t\t\t\t<span class=\"gb-datetime\">\n\t\t\t\t\t\t\t<span class=\"gb-date\"><span class=\"gb-date-wrote-text\"> \u00fczerine yazd\u0131<\/span><span class=\"gb-date-text\"> 25 Ocak 2022<\/span>\n\t\t\t\t\t\t\t<\/span>\n\t\t\t\t\t\t<\/span> \n\t\t\t\t\t<\/div>\n\t\t\t\t\t<div class=\"gb-entry-content\">\u00c7ok ba\u015far\u0131l\u0131 - yeni HP!\n\t\t\t\t\t<\/div>\n\t\t\t\t<\/article>\n\t\t\t<\/div>\n\t\t\t<div class=\"gb-entry gb-entry_11 gb-entry-count_5 gwolle-gb-uneven\" id=\"gb-entry_11\" data-entry_id=\"11\">\n\t\t\t\t<article>\n\t\t\t\t\t<div class=\"gb-author-info\">\n\t\t\t\t\t\t<span class=\"gb-author-name\">Silvia Troike\n\t\t\t\t\t\t<\/span>\n\t\t\t\t\t\t<span class=\"gb-datetime\">\n\t\t\t\t\t\t\t<span class=\"gb-date\"><span class=\"gb-date-wrote-text\"> \u00fczerine yazd\u0131<\/span><span class=\"gb-date-text\"> 25 Ocak 2022<\/span>\n\t\t\t\t\t\t\t<\/span>\n\t\t\t\t\t\t<\/span> \n\t\t\t\t\t<\/div>\n\t\t\t\t\t<div class=\"gb-entry-content\">\ud83c\udf40\ud83c\udf40\ud83d\udc4d\ud83d\udc4d\u2764\ufe0f yeni ana sayfan\u0131z hay\u0131rl\u0131 olsun...Kusco \ud83d\udc15\u2764\ufe0f\u2764\ufe0f\u2764\ufe0f ve insanlar\u0131ndan hepinize selamlar...O burada \u00e7ok mutlu... D\u00f6rt patili bir hazine...\ud83d\udc15\u2764\ufe0f\ud83c\udf40\n\t\t\t\t\t<\/div>\n\t\t\t\t<\/article>\n\t\t\t<\/div>\n\t\t\t<div class=\"gb-entry gb-entry_10 gb-entry-count_6 gwolle-gb-even\" id=\"gb-entry_10\" data-entry_id=\"10\">\n\t\t\t\t<article>\n\t\t\t\t\t<div class=\"gb-author-info\">\n\t\t\t\t\t\t<span class=\"gb-author-name\">Sabine Rimkus\n\t\t\t\t\t\t<\/span>\n\t\t\t\t\t\t<span class=\"gb-datetime\">\n\t\t\t\t\t\t\t<span class=\"gb-date\"><span class=\"gb-date-wrote-text\"> \u00fczerine yazd\u0131<\/span><span class=\"gb-date-text\"> 24 Ocak 2022<\/span>\n\t\t\t\t\t\t\t<\/span>\n\t\t\t\t\t\t<\/span> \n\t\t\t\t\t<\/div>\n\t\t\t\t\t<div class=\"gb-entry-content\">Yeni ana sayfa i\u00e7in tebrikler!\n\t\t\t\t\t<\/div>\n\t\t\t\t<\/article>\n\t\t\t<\/div>\n\t\t\t<\/div><\/div><\/div>\n\t\t\t\t\t\t<\/div>\n\t\t\t\t<\/div>\n\t\t\t\t\t<\/div>\n\t\t<\/div>\n\t\t\t\t\t<\/div>\n\t\t<\/section>\n\t\t\t\t<\/div>","protected":false},"excerpt":{"rendered":"<p>Ziyaret\u00e7i Defteri L\u00fctfen bize \u00f6nerilerinizi, ele\u015ftirilerinizi veya \u00f6vg\u00fclerinizi b\u0131rakmaktan \u00e7ekinmeyin. Bize bir yorum yazman\u0131z yeterli. Her mesaj\u0131 d\u00f6rt g\u00f6zle bekliyoruz.<\/p>","protected":false},"author":3,"featured_media":0,"parent":2980,"menu_order":0,"comment_status":"closed","ping_status":"closed","template":"","meta":{"footnotes":""},"class_list":["post-4131","page","type-page","status-publish","hentry"],"_links":{"self":[{"href":"https:\/\/www.tierschutz-bremerhaven.eu\/tr\/wp-json\/wp\/v2\/pages\/4131","targetHints":{"allow":["GET"]}}],"collection":[{"href":"https:\/\/www.tierschutz-bremerhaven.eu\/tr\/wp-json\/wp\/v2\/pages"}],"about":[{"href":"https:\/\/www.tierschutz-bremerhaven.eu\/tr\/wp-json\/wp\/v2\/types\/page"}],"author":[{"embeddable":true,"href":"https:\/\/www.tierschutz-bremerhaven.eu\/tr\/wp-json\/wp\/v2\/users\/3"}],"replies":[{"embeddable":true,"href":"https:\/\/www.tierschutz-bremerhaven.eu\/tr\/wp-json\/wp\/v2\/comments?post=4131"}],"version-history":[{"count":31,"href":"https:\/\/www.tierschutz-bremerhaven.eu\/tr\/wp-json\/wp\/v2\/pages\/4131\/revisions"}],"predecessor-version":[{"id":4761,"href":"https:\/\/www.tierschutz-bremerhaven.eu\/tr\/wp-json\/wp\/v2\/pages\/4131\/revisions\/4761"}],"up":[{"embeddable":true,"href":"https:\/\/www.tierschutz-bremerhaven.eu\/tr\/wp-json\/wp\/v2\/pages\/2980"}],"wp:attachment":[{"href":"https:\/\/www.tierschutz-bremerhaven.eu\/tr\/wp-json\/wp\/v2\/media?parent=4131"}],"curies":[{"name":"wp","href":"https:\/\/api.w.org\/{rel}","templated":true}]}}