{"id":4937,"date":"2021-09-28T11:24:19","date_gmt":"2021-09-28T11:24:19","guid":{"rendered":"https:\/\/tierschutz-bremerhaven.eu\/?page_id=4937"},"modified":"2026-02-11T11:17:31","modified_gmt":"2026-02-11T10:17:31","slug":"spendenhaeuschen","status":"publish","type":"page","link":"https:\/\/www.tierschutz-bremerhaven.eu\/tr\/spendenhaeuschen","title":{"rendered":"Ba\u011f\u0131\u015f Merkezi"},"content":{"rendered":"<div data-elementor-type=\"wp-page\" data-elementor-id=\"4937\" class=\"elementor elementor-4937\" data-elementor-post-type=\"page\">\n\t\t\t\t\t\t<section class=\"elementor-section elementor-top-section elementor-element elementor-element-573adc2 elementor-section-boxed elementor-section-height-default elementor-section-height-default\" data-id=\"573adc2\" data-element_type=\"section\" data-e-type=\"section\" data-settings=\"{&quot;background_background&quot;:&quot;classic&quot;}\">\n\t\t\t\t\t\t<div class=\"elementor-container elementor-column-gap-default\">\n\t\t\t\t\t<div class=\"elementor-column elementor-col-50 elementor-top-column elementor-element elementor-element-7841c69d\" data-id=\"7841c69d\" data-element_type=\"column\" data-e-type=\"column\">\n\t\t\t<div class=\"elementor-widget-wrap elementor-element-populated\">\n\t\t\t\t\t\t<div class=\"elementor-element elementor-element-5aae5d63 elementor-widget elementor-widget-heading\" data-id=\"5aae5d63\" data-element_type=\"widget\" data-e-type=\"widget\" data-widget_type=\"heading.default\">\n\t\t\t\t<div class=\"elementor-widget-container\">\n\t\t\t\t\t<h2 class=\"elementor-heading-title elementor-size-default\">Ba\u011f\u0131\u015f Merkezi<\/h2>\t\t\t\t<\/div>\n\t\t\t\t<\/div>\n\t\t\t\t<div class=\"elementor-element elementor-element-434baaa9 elementor-widget elementor-widget-text-editor\" data-id=\"434baaa9\" data-element_type=\"widget\" data-e-type=\"widget\" data-widget_type=\"text-editor.default\">\n\t\t\t\t<div class=\"elementor-widget-container\">\n\t\t\t\t\t\t\t\t\t<p class=\"s3\"><span class=\"s2\">Her bir \u00f6\u011fe<\/span><span class=\"s2\">- ve yem<\/span><span class=\"s2\">Ba\u011f\u0131\u015flar bizim i\u00e7in \u00e7ok \u00f6nemlidir. Her ba\u011f\u0131\u015f i\u00e7in minnettar\u0131z, \u00e7\u00fcnk\u00fc deste\u011finiz buna katk\u0131da bulunuyor,&nbsp;<\/span><span class=\"s2\">Birlikte \u00e7e\u015fitli g\u00f6revlerimizi yerine getirebildi\u011fimizi ve bize emanet edilen \u00e7ocuklar\u0131n sevgiyle bak\u0131l\u0131p g\u00f6zetildi\u011fini.&nbsp;<\/span><\/p>\n<p class=\"s3\"><span class=\"s2\">Ba\u011f\u0131\u015f merkezimiz, bu zor zamanlarda temass\u0131z ba\u011f\u0131\u015f yapabilmemize ve mesai saatlerimiz d\u0131\u015f\u0131nda da ba\u011f\u0131\u015fta bulunabilmenize olanak sa\u011flamaktad\u0131r.&nbsp;<\/span><span class=\"s2\">K\u00fc\u00e7\u00fck ev<\/span><span class=\"s2\">&nbsp;ana giri\u015fimizin \u00f6n\u00fcnde yer almaktad\u0131r.<\/span><span class=\"s2\">&nbsp;<\/span><span class=\"s2\">Bu&nbsp;<\/span><span class=\"s2\">hava ko\u015fullar\u0131ndan korunur ve geni\u015f bir alan sunar.<\/span><\/p>\n<p class=\"s3\"><span class=\"s2\">Yemek konusunda mutluyuz<\/span><span class=\"s2\">- ve ayni ba\u011f\u0131\u015flar<\/span><span class=\"s2\">&nbsp;gibi&nbsp;<\/span><span class=\"s2\">z. B.: <\/span><span class=\"s2\">K\u00f6pekler, kediler, k\u00fc\u00e7\u00fck hayvanlar, domuzlar, k\u00fcmes hayvanlar\u0131 ve&nbsp;<\/span><span class=\"s2\">Yuvalama yiyece\u011fi<\/span><span class=\"s2\">&nbsp;ve s\u00fct yeti\u015ftirme (Royal&nbsp;<\/span><span class=\"s2\">Canin<\/span><span class=\"s2\">)<\/span><span class=\"s2\">, <\/span><span class=\"s2\">Havlular,<\/span><span class=\"s2\">&nbsp;<\/span><span class=\"s2\">Y\u00fcn<\/span><span class=\"s2\">k\u00f6\u015feler, oyuncaklar, <\/span><span class=\"s2\">Topakla\u015fan \u00e7\u00f6p<\/span><span class=\"s2\">,&nbsp;<\/span><span class=\"s2\">\u00c7\u00f6p tepsileri, t\u0131rmalama direkleri,&nbsp;<\/span><span class=\"s2\">Kafesler ve<\/span><span class=\"s2\">&nbsp;Evcil hayvan aksesuarlar\u0131<\/span><span class=\"s2\">&nbsp;her t\u00fcrden. <\/span>Hijyen nedeniyle, kusurlu veya \u00e7ok kirli \u00fcr\u00fcnleri veya daha \u00f6nce a\u00e7\u0131lm\u0131\u015f yiyecekleri kullanam\u0131yoruz. Anlay\u0131\u015f\u0131n\u0131z i\u00e7in te\u015fekk\u00fcr ederiz.<span class=\"s2\"><\/span><\/p>\n<p>Aktif deste\u011finiz i\u00e7in \u00e7ok te\u015fekk\u00fcrler!<\/p>\t\t\t\t\t\t\t\t<\/div>\n\t\t\t\t<\/div>\n\t\t\t\t\t<\/div>\n\t\t<\/div>\n\t\t\t\t<div class=\"elementor-column elementor-col-50 elementor-top-column elementor-element elementor-element-2ed9c063\" data-id=\"2ed9c063\" data-element_type=\"column\" data-e-type=\"column\">\n\t\t\t<div class=\"elementor-widget-wrap elementor-element-populated\">\n\t\t\t\t\t\t<div class=\"elementor-element elementor-element-38215db7 elementor-widget elementor-widget-image\" data-id=\"38215db7\" data-element_type=\"widget\" data-e-type=\"widget\" data-widget_type=\"image.default\">\n\t\t\t\t<div class=\"elementor-widget-container\">\n\t\t\t\t\t\t\t\t\t\t\t\t\t\t\t<img fetchpriority=\"high\" decoding=\"async\" width=\"800\" height=\"721\" src=\"https:\/\/www.tierschutz-bremerhaven.eu\/wp-content\/uploads\/2026\/02\/Spendenhaeuschen-1024x923.jpeg\" class=\"attachment-large size-large wp-image-13078\" alt=\"\" srcset=\"https:\/\/www.tierschutz-bremerhaven.eu\/wp-content\/uploads\/2026\/02\/Spendenhaeuschen-1024x923.jpeg 1024w, https:\/\/www.tierschutz-bremerhaven.eu\/wp-content\/uploads\/2026\/02\/Spendenhaeuschen-300x270.jpeg 300w, https:\/\/www.tierschutz-bremerhaven.eu\/wp-content\/uploads\/2026\/02\/Spendenhaeuschen-768x692.jpeg 768w, https:\/\/www.tierschutz-bremerhaven.eu\/wp-content\/uploads\/2026\/02\/Spendenhaeuschen-1536x1384.jpeg 1536w, https:\/\/www.tierschutz-bremerhaven.eu\/wp-content\/uploads\/2026\/02\/Spendenhaeuschen-2048x1846.jpeg 2048w, https:\/\/www.tierschutz-bremerhaven.eu\/wp-content\/uploads\/2026\/02\/Spendenhaeuschen-13x12.jpeg 13w\" sizes=\"(max-width: 800px) 100vw, 800px\" \/>\t\t\t\t\t\t\t\t\t\t\t\t\t\t\t<\/div>\n\t\t\t\t<\/div>\n\t\t\t\t\t<\/div>\n\t\t<\/div>\n\t\t\t\t\t<\/div>\n\t\t<\/section>\n\t\t\t\t<\/div>","protected":false},"excerpt":{"rendered":"<p>Spendenh\u00e4uschen Jede Sach- und Futterspende hat f\u00fcr uns eine gro\u00dfe Bedeutung. Wir sind f\u00fcr jede Spende sehr dankbar, denn Ihre Unterst\u00fctzung tr\u00e4gt dazu bei,&nbsp;dass wir gemeinsam imstande sind, unsere vielf\u00e4ltigen Aufgaben wahrzunehmen und dass die uns anvertrauten Sch\u00fctzlinge liebevoll gepflegt und betreut werden.&nbsp; Unser Spendenh\u00e4uschen erm\u00f6glicht uns in dieser schweren Zeit eine kontaktlose \u00dcbergabe und [&hellip;]<\/p>\n","protected":false},"author":3,"featured_media":0,"parent":0,"menu_order":0,"comment_status":"closed","ping_status":"closed","template":"","meta":{"footnotes":""},"class_list":["post-4937","page","type-page","status-publish","hentry"],"_links":{"self":[{"href":"https:\/\/www.tierschutz-bremerhaven.eu\/tr\/wp-json\/wp\/v2\/pages\/4937","targetHints":{"allow":["GET"]}}],"collection":[{"href":"https:\/\/www.tierschutz-bremerhaven.eu\/tr\/wp-json\/wp\/v2\/pages"}],"about":[{"href":"https:\/\/www.tierschutz-bremerhaven.eu\/tr\/wp-json\/wp\/v2\/types\/page"}],"author":[{"embeddable":true,"href":"https:\/\/www.tierschutz-bremerhaven.eu\/tr\/wp-json\/wp\/v2\/users\/3"}],"replies":[{"embeddable":true,"href":"https:\/\/www.tierschutz-bremerhaven.eu\/tr\/wp-json\/wp\/v2\/comments?post=4937"}],"version-history":[{"count":16,"href":"https:\/\/www.tierschutz-bremerhaven.eu\/tr\/wp-json\/wp\/v2\/pages\/4937\/revisions"}],"predecessor-version":[{"id":13081,"href":"https:\/\/www.tierschutz-bremerhaven.eu\/tr\/wp-json\/wp\/v2\/pages\/4937\/revisions\/13081"}],"wp:attachment":[{"href":"https:\/\/www.tierschutz-bremerhaven.eu\/tr\/wp-json\/wp\/v2\/media?parent=4937"}],"curies":[{"name":"wp","href":"https:\/\/api.w.org\/{rel}","templated":true}]}}